{"id":6054,"date":"2026-03-20T09:11:21","date_gmt":"2026-03-20T01:11:21","guid":{"rendered":"https:\/\/minghanggroup.com\/?post_type=product&#038;p=6054"},"modified":"2026-03-20T16:55:31","modified_gmt":"2026-03-20T08:55:31","slug":"cosmetic-storage-containers-with-gold-lids-bulk","status":"publish","type":"product","link":"https:\/\/minghanggroup.com\/fr\/produit\/cosmetic-storage-containers-with-gold-lids-bulk\/","title":{"rendered":"Contenants cosm\u00e9tiques de 30 ml et 50 ml avec couvercles dor\u00e9s (vente en gros)"},"content":{"rendered":"<p>Ces bo\u00eetes de rangement pour cosm\u00e9tiques pr\u00e9sentent un design \u00e9l\u00e9gant et une forme bicylindrique. La partie inf\u00e9rieure est en verre \u00e9pais de qualit\u00e9, transparent ou mat, tandis que la partie sup\u00e9rieure est orn\u00e9e d&#039;un fin anneau en m\u00e9tal dor\u00e9 mat et d&#039;un couvercle en acrylique transparent.<\/p>\n<h2>Caract\u00e9ristiques du produit<\/h2>\n<ul>\n<li><strong>Design luxueux \u00e0 plusieurs niveaux\u00a0:<\/strong> Le verre massif, le m\u00e9tal dor\u00e9 mat et l&#039;acrylique transparent ont \u00e9t\u00e9 intelligemment combin\u00e9s pour produire une esth\u00e9tique visuelle luxueuse et riche en nuances.<\/li>\n<li><strong>Finitions en verre et mates\u00a0:<\/strong> Choisissez entre du verre transparent et cristallin ou du verre \u00e0 th\u00e9 mat \u00e9l\u00e9gant, qui mettront parfaitement en valeur votre produit ou le compl\u00e8teront d\u00e9licatement.<\/li>\n<li><strong>Bon et stable toucher :<\/strong> La base en verre et l&#039;anneau m\u00e9tallique conf\u00e8rent au bocal une impression de solidit\u00e9 et de stabilit\u00e9, en plus de son aspect luxueux et haut de gamme.<\/li>\n<\/ul>\n<h2 style=\"text-align: left;\">Caract\u00e9ristiques principales<\/h2>\n<table class=\"aligncenter\" style=\"border-collapse: collapse; width: 420.02pt;\" border=\"0\" width=\"560\" cellspacing=\"0\" cellpadding=\"0\">\n<tbody>\n<tr style=\"height: 13.50pt;\">\n<td style=\"height: 13.50pt; width: 118.50pt;\" width=\"158\" height=\"18\">Attribut<\/td>\n<td style=\"width: 301.50pt;\" width=\"402\">D\u00e9tails<\/td>\n<\/tr>\n<tr style=\"height: 13.50pt;\">\n<td style=\"height: 13.50pt;\" height=\"18\">Capacit\u00e9<\/td>\n<td>30 ml, 50 ml<\/td>\n<\/tr>\n<tr style=\"height: 13.50pt;\">\n<td style=\"height: 13.50pt;\" height=\"18\">Mat\u00e9riel<\/td>\n<td>Verre \u00e9pais (transparent ou mat)<\/td>\n<\/tr>\n<tr style=\"height: 13.50pt;\">\n<td style=\"height: 13.50pt;\" height=\"18\">Pot en forme de bocal<\/td>\n<td>Cylindre \u00e0 deux niveaux (partie inf\u00e9rieure en verre, partie sup\u00e9rieure en m\u00e9tal)<\/td>\n<\/tr>\n<tr style=\"height: 13.50pt;\">\n<td style=\"height: 13.50pt;\" height=\"18\">Gamme de personnalisation<\/td>\n<td>Forme, finition, couleur, mat\u00e9riau du couvercle, dimensions<\/td>\n<\/tr>\n<tr style=\"height: 13.50pt;\">\n<td style=\"height: 13.50pt;\" height=\"18\">Utilisation principale<\/td>\n<td>pots cosm\u00e9tiques haut de gamme, contenants de rangement pour cosm\u00e9tiques<\/td>\n<\/tr>\n<tr style=\"height: 13.50pt;\">\n<td style=\"height: 13.50pt;\" height=\"18\">Secteurs cibles<\/td>\n<td>Soins de luxe pour la peau, cosm\u00e9tiques haut de gamme<\/td>\n<\/tr>\n<\/tbody>\n<\/table>\n<h2>Succ\u00e8s de la gamme Clinical Series d&#039;une marque canadienne de soins de la peau<\/h2>\n<p>Une entreprise canadienne de soins de la peau a choisi nos pots d\u00e9polis de 50 ml avec couvercles et anneau m\u00e9tallique argent\u00e9 mat personnalis\u00e9. Gr\u00e2ce \u00e0 leur finition mate, les surfaces de vente sont totalement anti-traces de doigts et anti-taches. Les ventes ont \u00e9t\u00e9 40 fois sup\u00e9rieures aux pr\u00e9visions et la conception robuste du pot a permis d&#039;augmenter les achats r\u00e9p\u00e9t\u00e9s de 65 %. Fort de ce succ\u00e8s, l&#039;entreprise a command\u00e9 800\u00a0000 pots suppl\u00e9mentaires pour approvisionner le march\u00e9 international avec sa gamme compl\u00e8te de soins.<\/p>\n<h2>Personnalisation des contenants de rangement cosm\u00e9tiques<\/h2>\n<ul>\n<li>Finition de la bague en m\u00e9tal : Elle est propos\u00e9e en or rose, chrome noir, cuivre ou argent poli.<\/li>\n<li>Mat\u00e9riau du couvercle\u00a0: Utilisation de couvercles en acrylique fum\u00e9, en acrylique miroir et m\u00eame en verre pour cr\u00e9er diverses textures de haute qualit\u00e9.<\/li>\n<li>Fonctionnalit\u00e9s du couvercle\u00a0: Des couvercles avec applicateurs int\u00e9gr\u00e9s ou petits miroirs pour am\u00e9liorer leur fonctionnalit\u00e9 sont \u00e9galement propos\u00e9s.<\/li>\n<\/ul>","protected":false},"excerpt":{"rendered":"<p>Bo\u00eetes de rangement cosm\u00e9tiques de luxe avec anneau dor\u00e9 et couvercle en acrylique. Pots cosm\u00e9tiques haut de gamme avec couvercles, parfaits pour les cr\u00e8mes et les soins des yeux. Livraison rapide.<\/p>","protected":false},"featured_media":6061,"template":"","meta":{"postBodyCss":"","postBodyMargin":[],"postBodyPadding":[],"postBodyBackground":{"backgroundType":"classic","gradient":""}},"product_brand":[],"product_cat":[106,15,17],"product_tag":[],"class_list":{"0":"post-6054","1":"product","2":"type-product","3":"status-publish","4":"has-post-thumbnail","6":"product_cat-cosmetic-jars","7":"product_cat-glass-containers","8":"product_cat-glass-jars","10":"first","11":"instock","12":"shipping-taxable","13":"product-type-simple"},"jetpack_sharing_enabled":true,"_links":{"self":[{"href":"https:\/\/minghanggroup.com\/fr\/wp-json\/wp\/v2\/product\/6054","targetHints":{"allow":["GET"]}}],"collection":[{"href":"https:\/\/minghanggroup.com\/fr\/wp-json\/wp\/v2\/product"}],"about":[{"href":"https:\/\/minghanggroup.com\/fr\/wp-json\/wp\/v2\/types\/product"}],"wp:featuredmedia":[{"embeddable":true,"href":"https:\/\/minghanggroup.com\/fr\/wp-json\/wp\/v2\/media\/6061"}],"wp:attachment":[{"href":"https:\/\/minghanggroup.com\/fr\/wp-json\/wp\/v2\/media?parent=6054"}],"wp:term":[{"taxonomy":"product_brand","embeddable":true,"href":"https:\/\/minghanggroup.com\/fr\/wp-json\/wp\/v2\/product_brand?post=6054"},{"taxonomy":"product_cat","embeddable":true,"href":"https:\/\/minghanggroup.com\/fr\/wp-json\/wp\/v2\/product_cat?post=6054"},{"taxonomy":"product_tag","embeddable":true,"href":"https:\/\/minghanggroup.com\/fr\/wp-json\/wp\/v2\/product_tag?post=6054"}],"curies":[{"name":"wp","href":"https:\/\/api.w.org\/{rel}","templated":true}]}}