{"id":6047,"date":"2026-03-19T16:54:26","date_gmt":"2026-03-19T08:54:26","guid":{"rendered":"https:\/\/minghanggroup.com\/?post_type=product&#038;p=6047"},"modified":"2026-03-19T16:56:23","modified_gmt":"2026-03-19T08:56:23","slug":"clear-small-cosmetic-containers-with-lid-bulk","status":"publish","type":"product","link":"https:\/\/minghanggroup.com\/fr\/produit\/clear-small-cosmetic-containers-with-lid-bulk\/","title":{"rendered":"Petits pots cosm\u00e9tiques transparents de 30 ml avec couvercle (en vrac)"},"content":{"rendered":"<p>Vos cr\u00e8mes m\u00e9ritent un \u00e9crin \u00e0 la hauteur de leur \u00e9clat. Nos petits flacons cosm\u00e9tiques sont la solution id\u00e9ale\u00a0! Flacons en verre de 30\u00a0ml avec couvercle \u00e0 visser\u00a0: \u00e9tanches et transparents, ils pr\u00e9servent la transparence de votre cr\u00e8me. Plus besoin de flacon lourd, tenez-le dans la main. Rayonnez gr\u00e2ce \u00e0 votre produit de beaut\u00e9.<\/p>\n<h2>Caract\u00e9ristiques du produit<\/h2>\n<ul>\n<li><strong>Esth\u00e9tique minimaliste\u00a0:<\/strong> Le r\u00e9cipient transparent, d&#039;une grande simplicit\u00e9 avec sa forme cylindrique traditionnelle, permet de voir clairement son contenu\u00a0; une option parfaite pour mettre en valeur la simplicit\u00e9 et la beaut\u00e9 des produits des marques de soins haut de gamme.<\/li>\n<li><strong>Construction en verre de qualit\u00e9 sup\u00e9rieure\u00a0:<\/strong> La bouteille est en verre transparent, ce qui am\u00e9liore l&#039;exp\u00e9rience tactile du produit et offre une excellente protection\u00a0; elle permet \u00e9galement au consommateur de voir facilement la quantit\u00e9 de contenu restant.<\/li>\n<li><strong>\u00c9tanch\u00e9it\u00e9 sup\u00e9rieure :<\/strong> Dot\u00e9 d&#039;un couvercle blanc \u00e0 visser, le r\u00e9cipient poss\u00e8de un couvercle herm\u00e9tique qui emp\u00eache toute contamination et toute entr\u00e9e d&#039;air, pr\u00e9servant ainsi la fra\u00eecheur du produit.<\/li>\n<\/ul>\n<h2>Caract\u00e9ristiques principales<\/h2>\n<table style=\"border-collapse: collapse; width: 80%; margin-left: auto; margin-right: auto;\" border=\"0\" width=\"360\" cellspacing=\"0\" cellpadding=\"0\">\n<tbody>\n<tr style=\"height: 13.50pt;\">\n<td style=\"height: 13.5pt; width: 54pt; text-align: center;\" width=\"72\" height=\"18\">Capacit\u00e9<\/td>\n<td style=\"width: 54pt; text-align: center;\" width=\"72\">Forme<\/td>\n<td style=\"width: 54pt; text-align: center;\" width=\"72\">Scellage<\/td>\n<td style=\"width: 54pt; text-align: center;\" width=\"72\">Couleur<\/td>\n<td style=\"width: 54pt; text-align: center;\" width=\"72\">Usage<\/td>\n<\/tr>\n<tr style=\"height: 13.50pt;\">\n<td style=\"height: 13.5pt; text-align: center;\" height=\"18\">30 ml<\/td>\n<td style=\"text-align: center;\">\u00e0 c\u00f4t\u00e9s droits<\/td>\n<td style=\"text-align: center;\">Filet\u00e9<\/td>\n<td style=\"text-align: center;\">Clair<\/td>\n<td style=\"text-align: center;\">Cr\u00e8me visage, cr\u00e8me contour des yeux, baume corporel<\/td>\n<\/tr>\n<\/tbody>\n<\/table>\n<h2>Cas de r\u00e9ussite<\/h2>\n<p>Lorsqu&#039;une marque canadienne a d\u00e9cid\u00e9 de lancer une gamme de cr\u00e8mes pour le visage sp\u00e9cialement con\u00e7ues pour les peaux sensibles, elle a choisi nos pots en verre de 30 ml. Pour la personnalisation, le client a opt\u00e9 pour une am\u00e9lioration du pot\u00a0: une fine couche semi-transparente blanc laiteux a \u00e9t\u00e9 appliqu\u00e9e sur la paroi int\u00e9rieure. Le bouchon, quant \u00e0 lui, arbore une texture caoutchout\u00e9e traditionnelle au toucher agr\u00e9able, un choix esth\u00e9tique qui am\u00e9liore non seulement la prise en main et l&#039;adh\u00e9rence, mais conf\u00e8re \u00e9galement au bouchon une sensation de luxe et de qualit\u00e9 sup\u00e9rieure.<\/p>\n<p>Les ventes en ligne du produit ont connu une croissance impressionnante de 31 % d\u00e8s le premier trimestre suivant son lancement. Le client a pass\u00e9 quatre nouvelles commandes dans les six mois suivants, un succ\u00e8s qui l&#039;a incit\u00e9 \u00e0 \u00e9tendre sa gamme de produits \u00e0 d&#039;autres soins de la peau.<\/p>\n<h2>Options de personnalisation<\/h2>\n<ol>\n<li><strong>Choix du couvercle int\u00e9rieur\u00a0: <\/strong>Les couvercles int\u00e9rieurs en PE, PP ou feuille d&#039;aluminium permettent de rendre la bo\u00eete plus herm\u00e9tique et de prot\u00e9ger le produit.<\/li>\n<li><strong>Personnalisation de la couleur du verre\u00a0: <\/strong>Nous proposons des vernis transparents, ambr\u00e9s, d\u00e9polis ou personnalis\u00e9s, adapt\u00e9s aux diff\u00e9rentes esth\u00e9tiques de marques.<\/li>\n<li><strong>D\u00e9coration de surface : <\/strong>Marquage \u00e0 chaud, prise en charge de la s\u00e9rigraphie, de l&#039;\u00e9tiquetage ou de l&#039;impression UV pour la personnalisation de la marque.<\/li>\n<\/ol>","protected":false},"excerpt":{"rendered":"<p>Petits pots cosm\u00e9tiques et pots de cr\u00e8me en verre transparent. Vente directe d&#039;usine, personnalisation en gros possible pour les marques de soins de la peau. Livraison rapide.<\/p>","protected":false},"featured_media":6050,"template":"","meta":{"postBodyCss":"","postBodyMargin":[],"postBodyPadding":[],"postBodyBackground":{"backgroundType":"classic","gradient":""}},"product_brand":[],"product_cat":[106,15,17],"product_tag":[],"class_list":{"0":"post-6047","1":"product","2":"type-product","3":"status-publish","4":"has-post-thumbnail","6":"product_cat-cosmetic-jars","7":"product_cat-glass-containers","8":"product_cat-glass-jars","10":"first","11":"instock","12":"shipping-taxable","13":"product-type-simple"},"jetpack_sharing_enabled":true,"_links":{"self":[{"href":"https:\/\/minghanggroup.com\/fr\/wp-json\/wp\/v2\/product\/6047","targetHints":{"allow":["GET"]}}],"collection":[{"href":"https:\/\/minghanggroup.com\/fr\/wp-json\/wp\/v2\/product"}],"about":[{"href":"https:\/\/minghanggroup.com\/fr\/wp-json\/wp\/v2\/types\/product"}],"wp:featuredmedia":[{"embeddable":true,"href":"https:\/\/minghanggroup.com\/fr\/wp-json\/wp\/v2\/media\/6050"}],"wp:attachment":[{"href":"https:\/\/minghanggroup.com\/fr\/wp-json\/wp\/v2\/media?parent=6047"}],"wp:term":[{"taxonomy":"product_brand","embeddable":true,"href":"https:\/\/minghanggroup.com\/fr\/wp-json\/wp\/v2\/product_brand?post=6047"},{"taxonomy":"product_cat","embeddable":true,"href":"https:\/\/minghanggroup.com\/fr\/wp-json\/wp\/v2\/product_cat?post=6047"},{"taxonomy":"product_tag","embeddable":true,"href":"https:\/\/minghanggroup.com\/fr\/wp-json\/wp\/v2\/product_tag?post=6047"}],"curies":[{"name":"wp","href":"https:\/\/api.w.org\/{rel}","templated":true}]}}