{"id":6042,"date":"2026-03-19T10:04:29","date_gmt":"2026-03-19T02:04:29","guid":{"rendered":"https:\/\/minghanggroup.com\/?post_type=product&#038;p=6042"},"modified":"2026-03-20T16:58:02","modified_gmt":"2026-03-20T08:58:02","slug":"empty-luxury-glass-cosmetic-jars-with-gold-lid-bulk","status":"publish","type":"product","link":"https:\/\/minghanggroup.com\/fr\/produit\/empty-luxury-glass-cosmetic-jars-with-gold-lid-bulk\/","title":{"rendered":"Pots cosm\u00e9tiques vides en verre de luxe de 20 ml avec couvercle dor\u00e9 (vente en gros)"},"content":{"rendered":"<p>Ces luxueux pots cosm\u00e9tiques en verre pr\u00e9sentent une forme arrondie et lisse, sont fabriqu\u00e9s en verre cristallin et surmont\u00e9s d&#039;un couvercle plaqu\u00e9 or et d&#039;un bouton sph\u00e9rique opulent qui contribuent \u00e0 leur aspect luxueux.<\/p>\n<h2>Caract\u00e9ristiques du produit<\/h2>\n<ul>\n<li><strong>Socle en verre transparent h\u00e9misph\u00e9rique :<\/strong> Le socle h\u00e9misph\u00e9rique en verre transparent est un support id\u00e9al pour mettre en valeur la texture et la couleur du produit, r\u00e9v\u00e9lant ainsi sa qualit\u00e9 la plus pure.<\/li>\n<li><strong>Couvercle sup\u00e9rieur en m\u00e9tal dor\u00e9 :<\/strong> Il s&#039;agit d&#039;un mat\u00e9riau durable, fabriqu\u00e9 en m\u00e9tal \u00e9pais, qui conf\u00e8re au couvercle sup\u00e9rieur une allure tr\u00e8s \u00e9l\u00e9gante et sophistiqu\u00e9e.<\/li>\n<li><strong>Forme sph\u00e9rique lisse :<\/strong> Sa forme sph\u00e9rique parfaite est bien organis\u00e9e et facile \u00e0 prendre en main, et elle attirera tous les regards dans n&#039;importe quelle coiffeuse.<\/li>\n<\/ul>\n<h2 style=\"text-align: left;\">Caract\u00e9ristiques principales<\/h2>\n<table class=\"aligncenter\" style=\"border-collapse: collapse; width: 417.77pt;\" border=\"0\" width=\"557\" cellspacing=\"0\" cellpadding=\"0\">\n<tbody>\n<tr style=\"height: 13.50pt;\">\n<td style=\"height: 13.50pt; width: 120.00pt;\" width=\"160\" height=\"18\">Sp\u00e9cification<\/td>\n<td style=\"width: 297.75pt;\" width=\"397\">D\u00e9tails<\/td>\n<\/tr>\n<tr style=\"height: 13.50pt;\">\n<td style=\"height: 13.50pt;\" height=\"18\">Capacit\u00e9<\/td>\n<td>20 ml<\/td>\n<\/tr>\n<tr style=\"height: 13.50pt;\">\n<td style=\"height: 13.50pt;\" height=\"18\">Mat\u00e9riel<\/td>\n<td>Verre transparent, m\u00e9tal plaqu\u00e9 or<\/td>\n<\/tr>\n<tr style=\"height: 13.50pt;\">\n<td style=\"height: 13.50pt;\" height=\"18\">Pot en forme de bocal<\/td>\n<td>Sph\u00e8re \u00e0 couvercle en forme de d\u00f4me<\/td>\n<\/tr>\n<tr style=\"height: 13.50pt;\">\n<td style=\"height: 13.50pt;\" height=\"18\">\u00c9tendue de la personnalisation<\/td>\n<td>Couleur, finition, couvercles, taille<\/td>\n<\/tr>\n<tr style=\"height: 13.50pt;\">\n<td style=\"height: 13.50pt;\" height=\"18\">Savoir-faire<\/td>\n<td>Moulage de pr\u00e9cision du verre et du m\u00e9tal<\/td>\n<\/tr>\n<tr style=\"height: 13.50pt;\">\n<td style=\"height: 13.50pt;\" height=\"18\">Objectif du produit<\/td>\n<td>Pots cosm\u00e9tiques en verre de luxe, pots cosm\u00e9tiques haut de gamme<\/td>\n<\/tr>\n<tr style=\"height: 13.50pt;\">\n<td style=\"height: 13.50pt;\" height=\"18\">Secteurs d&#039;activit\u00e9 appropri\u00e9s<\/td>\n<td>Marques de soins de luxe, coffrets cadeaux haut de gamme<\/td>\n<\/tr>\n<\/tbody>\n<\/table>\n<h2>Succ\u00e8s garanti\u00a0: La cr\u00e8me signature d\u2019une marque suisse de soins de la peau<\/h2>\n<p>Une marque suisse de soins de la peau a utilis\u00e9 nos contenants cosm\u00e9tiques sph\u00e9riques vides et a command\u00e9 un pot personnalis\u00e9 en m\u00e9tal platine PVD et un pot en verre d\u00e9poli. La fra\u00eecheur et le poids du pot ont renforc\u00e9 l&#039;impact de la technologie de refroidissement du produit, ce qui a entra\u00een\u00e9 une augmentation des ventes de 25 % dans les grands magasins haut de gamme et une hausse de 300 % de l&#039;engagement sur les r\u00e9seaux sociaux. Fort de ce succ\u00e8s, la marque a pass\u00e9 une nouvelle commande de 500\u00a0000 pots, qui sont devenus l&#039;unique emballage de sa gamme phare pendant les trois ann\u00e9es suivantes.<\/p>\n<h2>Options de personnalisation pour les contenants cosm\u00e9tiques vides<\/h2>\n<ul>\n<li>Finition m\u00e9tallique\u00a0: La finition de la partie sup\u00e9rieure est en or rose, argent, cuivre, chrome noir ou gris anthracite.<\/li>\n<li>D\u00e9coration du couvercle\u00a0: Des cristaux, des pierres semi-pr\u00e9cieuses ou le logo de la marque peuvent \u00eatre ajout\u00e9s sur le dessus du couvercle en forme de d\u00f4me.<\/li>\n<li>Ajustement de la taille : Fabriquez des formats plus petits (10 ml, par exemple, cr\u00e8me pour les yeux) et des formats plus grands (50 ml, par exemple, cr\u00e8me de nuit) avec le m\u00eame design, sous forme sph\u00e9rique.<\/li>\n<\/ul>","protected":false},"excerpt":{"rendered":"<p>Peaux cosm\u00e9tiques en verre de luxe avec couvercle dor\u00e9 et fond transparent. Contenants cosm\u00e9tiques vides haut de gamme, parfaits pour les cr\u00e8mes, s\u00e9rums et soins de la peau de luxe. \u00c9chantillons gratuits.<\/p>","protected":false},"featured_media":6046,"template":"","meta":{"postBodyCss":"","postBodyMargin":[],"postBodyPadding":[],"postBodyBackground":{"backgroundType":"classic","gradient":""}},"product_brand":[],"product_cat":[106,15,17],"product_tag":[],"class_list":{"0":"post-6042","1":"product","2":"type-product","3":"status-publish","4":"has-post-thumbnail","6":"product_cat-cosmetic-jars","7":"product_cat-glass-containers","8":"product_cat-glass-jars","10":"first","11":"instock","12":"shipping-taxable","13":"product-type-simple"},"jetpack_sharing_enabled":true,"_links":{"self":[{"href":"https:\/\/minghanggroup.com\/fr\/wp-json\/wp\/v2\/product\/6042","targetHints":{"allow":["GET"]}}],"collection":[{"href":"https:\/\/minghanggroup.com\/fr\/wp-json\/wp\/v2\/product"}],"about":[{"href":"https:\/\/minghanggroup.com\/fr\/wp-json\/wp\/v2\/types\/product"}],"wp:featuredmedia":[{"embeddable":true,"href":"https:\/\/minghanggroup.com\/fr\/wp-json\/wp\/v2\/media\/6046"}],"wp:attachment":[{"href":"https:\/\/minghanggroup.com\/fr\/wp-json\/wp\/v2\/media?parent=6042"}],"wp:term":[{"taxonomy":"product_brand","embeddable":true,"href":"https:\/\/minghanggroup.com\/fr\/wp-json\/wp\/v2\/product_brand?post=6042"},{"taxonomy":"product_cat","embeddable":true,"href":"https:\/\/minghanggroup.com\/fr\/wp-json\/wp\/v2\/product_cat?post=6042"},{"taxonomy":"product_tag","embeddable":true,"href":"https:\/\/minghanggroup.com\/fr\/wp-json\/wp\/v2\/product_tag?post=6042"}],"curies":[{"name":"wp","href":"https:\/\/api.w.org\/{rel}","templated":true}]}}