{"id":6034,"date":"2026-03-18T11:25:48","date_gmt":"2026-03-18T03:25:48","guid":{"rendered":"https:\/\/minghanggroup.com\/?post_type=product&#038;p=6034"},"modified":"2026-03-20T16:57:52","modified_gmt":"2026-03-20T08:57:52","slug":"colored-glass-lotion-bottle-with-pump-bulk","status":"publish","type":"product","link":"https:\/\/minghanggroup.com\/fr\/produit\/colored-glass-lotion-bottle-with-pump-bulk\/","title":{"rendered":"Flacon de lotion en verre color\u00e9 de 20 ml et 30 ml avec pompe (vente en gros)"},"content":{"rendered":"<p>Ce flacon de lotion \u00e0 pompe pr\u00e9sente une forme cylindrique courte et lisse. Disponible en deux coloris (jaune clair et bleu clair), il est dot\u00e9 d&#039;une pompe blanche et lisse pour un dosage pr\u00e9cis. Les formats 20 ml et 30 ml sont id\u00e9aux pour les \u00e9chantillons, les s\u00e9rums ou les coffrets de voyage.<\/p>\n<h2>Caract\u00e9ristiques du produit<\/h2>\n<ul>\n<li><strong>Conception cylindrique compacte\u00a0:<\/strong> Un cylindre \u00e9troit et court lui conf\u00e8re une forme solide et facile \u00e0 tenir en main, ainsi qu&#039;une apparence minimaliste.<\/li>\n<li><strong>Haute transparence :<\/strong> Vitrail. Cette couleur de marque douce, offrant une sensation de haute qualit\u00e9, a \u00e9t\u00e9 d\u00e9velopp\u00e9e gr\u00e2ce \u00e0 l&#039;utilisation de vitraux transparents.<\/li>\n<li><strong>T\u00eate de pompe raffin\u00e9e\u00a0:<\/strong> Le design de la t\u00eate de pompe, d&#039;un blanc immacul\u00e9, assure un dosage pr\u00e9cis et hygi\u00e9nique, offrant un contraste visuel saisissant avec le flacon en verre color\u00e9.<\/li>\n<\/ul>\n<h2 style=\"text-align: left;\">Caract\u00e9ristiques principales<\/h2>\n<table class=\"aligncenter\" style=\"border-collapse: collapse; width: 373.52pt;\" border=\"0\" width=\"498\" cellspacing=\"0\" cellpadding=\"0\">\n<tbody>\n<tr style=\"height: 13.50pt;\">\n<td style=\"height: 13.50pt; width: 120.00pt;\" width=\"160\" height=\"18\">Sp\u00e9cification<\/td>\n<td style=\"width: 253.50pt;\" width=\"338\">D\u00e9tails<\/td>\n<\/tr>\n<tr style=\"height: 13.50pt;\">\n<td style=\"height: 13.50pt;\" height=\"18\">Capacit\u00e9<\/td>\n<td>20 ml, 30 ml<\/td>\n<\/tr>\n<tr style=\"height: 13.50pt;\">\n<td style=\"height: 13.50pt;\" height=\"18\">Mat\u00e9riel<\/td>\n<td>Verre pastel translucide, pompe en plastique blanc<\/td>\n<\/tr>\n<tr style=\"height: 13.50pt;\">\n<td style=\"height: 13.50pt;\" height=\"18\">Forme de bouteille<\/td>\n<td>Court, cylindrique avec des \u00e9paules arrondies<\/td>\n<\/tr>\n<tr style=\"height: 13.50pt;\">\n<td style=\"height: 13.50pt;\" height=\"18\">\u00c9tendue de la personnalisation<\/td>\n<td>Couleur, Taille, Couvercles, Taille<\/td>\n<\/tr>\n<tr style=\"height: 13.50pt;\">\n<td style=\"height: 13.50pt;\" height=\"18\">Savoir-faire<\/td>\n<td>Formage de verre de pr\u00e9cision, assemblage de pompe<\/td>\n<\/tr>\n<tr style=\"height: 13.50pt;\">\n<td style=\"height: 13.50pt;\" height=\"18\">Objectif du produit<\/td>\n<td>Flacons de s\u00e9rum pour le visage, flacons de lotion de voyage<\/td>\n<\/tr>\n<tr style=\"height: 13.50pt;\">\n<td style=\"height: 13.50pt;\" height=\"18\">Secteurs d&#039;activit\u00e9 appropri\u00e9s<\/td>\n<td>Marques de soins de la peau, coffrets beaut\u00e9 par abonnement<\/td>\n<\/tr>\n<\/tbody>\n<\/table>\n<h2>Histoire \u00e0 succ\u00e8s<\/h2>\n<p>Notre flacon en verre \u00e0 pompe a \u00e9t\u00e9 choisi par une entreprise californienne de soins de la peau vegan pour la fabrication de son nouveau s\u00e9rum \u00e0 l&#039;acide hyaluronique. L&#039;entreprise a cependant personnalis\u00e9 le flacon rose et la pompe blanche mate. La conception pr\u00e9cise de la pompe a permis de r\u00e9duire la consommation de produit de 18 % en moyenne et a valoris\u00e9 le produit. Son format compact et non allong\u00e9 rend le produit facile \u00e0 emporter partout, ce qui a permis d&#039;augmenter les ventes du format voyage de 20 ml de 60 %. Tr\u00e8s satisfaite, la marque a pass\u00e9 une nouvelle commande de 1,5 million de flacons pour son programme international et sa nouvelle gamme de mini-formats voyage.<\/p>\n<h2>Suggestions de personnalisation pour les flacons de lotion avec pompe.<\/h2>\n<ul>\n<li>Conception du bouchon\u00a0: La pompe est dot\u00e9e de bouchons simples en silicone ou en plastique, qui permettent un transport ais\u00e9.<\/li>\n<li>Pompe sans air (optionnelle)\u00a0: Cette pompe sans air permet d\u2019\u00e9viter l\u2019oxydation des ingr\u00e9dients actifs tr\u00e8s sensibles comme la vitamine C ou les r\u00e9tino\u00efdes.<\/li>\n<li>Calibrage de la t\u00eate de pompe : La t\u00eate de pompe peut \u00eatre calibr\u00e9e pour distribuer avec pr\u00e9cision (par exemple, 0,3 ml) des s\u00e9rums ou des produits de soin concentr\u00e9s.<\/li>\n<\/ul>","protected":false},"excerpt":{"rendered":"<p>Flacon en verre r\u00e9sistant avec pompe, au design \u00e9pur\u00e9 et \u00e0 la t\u00eate de pompe durable. Flacon \u00e9l\u00e9gant avec pompe pour lotions et produits de beaut\u00e9. Livraison rapide.<\/p>","protected":false},"featured_media":6037,"template":"","meta":{"postBodyCss":"","postBodyMargin":[],"postBodyPadding":[],"postBodyBackground":{"backgroundType":"classic","gradient":""}},"product_brand":[],"product_cat":[105,15,16],"product_tag":[],"class_list":{"0":"post-6034","1":"product","2":"type-product","3":"status-publish","4":"has-post-thumbnail","6":"product_cat-glass-lotion-bottles","7":"product_cat-glass-containers","8":"product_cat-glass-bottles","10":"first","11":"instock","12":"shipping-taxable","13":"product-type-simple"},"jetpack_sharing_enabled":true,"_links":{"self":[{"href":"https:\/\/minghanggroup.com\/fr\/wp-json\/wp\/v2\/product\/6034","targetHints":{"allow":["GET"]}}],"collection":[{"href":"https:\/\/minghanggroup.com\/fr\/wp-json\/wp\/v2\/product"}],"about":[{"href":"https:\/\/minghanggroup.com\/fr\/wp-json\/wp\/v2\/types\/product"}],"wp:featuredmedia":[{"embeddable":true,"href":"https:\/\/minghanggroup.com\/fr\/wp-json\/wp\/v2\/media\/6037"}],"wp:attachment":[{"href":"https:\/\/minghanggroup.com\/fr\/wp-json\/wp\/v2\/media?parent=6034"}],"wp:term":[{"taxonomy":"product_brand","embeddable":true,"href":"https:\/\/minghanggroup.com\/fr\/wp-json\/wp\/v2\/product_brand?post=6034"},{"taxonomy":"product_cat","embeddable":true,"href":"https:\/\/minghanggroup.com\/fr\/wp-json\/wp\/v2\/product_cat?post=6034"},{"taxonomy":"product_tag","embeddable":true,"href":"https:\/\/minghanggroup.com\/fr\/wp-json\/wp\/v2\/product_tag?post=6034"}],"curies":[{"name":"wp","href":"https:\/\/api.w.org\/{rel}","templated":true}]}}