{"id":6029,"date":"2026-03-18T10:48:50","date_gmt":"2026-03-18T02:48:50","guid":{"rendered":"https:\/\/minghanggroup.com\/?post_type=product&#038;p=6029"},"modified":"2026-04-14T09:48:29","modified_gmt":"2026-04-14T01:48:29","slug":"frosted-glass-cosmetic-bottles-for-shampoo-bulk","status":"publish","type":"product","link":"https:\/\/minghanggroup.com\/fr\/produit\/frosted-glass-cosmetic-bottles-for-shampoo-bulk\/","title":{"rendered":"Flacons cosm\u00e9tiques en verre d\u00e9poli de 40 ml pour shampoing (vente en gros)"},"content":{"rendered":"<p>Voici l&#039;une des plus belles solutions d&#039;emballage cosm\u00e9tique en verre\u00a0: les flacons de 40\u00a0ml en verre d\u00e9poli, aux \u00e9l\u00e9gantes formes ovales, offrent une prise en main agr\u00e9able et un rendu esth\u00e9tique exceptionnel, quelle que soit la surface de pr\u00e9sentation. La finition en verre d\u00e9poli conf\u00e8re au flacon une beaut\u00e9 translucide et a\u00e9rienne, rehauss\u00e9e par un anneau m\u00e9tallique dor\u00e9 au niveau du col. Une simple pression sur la pompe permet de doser parfaitement le produit.<\/p>\n<h2>Caract\u00e9ristiques du produit<\/h2>\n<ul>\n<li><strong>Finition givr\u00e9e \u00e9l\u00e9gante :<\/strong> La surface en verre d\u00e9poli offre un aspect luxueux et semi-transparent qui rehausse l&#039;attrait des produits tout en prot\u00e9geant les formules sensibles \u00e0 la lumi\u00e8re.<\/li>\n<li><strong>Technologie de pompe sans air\u00a0:<\/strong> Notre syst\u00e8me de pompage sans air \u00e9vite la contamination et prolonge la dur\u00e9e de conservation du produit, c&#039;est pourquoi il est destin\u00e9 aux flacons de lotion et aux s\u00e9rums de haute qualit\u00e9.<\/li>\n<li><strong>Conception ronde stable :<\/strong> Les flacons de shampoing ronds \u00e0 pompe poss\u00e8dent un fond \u00e9pais, ce qui assure leur stabilit\u00e9 sur toutes les surfaces, minimise les risques de d\u00e9versement et facilite leur utilisation.<\/li>\n<\/ul>\n<h2>Caract\u00e9ristiques principales<\/h2>\n<table style=\"border-collapse: collapse; width: 80%; margin-left: auto; margin-right: auto;\" border=\"0\" width=\"144\" cellspacing=\"0\" cellpadding=\"0\">\n<tbody>\n<tr style=\"height: 13.50pt;\">\n<td style=\"height: 13.5pt; width: 54pt; text-align: center;\" width=\"72\" height=\"18\">Sp\u00e9cification<\/td>\n<td style=\"width: 54pt; text-align: center;\" width=\"72\">D\u00e9tails<\/td>\n<\/tr>\n<tr style=\"height: 13.50pt;\">\n<td style=\"height: 13.5pt; text-align: center;\" height=\"18\">Capacit\u00e9<\/td>\n<td style=\"text-align: center;\">40 ml<\/td>\n<\/tr>\n<tr style=\"height: 13.50pt;\">\n<td style=\"height: 13.5pt; text-align: center;\" height=\"18\">Mat\u00e9riel<\/td>\n<td style=\"text-align: center;\">Corps en verre d\u00e9poli<\/td>\n<\/tr>\n<tr style=\"height: 13.50pt;\">\n<td style=\"height: 13.5pt; text-align: center;\" height=\"18\">Type de pompe<\/td>\n<td style=\"text-align: center;\">syst\u00e8me de pompe sans air<\/td>\n<\/tr>\n<tr style=\"height: 13.50pt;\">\n<td style=\"height: 13.5pt; text-align: center;\" height=\"18\">T\u00eate de pompe<\/td>\n<td style=\"text-align: center;\">M\u00e9tal dor\u00e9 avec couvercle transparent<\/td>\n<\/tr>\n<tr style=\"height: 13.50pt;\">\n<td style=\"height: 13.5pt; text-align: center;\" height=\"18\">Couleur<\/td>\n<td style=\"text-align: center;\">Givr\u00e9 (personnalisable)<\/td>\n<\/tr>\n<tr style=\"height: 13.50pt;\">\n<td style=\"height: 13.5pt; text-align: center;\" height=\"18\">Personnalisation<\/td>\n<td style=\"text-align: center;\">Logo, couleur, emballage disponibles<\/td>\n<\/tr>\n<\/tbody>\n<\/table>\n<h2>Cas de r\u00e9ussite<\/h2>\n<p>Nos flacons de shampoing ovales givr\u00e9s de 40 ml ont \u00e9t\u00e9 choisis par une marque australienne de soins de la peau haut de gamme. Pour la personnalisation, la cliente a opt\u00e9 pour une finition givr\u00e9e fine, rehauss\u00e9e d&#039;un traitement anti-traces de doigts. L&#039;anneau dor\u00e9 ornemental du goulot, initialement poli miroir, pr\u00e9sente une finition en m\u00e9tal bross\u00e9. Enfin, le bouchon, initialement transparent, a \u00e9t\u00e9 redessin\u00e9 dans un gris fum\u00e9, une teinte douce et mate, afin de conf\u00e9rer au produit un caract\u00e8re encore plus unique et distinctif.<\/p>\n<p>Apr\u00e8s le lancement officiel du produit, la marque a d\u00e9clar\u00e9 que les taux de conversion sur les plateformes de commerce \u00e9lectronique avaient augment\u00e9 de mani\u00e8re consid\u00e9rable, de 34 %, en seulement deux mois.<\/p>\n<h2>Recommandations de personnalisation<\/h2>\n<ol>\n<li><strong>Finition givr\u00e9e Plusieurs variantes\u00a0:<\/strong> Choisissez le niveau de gla\u00e7age, l\u00e9ger, \u00e9pais ou d\u00e9grad\u00e9, pour un rendu vari\u00e9.<\/li>\n<li><strong>S\u00e9lection de colliers \u00e9lectroplaqu\u00e9s\u00a0:<\/strong> Le choix se porte sur l&#039;or, l&#039;argent, l&#039;or rose ou le m\u00e9tal bross\u00e9, afin de correspondre au positionnement de la marque.<\/li>\n<li><strong>Caract\u00e9ristiques anti-contrefa\u00e7on\u00a0:<\/strong> Apposez sur le produit un code QR, un code de lot ou une gravure laser sur le fond de la bouteille, qui servira \u00e0 tracer le produit.<\/li>\n<\/ol>","protected":false},"excerpt":{"rendered":"<p>Flacons cosm\u00e9tiques en verre d\u00e9poli avec pompe airless. Id\u00e9aux pour les flacons de lotion et de shampoing. Emballages personnalis\u00e9s en gros, fournis par un fabricant de confiance. \u00c9chantillons gratuits.<\/p>","protected":false},"featured_media":6033,"template":"","meta":{"postBodyCss":"","postBodyMargin":[],"postBodyPadding":[],"postBodyBackground":{"backgroundType":"classic","gradient":""}},"product_brand":[],"product_cat":[105,15,16],"product_tag":[110],"class_list":{"0":"post-6029","1":"product","2":"type-product","3":"status-publish","4":"has-post-thumbnail","6":"product_cat-glass-lotion-bottles","7":"product_cat-glass-containers","8":"product_cat-glass-bottles","9":"product_tag-glass-foundation-bottles","11":"first","12":"instock","13":"shipping-taxable","14":"product-type-simple"},"jetpack_sharing_enabled":true,"_links":{"self":[{"href":"https:\/\/minghanggroup.com\/fr\/wp-json\/wp\/v2\/product\/6029","targetHints":{"allow":["GET"]}}],"collection":[{"href":"https:\/\/minghanggroup.com\/fr\/wp-json\/wp\/v2\/product"}],"about":[{"href":"https:\/\/minghanggroup.com\/fr\/wp-json\/wp\/v2\/types\/product"}],"wp:featuredmedia":[{"embeddable":true,"href":"https:\/\/minghanggroup.com\/fr\/wp-json\/wp\/v2\/media\/6033"}],"wp:attachment":[{"href":"https:\/\/minghanggroup.com\/fr\/wp-json\/wp\/v2\/media?parent=6029"}],"wp:term":[{"taxonomy":"product_brand","embeddable":true,"href":"https:\/\/minghanggroup.com\/fr\/wp-json\/wp\/v2\/product_brand?post=6029"},{"taxonomy":"product_cat","embeddable":true,"href":"https:\/\/minghanggroup.com\/fr\/wp-json\/wp\/v2\/product_cat?post=6029"},{"taxonomy":"product_tag","embeddable":true,"href":"https:\/\/minghanggroup.com\/fr\/wp-json\/wp\/v2\/product_tag?post=6029"}],"curies":[{"name":"wp","href":"https:\/\/api.w.org\/{rel}","templated":true}]}}