{"id":6024,"date":"2026-03-17T11:28:08","date_gmt":"2026-03-17T03:28:08","guid":{"rendered":"https:\/\/minghanggroup.com\/?post_type=product&#038;p=6024"},"modified":"2026-03-17T16:23:24","modified_gmt":"2026-03-17T08:23:24","slug":"frosted-airless-empty-bottles-with-pump-wholesale","status":"publish","type":"product","link":"https:\/\/minghanggroup.com\/fr\/produit\/frosted-airless-empty-bottles-with-pump-wholesale\/","title":{"rendered":"Flacons vides airless givr\u00e9s de 100 ml avec pompe, vente en gros"},"content":{"rendered":"<p>Il s&#039;agit d&#039;un flacon de lotion haut de gamme, au design fin et cylindrique. Le flacon vide, muni d&#039;une pompe, est rev\u00eatu d&#039;un vernis orange mat, d&#039;un distributeur blanc et d&#039;un bouchon cylindrique blanc assorti, pour un rendu \u00e9pur\u00e9 et harmonieux. Il est g\u00e9n\u00e9ralement utilis\u00e9 pour le conditionnement de lotions pour le visage, de cr\u00e8mes pour le corps et autres produits de soin.<\/p>\n<h2>Caract\u00e9ristiques du produit<\/h2>\n<ul>\n<li><strong>Forme cylindrique mince :<\/strong> Sa forme haute et fine est pratique \u00e0 transporter et peut \u00eatre utilis\u00e9e dans les emballages cosm\u00e9tiques modernes.<\/li>\n<li><strong>Capuchon de protection :<\/strong> Elle est \u00e9galement dot\u00e9e d&#039;un capuchon de protection complet pour garantir que la pompe reste propre et qu&#039;aucun d\u00e9versement accidentel ne se produise pendant le transport.<\/li>\n<li><strong>Corps semi-transparent :<\/strong> Celui-ci permet aux utilisateurs de surveiller le niveau du liquide restant sans impact visuel d\u00e9sagr\u00e9able.<\/li>\n<\/ul>\n<h2>Caract\u00e9ristiques principales<\/h2>\n<table style=\"border-collapse: collapse; width: 80%; margin-left: auto; margin-right: auto;\" border=\"0\" width=\"144\" cellspacing=\"0\" cellpadding=\"0\">\n<tbody>\n<tr style=\"height: 13.50pt;\">\n<td style=\"height: 13.5pt; width: 54pt; text-align: center;\" width=\"72\" height=\"18\">Fonctionnalit\u00e9<\/td>\n<td style=\"width: 54pt; text-align: center;\" width=\"72\">D\u00e9tails<\/td>\n<\/tr>\n<tr style=\"height: 13.50pt;\">\n<td style=\"height: 13.5pt; text-align: center;\" height=\"18\">Capacit\u00e9<\/td>\n<td style=\"text-align: center;\">100 ml<\/td>\n<\/tr>\n<tr style=\"height: 13.50pt;\">\n<td style=\"height: 13.5pt; text-align: center;\" height=\"18\">Type de pompe<\/td>\n<td style=\"text-align: center;\">sans air<\/td>\n<\/tr>\n<tr style=\"height: 13.50pt;\">\n<td style=\"height: 13.5pt; text-align: center;\" height=\"18\">Cou<\/td>\n<td style=\"text-align: center;\">Fil<\/td>\n<\/tr>\n<tr style=\"height: 13.50pt;\">\n<td style=\"height: 13.5pt; text-align: center;\" height=\"18\">Forme<\/td>\n<td style=\"text-align: center;\">Cylindre<\/td>\n<\/tr>\n<tr style=\"height: 13.50pt;\">\n<td style=\"height: 13.5pt; text-align: center;\" height=\"18\">Couleur<\/td>\n<td style=\"text-align: center;\">Transparent, jaune, orange<\/td>\n<\/tr>\n<tr style=\"height: 13.50pt;\">\n<td style=\"height: 13.5pt; text-align: center;\" height=\"18\">Processus<\/td>\n<td style=\"text-align: center;\">Givr\u00e9<\/td>\n<\/tr>\n<\/tbody>\n<\/table>\n<h2>Cas de r\u00e9ussite<\/h2>\n<p>Notre flacon de lotion de 100 ml, d&#039;un jaune givr\u00e9, a \u00e9t\u00e9 int\u00e9gr\u00e9 \u00e0 la gamme d&#039;une marque cor\u00e9enne de soins de la peau. Pour la personnalisation, le flacon est dot\u00e9 d&#039;une pompe distributrice blanche mate et d&#039;un bouchon assorti. Le logo de la marque, imprim\u00e9 en s\u00e9rigraphie blanche immacul\u00e9e et minimaliste, conf\u00e8re \u00e0 l&#039;ensemble une apparence \u00e9pur\u00e9e et pure. L&#039;emballage ext\u00e9rieur, con\u00e7u pour s&#039;int\u00e9grer parfaitement \u00e0 la palette de couleurs, assure une grande coh\u00e9rence visuelle \u00e0 l&#039;ensemble des produits.<\/p>\n<p>Apr\u00e8s le lancement officiel du produit, les ventes en ligne de la marque ont progress\u00e9 de 35 % en seulement trois mois. Le client a ensuite pass\u00e9 quatre commandes importantes au cours des huit mois suivants.<\/p>\n<h2>Suggestions de personnalisation pour la vente en gros de flacons \u00e0 pompe airless<\/h2>\n<ol>\n<li><strong>Correspondance des couleurs de la pompe\u00a0:<\/strong> Associez des escarpins \u00e0 diff\u00e9rentes finitions telles que blanc mat, noir, m\u00e9tallis\u00e9 ou assortis \u00e0 la couleur de votre pied.<\/li>\n<li><strong>M\u00e9thodes d&#039;application du logo\u00a0:<\/strong> Personnalisation flexible avec prise en charge de la s\u00e9rigraphie, du marquage \u00e0 chaud, de l&#039;impression UV ou de l&#039;application d&#039;\u00e9tiquettes.<\/li>\n<li><strong>Modifications apport\u00e9es \u00e0 la conception du couvercle :<\/strong> Avoir la possibilit\u00e9 de personnaliser le design du bouchon (hauteur, forme ou transparence (transparent, d\u00e9poli ou color\u00e9)) afin de cr\u00e9er un emballage final individualis\u00e9.<\/li>\n<\/ol>","protected":false},"excerpt":{"rendered":"<p>Flacons vides \u00e9l\u00e9gants \u00e0 effet d\u00e9grad\u00e9 avec pompe, parfaits pour les soins de la peau. Flacons airless en gros, vente directe d&#039;usine et livraison rapide.<\/p>","protected":false},"featured_media":6028,"template":"","meta":{"postBodyCss":"","postBodyMargin":[],"postBodyPadding":[],"postBodyBackground":{"backgroundType":"classic","gradient":""}},"product_brand":[],"product_cat":[15,105,16],"product_tag":[],"class_list":{"0":"post-6024","1":"product","2":"type-product","3":"status-publish","4":"has-post-thumbnail","6":"product_cat-glass-containers","7":"product_cat-glass-lotion-bottles","8":"product_cat-glass-bottles","10":"first","11":"instock","12":"shipping-taxable","13":"product-type-simple"},"jetpack_sharing_enabled":true,"_links":{"self":[{"href":"https:\/\/minghanggroup.com\/fr\/wp-json\/wp\/v2\/product\/6024","targetHints":{"allow":["GET"]}}],"collection":[{"href":"https:\/\/minghanggroup.com\/fr\/wp-json\/wp\/v2\/product"}],"about":[{"href":"https:\/\/minghanggroup.com\/fr\/wp-json\/wp\/v2\/types\/product"}],"wp:featuredmedia":[{"embeddable":true,"href":"https:\/\/minghanggroup.com\/fr\/wp-json\/wp\/v2\/media\/6028"}],"wp:attachment":[{"href":"https:\/\/minghanggroup.com\/fr\/wp-json\/wp\/v2\/media?parent=6024"}],"wp:term":[{"taxonomy":"product_brand","embeddable":true,"href":"https:\/\/minghanggroup.com\/fr\/wp-json\/wp\/v2\/product_brand?post=6024"},{"taxonomy":"product_cat","embeddable":true,"href":"https:\/\/minghanggroup.com\/fr\/wp-json\/wp\/v2\/product_cat?post=6024"},{"taxonomy":"product_tag","embeddable":true,"href":"https:\/\/minghanggroup.com\/fr\/wp-json\/wp\/v2\/product_tag?post=6024"}],"curies":[{"name":"wp","href":"https:\/\/api.w.org\/{rel}","templated":true}]}}