{"id":6019,"date":"2026-03-17T09:13:29","date_gmt":"2026-03-17T01:13:29","guid":{"rendered":"https:\/\/minghanggroup.com\/?post_type=product&#038;p=6019"},"modified":"2026-03-20T16:58:35","modified_gmt":"2026-03-20T08:58:35","slug":"cylindrical-white-lotion-bottles-for-skincare-wholesale","status":"publish","type":"product","link":"https:\/\/minghanggroup.com\/fr\/produit\/cylindrical-white-lotion-bottles-for-skincare-wholesale\/","title":{"rendered":"Flacons cylindriques blancs de lotion de 20 \u00e0 60 ml pour soins de la peau (vente en gros)"},"content":{"rendered":"<p>Il s&#039;agit d&#039;un flacon de lotion blanc de forme cylindrique. Son corps est d&#039;un blanc pur et son col en bois naturel s&#039;harmonise parfaitement avec le distributeur \u00e0 pompe blanc, respectueux de l&#039;environnement.<\/p>\n<h2>Caract\u00e9ristiques du produit<\/h2>\n<ul>\n<li><strong>Bague d\u00e9corative en bois naturel :<\/strong> La frise d\u00e9corative en bois sur le manche procure une sensation de chaleur naturelle et une apparence particuli\u00e8re.<\/li>\n<li><strong>Pompe pratique et bouchon transparent\u00a0:<\/strong> La pompe blanche assure une distribution hygi\u00e9nique et le bouchon transparent prot\u00e8ge l&#039;ensemble, lui conf\u00e9rant un aspect propre et soign\u00e9.<\/li>\n<li><strong>Petite et robuste :<\/strong> Sa forme cylindrique courte et large, ainsi que son fond plat, contribuent \u00e0 une grande stabilit\u00e9 et \u00e0 une grande solidit\u00e9.<\/li>\n<\/ul>\n<h2 style=\"text-align: left;\">Caract\u00e9ristiques principales<\/h2>\n<table class=\"aligncenter\" style=\"border-collapse: collapse; width: 467.27pt;\" border=\"0\" width=\"623\" cellspacing=\"0\" cellpadding=\"0\">\n<tbody>\n<tr style=\"height: 13.50pt;\">\n<td style=\"height: 13.50pt; width: 120.00pt;\" width=\"160\" height=\"18\">Sp\u00e9cification<\/td>\n<td style=\"width: 347.25pt;\" width=\"463\">D\u00e9tails<\/td>\n<\/tr>\n<tr style=\"height: 13.50pt;\">\n<td style=\"height: 13.50pt;\" height=\"18\">Capacit\u00e9<\/td>\n<td>20 ml, 30 ml, 40 ml, 60 ml<\/td>\n<\/tr>\n<tr style=\"height: 13.50pt;\">\n<td style=\"height: 13.50pt;\" height=\"18\">Mat\u00e9riel<\/td>\n<td>Verre blanc opaque<\/td>\n<\/tr>\n<tr style=\"height: 13.50pt;\">\n<td style=\"height: 13.50pt;\" height=\"18\">Forme de bouteille<\/td>\n<td>Cylindre court et arrondi \u00e0 base plate<\/td>\n<\/tr>\n<tr style=\"height: 13.50pt;\">\n<td style=\"height: 13.50pt;\" height=\"18\">\u00c9tendue de la personnalisation<\/td>\n<td>Forme, mat\u00e9riau\/couleur de l&#039;anneau d\u00e9coratif, couvercles, taille<\/td>\n<\/tr>\n<tr style=\"height: 13.50pt;\">\n<td style=\"height: 13.50pt;\" height=\"18\">Savoir-faire<\/td>\n<td>Formage de verre de pr\u00e9cision pour couleurs opaques<\/td>\n<\/tr>\n<tr style=\"height: 13.50pt;\">\n<td style=\"height: 13.50pt;\" height=\"18\">Objectif du produit<\/td>\n<td>Flacons de lotion blancs, flacons de lotion en gros<\/td>\n<\/tr>\n<tr style=\"height: 13.50pt;\">\n<td style=\"height: 13.50pt;\" height=\"18\">Secteurs d&#039;activit\u00e9 appropri\u00e9s<\/td>\n<td>Marques de cosm\u00e9tiques naturels et biologiques, fournisseurs de spas et de bien-\u00eatre<\/td>\n<\/tr>\n<\/tbody>\n<\/table>\n<h2>Histoire \u00e0 succ\u00e8s : Le chemin vers le succ\u00e8s d&#039;une marque canadienne de beaut\u00e9 pure<\/h2>\n<p>Une marque de cosm\u00e9tiques bas\u00e9e \u00e0 Vancouver a choisi notre flacon de lotion blanc de 30 ml orn\u00e9 d&#039;un anneau d\u00e9coratif en bambou. Cet emballage est devenu embl\u00e9matique de la marque\u00a0; le design unique de la pompe a permis d&#039;augmenter de 200\u00a0% les mentions de la marque sur Instagram d\u00e8s le premier mois de son lancement. La conception sp\u00e9cifique de la pompe a \u00e9galement permis de r\u00e9duire le gaspillage d&#039;environ 18\u00a0%, valorisant ainsi le produit. De plus, la taille r\u00e9duite du flacon a rendu les box par abonnement plus compactes et plus pratiques. Fort de ce succ\u00e8s, le fabricant a pass\u00e9 une seconde commande d&#039;un million de flacons pour conditionner l&#039;ensemble de sa gamme de produits de beaut\u00e9.<\/p>\n<h2>Personnalisation des flacons de lotion en gros<\/h2>\n<ul>\n<li>Choix de la couleur de la t\u00eate de pompe\u00a0: Les t\u00eates de pompe peuvent \u00eatre choisies dans une couleur autre que le blanc, comme le noir, l\u2019or ou de la m\u00eame couleur que l\u2019anneau d\u00e9coratif.<\/li>\n<li>Syst\u00e8me de pompe sans air\u00a0: Il existe une option de syst\u00e8me de pompe sans air avec une formule n\u00e9cessitant une r\u00e9sistance \u00e0 l\u2019oxydation.<\/li>\n<li>D\u00e9tails du logo en relief\u00a0: Apposez un petit logo en relief au bas de la bouteille pour une expression de marque simple et permanente.<\/li>\n<\/ul>","protected":false},"excerpt":{"rendered":"<p>Flacon de lotion blanc avec pompe souple et col imitation bois. Flacons de lotion haut de gamme en gros, parfaits pour les soins de la peau, les s\u00e9rums et le conditionnement de produits cosm\u00e9tiques. \u00c9chantillons gratuits.<\/p>","protected":false},"featured_media":6021,"template":"","meta":{"postBodyCss":"","postBodyMargin":[],"postBodyPadding":[],"postBodyBackground":{"backgroundType":"classic","gradient":""}},"product_brand":[],"product_cat":[105,15,16],"product_tag":[],"class_list":{"0":"post-6019","1":"product","2":"type-product","3":"status-publish","4":"has-post-thumbnail","6":"product_cat-glass-lotion-bottles","7":"product_cat-glass-containers","8":"product_cat-glass-bottles","10":"first","11":"instock","12":"shipping-taxable","13":"product-type-simple"},"jetpack_sharing_enabled":true,"_links":{"self":[{"href":"https:\/\/minghanggroup.com\/fr\/wp-json\/wp\/v2\/product\/6019","targetHints":{"allow":["GET"]}}],"collection":[{"href":"https:\/\/minghanggroup.com\/fr\/wp-json\/wp\/v2\/product"}],"about":[{"href":"https:\/\/minghanggroup.com\/fr\/wp-json\/wp\/v2\/types\/product"}],"wp:featuredmedia":[{"embeddable":true,"href":"https:\/\/minghanggroup.com\/fr\/wp-json\/wp\/v2\/media\/6021"}],"wp:attachment":[{"href":"https:\/\/minghanggroup.com\/fr\/wp-json\/wp\/v2\/media?parent=6019"}],"wp:term":[{"taxonomy":"product_brand","embeddable":true,"href":"https:\/\/minghanggroup.com\/fr\/wp-json\/wp\/v2\/product_brand?post=6019"},{"taxonomy":"product_cat","embeddable":true,"href":"https:\/\/minghanggroup.com\/fr\/wp-json\/wp\/v2\/product_cat?post=6019"},{"taxonomy":"product_tag","embeddable":true,"href":"https:\/\/minghanggroup.com\/fr\/wp-json\/wp\/v2\/product_tag?post=6019"}],"curies":[{"name":"wp","href":"https:\/\/api.w.org\/{rel}","templated":true}]}}