{"id":6014,"date":"2026-03-16T10:13:19","date_gmt":"2026-03-16T02:13:19","guid":{"rendered":"https:\/\/minghanggroup.com\/?post_type=product&#038;p=6014"},"modified":"2026-04-14T14:20:14","modified_gmt":"2026-04-14T06:20:14","slug":"cylindrical-glass-lotion-bottles-with-pump-bulk","status":"publish","type":"product","link":"https:\/\/minghanggroup.com\/fr\/produit\/cylindrical-glass-lotion-bottles-with-pump-bulk\/","title":{"rendered":"Flacons de lotion cylindriques en verre de 30 ml avec pompe (vente en gros)"},"content":{"rendered":"<p>Ces flacons de lotion \u00e0 pompe poss\u00e8dent un corps cylindrique \u00e9pais et lisse ainsi qu&#039;une base \u00e9paisse et arrondie. Une pompe dor\u00e9e brillante garantit un dosage pr\u00e9cis et \u00e9vite les fuites.<\/p>\n<h2>Caract\u00e9ristiques du produit<\/h2>\n<ul>\n<li><strong>Corps cylindrique stable \u00e0 base \u00e9paisse\u00a0:<\/strong> Le fond \u00e9paissi du cylindre et sa forme arrondie assurent la stabilit\u00e9 du corps et emp\u00eachent le renversement de la bouteille.<\/li>\n<li><strong>Escarpin de luxe dor\u00e9 :<\/strong> La pompe en m\u00e9tal dor\u00e9 est con\u00e7ue pour faciliter une vidange facile et hygi\u00e9nique des produits, ce qui lui conf\u00e8re une \u00e9l\u00e9gance et une opulence remarquables.<\/li>\n<li><strong>Capacit\u00e9 de 30 ml :<\/strong> Id\u00e9al pour l&#039;utilisation de s\u00e9rums concentr\u00e9s, d&#039;huiles pour le visage ou de produits de grande valeur en format voyage.<\/li>\n<\/ul>\n<h2 style=\"text-align: left;\">Caract\u00e9ristiques principales<\/h2>\n<table class=\"aligncenter\" style=\"border-collapse: collapse; width: 411.77pt;\" border=\"0\" width=\"549\" cellspacing=\"0\" cellpadding=\"0\">\n<tbody>\n<tr style=\"height: 13.50pt;\">\n<td style=\"height: 13.50pt; width: 120.00pt;\" width=\"160\" height=\"18\">Sp\u00e9cification<\/td>\n<td style=\"width: 291.75pt;\" width=\"389\">D\u00e9tails<\/td>\n<\/tr>\n<tr style=\"height: 13.50pt;\">\n<td style=\"height: 13.50pt;\" height=\"18\">Capacit\u00e9<\/td>\n<td>30 ml<\/td>\n<\/tr>\n<tr style=\"height: 13.50pt;\">\n<td style=\"height: 13.50pt;\" height=\"18\">Dimensions<\/td>\n<td>49\u00d769 mm (Diam\u00e8tre \u00d7 Hauteur)<\/td>\n<\/tr>\n<tr style=\"height: 13.50pt;\">\n<td style=\"height: 13.50pt;\" height=\"18\">Mat\u00e9riel<\/td>\n<td>Verre d\u00e9grad\u00e9\/color\u00e9 ou transparent, pompe en m\u00e9tal dor\u00e9<\/td>\n<\/tr>\n<tr style=\"height: 13.50pt;\">\n<td style=\"height: 13.50pt;\" height=\"18\">Forme de bouteille<\/td>\n<td>Cylindre lisse \u00e0 base lourde et arrondie<\/td>\n<\/tr>\n<tr style=\"height: 13.50pt;\">\n<td style=\"height: 13.50pt;\" height=\"18\">\u00c9tendue de la personnalisation<\/td>\n<td>Couleur, taille, couvercles, finition<\/td>\n<\/tr>\n<tr style=\"height: 13.50pt;\">\n<td style=\"height: 13.50pt;\" height=\"18\">Objectif du produit<\/td>\n<td>Flacons de s\u00e9rums de luxe, flacons de lotion en vrac<\/td>\n<\/tr>\n<tr style=\"height: 13.50pt;\">\n<td style=\"height: 13.50pt;\" height=\"18\">Secteurs d&#039;activit\u00e9 appropri\u00e9s<\/td>\n<td>Marques de soins de luxe pour la peau, lignes de cosm\u00e9tiques de niche<\/td>\n<\/tr>\n<\/tbody>\n<\/table>\n<h2>Histoire \u00e0 succ\u00e8s<\/h2>\n<p>Nos flacons de lotion ambr\u00e9s de 30 ml, munis d&#039;une pompe et d&#039;un bouchon noir mat, ont \u00e9t\u00e9 choisis par une marque allemande de soins bio. Ces flacons en verre ambr\u00e9 ont permis d&#039;allonger la dur\u00e9e de conservation du produit, qui \u00e9tait auparavant de 6 \u00e0 12 mois. Gr\u00e2ce \u00e0 la pompe, l&#039;oxydation et la contamination ont \u00e9t\u00e9 minimis\u00e9es, ce qui a permis d&#039;am\u00e9liorer la satisfaction client de 40 %. La marque a rencontr\u00e9 un tel succ\u00e8s qu&#039;elle a par la suite command\u00e9 600\u00a0000 flacons suppl\u00e9mentaires pour conditionner l&#039;ensemble de ses s\u00e9rums actifs.<\/p>\n<h2>Personnalisation des flacons de lotion en vrac<\/h2>\n<ul>\n<li>Couleur des escarpins\u00a0: Ils sont disponibles en noir, gris ou dans des couleurs personnalis\u00e9es pour s\u2019harmoniser avec votre image de marque.<\/li>\n<li>D\u00e9poli ou brillant\u00a0: choisissez des bouteilles en verre d\u00e9poli \u00e0 l\u2019aspect d\u00e9licatement moderne ou optez pour une finition brillante.<\/li>\n<li>T\u00eate de pompe : En fonction des produits de viscosit\u00e9s diff\u00e9rentes, les t\u00eates de pompe sont disponibles avec diff\u00e9rents types (pompe standard, pompe sans air).<\/li>\n<li>Taille et proportions : Le rapport hauteur\/diam\u00e8tre de la bouteille peut \u00eatre ajust\u00e9 pour produire des bouteilles plus courtes ou plus hautes de m\u00eame volume.<\/li>\n<\/ul>","protected":false},"excerpt":{"rendered":"<p>Flacons cylindriques en verre avec pompe pour lotion, disponibles en plusieurs d\u00e9grad\u00e9s de couleurs. Flacons r\u00e9sistants pour lotions en gros, id\u00e9aux pour les soins de la peau haut de gamme. Livraison rapide et stock disponible.<\/p>","protected":false},"featured_media":6015,"template":"","meta":{"postBodyCss":"","postBodyMargin":[],"postBodyPadding":[],"postBodyBackground":{"backgroundType":"classic","gradient":""}},"product_brand":[],"product_cat":[105,15,16],"product_tag":[116],"class_list":{"0":"post-6014","1":"product","2":"type-product","3":"status-publish","4":"has-post-thumbnail","6":"product_cat-glass-lotion-bottles","7":"product_cat-glass-containers","8":"product_cat-glass-bottles","9":"product_tag-fine-mist-spray-bottles","11":"first","12":"instock","13":"shipping-taxable","14":"product-type-simple"},"jetpack_sharing_enabled":true,"_links":{"self":[{"href":"https:\/\/minghanggroup.com\/fr\/wp-json\/wp\/v2\/product\/6014","targetHints":{"allow":["GET"]}}],"collection":[{"href":"https:\/\/minghanggroup.com\/fr\/wp-json\/wp\/v2\/product"}],"about":[{"href":"https:\/\/minghanggroup.com\/fr\/wp-json\/wp\/v2\/types\/product"}],"wp:featuredmedia":[{"embeddable":true,"href":"https:\/\/minghanggroup.com\/fr\/wp-json\/wp\/v2\/media\/6015"}],"wp:attachment":[{"href":"https:\/\/minghanggroup.com\/fr\/wp-json\/wp\/v2\/media?parent=6014"}],"wp:term":[{"taxonomy":"product_brand","embeddable":true,"href":"https:\/\/minghanggroup.com\/fr\/wp-json\/wp\/v2\/product_brand?post=6014"},{"taxonomy":"product_cat","embeddable":true,"href":"https:\/\/minghanggroup.com\/fr\/wp-json\/wp\/v2\/product_cat?post=6014"},{"taxonomy":"product_tag","embeddable":true,"href":"https:\/\/minghanggroup.com\/fr\/wp-json\/wp\/v2\/product_tag?post=6014"}],"curies":[{"name":"wp","href":"https:\/\/api.w.org\/{rel}","templated":true}]}}