{"id":6009,"date":"2026-03-16T10:11:07","date_gmt":"2026-03-16T02:11:07","guid":{"rendered":"https:\/\/minghanggroup.com\/?post_type=product&#038;p=6009"},"modified":"2026-04-14T09:48:46","modified_gmt":"2026-04-14T01:48:46","slug":"clear-cosmetic-glass-bottles-with-pump-wholesale","status":"publish","type":"product","link":"https:\/\/minghanggroup.com\/fr\/produit\/clear-cosmetic-glass-bottles-with-pump-wholesale\/","title":{"rendered":"Flacons cosm\u00e9tiques en verre transparent de 60 ml, 100 ml et 120 ml avec pompe, vente en gros"},"content":{"rendered":"<p>Ce flacon cosm\u00e9tique en verre, \u00e9l\u00e9gant et dot\u00e9 d&#039;une pompe, pr\u00e9sente une forme rectangulaire lisse et un corps transparent qui laisse appara\u00eetre son contenu. Sa pompe de haute qualit\u00e9 assure un dosage pr\u00e9cis et hygi\u00e9nique des lotions, s\u00e9rums et autres produits de soin. Le bouchon noir, au design raffin\u00e9, lui conf\u00e8re une touche d&#039;\u00e9l\u00e9gance, id\u00e9ale pour les marques de soins de luxe. Robuste et pratique, ce flacon est \u00e0 la fois esth\u00e9tique et fonctionnel, et convient parfaitement \u00e0 la vente ou \u00e0 un usage personnel.<\/p>\n<h2>Caract\u00e9ristiques du produit<\/h2>\n<ul>\n<li><strong>Corps en verre transparent :<\/strong> Le corps en verre transparent offre une vue d\u00e9gag\u00e9e sur le produit \u00e0 l&#039;int\u00e9rieur, permettant ainsi aux consommateurs de suivre son utilisation et la quantit\u00e9 restante.<\/li>\n<li><strong>Forme rectangulaire et bords lisses\u00a0:<\/strong> Sa forme rectangulaire contemporaine aux bords arrondis lui conf\u00e8re une allure \u00e9l\u00e9gante et raffin\u00e9e, et convient parfaitement aux produits de soin et de cosm\u00e9tique haut de gamme.<\/li>\n<li><strong>Pompe et bouchon noirs \u00e9l\u00e9gants :<\/strong> La pompe et le bouchon noirs du flacon contrastent avec le verre transparent, ce qui conf\u00e8re \u00e0 l&#039;ensemble du flacon une touche de classe et de sophistication.<\/li>\n<\/ul>\n<h2>Caract\u00e9ristiques principales<\/h2>\n<table style=\"border-collapse: collapse; width: 80%; margin-left: auto; margin-right: auto;\" border=\"0\" width=\"288\" cellspacing=\"0\" cellpadding=\"0\">\n<tbody>\n<tr style=\"height: 13.50pt;\">\n<td style=\"height: 13.5pt; width: 54pt; text-align: center;\" width=\"72\" height=\"18\">Capacit\u00e9 (ml)<\/td>\n<td style=\"width: 54pt; text-align: center;\" width=\"72\">Dimensions (mm)<\/td>\n<td style=\"width: 54pt; text-align: center;\" width=\"72\">Forme<\/td>\n<td style=\"width: 54pt; text-align: center;\" width=\"72\">Options de couleur<\/td>\n<\/tr>\n<tr style=\"height: 13.50pt;\">\n<td style=\"height: 13.5pt; text-align: center;\" align=\"right\" height=\"18\">60<\/td>\n<td style=\"text-align: center;\">34 \u00d7 130<\/td>\n<td class=\"et2\" style=\"text-align: center;\" rowspan=\"3\">Rectangulaire<\/td>\n<td class=\"et2\" style=\"text-align: center;\" rowspan=\"3\">Clair\/Personnalis\u00e9<\/td>\n<\/tr>\n<tr style=\"height: 13.50pt;\">\n<td style=\"height: 13.5pt; text-align: center;\" align=\"right\" height=\"18\">100<\/td>\n<td style=\"text-align: center;\">40 \u00d7 164<\/td>\n<\/tr>\n<tr style=\"height: 13.50pt;\">\n<td style=\"height: 13.5pt; text-align: center;\" align=\"right\" height=\"18\">120<\/td>\n<td style=\"text-align: center;\">40 \u00d7 180<\/td>\n<\/tr>\n<\/tbody>\n<\/table>\n<h2>Cas de r\u00e9ussite<\/h2>\n<p>Une marque de soins haut de gamme a choisi notre flacon de lotion en verre de 100 ml, \u00e0 la forme rectangulaire \u00e9pur\u00e9e et dot\u00e9 d&#039;une pompe noire de qualit\u00e9 sup\u00e9rieure. L&#039;\u00e9tiquette pr\u00e9sente \u00e9galement une finition dor\u00e9e personnalis\u00e9e sur le dessus du bouchon et une surface d\u00e9polie, conf\u00e9rant \u00e0 la marque une allure encore plus luxueuse au toucher.<\/p>\n<p>Suite \u00e0 cette mise en place, la demande au d\u00e9tail a augment\u00e9 de 35 %. Aujourd&#039;hui, ils ont pleinement int\u00e9gr\u00e9 ce flacon de lotion de 100 ml dans toute leur gamme de produits.<\/p>\n<h2>Options de personnalisation<\/h2>\n<ol>\n<li><strong>Ressources relatives \u00e0 la couleur et \u00e0 la finition du bouchon\u00a0:<\/strong> Nous proposerons un large choix de couleurs pour le capuchon, notamment or, argent, noir mat ou cuivre bross\u00e9, afin de correspondre aux diff\u00e9rentes esth\u00e9tiques ou gammes de marques.<\/li>\n<li><strong>Impression de logos personnalis\u00e9s\u00a0:<\/strong> Faites imprimer le logo ou le design de la marque sur la bouteille, par marquage \u00e0 chaud ou impression UV, pour une image de marque durable et de haute qualit\u00e9.<\/li>\n<li><strong>\u00c9tiquetage\u00a0:<\/strong> Nous proposons un \u00e9tiquetage personnalis\u00e9, incluant des \u00e9tiquettes enveloppantes et partielles, avec des autocollants transparents ou d\u00e9polis pour un aspect \u00e9pur\u00e9 et minimaliste, ou des \u00e9tiquettes ornementales pour une image de marque plus artistique.<\/li>\n<\/ol>","protected":false},"excerpt":{"rendered":"<p>D\u00e9couvrez nos flacons \u00e9l\u00e9gants \u00e0 pompe pour lotions et s\u00e9rums. Nos flacons cosm\u00e9tiques en verre allient durabilit\u00e9, design \u00e9pur\u00e9 et options de conditionnement en gros personnalisables. \u00c9chantillon gratuit.<\/p>","protected":false},"featured_media":6013,"template":"","meta":{"postBodyCss":"","postBodyMargin":[],"postBodyPadding":[],"postBodyBackground":{"backgroundType":"classic","gradient":""}},"product_brand":[],"product_cat":[15,105,16],"product_tag":[110],"class_list":{"0":"post-6009","1":"product","2":"type-product","3":"status-publish","4":"has-post-thumbnail","6":"product_cat-glass-containers","7":"product_cat-glass-lotion-bottles","8":"product_cat-glass-bottles","9":"product_tag-glass-foundation-bottles","11":"first","12":"instock","13":"shipping-taxable","14":"product-type-simple"},"jetpack_sharing_enabled":true,"_links":{"self":[{"href":"https:\/\/minghanggroup.com\/fr\/wp-json\/wp\/v2\/product\/6009","targetHints":{"allow":["GET"]}}],"collection":[{"href":"https:\/\/minghanggroup.com\/fr\/wp-json\/wp\/v2\/product"}],"about":[{"href":"https:\/\/minghanggroup.com\/fr\/wp-json\/wp\/v2\/types\/product"}],"wp:featuredmedia":[{"embeddable":true,"href":"https:\/\/minghanggroup.com\/fr\/wp-json\/wp\/v2\/media\/6013"}],"wp:attachment":[{"href":"https:\/\/minghanggroup.com\/fr\/wp-json\/wp\/v2\/media?parent=6009"}],"wp:term":[{"taxonomy":"product_brand","embeddable":true,"href":"https:\/\/minghanggroup.com\/fr\/wp-json\/wp\/v2\/product_brand?post=6009"},{"taxonomy":"product_cat","embeddable":true,"href":"https:\/\/minghanggroup.com\/fr\/wp-json\/wp\/v2\/product_cat?post=6009"},{"taxonomy":"product_tag","embeddable":true,"href":"https:\/\/minghanggroup.com\/fr\/wp-json\/wp\/v2\/product_tag?post=6009"}],"curies":[{"name":"wp","href":"https:\/\/api.w.org\/{rel}","templated":true}]}}