{"id":6004,"date":"2026-03-13T11:55:31","date_gmt":"2026-03-13T03:55:31","guid":{"rendered":"https:\/\/minghanggroup.com\/?post_type=product&#038;p=6004"},"modified":"2026-03-13T11:55:33","modified_gmt":"2026-03-13T03:55:33","slug":"frosted-glass-lotion-bottles-for-cosmetic-wholesale","status":"publish","type":"product","link":"https:\/\/minghanggroup.com\/fr\/produit\/frosted-glass-lotion-bottles-for-cosmetic-wholesale\/","title":{"rendered":"Flacons de lotion en verre d\u00e9poli de 20 \u00e0 120 ml pour la vente en gros de cosm\u00e9tiques"},"content":{"rendered":"<p>Ce produit est une collection de flacons en verre destin\u00e9s au conditionnement de produits cosm\u00e9tiques et de soins de la peau. Leur design \u00e9pur\u00e9 et minimaliste, avec une forme cylindrique lisse, s&#039;accorde parfaitement avec l&#039;image des marques de beaut\u00e9 modernes. Fabriqu\u00e9s en verre d\u00e9poli, ils pr\u00e9sentent un aspect mat doux et leur base \u00e9paisse leur conf\u00e8re une stabilit\u00e9 et une durabilit\u00e9 accrues. Id\u00e9aux pour le conditionnement de lotions pour le visage, cr\u00e8mes hydratantes, s\u00e9rums, \u00e9mulsions et autres formulations liquides pour le soin de la peau, ces flacons constituent une option pratique pour les marques recherchant des flacons cosm\u00e9tiques en gros pour leurs gammes de produits professionnels.<\/p>\n<h2>Caract\u00e9ristiques du produit<\/h2>\n<ul>\n<li><strong>Corps de bouteille en verre d\u00e9poli :<\/strong> Le flacon sera en verre d\u00e9poli, ce qui lui donnera un aspect mat et doux, tout en contribuant \u00e0 \u00e9liminer les traces de doigts et \u00e0 rehausser le c\u00f4t\u00e9 luxueux de l&#039;emballage.<\/li>\n<li><strong>Manche d&#039;\u00e9paule en or m\u00e9tallis\u00e9 :<\/strong> Le goulot de la bouteille est orn\u00e9 d&#039;un manchon d\u00e9coratif de couleur dor\u00e9e, ce qui lui conf\u00e8re une touche visuelle luxueuse et am\u00e9liore l&#039;aspect de l&#039;\u00e9tag\u00e8re.<\/li>\n<li><strong>Profil cylindrique droit pour l&#039;\u00e9tiquette\u00a0:<\/strong> La zone d&#039;\u00e9tiquetage est plate et suffisamment large pour permettre aux marques de cosm\u00e9tiques d&#039;apposer facilement des \u00e9tiquettes, des impressions s\u00e9rigraphiques ou tout autre type d&#039;\u00e9tiquetage sur leur marque.<\/li>\n<\/ul>\n<h2>Caract\u00e9ristiques principales<\/h2>\n<table style=\"border-collapse: collapse; width: 80%; margin-left: auto; margin-right: auto;\" border=\"0\" width=\"144\" cellspacing=\"0\" cellpadding=\"0\">\n<tbody>\n<tr style=\"height: 13.50pt;\">\n<td style=\"height: 13.5pt; width: 54pt; text-align: center;\" width=\"72\" height=\"18\">Fonctionnalit\u00e9<\/td>\n<td style=\"width: 54pt; text-align: center;\" width=\"72\">D\u00e9tails<\/td>\n<\/tr>\n<tr style=\"height: 13.50pt;\">\n<td style=\"height: 13.5pt; text-align: center;\" height=\"18\">Capacit\u00e9<\/td>\n<td style=\"text-align: center;\">20 ml 30 ml 50 ml 100 ml 120 ml<\/td>\n<\/tr>\n<tr style=\"height: 13.50pt;\">\n<td style=\"height: 13.5pt; text-align: center;\" height=\"18\">Couleur<\/td>\n<td style=\"text-align: center;\">Givr\u00e9<\/td>\n<\/tr>\n<tr style=\"height: 13.50pt;\">\n<td style=\"height: 13.5pt; text-align: center;\" height=\"18\">Forme<\/td>\n<td style=\"text-align: center;\">Cylindre<\/td>\n<\/tr>\n<tr style=\"height: 13.50pt;\">\n<td style=\"height: 13.5pt; text-align: center;\" height=\"18\">Couvercles<\/td>\n<td style=\"text-align: center;\">Couvercle \u00e0 vis dor\u00e9 + t\u00eate de pompe en plastique<\/td>\n<\/tr>\n<\/tbody>\n<\/table>\n<h2>Cas de r\u00e9ussite<\/h2>\n<p>Cette entreprise europ\u00e9enne de soins de la peau, sp\u00e9cialis\u00e9e dans les lotions pour le visage, a choisi nos flacons de lotion en verre d\u00e9poli de 30 ml, munis d&#039;une pompe doseuse. Soucieux de l&#039;image de marque, nous avons int\u00e9gr\u00e9 un anneau d\u00e9coratif en aluminium couleur champagne dor\u00e9 autour du goulot. Le logo, quant \u00e0 lui, est s\u00e9rigraphi\u00e9 directement sur le verre d\u00e9poli, ce qui rend inutile tout \u00e9tiquetage ext\u00e9rieur et conf\u00e8re au produit une allure minimaliste et \u00e9pur\u00e9e.<br \/>\nLa gamme de lotions pour le visage a connu une croissance ph\u00e9nom\u00e9nale de 32 % des commandes de r\u00e9approvisionnement des distributeurs dans les deux mois suivant son lancement. La marque a renouvel\u00e9 ses commandes aupr\u00e8s de nous, ce qui lui a permis de tirer parti de cette collaboration pour \u00e9tendre et d\u00e9velopper sa gamme de soins de la peau.<\/p>\n<h2>Options de personnalisation<\/h2>\n<ol>\n<li><strong>Personnalisation du niveau de gla\u00e7age\u00a0:<\/strong> Il est possible d&#039;obtenir diff\u00e9rents effets visuels et, par cons\u00e9quent, diff\u00e9rents styles de marques de soins de la peau en ajustant le degr\u00e9 de givrage du corps en verre (l\u00e9g\u00e8rement mat, enti\u00e8rement givr\u00e9 ou givr\u00e9 d\u00e9grad\u00e9).<\/li>\n<li><strong>Choix de couleurs pour le collier \u00e9lectroplaqu\u00e9\u00a0:<\/strong> Changez le col dor\u00e9 pour d&#039;autres finitions, notamment argent mat, or rose, noir brillant ou or champagne, en fonction des diff\u00e9rents th\u00e8mes d&#039;emballage cosm\u00e9tique.<\/li>\n<li><strong>Choix de conception pour les casquettes de protection\u00a0:<\/strong> Personnalisez le bouchon transparent avec un capuchon de protection color\u00e9, d\u00e9poli ou plus lourd pour une meilleure r\u00e9sistance au transport et une apparence visuelle globale am\u00e9lior\u00e9e.<\/li>\n<\/ol>","protected":false},"excerpt":{"rendered":"<p>D\u00e9couvrez d&#039;\u00e9l\u00e9gants flacons en verre pour votre gamme de soins de la peau. Nous proposons des flacons cosm\u00e9tiques en gros avec des options de personnalisation, des \u00e9chantillons gratuits et la possibilit\u00e9 de commander en grande quantit\u00e9.<\/p>","protected":false},"featured_media":6008,"template":"","meta":{"postBodyCss":"","postBodyMargin":[],"postBodyPadding":[],"postBodyBackground":{"backgroundType":"classic","gradient":""}},"product_brand":[],"product_cat":[15,105,16],"product_tag":[],"class_list":{"0":"post-6004","1":"product","2":"type-product","3":"status-publish","4":"has-post-thumbnail","6":"product_cat-glass-containers","7":"product_cat-glass-lotion-bottles","8":"product_cat-glass-bottles","10":"first","11":"instock","12":"shipping-taxable","13":"product-type-simple"},"jetpack_sharing_enabled":true,"_links":{"self":[{"href":"https:\/\/minghanggroup.com\/fr\/wp-json\/wp\/v2\/product\/6004","targetHints":{"allow":["GET"]}}],"collection":[{"href":"https:\/\/minghanggroup.com\/fr\/wp-json\/wp\/v2\/product"}],"about":[{"href":"https:\/\/minghanggroup.com\/fr\/wp-json\/wp\/v2\/types\/product"}],"wp:featuredmedia":[{"embeddable":true,"href":"https:\/\/minghanggroup.com\/fr\/wp-json\/wp\/v2\/media\/6008"}],"wp:attachment":[{"href":"https:\/\/minghanggroup.com\/fr\/wp-json\/wp\/v2\/media?parent=6004"}],"wp:term":[{"taxonomy":"product_brand","embeddable":true,"href":"https:\/\/minghanggroup.com\/fr\/wp-json\/wp\/v2\/product_brand?post=6004"},{"taxonomy":"product_cat","embeddable":true,"href":"https:\/\/minghanggroup.com\/fr\/wp-json\/wp\/v2\/product_cat?post=6004"},{"taxonomy":"product_tag","embeddable":true,"href":"https:\/\/minghanggroup.com\/fr\/wp-json\/wp\/v2\/product_tag?post=6004"}],"curies":[{"name":"wp","href":"https:\/\/api.w.org\/{rel}","templated":true}]}}