{"id":5999,"date":"2026-03-13T10:10:14","date_gmt":"2026-03-13T02:10:14","guid":{"rendered":"https:\/\/minghanggroup.com\/?post_type=product&#038;p=5999"},"modified":"2026-03-20T16:58:51","modified_gmt":"2026-03-20T08:58:51","slug":"amber-empty-lotion-bottles-with-pump-bulk","status":"publish","type":"product","link":"https:\/\/minghanggroup.com\/fr\/produit\/amber-empty-lotion-bottles-with-pump-bulk\/","title":{"rendered":"Flacons de lotion ambr\u00e9s vides de 20 ml, 30 ml et 40 ml avec pompe (vente en gros)"},"content":{"rendered":"<p>Ce flacon de lotion vide avec pompe est de couleur ambr\u00e9e et poss\u00e8de un flacon en verre brun fonc\u00e9 \u00e0 protection UV aux lignes lisses et arrondies, ainsi qu&#039;une simple pompe blanche pour une distribution facile et pr\u00e9cise.<\/p>\n<h2>Caract\u00e9ristiques du produit<\/h2>\n<ul>\n<li><strong>Lunettes occultantes de couleur ambre :<\/strong> Ce type de verre est fabriqu\u00e9 en ambre fonc\u00e9 et, comme mentionn\u00e9 pr\u00e9c\u00e9demment, il est tout aussi efficace pour \u00e9viter les rayons UV ; il pr\u00e9serve les ingr\u00e9dients photosensibles contenus dans les produits de soin de la peau.<\/li>\n<li><strong>T\u00eate de pompe blanche :<\/strong> Il est \u00e9quip\u00e9 d&#039;une t\u00eate de pompe minimale et contr\u00f4lable qui distribue le produit uniform\u00e9ment, ce qui le rend hygi\u00e9nique et pratique \u00e0 utiliser, tout en minimisant le contact entre le contenu et l&#039;air.<\/li>\n<li><strong>Corps de bouteille cylindrique arrondi :<\/strong> Il s&#039;agit de la forme cylindrique arrondie traditionnelle d&#039;une bouteille, caract\u00e9ris\u00e9e par des lignes douces, une bonne prise en main et une grande stabilit\u00e9.<\/li>\n<\/ul>\n<h2 style=\"text-align: left;\">Caract\u00e9ristiques principales<\/h2>\n<table class=\"aligncenter\" style=\"border-collapse: collapse; width: 501.77pt;\" border=\"0\" width=\"669\" cellspacing=\"0\" cellpadding=\"0\">\n<tbody>\n<tr style=\"height: 13.50pt;\">\n<td style=\"height: 13.50pt; width: 120.00pt;\" width=\"160\" height=\"18\">Attribut<\/td>\n<td style=\"width: 381.75pt;\" width=\"509\">D\u00e9tails<\/td>\n<\/tr>\n<tr style=\"height: 13.50pt;\">\n<td style=\"height: 13.50pt;\" height=\"18\">Capacit\u00e9<\/td>\n<td>20 ml, 30 ml, 40 ml<\/td>\n<\/tr>\n<tr style=\"height: 13.50pt;\">\n<td style=\"height: 13.50pt;\" height=\"18\">Mat\u00e9riel<\/td>\n<td>Verre ambr\u00e9, pompe en plastique blanc<\/td>\n<\/tr>\n<tr style=\"height: 13.50pt;\">\n<td style=\"height: 13.50pt;\" height=\"18\">Forme de bouteille<\/td>\n<td>Cylindre arrondi<\/td>\n<\/tr>\n<tr style=\"height: 13.50pt;\">\n<td style=\"height: 13.50pt;\" height=\"18\">Gamme de personnalisation<\/td>\n<td>Intensit\u00e9 de la teinte ambr\u00e9e, couleur de la pompe, taille<\/td>\n<\/tr>\n<tr style=\"height: 13.50pt;\">\n<td style=\"height: 13.50pt;\" height=\"18\">Savoir-faire<\/td>\n<td>Couleur ambr\u00e9e uniforme, m\u00e9canisme de pompe \u00e9tanche, verre \u00e0 parois \u00e9paisses<\/td>\n<\/tr>\n<tr style=\"height: 13.50pt;\">\n<td style=\"height: 13.50pt;\" height=\"18\">Utilisation principale<\/td>\n<td>Flacon pompe ambr\u00e9 pour s\u00e9rums, flacons de lotion vides avec pompe<\/td>\n<\/tr>\n<tr style=\"height: 13.50pt;\">\n<td style=\"height: 13.50pt;\" height=\"18\">Secteurs cibles<\/td>\n<td>Soins de la peau, cosm\u00e9tiques, esth\u00e9tique professionnelle<\/td>\n<\/tr>\n<\/tbody>\n<\/table>\n<h2>La gamme de s\u00e9rums de la marque allemande de soins de la peau bio est une r\u00e9ussite.<\/h2>\n<p>L&#039;une des marques allemandes de soins bio les plus performantes a choisi notre flacon ambr\u00e9 et opt\u00e9 pour une pompe noire. Ce flacon en verre ambr\u00e9 bloque plus de 99 % des rayons UVA\/UVB, un facteur essentiel \u00e0 la stabilit\u00e9 de sa formule et qui prolonge la dur\u00e9e de conservation du produit de plus de 40 %. La pompe r\u00e9duit efficacement l&#039;oxydation et la contamination, am\u00e9liorant ainsi la satisfaction client de 40 %. Fort de ce succ\u00e8s, la marque a pass\u00e9 une nouvelle commande de 800\u00a0000 flacons pour conditionner l&#039;ensemble de ses s\u00e9rums actifs.<\/p>\n<h2>Personnalisation de flacons de lotion vides avec pompe<\/h2>\n<ul>\n<li>Couleurs de la pompe\u00a0: Elle peut \u00eatre noire, grise ou sa couleur peut \u00eatre personnalis\u00e9e pour correspondre \u00e0 l\u2019esth\u00e9tique de la marque.<\/li>\n<li>T\u00eates de pompe : Il existe plusieurs types de t\u00eates de pompe (pompe standard, pompe sans air) pour s&#039;adapter aux produits de viscosit\u00e9s diff\u00e9rentes.<\/li>\n<li>Bouchon ext\u00e9rieur\/capuchon anti-poussi\u00e8re\u00a0: Il existe de simples bouchons ext\u00e9rieurs en plastique ou en m\u00e9tal que l\u2019on peut ajouter pour offrir une protection suppl\u00e9mentaire pendant les voyages.<\/li>\n<\/ul>","protected":false},"excerpt":{"rendered":"<p>Flacons de lotion vides personnalis\u00e9s avec pompe, en verre ambr\u00e9 r\u00e9sistant. Flacon pompe ambr\u00e9 pratique, id\u00e9al pour les marques de soins de la peau. \u00c9chantillons gratuits disponibles.<\/p>","protected":false},"featured_media":6003,"template":"","meta":{"postBodyCss":"","postBodyMargin":[],"postBodyPadding":[],"postBodyBackground":{"backgroundType":"classic","gradient":""}},"product_brand":[],"product_cat":[105,15,16],"product_tag":[],"class_list":{"0":"post-5999","1":"product","2":"type-product","3":"status-publish","4":"has-post-thumbnail","6":"product_cat-glass-lotion-bottles","7":"product_cat-glass-containers","8":"product_cat-glass-bottles","10":"first","11":"instock","12":"shipping-taxable","13":"product-type-simple"},"jetpack_sharing_enabled":true,"_links":{"self":[{"href":"https:\/\/minghanggroup.com\/fr\/wp-json\/wp\/v2\/product\/5999","targetHints":{"allow":["GET"]}}],"collection":[{"href":"https:\/\/minghanggroup.com\/fr\/wp-json\/wp\/v2\/product"}],"about":[{"href":"https:\/\/minghanggroup.com\/fr\/wp-json\/wp\/v2\/types\/product"}],"wp:featuredmedia":[{"embeddable":true,"href":"https:\/\/minghanggroup.com\/fr\/wp-json\/wp\/v2\/media\/6003"}],"wp:attachment":[{"href":"https:\/\/minghanggroup.com\/fr\/wp-json\/wp\/v2\/media?parent=5999"}],"wp:term":[{"taxonomy":"product_brand","embeddable":true,"href":"https:\/\/minghanggroup.com\/fr\/wp-json\/wp\/v2\/product_brand?post=5999"},{"taxonomy":"product_cat","embeddable":true,"href":"https:\/\/minghanggroup.com\/fr\/wp-json\/wp\/v2\/product_cat?post=5999"},{"taxonomy":"product_tag","embeddable":true,"href":"https:\/\/minghanggroup.com\/fr\/wp-json\/wp\/v2\/product_tag?post=5999"}],"curies":[{"name":"wp","href":"https:\/\/api.w.org\/{rel}","templated":true}]}}