{"id":5993,"date":"2026-03-12T13:54:13","date_gmt":"2026-03-12T05:54:13","guid":{"rendered":"https:\/\/minghanggroup.com\/?post_type=product&#038;p=5993"},"modified":"2026-03-12T16:35:39","modified_gmt":"2026-03-12T08:35:39","slug":"frosted-glass-bottles-with-pumps-for-cosmetic-bulk","status":"publish","type":"product","link":"https:\/\/minghanggroup.com\/fr\/produit\/frosted-glass-bottles-with-pumps-for-cosmetic-bulk\/","title":{"rendered":"Flacons en verre d\u00e9poli de 10 ml, 15 ml et 50 ml avec pompe pour la vente en gros de produits cosm\u00e9tiques."},"content":{"rendered":"<p>Ces flacons cylindriques en verre transparent, munis d&#039;une pompe, sont dot\u00e9s d&#039;un bouchon d\u00e9poli. Le goulot, en verre clair \u00e0 l&#039;aspect bois, \u00e9voque le bambou et conf\u00e8re au flacon une touche naturelle et \u00e9cologique. Ce type de flacon est fr\u00e9quemment utilis\u00e9 pour conditionner lotions, cr\u00e8mes, s\u00e9rums et autres produits cosm\u00e9tiques, notamment pour les soins quotidiens et les formats voyage.<\/p>\n<h2>Caract\u00e9ristiques du produit<\/h2>\n<ul>\n<li><strong>Finition verre d\u00e9poli :<\/strong> La finition mate donnera un aspect lisse et \u00e9l\u00e9gant et contribuera \u00e0 \u00e9liminer les traces de doigts visibles.<\/li>\n<li><strong>Casquettes en bambou naturel :<\/strong> Les bouchons \u00e0 l&#039;aspect bois apporteront une touche naturelle et \u00e9cologique, parfaitement adapt\u00e9e aux marques de soins de la peau modernes.<\/li>\n<li><strong>Rechargeable et r\u00e9utilisable :<\/strong> La bouteille sera rechargeable et r\u00e9utilisable, et pourra donc \u00eatre utilis\u00e9e dans le cadre d&#039;un emballage durable.<\/li>\n<\/ul>\n<h2>Caract\u00e9ristiques principales<\/h2>\n<table style=\"border-collapse: collapse; width: 80%; margin-left: auto; margin-right: auto;\" border=\"0\" width=\"360\" cellspacing=\"0\" cellpadding=\"0\">\n<tbody>\n<tr style=\"height: 13.50pt;\">\n<td style=\"height: 13.5pt; width: 54pt; text-align: center;\" width=\"72\" height=\"18\">Capacit\u00e9 (ml)<\/td>\n<td style=\"width: 54pt; text-align: center;\" width=\"72\">Finition<\/td>\n<td style=\"width: 54pt; text-align: center;\" width=\"72\">Mat\u00e9riau du capuchon<\/td>\n<td style=\"width: 54pt; text-align: center;\" width=\"72\">Forme<\/td>\n<td style=\"width: 54pt; text-align: center;\" width=\"72\">Usage<\/td>\n<\/tr>\n<tr style=\"height: 13.50pt;\">\n<td style=\"height: 13.5pt; text-align: center;\" align=\"right\" height=\"18\">10<\/td>\n<td class=\"et2\" style=\"text-align: center;\" rowspan=\"3\">Givr\u00e9<\/td>\n<td class=\"et2\" style=\"text-align: center;\" rowspan=\"3\">Bambou naturel<\/td>\n<td class=\"et2\" style=\"text-align: center;\" rowspan=\"3\">Rond<\/td>\n<td class=\"et2\" style=\"text-align: center;\" rowspan=\"3\">S\u00e9rums, lotions, huiles pour le visage, toniques<\/td>\n<\/tr>\n<tr style=\"height: 13.50pt;\">\n<td style=\"height: 13.5pt; text-align: center;\" align=\"right\" height=\"18\">15<\/td>\n<\/tr>\n<tr style=\"height: 13.50pt;\">\n<td style=\"height: 13.5pt; text-align: center;\" align=\"right\" height=\"18\">50<\/td>\n<\/tr>\n<\/tbody>\n<\/table>\n<h2>Cas de r\u00e9ussite<\/h2>\n<p>Une marque australienne de soins de la peau travaillait au d\u00e9veloppement d&#039;une nouvelle gamme de lotions bio et a finalement opt\u00e9 pour nos flacons pompe airless en verre d\u00e9poli de 50 ml. Le flacon arbore une finition l\u00e9g\u00e8rement d\u00e9polie et le logo de la marque, imprim\u00e9 en s\u00e9rigraphie vert fonc\u00e9, refl\u00e8te l&#039;identit\u00e9 visuelle de cette marque botanique. De plus, notre emballage a \u00e9t\u00e9 modernis\u00e9 et \u00e9l\u00e9gant, avec un bouchon ext\u00e9rieur textur\u00e9 bambou et une pompe \u00e0 vide fluide, con\u00e7us pour optimiser la protection du produit et l&#039;exp\u00e9rience d&#039;utilisation.<\/p>\n<p>Avec le lancement du nouvel emballage, les ventes en ligne de la marque ont progress\u00e9 de 30 % en six mois. Le client a pass\u00e9 quatre commandes importantes d\u00e8s la premi\u00e8re ann\u00e9e, gr\u00e2ce aux excellents avis clients concernant cet emballage haut de gamme.<\/p>\n<h2>Options de personnalisation<\/h2>\n<ol>\n<li><strong>Variation de la hauteur de la pompe :<\/strong> Proposez diff\u00e9rents types de pompes, comme des pompes sans air, des pompes \u00e0 lotion ou des pompes \u00e0 brume fine, en fonction de la formule du produit.<\/li>\n<li><strong>Traitement de surface :<\/strong> Des finitions d\u00e9coratives telles que la pulv\u00e9risation d\u00e9grad\u00e9e, le mat ou le givrage partiel peuvent \u00eatre ajout\u00e9es pour donner \u00e0 la surface un aspect plus haut de gamme.<\/li>\n<li><strong>Conception du socle de la bouteille\u00a0:<\/strong> Augmentez l&#039;\u00e9paisseur ou modifiez la forme du fond pour accro\u00eetre la stabilit\u00e9 et donner \u00e0 la bouteille une allure plus luxueuse.<\/li>\n<\/ol>","protected":false},"excerpt":{"rendered":"<p>Flacons en verre d\u00e9poli avec pompe et bouchon en bambou. Flacons airless en verre pour le conditionnement de produits de soin. Vente directe d&#039;usine avec possibilit\u00e9 de personnalisation pour les commandes en gros.<\/p>","protected":false},"featured_media":5997,"template":"","meta":{"postBodyCss":"","postBodyMargin":[],"postBodyPadding":[],"postBodyBackground":{"backgroundType":"classic","gradient":""}},"product_brand":[],"product_cat":[15,105,16],"product_tag":[],"class_list":{"0":"post-5993","1":"product","2":"type-product","3":"status-publish","4":"has-post-thumbnail","6":"product_cat-glass-containers","7":"product_cat-glass-lotion-bottles","8":"product_cat-glass-bottles","10":"first","11":"instock","12":"shipping-taxable","13":"product-type-simple"},"jetpack_sharing_enabled":true,"_links":{"self":[{"href":"https:\/\/minghanggroup.com\/fr\/wp-json\/wp\/v2\/product\/5993","targetHints":{"allow":["GET"]}}],"collection":[{"href":"https:\/\/minghanggroup.com\/fr\/wp-json\/wp\/v2\/product"}],"about":[{"href":"https:\/\/minghanggroup.com\/fr\/wp-json\/wp\/v2\/types\/product"}],"wp:featuredmedia":[{"embeddable":true,"href":"https:\/\/minghanggroup.com\/fr\/wp-json\/wp\/v2\/media\/5997"}],"wp:attachment":[{"href":"https:\/\/minghanggroup.com\/fr\/wp-json\/wp\/v2\/media?parent=5993"}],"wp:term":[{"taxonomy":"product_brand","embeddable":true,"href":"https:\/\/minghanggroup.com\/fr\/wp-json\/wp\/v2\/product_brand?post=5993"},{"taxonomy":"product_cat","embeddable":true,"href":"https:\/\/minghanggroup.com\/fr\/wp-json\/wp\/v2\/product_cat?post=5993"},{"taxonomy":"product_tag","embeddable":true,"href":"https:\/\/minghanggroup.com\/fr\/wp-json\/wp\/v2\/product_tag?post=5993"}],"curies":[{"name":"wp","href":"https:\/\/api.w.org\/{rel}","templated":true}]}}