{"id":5988,"date":"2026-03-12T11:09:35","date_gmt":"2026-03-12T03:09:35","guid":{"rendered":"https:\/\/minghanggroup.com\/?post_type=product&#038;p=5988"},"modified":"2026-04-14T10:19:52","modified_gmt":"2026-04-14T02:19:52","slug":"amber-glass-empty-pump-bottles-wholesale","status":"publish","type":"product","link":"https:\/\/minghanggroup.com\/fr\/produit\/amber-glass-empty-pump-bottles-wholesale\/","title":{"rendered":"Flacons pompe vides en verre ambr\u00e9 de 5 ml \u00e0 100 ml, vente en gros"},"content":{"rendered":"<p>Ces flacons-pompes vides sont de couleur ambr\u00e9e et pr\u00e9sentent le design cylindrique classique, lisse et arrondi. Fabriqu\u00e9s en verre brun fonc\u00e9 trait\u00e9 anti-UV, ils prot\u00e8gent efficacement les ingr\u00e9dients des soins pour peaux photosensibles. Ils seront \u00e9quip\u00e9s d&#039;une \u00e9l\u00e9gante pompe noire, facile et pr\u00e9cise \u00e0 utiliser.<\/p>\n<h2>Caract\u00e9ristiques du produit<\/h2>\n<ul>\n<li><strong>Flacon ambr\u00e9 protecteur contre les UV :<\/strong> Le flacon ambr\u00e9 fonc\u00e9 filtre la lumi\u00e8re nocive, ce qui augmente consid\u00e9rablement la dur\u00e9e de conservation des principes actifs sensibles \u00e0 la lumi\u00e8re.<\/li>\n<li><strong>Corps cylindrique arrondi :<\/strong> Sa forme cylindrique arrondie facilite la prise en main et l&#039;exposition, et am\u00e9liore la stabilit\u00e9 structurelle.<\/li>\n<li><strong>Niveaux \u00e0 capacit\u00e9s multiples\u00a0:<\/strong> Des \u00e9chantillons \u00e0 usage unique aux doses de traitement \u00e0 grand volume, selon vos besoins sp\u00e9cifiques.<\/li>\n<\/ul>\n<h2 style=\"text-align: left;\">Caract\u00e9ristiques principales<\/h2>\n<table class=\"aligncenter\" style=\"border-collapse: collapse; width: 444.77pt;\" border=\"0\" width=\"593\" cellspacing=\"0\" cellpadding=\"0\">\n<tbody>\n<tr style=\"height: 13.50pt;\">\n<td style=\"height: 13.50pt; width: 120.00pt;\" width=\"160\" height=\"18\">Attribut<\/td>\n<td style=\"width: 324.75pt;\" width=\"433\">D\u00e9tails<\/td>\n<\/tr>\n<tr style=\"height: 13.50pt;\">\n<td style=\"height: 13.50pt;\" height=\"18\">Capacit\u00e9<\/td>\n<td>5 ml, 10 ml, 15 ml, 20 ml, 30 ml, 50 ml, 100 ml<\/td>\n<\/tr>\n<tr style=\"height: 13.50pt;\">\n<td style=\"height: 13.50pt;\" height=\"18\">Dimensions<\/td>\n<td>Diam\u00e8tre : 22\u201344,5 mm, Hauteur : 50\u2013112 mm<\/td>\n<\/tr>\n<tr style=\"height: 13.50pt;\">\n<td style=\"height: 13.50pt;\" height=\"18\">Mat\u00e9riel<\/td>\n<td>Distributeur \u00e0 pompe en verre ambr\u00e9 anti-UV et plastique noir<\/td>\n<\/tr>\n<tr style=\"height: 13.50pt;\">\n<td style=\"height: 13.50pt;\" height=\"18\">Forme de bouteille<\/td>\n<td>Cylindrique Boston rond<\/td>\n<\/tr>\n<tr style=\"height: 13.50pt;\">\n<td style=\"height: 13.50pt;\" height=\"18\">\u00c9tendue de la personnalisation<\/td>\n<td>Capacit\u00e9, couleur, finition, pompe, collier<\/td>\n<\/tr>\n<tr style=\"height: 13.50pt;\">\n<td style=\"height: 13.50pt;\" height=\"18\">Objectif du produit<\/td>\n<td>Flacons de s\u00e9rum, flacons pompe en verre ambr\u00e9<\/td>\n<\/tr>\n<tr style=\"height: 13.50pt;\">\n<td style=\"height: 13.50pt;\" height=\"18\">Industries id\u00e9ales<\/td>\n<td>Marques de soins de la peau et de cosm\u00e9tiques, marques d&#039;aromath\u00e9rapie<\/td>\n<\/tr>\n<\/tbody>\n<\/table>\n<h2>Succ\u00e8s du s\u00e9rum \u00e0 la vitamine C d&#039;une marque de soins de la peau californienne<\/h2>\n<p>Une marque californienne de soins de la peau a choisi nos flacons-pompes de 30 ml en verre ambr\u00e9, \u00e9quip\u00e9s de t\u00eates de pompe calibr\u00e9es sur mesure. Le verre ambr\u00e9 pr\u00e9vient efficacement l&#039;oxydation du s\u00e9rum et assure une conservation jusqu&#039;\u00e0 12 mois. La contenance de 30 ml permet \u00e9galement un renouvellement du flacon tous les 90 jours. Tellement satisfaite, la marque a pass\u00e9 une nouvelle commande de 3 millions de flacons au deuxi\u00e8me trimestre afin de conditionner toute sa gamme de s\u00e9rums antioxydants destin\u00e9s aux distributeurs du monde entier.<\/p>\n<h2>Bouteilles \u00e0 pompe personnalis\u00e9es Bouteilles \u00e0 pompe vides<\/h2>\n<ul>\n<li>Couleurs et finitions des t\u00eates de pompe\u00a0: T\u00eate de pompe blanche, dor\u00e9e ou argent\u00e9e disponible en finition mate ou brillante.<\/li>\n<li>Gravure laser\u00a0: Les num\u00e9ros de lot, les dates de p\u00e9remption ou les codes QR peuvent \u00eatre grav\u00e9s au laser au fond de la bouteille.<\/li>\n<li>T\u00eates de pompe : Les t\u00eates de pompe sont de type standard ou sans air pour s&#039;adapter aux produits de viscosit\u00e9 diff\u00e9rente.<\/li>\n<\/ul>","protected":false},"excerpt":{"rendered":"<p>Flacons \u00e0 pompe vides et r\u00e9sistants, avec pompe distributrice noire et verre ambr\u00e9 \u00e9pais. Flacons \u00e0 pompe pratiques en verre ambr\u00e9 pour le conditionnement de produits cosm\u00e9tiques. En stock.<\/p>","protected":false},"featured_media":5989,"template":"","meta":{"postBodyCss":"","postBodyMargin":[],"postBodyPadding":[],"postBodyBackground":{"backgroundType":"classic","gradient":""}},"product_brand":[],"product_cat":[105,15,16],"product_tag":[112],"class_list":{"0":"post-5988","1":"product","2":"type-product","3":"status-publish","4":"has-post-thumbnail","6":"product_cat-glass-lotion-bottles","7":"product_cat-glass-containers","8":"product_cat-glass-bottles","9":"product_tag-soap-dispensers","11":"first","12":"instock","13":"shipping-taxable","14":"product-type-simple"},"jetpack_sharing_enabled":true,"_links":{"self":[{"href":"https:\/\/minghanggroup.com\/fr\/wp-json\/wp\/v2\/product\/5988","targetHints":{"allow":["GET"]}}],"collection":[{"href":"https:\/\/minghanggroup.com\/fr\/wp-json\/wp\/v2\/product"}],"about":[{"href":"https:\/\/minghanggroup.com\/fr\/wp-json\/wp\/v2\/types\/product"}],"wp:featuredmedia":[{"embeddable":true,"href":"https:\/\/minghanggroup.com\/fr\/wp-json\/wp\/v2\/media\/5989"}],"wp:attachment":[{"href":"https:\/\/minghanggroup.com\/fr\/wp-json\/wp\/v2\/media?parent=5988"}],"wp:term":[{"taxonomy":"product_brand","embeddable":true,"href":"https:\/\/minghanggroup.com\/fr\/wp-json\/wp\/v2\/product_brand?post=5988"},{"taxonomy":"product_cat","embeddable":true,"href":"https:\/\/minghanggroup.com\/fr\/wp-json\/wp\/v2\/product_cat?post=5988"},{"taxonomy":"product_tag","embeddable":true,"href":"https:\/\/minghanggroup.com\/fr\/wp-json\/wp\/v2\/product_tag?post=5988"}],"curies":[{"name":"wp","href":"https:\/\/api.w.org\/{rel}","templated":true}]}}