{"id":5946,"date":"2026-03-09T11:15:22","date_gmt":"2026-03-09T03:15:22","guid":{"rendered":"https:\/\/minghanggroup.com\/?post_type=product&#038;p=5946"},"modified":"2026-03-09T16:30:57","modified_gmt":"2026-03-09T08:30:57","slug":"frosted-oil-roller-ball-bottles-with-wood-style-caps-bulk","status":"publish","type":"product","link":"https:\/\/minghanggroup.com\/fr\/produit\/frosted-oil-roller-ball-bottles-with-wood-style-caps-bulk\/","title":{"rendered":"Flacons roll-on en verre d\u00e9poli de 5 ml et 10 ml avec bouchons imitation bois (vente en gros)"},"content":{"rendered":"<p>Les flacons roll-on d\u00e9polis, de forme cylindrique \u00e9lanc\u00e9e, laissent d\u00e9licatement transpara\u00eetre la couleur du liquide. L&#039;application est uniforme gr\u00e2ce \u00e0 un m\u00e9canisme roll-on int\u00e9gr\u00e9 au goulot et \u00e0 un bouchon \u00e0 vis. Ce bouchon, de couleur claire imitant le grain du bois, permet une application pr\u00e9cise. Ces flacons roll-on vides sont pratiques et faciles \u00e0 transporter pour l&#039;application d&#039;huiles essentielles, d&#039;huiles d&#039;aromath\u00e9rapie, de parfums ou d&#039;autres produits parfum\u00e9s liquides.<\/p>\n<h2>Caract\u00e9ristiques du produit<\/h2>\n<ul>\n<li><strong>Finition verre d\u00e9poli :<\/strong> La surface mate offre un toucher doux et un aspect minimaliste et \u00e9pur\u00e9.<\/li>\n<li><strong>Bouchon style bois naturel :<\/strong> Le bouchon \u00e0 l&#039;aspect grain de bois renforce le style naturel et \u00e9cologique.<\/li>\n<li><strong>Col filet\u00e9 \u00e9tanche :<\/strong> Les fuites peuvent \u00eatre \u00e9vit\u00e9es gr\u00e2ce \u00e0 l&#039;utilisation d&#039;une fermeture \u00e0 vis, afin de garantir l&#039;\u00e9tanch\u00e9it\u00e9 du produit pendant le stockage et le transport.<\/li>\n<\/ul>\n<h2>Caract\u00e9ristiques principales<\/h2>\n<table style=\"border-collapse: collapse; width: 80%; margin-left: auto; margin-right: auto;\" border=\"0\" width=\"288\" cellspacing=\"0\" cellpadding=\"0\">\n<tbody>\n<tr style=\"height: 13.50pt;\">\n<td style=\"height: 13.5pt; width: 54pt; text-align: center;\" width=\"72\" height=\"18\">Capacit\u00e9 (ml)<\/td>\n<td style=\"width: 54pt; text-align: center;\" width=\"72\">Diam\u00e8tre du col<\/td>\n<td style=\"width: 54pt; text-align: center;\" width=\"72\">Finition<\/td>\n<td style=\"width: 54pt; text-align: center;\" width=\"72\">Type de casquette<\/td>\n<\/tr>\n<tr style=\"height: 13.50pt;\">\n<td style=\"height: 13.5pt; text-align: center;\" align=\"right\" height=\"18\">5<\/td>\n<td class=\"et2\" style=\"text-align: center;\" rowspan=\"2\">2,0 cm<\/td>\n<td class=\"et2\" style=\"text-align: center;\" rowspan=\"2\">Givr\u00e9<\/td>\n<td class=\"et2\" style=\"text-align: center;\" rowspan=\"2\">En bois<\/td>\n<\/tr>\n<tr style=\"height: 13.50pt;\">\n<td style=\"height: 13.5pt; text-align: center;\" align=\"right\" height=\"18\">10<\/td>\n<\/tr>\n<\/tbody>\n<\/table>\n<h2>Cas de r\u00e9ussite<\/h2>\n<p>Une marque canadienne d&#039;aromath\u00e9rapie naturelle lan\u00e7ait une nouvelle gamme d&#039;huiles essentielles en format voyage et a opt\u00e9 pour notre flacon roll-on de 10 ml en verre d\u00e9poli avec bouchon imitation bois. Elle a choisi une bille en acier inoxydable pour une application plus fluide et une meilleure compatibilit\u00e9 avec les m\u00e9langes d&#039;huiles essentielles plus concentr\u00e9s. Nous lui avons \u00e9galement propos\u00e9 un service de s\u00e9rigraphie de son logo \u00e0 l&#039;encre vert fonc\u00e9. Quatre mois apr\u00e8s le lancement du nouvel emballage, la marque a enregistr\u00e9 une hausse de 31 % de ses ventes en ligne. Gr\u00e2ce aux excellents retours du client concernant le design et la facilit\u00e9 d&#039;utilisation de l&#039;emballage, elle a pass\u00e9 quatre commandes importantes en un an, et ses achats globaux ont progress\u00e9 de pr\u00e8s de 55 %.<\/p>\n<h2>Options de personnalisation<\/h2>\n<ol>\n<li><strong>Impression sur surface d\u00e9polie :<\/strong> Impression du logo\u00a0: la s\u00e9rigraphie, l\u2019impression UV ou le marquage \u00e0 chaud peuvent \u00eatre appliqu\u00e9s au dos du verre mat pour \u00eatre facilement visibles comme marque.<\/li>\n<li><strong>Am\u00e9lioration de l&#039;\u00e9paisseur de la paroi de la bouteille\u00a0:<\/strong> Augmenter l&#039;\u00e9paisseur du verre alourdit la bouteille et lui conf\u00e8re une plus grande durabilit\u00e9 et un poids de meilleure qualit\u00e9.<\/li>\n<li><strong>Finition mate en spray :<\/strong> Remplacez l&#039;aspect givr\u00e9 transparent par des finitions mates comme le beige, le vert sauge ou le noir mat.<\/li>\n<\/ol>","protected":false},"excerpt":{"rendered":"<p>Flacons roll-on minimalistes en verre d\u00e9poli avec bouchons imitation bois. Flacons roll-on vides haut de gamme pour huiles essentielles. Vente directe d&#039;usine avec options de personnalisation en grande quantit\u00e9.<\/p>","protected":false},"featured_media":5957,"template":"","meta":{"postBodyCss":"","postBodyMargin":[],"postBodyPadding":[],"postBodyBackground":{"backgroundType":"classic","gradient":""}},"product_brand":[],"product_cat":[15,104,16],"product_tag":[],"class_list":{"0":"post-5946","1":"product","2":"type-product","3":"status-publish","4":"has-post-thumbnail","6":"product_cat-glass-containers","7":"product_cat-roller-ball-bottles","8":"product_cat-glass-bottles","10":"first","11":"instock","12":"shipping-taxable","13":"product-type-simple"},"jetpack_sharing_enabled":true,"_links":{"self":[{"href":"https:\/\/minghanggroup.com\/fr\/wp-json\/wp\/v2\/product\/5946","targetHints":{"allow":["GET"]}}],"collection":[{"href":"https:\/\/minghanggroup.com\/fr\/wp-json\/wp\/v2\/product"}],"about":[{"href":"https:\/\/minghanggroup.com\/fr\/wp-json\/wp\/v2\/types\/product"}],"wp:featuredmedia":[{"embeddable":true,"href":"https:\/\/minghanggroup.com\/fr\/wp-json\/wp\/v2\/media\/5957"}],"wp:attachment":[{"href":"https:\/\/minghanggroup.com\/fr\/wp-json\/wp\/v2\/media?parent=5946"}],"wp:term":[{"taxonomy":"product_brand","embeddable":true,"href":"https:\/\/minghanggroup.com\/fr\/wp-json\/wp\/v2\/product_brand?post=5946"},{"taxonomy":"product_cat","embeddable":true,"href":"https:\/\/minghanggroup.com\/fr\/wp-json\/wp\/v2\/product_cat?post=5946"},{"taxonomy":"product_tag","embeddable":true,"href":"https:\/\/minghanggroup.com\/fr\/wp-json\/wp\/v2\/product_tag?post=5946"}],"curies":[{"name":"wp","href":"https:\/\/api.w.org\/{rel}","templated":true}]}}