{"id":5945,"date":"2026-03-09T09:25:53","date_gmt":"2026-03-09T01:25:53","guid":{"rendered":"https:\/\/minghanggroup.com\/?post_type=product&#038;p=5945"},"modified":"2026-03-09T11:06:12","modified_gmt":"2026-03-09T03:06:12","slug":"gold-plated-essential-oils-roller-bottles-bulk","status":"publish","type":"product","link":"https:\/\/minghanggroup.com\/fr\/produit\/gold-plated-essential-oils-roller-bottles-bulk\/","title":{"rendered":"Flacons roll-on plaqu\u00e9s or de 10 ml pour huiles essentielles (vente en gros)"},"content":{"rendered":"<p>Ces flacons roll-on pour huiles essentielles arborent un design somptueux\u00a0: le verre transparent se marie \u00e0 merveille avec le luxueux plaquage or et des d\u00e9corations subtiles. Ils se d\u00e9clinent en formes d\u2019\u00e9toile, carr\u00e9e et sph\u00e9rique, avec des bouchons cylindriques ou en forme de d\u00f4me.<\/p>\n<h2>Caract\u00e9ristiques du produit<\/h2>\n<ul>\n<li><strong>Placage or luxueux\u00a0:<\/strong> Le cadre et le capuchon en m\u00e9tal plaqu\u00e9 or sont tr\u00e8s brillants, ce qui correspond parfaitement au positionnement haut de gamme des produits parfum\u00e9s.<\/li>\n<li><strong>Diff\u00e9rents mod\u00e8les de bouteilles\u00a0:<\/strong> Les bouteilles sont propos\u00e9es sous diff\u00e9rentes formes, sph\u00e9riques, cubiques ou en forme d&#039;\u00e9toile, et chacune est unique et attrayante.<\/li>\n<li><strong>Verre haute clart\u00e9\u00a0:<\/strong> Les flacons sont fabriqu\u00e9s en verre de haute clart\u00e9 et permettent de voir clairement la couleur du liquide parfum\u00e9, tout en mettant en valeur les superbes d\u00e9corations dor\u00e9es.<\/li>\n<\/ul>\n<h2 style=\"text-align: left;\">Caract\u00e9ristiques principales<\/h2>\n<table class=\"aligncenter\" style=\"border-collapse: collapse; width: 447.77pt;\" border=\"0\" width=\"597\" cellspacing=\"0\" cellpadding=\"0\">\n<tbody>\n<tr style=\"height: 13.50pt;\">\n<td style=\"height: 13.50pt; width: 115.50pt;\" width=\"154\" height=\"18\">Sp\u00e9cification<\/td>\n<td style=\"width: 332.25pt;\" width=\"443\">D\u00e9tails<\/td>\n<\/tr>\n<tr style=\"height: 13.50pt;\">\n<td style=\"height: 13.50pt;\" height=\"18\">Capacit\u00e9<\/td>\n<td>10 ml (Toutes formes)<\/td>\n<\/tr>\n<tr style=\"height: 13.50pt;\">\n<td style=\"height: 13.50pt;\" height=\"18\">Dimensions<\/td>\n<td>4,1\u00d76,7cm (\u00e9toile), 3\u00d76cm (carr\u00e9), 3,9\u00d76,5cm (sph\u00e8re)<\/td>\n<\/tr>\n<tr style=\"height: 13.50pt;\">\n<td style=\"height: 13.50pt;\" height=\"18\">Mat\u00e9riel<\/td>\n<td>Verre transparent, cadre et capuchon en m\u00e9tal plaqu\u00e9 or<\/td>\n<\/tr>\n<tr style=\"height: 13.50pt;\">\n<td style=\"height: 13.50pt;\" height=\"18\">Forme de bouteille<\/td>\n<td>\u00c9toile, cube, sph\u00e8re avec ensemble \u00e0 bille int\u00e9gr\u00e9<\/td>\n<\/tr>\n<tr style=\"height: 13.50pt;\">\n<td style=\"height: 13.50pt;\" height=\"18\">\u00c9tendue de la personnalisation<\/td>\n<td>Taille, couleur, finition, couvercles, forme<\/td>\n<\/tr>\n<tr style=\"height: 13.50pt;\">\n<td style=\"height: 13.50pt;\" height=\"18\">Savoir-faire<\/td>\n<td>Moulage de verre de pr\u00e9cision, fabrication et placage de m\u00e9taux<\/td>\n<\/tr>\n<tr style=\"height: 13.50pt;\">\n<td style=\"height: 13.50pt;\" height=\"18\">Objectif du produit<\/td>\n<td>Flacons d&#039;huiles de parfum de luxe, flacons roll-on d&#039;huiles essentielles<\/td>\n<\/tr>\n<tr style=\"height: 13.50pt;\">\n<td style=\"height: 13.50pt;\" height=\"18\">Secteurs d&#039;activit\u00e9 appropri\u00e9s<\/td>\n<td>Parfumeurs de niche, fabricants de cadeaux de luxe<\/td>\n<\/tr>\n<\/tbody>\n<\/table>\n<h2>Succ\u00e8s garanti\u00a0: \u00c9dition Collector d\u2019une marque de parfums de luxe europ\u00e9enne<\/h2>\n<p>Une prestigieuse maison de parfumerie europ\u00e9enne a s\u00e9lectionn\u00e9 nos flacons roll-on, aux formes vari\u00e9es \u00e9voquant une \u00e9toile, un cube ou une sph\u00e8re, plaqu\u00e9s or rose et ajour\u00e9s. En seulement 72 heures, ces flacons g\u00e9om\u00e9triques ont \u00e9t\u00e9 vendus en un temps record, et 80 % des acheteurs ont opt\u00e9 pour un coffret collector. Face \u00e0 un tel succ\u00e8s, la marque a pass\u00e9 une nouvelle commande de 300\u00a0000 flacons et pr\u00e9voit de commercialiser une \u00e9dition collector chaque ann\u00e9e pendant les cinq prochaines ann\u00e9es.<\/p>\n<h2>D\u00e9cision de conception des flacons \u00e0 bille de parfum<\/h2>\n<ul>\n<li>Finitions suppl\u00e9mentaires Finitions m\u00e9talliques\u00a0: Le m\u00e9tal peut \u00eatre trait\u00e9 avec un plaquage or rose, argent antique, chrome noir ou cuivre.<\/li>\n<li>Personnalisation et gravure : Faites graver votre propre motif de marque ou les initiales\/le logo de votre marque sur le m\u00e9tal.<\/li>\n<li>Mat\u00e9riau du rouleau : Les rouleaux en argent massif ou plaqu\u00e9s or sont ceux qui offrent l&#039;exp\u00e9rience la plus luxueuse.<\/li>\n<li>Modifications de formes\u00a0: Augmenter le nombre de formes g\u00e9om\u00e9triques afin de diff\u00e9rencier la gamme de produits.<\/li>\n<\/ul>","protected":false},"excerpt":{"rendered":"<p>Flacons roll-on haut de gamme pour parfums, aux formes d&#039;\u00e9toile, de carr\u00e9 et de sph\u00e8re. Flacons roll-on uniques pour huiles essentielles, orn\u00e9s de d\u00e9tails m\u00e9talliques. \u00c9chantillons gratuits disponibles.<\/p>","protected":false},"featured_media":5950,"template":"","meta":{"postBodyCss":"","postBodyMargin":[],"postBodyPadding":[],"postBodyBackground":{"backgroundType":"classic","gradient":""}},"product_brand":[],"product_cat":[15,104,16],"product_tag":[],"class_list":{"0":"post-5945","1":"product","2":"type-product","3":"status-publish","4":"has-post-thumbnail","6":"product_cat-glass-containers","7":"product_cat-roller-ball-bottles","8":"product_cat-glass-bottles","10":"first","11":"instock","12":"shipping-taxable","13":"product-type-simple"},"jetpack_sharing_enabled":true,"_links":{"self":[{"href":"https:\/\/minghanggroup.com\/fr\/wp-json\/wp\/v2\/product\/5945","targetHints":{"allow":["GET"]}}],"collection":[{"href":"https:\/\/minghanggroup.com\/fr\/wp-json\/wp\/v2\/product"}],"about":[{"href":"https:\/\/minghanggroup.com\/fr\/wp-json\/wp\/v2\/types\/product"}],"wp:featuredmedia":[{"embeddable":true,"href":"https:\/\/minghanggroup.com\/fr\/wp-json\/wp\/v2\/media\/5950"}],"wp:attachment":[{"href":"https:\/\/minghanggroup.com\/fr\/wp-json\/wp\/v2\/media?parent=5945"}],"wp:term":[{"taxonomy":"product_brand","embeddable":true,"href":"https:\/\/minghanggroup.com\/fr\/wp-json\/wp\/v2\/product_brand?post=5945"},{"taxonomy":"product_cat","embeddable":true,"href":"https:\/\/minghanggroup.com\/fr\/wp-json\/wp\/v2\/product_cat?post=5945"},{"taxonomy":"product_tag","embeddable":true,"href":"https:\/\/minghanggroup.com\/fr\/wp-json\/wp\/v2\/product_tag?post=5945"}],"curies":[{"name":"wp","href":"https:\/\/api.w.org\/{rel}","templated":true}]}}