{"id":5940,"date":"2026-03-06T13:46:54","date_gmt":"2026-03-06T05:46:54","guid":{"rendered":"https:\/\/minghanggroup.com\/?post_type=product&#038;p=5940"},"modified":"2026-03-06T13:46:56","modified_gmt":"2026-03-06T05:46:56","slug":"colorful-glass-roller-essential-oil-bottles-with-caps-bulk","status":"publish","type":"product","link":"https:\/\/minghanggroup.com\/fr\/produit\/colorful-glass-roller-essential-oil-bottles-with-caps-bulk\/","title":{"rendered":"Flacons roll-on en verre color\u00e9 de 3 \u00e0 12 ml pour huiles essentielles, avec bouchons (vente en gros)"},"content":{"rendered":"<p>Cette gamme de flacons roll-on se d\u00e9cline en diff\u00e9rentes couleurs, dont ambre clair, gris fum\u00e9, rose et bleu turquoise, pour un rendu visuel dynamique et attrayant. Chaque flacon est dot\u00e9 d&#039;un applicateur \u00e0 bille permettant une application douce et pr\u00e9cise des huiles essentielles sur la peau. Propos\u00e9e en petits formats de 3 \u00e0 12 ml, cette gamme est id\u00e9ale pour les m\u00e9langes d&#039;huiles essentielles, les parfums, les solutions d&#039;aromath\u00e9rapie, les s\u00e9rums et les fragrances personnelles.<\/p>\n<h2>Caract\u00e9ristiques du produit<\/h2>\n<ul>\n<li><strong>Forme octogonale du fond :<\/strong> La bouteille est de forme octogonale avec un fond \u00e9paissi qui la rend stable et l&#039;emp\u00eache de se renverser.<\/li>\n<li><strong>Bouteilles en verre transparent multicolores :<\/strong> Les bouteilles sont propos\u00e9es dans de nombreuses couleurs diff\u00e9rentes de verre transparent, comme l&#039;ambre, le gris fum\u00e9, le rose et le bleu, et elles permettent de visualiser le produit qu&#039;elles contiennent, cr\u00e9ant ainsi diverses gammes de produits.<\/li>\n<li><strong>Structure \u00e0 bille amovible :<\/strong> Cette structure \u00e0 bille est g\u00e9n\u00e9ralement amovible, ce qui facilite le remplissage avec des huiles essentielles ou des huiles parfum\u00e9es, ainsi que le nettoyage et la r\u00e9utilisation.<\/li>\n<\/ul>\n<h2>Caract\u00e9ristiques principales<\/h2>\n<table style=\"border-collapse: collapse; width: 80%; margin-left: AUTO; margin-right: auto;\" border=\"0\" width=\"288\" cellspacing=\"0\" cellpadding=\"0\">\n<tbody>\n<tr style=\"height: 13.50pt;\">\n<td style=\"height: 13.5pt; width: 54pt; text-align: center;\" width=\"72\" height=\"18\">Capacit\u00e9 (ml)<\/td>\n<td style=\"width: 54pt; text-align: center;\" width=\"72\">Dimensions (cm)<\/td>\n<td style=\"width: 54pt; text-align: center;\" width=\"72\">Options de couleur<\/td>\n<td style=\"width: 54pt; text-align: center;\" width=\"72\">Mat\u00e9riau pour rouleaux<\/td>\n<\/tr>\n<tr style=\"height: 13.50pt;\">\n<td style=\"height: 13.5pt; text-align: center;\" align=\"right\" height=\"18\">3<\/td>\n<td style=\"text-align: center;\">1,8 \u00d7 5,4<\/td>\n<td class=\"et2\" style=\"text-align: center;\" rowspan=\"4\">Rose, noir, jaune, orange, bleu, vert<\/td>\n<td class=\"et2\" style=\"text-align: center;\" rowspan=\"4\">Verre\/Inox<\/td>\n<\/tr>\n<tr style=\"height: 13.50pt;\">\n<td style=\"height: 13.5pt; text-align: center;\" align=\"right\" height=\"18\">6<\/td>\n<td style=\"text-align: center;\">2,2 \u00d7 6,0<\/td>\n<\/tr>\n<tr style=\"height: 13.50pt;\">\n<td style=\"height: 13.5pt; text-align: center;\" align=\"right\" height=\"18\">10<\/td>\n<td style=\"text-align: center;\">2,5 \u00d7 6,6<\/td>\n<\/tr>\n<tr style=\"height: 13.50pt;\">\n<td style=\"height: 13.5pt; text-align: center;\" align=\"right\" height=\"18\">12<\/td>\n<td style=\"text-align: center;\">1,8 \u00d7 5,4<\/td>\n<\/tr>\n<\/tbody>\n<\/table>\n<h2>Cas de r\u00e9ussite<\/h2>\n<p>Notre flacon roll-on octogonal en verre de 10 ml a \u00e9t\u00e9 choisi comme emballage de base par une marque sp\u00e9cialis\u00e9e dans les huiles essentielles d&#039;aromath\u00e9rapie. Il est propos\u00e9 dans des tons rose p\u00e2le et aigue-marine, et un petit ornement, semblable \u00e0 une pierre pr\u00e9cieuse, est fix\u00e9 sur le bouchon plaqu\u00e9 or. De plus, nous avons remplac\u00e9 la bille par de l&#039;acier inoxydable pour une utilisation plus agr\u00e9able et une meilleure durabilit\u00e9.<\/p>\n<p>Apr\u00e8s le lancement du packaging personnalis\u00e9, la dur\u00e9e de conservation dans les boutiques partenaires a connu une am\u00e9lioration exceptionnelle de pr\u00e8s de 30 %. La collection, en \u00e9dition limit\u00e9e, a \u00e9t\u00e9 \u00e9puis\u00e9e en deux mois.<\/p>\n<h2>Options de personnalisation<\/h2>\n<ol>\n<li><strong>Style du bouchon et finition\u00a0:<\/strong> Changez le capuchon en optant pour diff\u00e9rents styles et finitions, tels que : or, argent, noir mat, or rose, ou une couleur ou une finition \u00e9lectroplaqu\u00e9e, afin de donner au capuchon un aspect haut de gamme.<\/li>\n<li><strong>Mat\u00e9riau de la bille du rouleau :<\/strong> Les billes de roulement peuvent \u00eatre fabriqu\u00e9es en acier inoxydable, en verre ou en pierre pr\u00e9cieuse (par exemple en jade ou en quartz rose) pour s&#039;adapter \u00e0 diff\u00e9rentes positions du produit.<\/li>\n<li><strong>Impression de logo : <\/strong>Cela permet de prendre en charge l&#039;utilisation de la s\u00e9rigraphie, du marquage \u00e0 chaud ou de l&#039;impression UV afin que les logos de marques, les motifs ou les noms de produits puissent \u00eatre imprim\u00e9s sur la surface des bouteilles.<\/li>\n<\/ol>","protected":false},"excerpt":{"rendered":"<p>Flacons roll-on pour huiles essentielles en verre r\u00e9sistant, et flacons roll-on color\u00e9s en verre de forme octogonale. Options de personnalisation en gros disponibles. \u00c9chantillons gratuits.<\/p>","protected":false},"featured_media":5944,"template":"","meta":{"postBodyCss":"","postBodyMargin":[],"postBodyPadding":[],"postBodyBackground":{"backgroundType":"classic","gradient":""}},"product_brand":[],"product_cat":[15,104,16],"product_tag":[],"class_list":{"0":"post-5940","1":"product","2":"type-product","3":"status-publish","4":"has-post-thumbnail","6":"product_cat-glass-containers","7":"product_cat-roller-ball-bottles","8":"product_cat-glass-bottles","10":"first","11":"instock","12":"shipping-taxable","13":"product-type-simple"},"jetpack_sharing_enabled":true,"_links":{"self":[{"href":"https:\/\/minghanggroup.com\/fr\/wp-json\/wp\/v2\/product\/5940","targetHints":{"allow":["GET"]}}],"collection":[{"href":"https:\/\/minghanggroup.com\/fr\/wp-json\/wp\/v2\/product"}],"about":[{"href":"https:\/\/minghanggroup.com\/fr\/wp-json\/wp\/v2\/types\/product"}],"wp:featuredmedia":[{"embeddable":true,"href":"https:\/\/minghanggroup.com\/fr\/wp-json\/wp\/v2\/media\/5944"}],"wp:attachment":[{"href":"https:\/\/minghanggroup.com\/fr\/wp-json\/wp\/v2\/media?parent=5940"}],"wp:term":[{"taxonomy":"product_brand","embeddable":true,"href":"https:\/\/minghanggroup.com\/fr\/wp-json\/wp\/v2\/product_brand?post=5940"},{"taxonomy":"product_cat","embeddable":true,"href":"https:\/\/minghanggroup.com\/fr\/wp-json\/wp\/v2\/product_cat?post=5940"},{"taxonomy":"product_tag","embeddable":true,"href":"https:\/\/minghanggroup.com\/fr\/wp-json\/wp\/v2\/product_tag?post=5940"}],"curies":[{"name":"wp","href":"https:\/\/api.w.org\/{rel}","templated":true}]}}