{"id":5930,"date":"2026-03-06T11:30:43","date_gmt":"2026-03-06T03:30:43","guid":{"rendered":"https:\/\/minghanggroup.com\/?post_type=product&#038;p=5930"},"modified":"2026-03-05T13:37:17","modified_gmt":"2026-03-05T05:37:17","slug":"gourd-design-amber-glass-roller-bottles-bulk","status":"publish","type":"product","link":"https:\/\/minghanggroup.com\/fr\/produit\/gourd-design-amber-glass-roller-bottles-bulk\/","title":{"rendered":"Flacons roll-on en verre ambr\u00e9, forme de gourde, de 10 \u00e0 100 ml (vente en gros)"},"content":{"rendered":"<p>Ces flacons roll-on en verre ambr\u00e9 sont d&#039;un mod\u00e8le sp\u00e9cial, avec une forme de gourde \u00e0 double bille. Disponibles en cinq tailles diff\u00e9rentes, ils sont dot\u00e9s d&#039;une bille m\u00e9tallique lisse, pratique et utilisable partout et \u00e0 tout moment.<\/p>\n<h2>Caract\u00e9ristiques du produit<\/h2>\n<ul>\n<li><strong>Motif en forme de gourde :<\/strong> Sa forme de calebasse pr\u00e9sente un design rond \u00e0 deux couches aux lignes douces et arrondies, alliant un design traditionnel \u00e0 une prise en main confortable.<\/li>\n<li><strong>Verre opaque (couleur ambre) :<\/strong> Ce type de verre est compos\u00e9 de verre ambr\u00e9 et brun fonc\u00e9 et est principalement utilis\u00e9 dans le processus de blocage des rayons UV dans les liquides contenant des composants actifs qui s&#039;oxydent facilement, comme les huiles essentielles.<\/li>\n<li><strong>Application pratique du rollerball\u00a0:<\/strong> La bille en m\u00e9tal mixte permet une application topique propre, cibl\u00e9e et contr\u00f4l\u00e9e.<\/li>\n<\/ul>\n<h2 style=\"text-align: left;\">Caract\u00e9ristiques principales<\/h2>\n<table class=\"aligncenter\" style=\"border-collapse: collapse; width: 450.77pt;\" border=\"0\" width=\"601\" cellspacing=\"0\" cellpadding=\"0\">\n<tbody>\n<tr style=\"height: 13.50pt;\">\n<td style=\"height: 13.50pt; width: 115.50pt;\" width=\"154\" height=\"18\">Sp\u00e9cification<\/td>\n<td style=\"width: 335.25pt;\" width=\"447\">D\u00e9tails<\/td>\n<\/tr>\n<tr style=\"height: 13.50pt;\">\n<td style=\"height: 13.50pt;\" height=\"18\">Capacit\u00e9<\/td>\n<td>10 ml, 20 ml, 30 ml, 50 ml, 100 ml<\/td>\n<\/tr>\n<tr style=\"height: 13.50pt;\">\n<td style=\"height: 13.50pt;\" height=\"18\">Dimensions<\/td>\n<td>3,2 \u00d7 5,5 cm \u00e0 6 \u00d7 11,4 cm (Diam\u00e8tre \u00d7 Hauteur)<\/td>\n<\/tr>\n<tr style=\"height: 13.50pt;\">\n<td style=\"height: 13.50pt;\" height=\"18\">Mat\u00e9riel<\/td>\n<td>Verre ambr\u00e9 d\u00e9grad\u00e9<\/td>\n<\/tr>\n<tr style=\"height: 13.50pt;\">\n<td style=\"height: 13.50pt;\" height=\"18\">Forme de bouteille<\/td>\n<td>Forme traditionnelle de calebasse \u00e0 double sph\u00e8re<\/td>\n<\/tr>\n<tr style=\"height: 13.50pt;\">\n<td style=\"height: 13.50pt;\" height=\"18\">\u00c9tendue de la personnalisation<\/td>\n<td>Forme, couleur, mat\u00e9riau de la bille, taille<\/td>\n<\/tr>\n<tr style=\"height: 13.50pt;\">\n<td style=\"height: 13.50pt;\" height=\"18\">Savoir-faire<\/td>\n<td>Soufflage de verre complexe pour une forme de calebasse et des couleurs d\u00e9grad\u00e9es<\/td>\n<\/tr>\n<tr style=\"height: 13.50pt;\">\n<td style=\"height: 13.50pt;\" height=\"18\">Objectif du produit<\/td>\n<td>Flacons d&#039;huiles essentielles, flacons \u00e0 bille<\/td>\n<\/tr>\n<tr style=\"height: 13.50pt;\">\n<td style=\"height: 13.50pt;\" height=\"18\">Secteurs d&#039;activit\u00e9 appropri\u00e9s<\/td>\n<td>Marques de bien-\u00eatre, entreprises d&#039;aromath\u00e9rapie<\/td>\n<\/tr>\n<\/tbody>\n<\/table>\n<h2>Succ\u00e8s de la gamme de produits topiques de California Health Brand<\/h2>\n<p>Notre flacon roll-on en verre ambr\u00e9 de 30 ml, accompagn\u00e9 de sa notice s\u00e9rigraphi\u00e9e, a \u00e9t\u00e9 choisi par une marque californienne de produits de sant\u00e9 \u00e0 base de plantes pour apaiser la peau. Ce flacon en verre, prot\u00e9g\u00e9 contre les UV, a permis d&#039;allonger de 40 % la dur\u00e9e de conservation des ingr\u00e9dients v\u00e9g\u00e9taux photosensibles. Sa forme de gourde, devenue un embl\u00e8me, a g\u00e9n\u00e9r\u00e9 une croissance de 50 % des ventes directes en ligne. Fort de ce succ\u00e8s, la marque a command\u00e9 par la suite 2 millions de flacons suppl\u00e9mentaires destin\u00e9s aux principales pharmacies du pays.<\/p>\n<h2>Propositions de personnalisation des flacons \u00e0 roulettes<\/h2>\n<ul>\n<li>Mat\u00e9riau des billes de stylo \u00e0 bille : Les billes de stylo \u00e0 bille sont disponibles en acier inoxydable, en titane et en verre afin de r\u00e9pondre aux diff\u00e9rents besoins des utilisateurs.<\/li>\n<li>Couleur du capuchon et de l&#039;anneau\u00a0: Les anneaux en plastique et les capuchons d\u00e9coratifs peuvent \u00eatre personnalis\u00e9s dans n&#039;importe quelle couleur.<\/li>\n<li>S\u00e9rigraphie\u00a0: Possibilit\u00e9 d\u2019imprimer de beaux symboles, des symboles culturels ou des instructions d\u00e9taill\u00e9es sur l\u2019utilisation de la bouteille en verre.<\/li>\n<\/ul>","protected":false},"excerpt":{"rendered":"<p>Flacon roll-on \u00e9l\u00e9gant en verre ambr\u00e9, de forme originale en gourde. R\u00e9sistant aux UV, id\u00e9al pour les huiles essentielles. Prix direct usine pour les achats en gros.<\/p>","protected":false},"featured_media":5936,"template":"","meta":{"postBodyCss":"","postBodyMargin":[],"postBodyPadding":[],"postBodyBackground":{"backgroundType":"classic","gradient":""}},"product_brand":[],"product_cat":[15,104,16],"product_tag":[],"class_list":{"0":"post-5930","1":"product","2":"type-product","3":"status-publish","4":"has-post-thumbnail","6":"product_cat-glass-containers","7":"product_cat-roller-ball-bottles","8":"product_cat-glass-bottles","10":"first","11":"instock","12":"shipping-taxable","13":"product-type-simple"},"jetpack_sharing_enabled":true,"_links":{"self":[{"href":"https:\/\/minghanggroup.com\/fr\/wp-json\/wp\/v2\/product\/5930","targetHints":{"allow":["GET"]}}],"collection":[{"href":"https:\/\/minghanggroup.com\/fr\/wp-json\/wp\/v2\/product"}],"about":[{"href":"https:\/\/minghanggroup.com\/fr\/wp-json\/wp\/v2\/types\/product"}],"wp:featuredmedia":[{"embeddable":true,"href":"https:\/\/minghanggroup.com\/fr\/wp-json\/wp\/v2\/media\/5936"}],"wp:attachment":[{"href":"https:\/\/minghanggroup.com\/fr\/wp-json\/wp\/v2\/media?parent=5930"}],"wp:term":[{"taxonomy":"product_brand","embeddable":true,"href":"https:\/\/minghanggroup.com\/fr\/wp-json\/wp\/v2\/product_brand?post=5930"},{"taxonomy":"product_cat","embeddable":true,"href":"https:\/\/minghanggroup.com\/fr\/wp-json\/wp\/v2\/product_cat?post=5930"},{"taxonomy":"product_tag","embeddable":true,"href":"https:\/\/minghanggroup.com\/fr\/wp-json\/wp\/v2\/product_tag?post=5930"}],"curies":[{"name":"wp","href":"https:\/\/api.w.org\/{rel}","templated":true}]}}