{"id":5918,"date":"2026-03-04T14:00:19","date_gmt":"2026-03-04T06:00:19","guid":{"rendered":"https:\/\/minghanggroup.com\/?post_type=product&#038;p=5918"},"modified":"2026-03-04T14:34:30","modified_gmt":"2026-03-04T06:34:30","slug":"colored-10ml-essential-oil-roller-bottles-bulk","status":"publish","type":"product","link":"https:\/\/minghanggroup.com\/fr\/produit\/colored-10ml-essential-oil-roller-bottles-bulk\/","title":{"rendered":"Flacons roll-on d&#039;huiles essentielles color\u00e9es de 10 ml en gros"},"content":{"rendered":"<p>These are 10ml essential oil roller bottles with a slender cylindrical form and in numerous textures and colors. The bottles have a metal cap (silver, gold, blue, etc.) that has a metal or glass rollerball that can be used to apply smoothly.<\/p>\n<h2>Caract\u00e9ristiques du produit<\/h2>\n<ul>\n<li><strong>Portable Cylindrical Design:<\/strong> The cylindrical design is made of silver which is slim and long and thus most easily slips in a wallet, a pocket or a traveling case.<\/li>\n<li><strong>Smooth Rollerball:<\/strong> The rollerball is made of metal or glass, it offers good application, control and does not smear.<\/li>\n<li><strong>Various Bottle selections:<\/strong> The selection of bottles includes embossed, glossy and multi-colored glasses, giving them the possibility to flexibly match to the positioning of the products and their image.<\/li>\n<\/ul>\n<h2 style=\"text-align: left;\">Caract\u00e9ristiques principales<\/h2>\n<table class=\"aligncenter\" style=\"border-collapse: collapse; width: 482.27pt;\" border=\"0\" width=\"643\" cellspacing=\"0\" cellpadding=\"0\">\n<tbody>\n<tr style=\"height: 13.50pt;\">\n<td style=\"height: 13.50pt; width: 72.00pt;\" width=\"96\" height=\"18\">Sp\u00e9cification<\/td>\n<td style=\"width: 410.25pt;\" width=\"547\">D\u00e9tails<\/td>\n<\/tr>\n<tr style=\"height: 13.50pt;\">\n<td style=\"height: 13.50pt;\" height=\"18\">Capacit\u00e9<\/td>\n<td>10 ml<\/td>\n<\/tr>\n<tr style=\"height: 13.50pt;\">\n<td style=\"height: 13.50pt;\" height=\"18\">Dimensions<\/td>\n<td>18\u00d784mm (Diameter \u00d7 Height)<\/td>\n<\/tr>\n<tr style=\"height: 13.50pt;\">\n<td style=\"height: 13.50pt;\" height=\"18\">Mat\u00e9riel<\/td>\n<td>Clear\/Colored Glass, Rollerball, Metal Lid<\/td>\n<\/tr>\n<tr style=\"height: 13.50pt;\">\n<td style=\"height: 13.50pt;\" height=\"18\">Forme de bouteille<\/td>\n<td>Slim, Cylinder with Rollerball Assembly<\/td>\n<\/tr>\n<tr style=\"height: 13.50pt;\">\n<td style=\"height: 13.50pt;\" height=\"18\">\u00c9tendue de la personnalisation<\/td>\n<td>Color, Finish, Rollerball Material, Lids<\/td>\n<\/tr>\n<tr style=\"height: 13.50pt;\">\n<td style=\"height: 13.50pt;\" height=\"18\">Savoir-faire<\/td>\n<td>Precision Glass Forming, Texturing, Assembly of Rollerball Mechanism<\/td>\n<\/tr>\n<tr style=\"height: 13.50pt;\">\n<td style=\"height: 13.50pt;\" height=\"18\">Objectif du produit<\/td>\n<td>Essential Oil Roller Bottles, Perfume Oils Bottles<\/td>\n<\/tr>\n<tr style=\"height: 13.50pt;\">\n<td style=\"height: 13.50pt;\" height=\"18\">Secteurs d&#039;activit\u00e9 appropri\u00e9s<\/td>\n<td>Aromatherapy Brands, Cosmetic Brands<\/td>\n<\/tr>\n<\/tbody>\n<\/table>\n<h2>Histoire \u00e0 succ\u00e8s<\/h2>\n<p>One of our 10ml clear glass rollerball bottles with a diamond pattern and silver top were chosen by a Texas-based wellness company that needed to use it as a vital oils vessel. The sleek bottle is a perfect fit in the air travel kits, and this leads to 40 percent increment in sales in this medium. The 10ml strength will be in accordance with the TSA guidelines and will be reusable over 30 times. The massive success of the company resulted in order of 3 million bottles and two-year supply agreement with one of the largest retail chains of the country.<\/p>\n<h2>Customization of Essential Oil Roller Bottles<\/h2>\n<ul>\n<li>UV Protective Glass: This is a slim bottle that comes in either solid amber or cobalt blue glass, and could be used on mixtures of photosensitive essential oils.<\/li>\n<li>Embossed Glass Patterns: Customize the glass bottle with embossed designs, including brand names, geometric designs or natural designs.<\/li>\n<li>Double Rollerball: Has a double rollerball cap rather than a single rollerball to be applied in large regions in the shortest possible time.<\/li>\n<\/ul>","protected":false},"excerpt":{"rendered":"<p>Flacons roll-on pour huiles essentielles de 10 ml avec billes en m\u00e9tal ou en verre et bouchons color\u00e9s. Flacons roll-on pour huiles essentielles durables pour une utilisation en voyage. \u00c9chantillons gratuits.<\/p>","protected":false},"featured_media":5921,"template":"","meta":{"postBodyCss":"","postBodyMargin":[],"postBodyPadding":[],"postBodyBackground":{"backgroundType":"classic","gradient":""}},"product_brand":[],"product_cat":[15,104,16],"product_tag":[],"class_list":{"0":"post-5918","1":"product","2":"type-product","3":"status-publish","4":"has-post-thumbnail","6":"product_cat-glass-containers","7":"product_cat-roller-ball-bottles","8":"product_cat-glass-bottles","10":"first","11":"instock","12":"shipping-taxable","13":"product-type-simple"},"jetpack_sharing_enabled":true,"_links":{"self":[{"href":"https:\/\/minghanggroup.com\/fr\/wp-json\/wp\/v2\/product\/5918","targetHints":{"allow":["GET"]}}],"collection":[{"href":"https:\/\/minghanggroup.com\/fr\/wp-json\/wp\/v2\/product"}],"about":[{"href":"https:\/\/minghanggroup.com\/fr\/wp-json\/wp\/v2\/types\/product"}],"wp:featuredmedia":[{"embeddable":true,"href":"https:\/\/minghanggroup.com\/fr\/wp-json\/wp\/v2\/media\/5921"}],"wp:attachment":[{"href":"https:\/\/minghanggroup.com\/fr\/wp-json\/wp\/v2\/media?parent=5918"}],"wp:term":[{"taxonomy":"product_brand","embeddable":true,"href":"https:\/\/minghanggroup.com\/fr\/wp-json\/wp\/v2\/product_brand?post=5918"},{"taxonomy":"product_cat","embeddable":true,"href":"https:\/\/minghanggroup.com\/fr\/wp-json\/wp\/v2\/product_cat?post=5918"},{"taxonomy":"product_tag","embeddable":true,"href":"https:\/\/minghanggroup.com\/fr\/wp-json\/wp\/v2\/product_tag?post=5918"}],"curies":[{"name":"wp","href":"https:\/\/api.w.org\/{rel}","templated":true}]}}