{"id":5913,"date":"2026-03-04T13:37:38","date_gmt":"2026-03-04T05:37:38","guid":{"rendered":"https:\/\/minghanggroup.com\/?post_type=product&#038;p=5913"},"modified":"2026-03-04T13:37:41","modified_gmt":"2026-03-04T05:37:41","slug":"mini-roll-on-perfume-bottles-wholesale","status":"publish","type":"product","link":"https:\/\/minghanggroup.com\/fr\/produit\/mini-roll-on-perfume-bottles-wholesale\/","title":{"rendered":"Flacons de parfum roll-on miniatures de 1 \u00e0 5 ml en gros"},"content":{"rendered":"<p>Vous en avez assez des fuites de parfum dans les flacons roll-on bon march\u00e9\u00a0? Nos flacons roll-on de 5\u00a0ml sont la solution. Fabriqu\u00e9s en verre transparent de haute qualit\u00e9, ils sont \u00e9tanches pendant le transport et pr\u00e9servent parfaitement les huiles essentielles. Contenance\u00a0: 5\u00a0ml (id\u00e9al pour les voyages). M\u00e9canisme roll-on en verre de pr\u00e9cision.<\/p>\n<h2>Caract\u00e9ristiques du produit<\/h2>\n<ul>\n<li><strong>S\u00e9lection de verres ambr\u00e9s et transparents\u00a0:<\/strong> Le verre ambr\u00e9 permet de bloquer la lumi\u00e8re pour les formules sensibles, tandis que le verre transparent offre l&#039;avantage de pouvoir voir imm\u00e9diatement le contenu.<\/li>\n<li><strong>Construction \u00e9tanche avec bouchon \u00e0 vis :<\/strong> Un col filet\u00e9 garantit une \u00e9tanch\u00e9it\u00e9 parfaite, r\u00e9duisant consid\u00e9rablement les fuites m\u00eame pendant le transport.<\/li>\n<li><strong>Forme cylindrique compacte :<\/strong> Son design fin et droit est donc tr\u00e8s pratique pour les voyages, car vous pouvez facilement le glisser dans votre sac ou m\u00eame dans votre poche.<\/li>\n<\/ul>\n<h2>Caract\u00e9ristiques principales<\/h2>\n<table style=\"border-collapse: collapse; width: 80%; margin-left: auto; margin-right: auto;\" border=\"0\" width=\"360\" cellspacing=\"0\" cellpadding=\"0\">\n<tbody>\n<tr style=\"height: 13.50pt;\">\n<td style=\"height: 13.5pt; width: 54pt; text-align: center;\" width=\"72\" height=\"18\">Capacit\u00e9 (ml)<\/td>\n<td style=\"width: 54pt; text-align: center;\" width=\"72\">Dimensions (mm)<\/td>\n<td style=\"width: 54pt; text-align: center;\" width=\"72\">Couleur du verre<\/td>\n<td style=\"width: 54pt; text-align: center;\" width=\"72\">Mat\u00e9riau pour rouleaux<\/td>\n<td style=\"width: 54pt; text-align: center;\" width=\"72\">Application<\/td>\n<\/tr>\n<tr style=\"height: 13.50pt;\">\n<td style=\"height: 13.5pt; text-align: center;\" align=\"right\" height=\"18\">1<\/td>\n<td style=\"text-align: center;\">16 \u00d7 7<\/td>\n<td class=\"et2\" style=\"text-align: center;\" rowspan=\"4\">Transparent\/Ambre<\/td>\n<td class=\"et2\" style=\"text-align: center;\" rowspan=\"4\">Verre\/Inox\/Plastique<\/td>\n<td class=\"et2\" style=\"text-align: center;\" rowspan=\"4\">Contient des s\u00e9rums, des essences, des huiles essentielles, des parfums<\/td>\n<\/tr>\n<tr style=\"height: 13.50pt;\">\n<td style=\"height: 13.5pt; text-align: center;\" align=\"right\" height=\"18\">2<\/td>\n<td style=\"text-align: center;\">16 \u00d7 11<\/td>\n<\/tr>\n<tr style=\"height: 13.50pt;\">\n<td style=\"height: 13.5pt; text-align: center;\" align=\"right\" height=\"18\">3<\/td>\n<td style=\"text-align: center;\">16 \u00d7 20<\/td>\n<\/tr>\n<tr style=\"height: 13.50pt;\">\n<td style=\"height: 13.5pt; text-align: center;\" align=\"right\" height=\"18\">5<\/td>\n<td style=\"text-align: center;\">16 \u00d7 29<\/td>\n<\/tr>\n<\/tbody>\n<\/table>\n<h2>Cas de r\u00e9ussite<\/h2>\n<p>Une marque de parfums \u00e0 base d&#039;huiles essentielles concentr\u00e9es a command\u00e9 nos flacons roll-on en verre ambr\u00e9 pour y conserver ses \u00e9chantillons. Elle a opt\u00e9 pour une bille en acier inoxydable, gage d&#039;une application plus fluide et d&#039;une meilleure compatibilit\u00e9 avec les formules \u00e0 base d&#039;huile. Le bouchon noir mat renforce l&#039;identit\u00e9 de la marque. De plus, le logo et le mode d&#039;emploi sont s\u00e9rigraphi\u00e9s sur le flacon et ne sont pas coll\u00e9s sur l&#039;\u00e9tiquette afin d&#039;\u00e9viter tout risque de d\u00e9collement.<\/p>\n<p>Le remplacement des flacons \u00e0 bille traditionnels par des flacons sur mesure a permis de r\u00e9duire les retours de 37 % dus aux fuites et de 45 % dus aux r\u00e9achats par les distributeurs \u00e9trangers. Ceci a permis de maintenir les commandes group\u00e9es pendant plusieurs cycles de production.<\/p>\n<h2>Options de personnalisation<\/h2>\n<ol>\n<li><strong>S\u00e9lection du mat\u00e9riau de la bille de rouleau :<\/strong> Nous pouvons fournir des billes \u00e0 bille en acier inoxydable, en verre ou en pierres pr\u00e9cieuses (comme le jade) qui s&#039;adapteront \u00e0 diff\u00e9rents types de formules et seront en ad\u00e9quation avec le positionnement de la marque.<\/li>\n<li><strong>Options de rev\u00eatement de couleur\u00a0:<\/strong> Outre l&#039;application de rev\u00eatements en spray personnalis\u00e9s tels que le noir mat, le blanc d\u00e9poli ou les couleurs Pantone sp\u00e9cifiques \u00e0 une marque sur du verre clair ou ambr\u00e9, vous pouvez \u00e9galement laisser libre cours \u00e0 votre cr\u00e9ativit\u00e9 avec diff\u00e9rents types de finitions et de textures.<\/li>\n<li><strong>Variantes de finition du bouchon\u00a0:<\/strong> En modifiant la finition des capuchons (brillante, mate, plaqu\u00e9e or, or rose ou aluminium bross\u00e9), vous pourrez donner \u00e0 votre produit une apparence plus luxueuse.<\/li>\n<\/ol>","protected":false},"excerpt":{"rendered":"<p>Flacons roll-on haut de gamme en verre ambr\u00e9 et transparent. Flacons roll-on de 5 ml avec bille en acier lisse, vente directe d&#039;usine, \u00e9chantillons gratuits et options de personnalisation pour les commandes en gros.<\/p>","protected":false},"featured_media":5917,"template":"","meta":{"postBodyCss":"","postBodyMargin":[],"postBodyPadding":[],"postBodyBackground":{"backgroundType":"classic","gradient":""}},"product_brand":[],"product_cat":[16,15,104],"product_tag":[],"class_list":{"0":"post-5913","1":"product","2":"type-product","3":"status-publish","4":"has-post-thumbnail","6":"product_cat-glass-bottles","7":"product_cat-glass-containers","8":"product_cat-roller-ball-bottles","10":"first","11":"instock","12":"shipping-taxable","13":"product-type-simple"},"jetpack_sharing_enabled":true,"_links":{"self":[{"href":"https:\/\/minghanggroup.com\/fr\/wp-json\/wp\/v2\/product\/5913","targetHints":{"allow":["GET"]}}],"collection":[{"href":"https:\/\/minghanggroup.com\/fr\/wp-json\/wp\/v2\/product"}],"about":[{"href":"https:\/\/minghanggroup.com\/fr\/wp-json\/wp\/v2\/types\/product"}],"wp:featuredmedia":[{"embeddable":true,"href":"https:\/\/minghanggroup.com\/fr\/wp-json\/wp\/v2\/media\/5917"}],"wp:attachment":[{"href":"https:\/\/minghanggroup.com\/fr\/wp-json\/wp\/v2\/media?parent=5913"}],"wp:term":[{"taxonomy":"product_brand","embeddable":true,"href":"https:\/\/minghanggroup.com\/fr\/wp-json\/wp\/v2\/product_brand?post=5913"},{"taxonomy":"product_cat","embeddable":true,"href":"https:\/\/minghanggroup.com\/fr\/wp-json\/wp\/v2\/product_cat?post=5913"},{"taxonomy":"product_tag","embeddable":true,"href":"https:\/\/minghanggroup.com\/fr\/wp-json\/wp\/v2\/product_tag?post=5913"}],"curies":[{"name":"wp","href":"https:\/\/api.w.org\/{rel}","templated":true}]}}