{"id":5908,"date":"2026-03-03T15:57:50","date_gmt":"2026-03-03T07:57:50","guid":{"rendered":"https:\/\/minghanggroup.com\/?post_type=product&#038;p=5908"},"modified":"2026-03-03T15:57:52","modified_gmt":"2026-03-03T07:57:52","slug":"gold-oil-roller-bottles-for-packaging-wholesale","status":"publish","type":"product","link":"https:\/\/minghanggroup.com\/fr\/produit\/gold-oil-roller-bottles-for-packaging-wholesale\/","title":{"rendered":"Flacons roll-on d&#039;huile dor\u00e9e de 6 \u00e0 12 ml pour le conditionnement en gros"},"content":{"rendered":"<p>Nos flacons roll-on pour huiles essentielles sont orn\u00e9s de luxueux d\u00e9tails dor\u00e9s sur un verre transparent de haute qualit\u00e9, garantissant une \u00e9tanch\u00e9it\u00e9 parfaite lors du transport et une application facile. Contenance\u00a0: de 6\u00a0ml (id\u00e9al pour les \u00e9chantillons de voyage de 30\u00a0ml) \u00e0 12\u00a0ml. M\u00e9canisme roll-on en verre de pr\u00e9cision. Votre huile essentielle glisse en douceur.<\/p>\n<h2>Caract\u00e9ristiques du produit<\/h2>\n<ul>\n<li><strong>Finition \u00e9lectroplaqu\u00e9e d\u00e9corative :<\/strong> Le cadre ext\u00e9rieur plaqu\u00e9 or ajoute un attrait visuel et conf\u00e8re un aspect haut de gamme et luxueux.<\/li>\n<li><strong>Panneaux en verre gaufr\u00e9\u00a0:<\/strong> Le corps de la bouteille est orn\u00e9 de motifs d\u00e9coratifs tr\u00e8s d\u00e9taill\u00e9s et d&#039;une texture ornementale.<\/li>\n<li><strong>Plusieurs styles de casquettes\u00a0:<\/strong> Des capuchons \u00e0 pompon, des capuchons ornementaux sculpt\u00e9s ou de simples capuchons \u00e0 vis peuvent \u00eatre utilis\u00e9s pour offrir une vari\u00e9t\u00e9 d&#039;apparences.<\/li>\n<\/ul>\n<h2>Caract\u00e9ristiques principales<\/h2>\n<table style=\"border-collapse: collapse; width: 80%; margin-left: auto; margin-right: auto;\" border=\"0\" width=\"360\" cellspacing=\"0\" cellpadding=\"0\">\n<tbody>\n<tr style=\"height: 13.50pt;\">\n<td style=\"height: 13.5pt; width: 54pt; text-align: center;\" width=\"72\" height=\"18\">Capacit\u00e9 (ml)<\/td>\n<td style=\"width: 54pt; text-align: center;\" width=\"72\">Diam\u00e8tre du cou (cm)<\/td>\n<td style=\"width: 54pt; text-align: center;\" width=\"72\">Hauteur<\/td>\n<td style=\"width: 54pt; text-align: center;\" width=\"72\">Mat\u00e9riau pour rouleaux<\/td>\n<td style=\"width: 54pt; text-align: center;\" width=\"72\">Finition<\/td>\n<\/tr>\n<tr style=\"height: 13.50pt;\">\n<td style=\"height: 13.5pt; text-align: center;\" align=\"right\" height=\"18\">6<\/td>\n<td style=\"text-align: center;\" align=\"right\">2.35<\/td>\n<td class=\"et2\" style=\"text-align: center;\" rowspan=\"3\">Variable<\/td>\n<td class=\"et2\" style=\"text-align: center;\" rowspan=\"3\">Verre\/Inox\/Plastique<\/td>\n<td class=\"et2\" style=\"text-align: center;\" rowspan=\"3\">accentu\u00e9 en or<\/td>\n<\/tr>\n<tr style=\"height: 13.50pt;\">\n<td style=\"height: 13.5pt; text-align: center;\" align=\"right\" height=\"18\">10<\/td>\n<td style=\"text-align: center;\" align=\"right\">2.7<\/td>\n<\/tr>\n<tr style=\"height: 13.50pt;\">\n<td style=\"height: 13.5pt; text-align: center;\" align=\"right\" height=\"18\">12<\/td>\n<td style=\"text-align: center;\" align=\"right\">2.8<\/td>\n<\/tr>\n<\/tbody>\n<\/table>\n<h2>Cas de r\u00e9ussite<\/h2>\n<p>L&#039;une des marques de parfums recherchait un emballage luxueux et a finalement opt\u00e9 pour notre flacon roll-on de 10 ml. Elle a choisi un roll-on en acier inoxydable pour une application plus facile du parfum et a ajout\u00e9 des dorures assorties \u00e0 son identit\u00e9 visuelle. Un logo personnalis\u00e9 a \u00e9galement \u00e9t\u00e9 grav\u00e9 sur le bouchon.<\/p>\n<p>Le client a \u00e9galement indiqu\u00e9 que ses ventes au d\u00e9tail avaient progress\u00e9 de 34 % six mois apr\u00e8s le lancement, par rapport \u00e0 l&#039;ancien emballage. Apr\u00e8s une premi\u00e8re commande de 15\u00a0000 bouteilles, il a pass\u00e9 trois autres commandes importantes en moins d&#039;un an, ce qui a permis d&#039;augmenter ses ventes totales de pr\u00e8s de 60 %.<\/p>\n<h2>Options de personnalisation<\/h2>\n<ol>\n<li><strong>Mat\u00e9riaux pour rouleaux \u00e0 bille :<\/strong> Choisissez des billes \u00e0 rouleau en acier inoxydable, en verre ou en plastique pour obtenir diff\u00e9rents effets d&#039;application.<\/li>\n<li><strong>Gravure personnalis\u00e9e sur casquette :<\/strong> Gravure laser de marques, de motifs ou de mentions de s\u00e9ries limit\u00e9es sur la surface du bouchon.<\/li>\n<li><strong>Personnalisation des pompons\u00a0:<\/strong> Choisissez la longueur, la mati\u00e8re et la couleur du pompon en fonction des motifs saisonniers ou culturels.<\/li>\n<\/ol>","protected":false},"excerpt":{"rendered":"<p>Flacons roll-on \u00e9l\u00e9gants en verre dor\u00e9 gaufr\u00e9, parfaits pour les huiles essentielles. Vente directe d&#039;usine, personnalisation possible en grande quantit\u00e9.<\/p>","protected":false},"featured_media":5912,"template":"","meta":{"postBodyCss":"","postBodyMargin":[],"postBodyPadding":[],"postBodyBackground":{"backgroundType":"classic","gradient":""}},"product_brand":[],"product_cat":[15,104,16],"product_tag":[],"class_list":{"0":"post-5908","1":"product","2":"type-product","3":"status-publish","4":"has-post-thumbnail","6":"product_cat-glass-containers","7":"product_cat-roller-ball-bottles","8":"product_cat-glass-bottles","10":"first","11":"instock","12":"shipping-taxable","13":"product-type-simple"},"jetpack_sharing_enabled":true,"_links":{"self":[{"href":"https:\/\/minghanggroup.com\/fr\/wp-json\/wp\/v2\/product\/5908","targetHints":{"allow":["GET"]}}],"collection":[{"href":"https:\/\/minghanggroup.com\/fr\/wp-json\/wp\/v2\/product"}],"about":[{"href":"https:\/\/minghanggroup.com\/fr\/wp-json\/wp\/v2\/types\/product"}],"wp:featuredmedia":[{"embeddable":true,"href":"https:\/\/minghanggroup.com\/fr\/wp-json\/wp\/v2\/media\/5912"}],"wp:attachment":[{"href":"https:\/\/minghanggroup.com\/fr\/wp-json\/wp\/v2\/media?parent=5908"}],"wp:term":[{"taxonomy":"product_brand","embeddable":true,"href":"https:\/\/minghanggroup.com\/fr\/wp-json\/wp\/v2\/product_brand?post=5908"},{"taxonomy":"product_cat","embeddable":true,"href":"https:\/\/minghanggroup.com\/fr\/wp-json\/wp\/v2\/product_cat?post=5908"},{"taxonomy":"product_tag","embeddable":true,"href":"https:\/\/minghanggroup.com\/fr\/wp-json\/wp\/v2\/product_tag?post=5908"}],"curies":[{"name":"wp","href":"https:\/\/api.w.org\/{rel}","templated":true}]}}