{"id":5900,"date":"2026-03-03T13:20:35","date_gmt":"2026-03-03T05:20:35","guid":{"rendered":"https:\/\/minghanggroup.com\/?post_type=product&#038;p=5900"},"modified":"2026-03-03T14:16:22","modified_gmt":"2026-03-03T06:16:22","slug":"metallic-finish-glass-dropper-oil-bottle-wholesale","status":"publish","type":"product","link":"https:\/\/minghanggroup.com\/fr\/produit\/metallic-finish-glass-dropper-oil-bottle-wholesale\/","title":{"rendered":"Flacons compte-gouttes en verre m\u00e9tallis\u00e9 de 5 \u00e0 100 ml (vente en gros)"},"content":{"rendered":"<p>Ce flacon compte-gouttes pour huile est disponible dans une finition m\u00e9tallique tr\u00e8s brillante, en or et en argent, en diff\u00e9rentes tailles et avec divers embouts compte-gouttes \u00e0 utiliser pour assurer une distribution pr\u00e9cise de l&#039;huile.<\/p>\n<h2>Caract\u00e9ristiques du produit<\/h2>\n<ul>\n<li><strong>Brillance m\u00e9tallique \u00e0 fort impact\u00a0:<\/strong> Le plaquage or ou argent est d&#039;une perfection miroir et produit un effet de luxe imm\u00e9diat.<\/li>\n<li><strong>Conception cylindrique simple\u00a0:<\/strong> Il s&#039;agit d&#039;une conception cylindrique simple mais robuste, si solide et simple qu&#039;elle offre une exp\u00e9rience de haute qualit\u00e9 et une grande stabilit\u00e9.<\/li>\n<li><strong>Plusieurs options pour la casquette\u00a0:<\/strong> Il existe un bouchon \u00e0 pression pratique ou \u00e0 visser qui assure une fermeture s\u00e9curis\u00e9e.<\/li>\n<\/ul>\n<h2 style=\"text-align: left;\">Caract\u00e9ristiques principales<\/h2>\n<table class=\"aligncenter\" style=\"border-collapse: collapse; width: 425.27pt;\" border=\"0\" width=\"567\" cellspacing=\"0\" cellpadding=\"0\">\n<tbody>\n<tr style=\"height: 13.50pt;\">\n<td style=\"height: 13.50pt; width: 123.00pt;\" width=\"164\" height=\"18\">Sp\u00e9cification<\/td>\n<td style=\"width: 302.25pt;\" width=\"403\">D\u00e9tails<\/td>\n<\/tr>\n<tr style=\"height: 13.50pt;\">\n<td style=\"height: 13.50pt;\" height=\"18\">Capacit\u00e9<\/td>\n<td>5 ml, 10 ml, 15 ml, 20 ml, 30 ml, 50 ml, 100 ml<\/td>\n<\/tr>\n<tr style=\"height: 13.50pt;\">\n<td style=\"height: 13.50pt;\" height=\"18\">Dimensions<\/td>\n<td>2,2 \u00d7 7,3 cm \u00e0 4,4 \u00d7 13,4 cm (Diam\u00e8tre \u00d7 Hauteur)<\/td>\n<\/tr>\n<tr style=\"height: 13.50pt;\">\n<td style=\"height: 13.50pt;\" height=\"18\">Mat\u00e9riel<\/td>\n<td>Verre avec finition \u00e9lectroplaqu\u00e9e or ou argent<\/td>\n<\/tr>\n<tr style=\"height: 13.50pt;\">\n<td style=\"height: 13.50pt;\" height=\"18\">Forme de bouteille<\/td>\n<td>Cylindre avec ensemble de tige de selle t\u00e9lescopique<\/td>\n<\/tr>\n<tr style=\"height: 13.50pt;\">\n<td style=\"height: 13.50pt;\" height=\"18\">\u00c9tendue de la personnalisation<\/td>\n<td>Taille, couleur, finition, couvercles, type de compte-gouttes<\/td>\n<\/tr>\n<tr style=\"height: 13.50pt;\">\n<td style=\"height: 13.50pt;\" height=\"18\">Savoir-faire<\/td>\n<td>Placage brillant et durable ; filetage pr\u00e9cis<\/td>\n<\/tr>\n<tr style=\"height: 13.50pt;\">\n<td style=\"height: 13.50pt;\" height=\"18\">Objectif du produit<\/td>\n<td>Flacons d&#039;huiles pour le visage, flacons compte-gouttes en verre en gros<\/td>\n<\/tr>\n<tr style=\"height: 13.50pt;\">\n<td style=\"height: 13.50pt;\" height=\"18\">Secteurs d&#039;activit\u00e9 appropri\u00e9s<\/td>\n<td>Cosm\u00e9tiques de luxe, marques de soins de la peau<\/td>\n<\/tr>\n<\/tbody>\n<\/table>\n<h2>Succ\u00e8s de la marque de soins de la peau Metallic Collection de Los Angeles<\/h2>\n<p>Une marque de soins de la peau en vogue \u00e0 Los Angeles a command\u00e9 un flacon compte-gouttes dor\u00e9 m\u00e9tallis\u00e9 de 30 ml avec un bouchon \u00e0 pression sp\u00e9cial. Ce flacon, au design novateur, est rapidement devenu viral sur les r\u00e9seaux sociaux, g\u00e9n\u00e9rant plus de 100\u00a0000 discussions. Sa contenance de 30 ml garantit une utilisation optimale pendant 60 jours. Ce flacon est devenu le conditionnement permanent de tous ses s\u00e9rums, et la marque, tr\u00e8s satisfaite du succ\u00e8s rencontr\u00e9, a pass\u00e9 une nouvelle commande de 1,8 million de flacons.<\/p>\n<h2>Personnalisation des flacons compte-gouttes en verre en gros<\/h2>\n<ul>\n<li>Finitions m\u00e9talliques : or rose, cuivre, gris anthracite, chrome noir ou holographique.<\/li>\n<li>Finitions m\u00e9talliques mates et brillantes\u00a0: Finition miroir mate et brillante. Disponible en finition bross\u00e9e, normale et satin\u00e9e mate.<\/li>\n<li>Casquettes personnalis\u00e9es en relief\u00a0: Casquettes en m\u00e9tal ou en plastique gaufr\u00e9es, orn\u00e9es de motifs en relief ou de logos brod\u00e9s.<\/li>\n<\/ul>","protected":false},"excerpt":{"rendered":"<p>Flacon compte-gouttes de luxe avec finition plaqu\u00e9e or et argent. Flacons compte-gouttes en verre en gros pour s\u00e9rums de luxe. \u00c9chantillons gratuits disponibles. Livraison rapide.<\/p>","protected":false},"featured_media":5904,"template":"","meta":{"postBodyCss":"","postBodyMargin":[],"postBodyPadding":[],"postBodyBackground":{"backgroundType":"classic","gradient":""}},"product_brand":[],"product_cat":[15,87,16],"product_tag":[],"class_list":{"0":"post-5900","1":"product","2":"type-product","3":"status-publish","4":"has-post-thumbnail","6":"product_cat-glass-containers","7":"product_cat-dropper-bottles","8":"product_cat-glass-bottles","10":"first","11":"instock","12":"shipping-taxable","13":"product-type-simple"},"jetpack_sharing_enabled":true,"_links":{"self":[{"href":"https:\/\/minghanggroup.com\/fr\/wp-json\/wp\/v2\/product\/5900","targetHints":{"allow":["GET"]}}],"collection":[{"href":"https:\/\/minghanggroup.com\/fr\/wp-json\/wp\/v2\/product"}],"about":[{"href":"https:\/\/minghanggroup.com\/fr\/wp-json\/wp\/v2\/types\/product"}],"wp:featuredmedia":[{"embeddable":true,"href":"https:\/\/minghanggroup.com\/fr\/wp-json\/wp\/v2\/media\/5904"}],"wp:attachment":[{"href":"https:\/\/minghanggroup.com\/fr\/wp-json\/wp\/v2\/media?parent=5900"}],"wp:term":[{"taxonomy":"product_brand","embeddable":true,"href":"https:\/\/minghanggroup.com\/fr\/wp-json\/wp\/v2\/product_brand?post=5900"},{"taxonomy":"product_cat","embeddable":true,"href":"https:\/\/minghanggroup.com\/fr\/wp-json\/wp\/v2\/product_cat?post=5900"},{"taxonomy":"product_tag","embeddable":true,"href":"https:\/\/minghanggroup.com\/fr\/wp-json\/wp\/v2\/product_tag?post=5900"}],"curies":[{"name":"wp","href":"https:\/\/api.w.org\/{rel}","templated":true}]}}