{"id":5866,"date":"2026-03-02T15:28:45","date_gmt":"2026-03-02T07:28:45","guid":{"rendered":"https:\/\/minghanggroup.com\/?post_type=product&#038;p=5866"},"modified":"2026-03-03T09:14:31","modified_gmt":"2026-03-03T01:14:31","slug":"clear-glass-bottles-for-essential-oils-bulk","status":"publish","type":"product","link":"https:\/\/minghanggroup.com\/fr\/produit\/clear-glass-bottles-for-essential-oils-bulk\/","title":{"rendered":"Flacons en verre transparent de 20 \u00e0 100 ml pour huiles essentielles (vente en gros)"},"content":{"rendered":"<p>Vous en avez assez de voir vos huiles essentielles se d\u00e9colorer dans des flacons transparents\u00a0? Nos flacons en verre pour huiles essentielles sont la solution. Disponibles en gros, nos flacons compte-gouttes en verre d\u00e9poli de haute qualit\u00e9 bloquent les UV et offrent une sensation luxueuse au toucher. Contenance\u00a0? De 20\u00a0ml (id\u00e9al pour les \u00e9chantillons de 30\u00a0ml) \u00e0 100\u00a0ml. Flacons compte-gouttes\u00a0? Flacons en verre de pr\u00e9cision avec compte-gouttes.<\/p>\n<h2>Caract\u00e9ristiques du produit<\/h2>\n<ul>\n<li><strong>Finitions multi-surfaces :<\/strong> Elle propose une vari\u00e9t\u00e9 de finitions en verre haute transparence et en verre mat tendance, disponibles dans diff\u00e9rentes marques.<\/li>\n<li><strong>Plusieurs options de capacit\u00e9\u00a0:<\/strong> Offre plusieurs options de volume pour s&#039;adapter aux formats voyage, vente au d\u00e9tail ou emballage professionnel.<\/li>\n<li><strong>Conception s\u00e9curis\u00e9e du col \u00e0 vis :<\/strong> Sa structure \u00e9tanche permet d&#039;\u00e9viter les fuites pendant le stockage et le transport.<\/li>\n<\/ul>\n<h2>Caract\u00e9ristiques principales<\/h2>\n<p>&nbsp;<\/p>\n<table style=\"border-collapse: collapse; width: 80%; margin-left: auto; margin-right: auto;\" border=\"0\" width=\"288\" cellspacing=\"0\" cellpadding=\"0\">\n<tbody>\n<tr style=\"height: 13.50pt;\">\n<td style=\"height: 13.5pt; width: 54pt; text-align: center;\" width=\"72\" height=\"18\">Capacit\u00e9<\/td>\n<td style=\"width: 54pt; text-align: center;\" width=\"72\">Dimensions (\u00d8 x H)<\/td>\n<td style=\"width: 54pt; text-align: center;\" width=\"72\">Finition<\/td>\n<td style=\"width: 54pt; text-align: center;\" width=\"72\">Accessoires<\/td>\n<\/tr>\n<tr style=\"height: 13.50pt;\">\n<td style=\"height: 13.5pt; text-align: center;\" align=\"right\" height=\"18\">20<\/td>\n<td style=\"text-align: center;\">3.7 \u00d7 7.8<\/td>\n<td class=\"et2\" style=\"text-align: center;\" rowspan=\"7\">givr\u00e9\/transparent<\/td>\n<td class=\"et2\" style=\"text-align: center;\" rowspan=\"7\">Pipette en caoutchouc + joint interne<\/td>\n<\/tr>\n<tr style=\"height: 13.50pt;\">\n<td style=\"height: 13.5pt; text-align: center;\" align=\"right\" height=\"18\">30<\/td>\n<td style=\"text-align: center;\">3,7 \u00d7 9,1<\/td>\n<\/tr>\n<tr style=\"height: 13.50pt;\">\n<td style=\"height: 13.5pt; text-align: center;\" align=\"right\" height=\"18\">50<\/td>\n<td style=\"text-align: center;\">3,7 \u00d7 10,5<\/td>\n<\/tr>\n<tr style=\"height: 13.50pt;\">\n<td style=\"height: 13.5pt; text-align: center;\" align=\"right\" height=\"18\">60<\/td>\n<td style=\"text-align: center;\">3,7 \u00d7 13,2<\/td>\n<\/tr>\n<tr style=\"height: 13.50pt;\">\n<td style=\"height: 13.5pt; text-align: center;\" align=\"right\" height=\"18\">80<\/td>\n<td style=\"text-align: center;\">3,9 \u00d7 14,2<\/td>\n<\/tr>\n<tr style=\"height: 13.50pt;\">\n<td style=\"height: 13.5pt; text-align: center;\" align=\"right\" height=\"18\">100<\/td>\n<td style=\"text-align: center;\">4,1 \u00d7 15,5<\/td>\n<\/tr>\n<\/tbody>\n<\/table>\n<h2>Cas de r\u00e9ussite<\/h2>\n<p>Une marque de soins de la peau am\u00e9ricaine, sur le point de lancer un nouveau s\u00e9rum \u00e0 la vitamine C, a finalement opt\u00e9 pour notre flacon compte-gouttes en verre de 60 ml, disponible en version transparente et d\u00e9polie. Le client a choisi un flacon d\u00e9poli de 30 ml pour sa gamme de s\u00e9rum principale et un flacon transparent de 15 ml pour les formats voyage. Nous avons r\u00e9alis\u00e9 un col en aluminium dor\u00e9 mat assorti \u00e0 sa palette de couleurs. De plus, nous avons utilis\u00e9 une s\u00e9rigraphie blanche r\u00e9sistante aux rayures pour garantir une visibilit\u00e9 optimale du logo, aussi bien lors de l&#039;exp\u00e9dition que lors de la vente.<\/p>\n<p>Les commandes en ligne ont augment\u00e9 de 29 % trois mois apr\u00e8s le lancement du produit, et la marque a fait de ce flacon son emballage standard pour les s\u00e9rums.<\/p>\n<h2>Options de personnalisation<\/h2>\n<ol>\n<li><strong>Am\u00e9lioration de la finition du collier m\u00e9tallique\u00a0:<\/strong> Choisissez une finition m\u00e9tallique plus \u00e9l\u00e9gante : bross\u00e9e, mate, brillante ou anodis\u00e9e.<\/li>\n<li><strong>Marquages \u200b\u200bde mesure imprim\u00e9s\u00a0:<\/strong> Ajoutez de l\u00e9g\u00e8res graduations de volume sur la pipette lors de l&#039;utilisation de formulations \u00e0 usage professionnel.<\/li>\n<li><strong>Ajout d&#039;un bouchon int\u00e9rieur\u00a0:<\/strong> Ajoutez un r\u00e9ducteur ou un bouchon \u00e0 l&#039;int\u00e9rieur pour r\u00e9guler le d\u00e9bit vers des liquides plus fins.<\/li>\n<\/ol>","protected":false},"excerpt":{"rendered":"<p>Flacons en verre r\u00e9sistant pour huiles essentielles avec compte-gouttes de pr\u00e9cision, disponibles en gros. Vente directe d&#039;usine avec possibilit\u00e9 de personnalisation pour les commandes en gros.<\/p>","protected":false},"featured_media":5879,"template":"","meta":{"postBodyCss":"","postBodyMargin":[],"postBodyPadding":[],"postBodyBackground":{"backgroundType":"classic","gradient":""}},"product_brand":[],"product_cat":[15,87,16],"product_tag":[],"class_list":{"0":"post-5866","1":"product","2":"type-product","3":"status-publish","4":"has-post-thumbnail","6":"product_cat-glass-containers","7":"product_cat-dropper-bottles","8":"product_cat-glass-bottles","10":"first","11":"instock","12":"shipping-taxable","13":"product-type-simple"},"jetpack_sharing_enabled":true,"_links":{"self":[{"href":"https:\/\/minghanggroup.com\/fr\/wp-json\/wp\/v2\/product\/5866","targetHints":{"allow":["GET"]}}],"collection":[{"href":"https:\/\/minghanggroup.com\/fr\/wp-json\/wp\/v2\/product"}],"about":[{"href":"https:\/\/minghanggroup.com\/fr\/wp-json\/wp\/v2\/types\/product"}],"wp:featuredmedia":[{"embeddable":true,"href":"https:\/\/minghanggroup.com\/fr\/wp-json\/wp\/v2\/media\/5879"}],"wp:attachment":[{"href":"https:\/\/minghanggroup.com\/fr\/wp-json\/wp\/v2\/media?parent=5866"}],"wp:term":[{"taxonomy":"product_brand","embeddable":true,"href":"https:\/\/minghanggroup.com\/fr\/wp-json\/wp\/v2\/product_brand?post=5866"},{"taxonomy":"product_cat","embeddable":true,"href":"https:\/\/minghanggroup.com\/fr\/wp-json\/wp\/v2\/product_cat?post=5866"},{"taxonomy":"product_tag","embeddable":true,"href":"https:\/\/minghanggroup.com\/fr\/wp-json\/wp\/v2\/product_tag?post=5866"}],"curies":[{"name":"wp","href":"https:\/\/api.w.org\/{rel}","templated":true}]}}