{"id":5823,"date":"2026-03-02T11:56:50","date_gmt":"2026-03-02T03:56:50","guid":{"rendered":"https:\/\/minghanggroup.com\/?post_type=product&#038;p=5823"},"modified":"2026-03-02T13:52:30","modified_gmt":"2026-03-02T05:52:30","slug":"gold-gourd-essential-oil-bottles-and-droppers-bulk","status":"publish","type":"product","link":"https:\/\/minghanggroup.com\/fr\/produit\/gold-gourd-essential-oil-bottles-and-droppers-bulk\/","title":{"rendered":"Flacons et compte-gouttes d&#039;huile essentielle de courge dor\u00e9e de 10 \u00e0 100 ml en gros"},"content":{"rendered":"<p>Les flacons et compte-gouttes de ces huiles essentielles pr\u00e9sentent un design unique en forme de double gourde, fabriqu\u00e9s en verre plaqu\u00e9 or brillant, avec un bouchon compte-gouttes assorti en or et un embout compte-gouttes en silicone blanc souple pour distribuer les gouttes avec pr\u00e9cision.<\/p>\n<h2>Caract\u00e9ristiques du produit<\/h2>\n<ul>\n<li><strong>Forme de gourde :<\/strong> La bonne fortune, la sant\u00e9 et l&#039;harmonie sont symbolis\u00e9es par la forme auspicieuse de la double gourde.<\/li>\n<li><strong>Plaqu\u00e9 or \u00e9blouissant :<\/strong> Le plaquage or brillant apportera instantan\u00e9ment une touche chic et \u00e9l\u00e9gante.<\/li>\n<li><strong>Pipette assortie :<\/strong> Le bouchon compte-gouttes dor\u00e9 fourni, dont la forme sph\u00e9rique blanche a \u00e9t\u00e9 sp\u00e9cialement con\u00e7ue, garantit un ajustement esth\u00e9tique id\u00e9al entre le bouchon et le flacon.<\/li>\n<\/ul>\n<h2 style=\"text-align: left;\">Caract\u00e9ristiques principales<\/h2>\n<table class=\"aligncenter\" style=\"border-collapse: collapse; width: 447.77pt;\" border=\"0\" width=\"597\" cellspacing=\"0\" cellpadding=\"0\">\n<tbody>\n<tr style=\"height: 13.50pt;\">\n<td style=\"height: 13.50pt; width: 115.50pt;\" width=\"154\" height=\"18\">Sp\u00e9cification<\/td>\n<td style=\"width: 332.25pt;\" width=\"443\">D\u00e9tails<\/td>\n<\/tr>\n<tr style=\"height: 13.50pt;\">\n<td style=\"height: 13.50pt;\" height=\"18\">Capacit\u00e9<\/td>\n<td>10 ml, 20 ml, 30 ml, 50 ml, 100 ml<\/td>\n<\/tr>\n<tr style=\"height: 13.50pt;\">\n<td style=\"height: 13.50pt;\" height=\"18\">Dimensions<\/td>\n<td>3\u00d75,3 cm \u00e0 5,6\u00d712,5 cm (Diam\u00e8tre \u00d7 Hauteur)<\/td>\n<\/tr>\n<tr style=\"height: 13.50pt;\">\n<td style=\"height: 13.50pt;\" height=\"18\">Mat\u00e9riel<\/td>\n<td>Verre avec placage or miroir<\/td>\n<\/tr>\n<tr style=\"height: 13.50pt;\">\n<td style=\"height: 13.50pt;\" height=\"18\">Forme de bouteille<\/td>\n<td>Forme traditionnelle de calebasse \u00e0 double sph\u00e8re<\/td>\n<\/tr>\n<tr style=\"height: 13.50pt;\">\n<td style=\"height: 13.50pt;\" height=\"18\">\u00c9tendue de la personnalisation<\/td>\n<td>Finition plaqu\u00e9e, ornementation en pierres pr\u00e9cieuses, finition, couvercles<\/td>\n<\/tr>\n<tr style=\"height: 13.50pt;\">\n<td style=\"height: 13.50pt;\" height=\"18\">Savoir-faire<\/td>\n<td>Soufflage de verre complexe pour une forme de calebasse<\/td>\n<\/tr>\n<tr style=\"height: 13.50pt;\">\n<td style=\"height: 13.50pt;\" height=\"18\">Objectif du produit<\/td>\n<td>Flacons compte-gouttes en verre, flacons d&#039;huiles essentielles et compte-gouttes<\/td>\n<\/tr>\n<tr style=\"height: 13.50pt;\">\n<td style=\"height: 13.50pt;\" height=\"18\">Secteurs d&#039;activit\u00e9 appropri\u00e9s<\/td>\n<td>Marques d&#039;aromath\u00e9rapie de luxe, fournisseurs de cadeaux bien-\u00eatre<\/td>\n<\/tr>\n<\/tbody>\n<\/table>\n<h2>Succ\u00e8s garanti : Collection exclusive d&#039;une marque de parfums de luxe du Moyen-Orient<\/h2>\n<p>L&#039;une des marques de parfums les plus r\u00e9put\u00e9es du Moyen-Orient a choisi notre flacon d&#039;huile essentielle de 30 ml sans compte-gouttes, orn\u00e9 d&#039;un cristal Swarovski \u00e0 la base du col. Inspir\u00e9e par son patrimoine culturel et notamment par la forme de gourde du flacon, la marque a vu ses ventes augmenter de 70 % sur son march\u00e9 local. Le plaquage or pr\u00e9vient l&#039;oxydation et la d\u00e9coloration des huiles essentielles, leur permettant de conserver leur \u00e9clat m\u00eame apr\u00e8s plus de cinq ans. Fort de ce succ\u00e8s, la marque a pass\u00e9 une nouvelle commande de 750\u00a0000 flacons, constituant ainsi un coffret exclusif de ses huiles essentielles de luxe.<\/p>\n<h2>Personnalisation des flacons d&#039;huiles essentielles et des compte-gouttes<\/h2>\n<ul>\n<li>Autres finitions\u00a0: Disponible en forme de gourde, en or rose, or antique, argent ou chrome noir.<\/li>\n<li>Taille et proportions\u00a0: en modifiant les pourcentages des deux sph\u00e8res, la forme de la calebasse sera interpr\u00e9t\u00e9e de mani\u00e8re plus moderne ou plus traditionnelle.<\/li>\n<li>Ornement\u00a0: Ajoutez au cou un morceau de verre fusionn\u00e9 en forme de feuilles, ou fixez un petit point de pierre semi-pr\u00e9cieuse \u00e0 la taille.<\/li>\n<\/ul>","protected":false},"excerpt":{"rendered":"<p>Flacons \u00e9l\u00e9gants pour huiles essentielles avec compte-gouttes en forme de gourde dor\u00e9e. Flacons r\u00e9sistants avec compte-gouttes disponibles en plusieurs tailles. Livraison rapide pour les commandes en gros. En stock.<\/p>","protected":false},"featured_media":5824,"template":"","meta":{"postBodyCss":"","postBodyMargin":[],"postBodyPadding":[],"postBodyBackground":{"backgroundType":"classic","gradient":""}},"product_brand":[],"product_cat":[15,87,16],"product_tag":[],"class_list":{"0":"post-5823","1":"product","2":"type-product","3":"status-publish","4":"has-post-thumbnail","6":"product_cat-glass-containers","7":"product_cat-dropper-bottles","8":"product_cat-glass-bottles","10":"first","11":"instock","12":"shipping-taxable","13":"product-type-simple"},"jetpack_sharing_enabled":true,"_links":{"self":[{"href":"https:\/\/minghanggroup.com\/fr\/wp-json\/wp\/v2\/product\/5823","targetHints":{"allow":["GET"]}}],"collection":[{"href":"https:\/\/minghanggroup.com\/fr\/wp-json\/wp\/v2\/product"}],"about":[{"href":"https:\/\/minghanggroup.com\/fr\/wp-json\/wp\/v2\/types\/product"}],"wp:featuredmedia":[{"embeddable":true,"href":"https:\/\/minghanggroup.com\/fr\/wp-json\/wp\/v2\/media\/5824"}],"wp:attachment":[{"href":"https:\/\/minghanggroup.com\/fr\/wp-json\/wp\/v2\/media?parent=5823"}],"wp:term":[{"taxonomy":"product_brand","embeddable":true,"href":"https:\/\/minghanggroup.com\/fr\/wp-json\/wp\/v2\/product_brand?post=5823"},{"taxonomy":"product_cat","embeddable":true,"href":"https:\/\/minghanggroup.com\/fr\/wp-json\/wp\/v2\/product_cat?post=5823"},{"taxonomy":"product_tag","embeddable":true,"href":"https:\/\/minghanggroup.com\/fr\/wp-json\/wp\/v2\/product_tag?post=5823"}],"curies":[{"name":"wp","href":"https:\/\/api.w.org\/{rel}","templated":true}]}}