{"id":5818,"date":"2026-03-02T08:48:32","date_gmt":"2026-03-02T00:48:32","guid":{"rendered":"https:\/\/minghanggroup.com\/?post_type=product&#038;p=5818"},"modified":"2026-03-03T13:29:25","modified_gmt":"2026-03-03T05:29:25","slug":"frosted-white-glass-dropper-bottles-wholesale","status":"publish","type":"product","link":"https:\/\/minghanggroup.com\/fr\/produit\/frosted-white-glass-dropper-bottles-wholesale\/","title":{"rendered":"Flacons compte-gouttes en verre blanc d\u00e9poli de 5 ml \u00e0 100 ml (vente en gros)"},"content":{"rendered":"<p>Ces flacons compte-gouttes en verre pr\u00e9sentent une surface lisse, blanche et d\u00e9polie, ainsi qu&#039;une forme ronde et minimaliste. Disponibles en diff\u00e9rentes tailles, ils sont dot\u00e9s de bouchons compte-gouttes en m\u00e9tal brillant argent\u00e9 ou or rose, parfaitement adapt\u00e9s aux emballages haut de gamme pour les produits de sant\u00e9 et de soins de la peau.<\/p>\n<h2>Caract\u00e9ristiques du produit<\/h2>\n<ul>\n<li><strong>Texture givr\u00e9e :<\/strong> La surface en verre blanc mat d\u00e9poli est douce au toucher et offre une sensation haut de gamme, sans laisser de traces de doigts.<\/li>\n<li><strong>Syst\u00e8me de tige de selle t\u00e9lescopique de pr\u00e9cision\u00a0:<\/strong> L&#039;embout compte-gouttes int\u00e9gr\u00e9 en silicone est un compte-gouttes en verre qui permet une distribution pr\u00e9cise du produit.<\/li>\n<li><strong>Six tailles :<\/strong> Sept formats disponibles, allant de 5 ml \u00e0 100 ml, pour inclure les \u00e9chantillons, les formats voyage et le produit en format standard.<\/li>\n<\/ul>\n<h2 style=\"text-align: left;\">Caract\u00e9ristiques principales<\/h2>\n<table class=\"aligncenter\" style=\"border-collapse: collapse; width: 447.77pt;\" border=\"0\" width=\"597\" cellspacing=\"0\" cellpadding=\"0\">\n<tbody>\n<tr style=\"height: 13.50pt;\">\n<td style=\"height: 13.50pt; width: 115.50pt;\" width=\"154\" height=\"18\">Sp\u00e9cification<\/td>\n<td style=\"width: 332.25pt;\" width=\"443\">D\u00e9tails<\/td>\n<\/tr>\n<tr style=\"height: 13.50pt;\">\n<td style=\"height: 13.50pt;\" height=\"18\">Capacit\u00e9<\/td>\n<td>5 ml, 10 ml, 15 ml, 20 ml, 30 ml, 50 ml, 100 ml<\/td>\n<\/tr>\n<tr style=\"height: 13.50pt;\">\n<td style=\"height: 13.50pt;\" height=\"18\">Dimensions<\/td>\n<td>2,2 \u00d7 7,3 cm \u00e0 4,5 \u00d7 13,5 cm (Diam\u00e8tre \u00d7 Hauteur)<\/td>\n<\/tr>\n<tr style=\"height: 13.50pt;\">\n<td style=\"height: 13.50pt;\" height=\"18\">Mat\u00e9riel<\/td>\n<td>Verre blanc d\u00e9poli, compte-gouttes en verre<\/td>\n<\/tr>\n<tr style=\"height: 13.50pt;\">\n<td style=\"height: 13.50pt;\" height=\"18\">Forme de bouteille<\/td>\n<td>Cylindre court avec ensemble de tige de selle t\u00e9lescopique<\/td>\n<\/tr>\n<tr style=\"height: 13.50pt;\">\n<td style=\"height: 13.50pt;\" height=\"18\">\u00c9tendue de la personnalisation<\/td>\n<td>Taille, couleur, finition, embout compte-gouttes<\/td>\n<\/tr>\n<tr style=\"height: 13.50pt;\">\n<td style=\"height: 13.50pt;\" height=\"18\">Savoir-faire<\/td>\n<td>Formage de verre de pr\u00e9cision avec traitement de surface d\u00e9poli<\/td>\n<\/tr>\n<tr style=\"height: 13.50pt;\">\n<td style=\"height: 13.50pt;\" height=\"18\">Objectif du produit<\/td>\n<td>Flacons de s\u00e9rums de luxe, flacons compte-gouttes en verre<\/td>\n<\/tr>\n<tr style=\"height: 13.50pt;\">\n<td style=\"height: 13.50pt;\" height=\"18\">Secteurs d&#039;activit\u00e9 appropri\u00e9s<\/td>\n<td>Marques de soins de la peau de luxe, entreprises d&#039;aromath\u00e9rapie<\/td>\n<\/tr>\n<\/tbody>\n<\/table>\n<h2>Histoire \u00e0 succ\u00e8s<\/h2>\n<p>Notre flacon de 30 ml en verre blanc d\u00e9poli, dot\u00e9 d&#039;un compte-gouttes en verre, d&#039;un bouchon or rose et d&#039;une s\u00e9rigraphie minimaliste, a \u00e9t\u00e9 personnalis\u00e9 par une marque de soins de la peau nordique. La texture d\u00e9polie, devenue un \u00e9l\u00e9ment de design embl\u00e9matique, a \u00e9t\u00e9 mentionn\u00e9e plus de 50\u00a0000 fois sur les r\u00e9seaux sociaux. Le compte-gouttes en verre pr\u00e9serve la puret\u00e9 des formules. Sa contenance de 30 ml permet une utilisation pendant 60 jours. Fort de ce succ\u00e8s, la marque a command\u00e9 par la suite 2,5 millions de flacons suppl\u00e9mentaires pour accompagner son expansion internationale sur les march\u00e9s asiatiques et nord-am\u00e9ricains.<\/p>\n<h2>Personnalisation des flacons compte-gouttes en verre<\/h2>\n<ul>\n<li><strong>Finitions des capuchons m\u00e9talliques\u00a0:<\/strong> Les capuchons m\u00e9talliques sont disponibles dans les finitions suivantes : or bross\u00e9, noir mat, chrome poli ou PVD personnalis\u00e9.<\/li>\n<li><strong>Finitions givr\u00e9es par trempage color\u00e9\u00a0:<\/strong> D&#039;autres teintes pastel douces (rose poudr\u00e9 et vert sauge) existent \u00e9galement en finition givr\u00e9e, en plus du blanc traditionnel.<\/li>\n<li><strong>Pipettes en verre gradu\u00e9 :<\/strong> Cette version comprend des graduations grav\u00e9es de fa\u00e7on permanente sur les compte-gouttes en verre, permettant de r\u00e9aliser facilement des tests scientifiques ou de fabriquer des outils de bricolage de haute pr\u00e9cision.<\/li>\n<\/ul>","protected":false},"excerpt":{"rendered":"<p>Flacon en verre de qualit\u00e9 sup\u00e9rieure avec compte-gouttes en verre blanc mat d\u00e9poli. Disponible en plusieurs formats pour s\u00e9rums et huiles. \u00c9chantillons gratuits.<\/p>","protected":false},"featured_media":5820,"template":"","meta":{"postBodyCss":"","postBodyMargin":[],"postBodyPadding":[],"postBodyBackground":{"backgroundType":"classic","gradient":""}},"product_brand":[],"product_cat":[15,87,16],"product_tag":[],"class_list":{"0":"post-5818","1":"product","2":"type-product","3":"status-publish","4":"has-post-thumbnail","6":"product_cat-glass-containers","7":"product_cat-dropper-bottles","8":"product_cat-glass-bottles","10":"first","11":"instock","12":"shipping-taxable","13":"product-type-simple"},"jetpack_sharing_enabled":true,"_links":{"self":[{"href":"https:\/\/minghanggroup.com\/fr\/wp-json\/wp\/v2\/product\/5818","targetHints":{"allow":["GET"]}}],"collection":[{"href":"https:\/\/minghanggroup.com\/fr\/wp-json\/wp\/v2\/product"}],"about":[{"href":"https:\/\/minghanggroup.com\/fr\/wp-json\/wp\/v2\/types\/product"}],"wp:featuredmedia":[{"embeddable":true,"href":"https:\/\/minghanggroup.com\/fr\/wp-json\/wp\/v2\/media\/5820"}],"wp:attachment":[{"href":"https:\/\/minghanggroup.com\/fr\/wp-json\/wp\/v2\/media?parent=5818"}],"wp:term":[{"taxonomy":"product_brand","embeddable":true,"href":"https:\/\/minghanggroup.com\/fr\/wp-json\/wp\/v2\/product_brand?post=5818"},{"taxonomy":"product_cat","embeddable":true,"href":"https:\/\/minghanggroup.com\/fr\/wp-json\/wp\/v2\/product_cat?post=5818"},{"taxonomy":"product_tag","embeddable":true,"href":"https:\/\/minghanggroup.com\/fr\/wp-json\/wp\/v2\/product_tag?post=5818"}],"curies":[{"name":"wp","href":"https:\/\/api.w.org\/{rel}","templated":true}]}}