{"id":5808,"date":"2026-02-28T14:37:41","date_gmt":"2026-02-28T06:37:41","guid":{"rendered":"https:\/\/minghanggroup.com\/?post_type=product&#038;p=5808"},"modified":"2026-02-28T15:09:50","modified_gmt":"2026-02-28T07:09:50","slug":"colored-empty-bottles-with-dropper-wholesale","status":"publish","type":"product","link":"https:\/\/minghanggroup.com\/fr\/produit\/colored-empty-bottles-with-dropper-wholesale\/","title":{"rendered":"Flacons vides color\u00e9s avec compte-gouttes, 20 ml, 30 ml, 40 ml et 50 ml, vente en gros"},"content":{"rendered":"<p>Le flacon avec compte-gouttes en verre arbore des couleurs rappelant un macaron\u00a0; sa forme \u00e9l\u00e9gante et cylindrique, associ\u00e9e \u00e0 un compte-gouttes en verre, en fait le choix id\u00e9al pour conserver les s\u00e9rums, les huiles pour le visage et autres produits.<\/p>\n<h2>Caract\u00e9ristiques du produit<\/h2>\n<ul>\n<li><strong>Palette de couleurs Macaron :<\/strong> Il existe quatre couleurs de macarons, dont orange, rose, vert clair et fuchsia, ce qui est esth\u00e9tiquement plaisant et attire l&#039;\u0153il, notamment aupr\u00e8s des jeunes consommatrices de produits de beaut\u00e9.<\/li>\n<li><strong>Plusieurs tailles pour faciliter le transport :<\/strong> Offre quatre capacit\u00e9s diff\u00e9rentes pour r\u00e9pondre aux exigences de distribution d&#039;\u00e9chantillons et de portabilit\u00e9 des s\u00e9rums, huiles et autres produits de soin de la peau.<\/li>\n<li><strong>Conception simple d&#039;une bouteille cylindrique\u00a0:<\/strong> La forme cylindrique de la bouteille est droite, ce qui facilite son rangement et sa manipulation ; de plus, elle occupe moins d&#039;espace d&#039;exposition et peut donc \u00eatre utilis\u00e9e dans une large gamme de pr\u00e9sentoirs et de solutions de transport.<\/li>\n<\/ul>\n<h2 style=\"text-align: left;\">Caract\u00e9ristiques principales<\/h2>\n<table class=\"aligncenter\" style=\"border-collapse: collapse; width: 419.27pt;\" border=\"0\" width=\"559\" cellspacing=\"0\" cellpadding=\"0\">\n<tbody>\n<tr style=\"height: 13.50pt;\">\n<td style=\"height: 13.50pt; width: 115.50pt;\" width=\"154\" height=\"18\">Sp\u00e9cification<\/td>\n<td style=\"width: 303.75pt;\" width=\"405\">D\u00e9tails<\/td>\n<\/tr>\n<tr style=\"height: 13.50pt;\">\n<td style=\"height: 13.50pt;\" height=\"18\">Capacit\u00e9<\/td>\n<td>20 ml, 30 ml, 40 ml, 50 ml<\/td>\n<\/tr>\n<tr style=\"height: 13.50pt;\">\n<td style=\"height: 13.50pt;\" height=\"18\">Dimensions<\/td>\n<td>3,7\u00d78 cm \u00e0 3,7\u00d711,8 cm (Diam\u00e8tre \u00d7 Hauteur)<\/td>\n<\/tr>\n<tr style=\"height: 13.50pt;\">\n<td style=\"height: 13.50pt;\" height=\"18\">Mat\u00e9riel<\/td>\n<td>Verre (avec rev\u00eatement\/finition color\u00e9e)<\/td>\n<\/tr>\n<tr style=\"height: 13.50pt;\">\n<td style=\"height: 13.50pt;\" height=\"18\">Forme de bouteille<\/td>\n<td>Cylindre \u00e0 parois droites<\/td>\n<\/tr>\n<tr style=\"height: 13.50pt;\">\n<td style=\"height: 13.50pt;\" height=\"18\">\u00c9tendue de la personnalisation<\/td>\n<td>Couleur, taille, mat\u00e9riau du bouchon\/de la pipette, finition de surface<\/td>\n<\/tr>\n<tr style=\"height: 13.50pt;\">\n<td style=\"height: 13.50pt;\" height=\"18\">Savoir-faire<\/td>\n<td>Formage de verre de pr\u00e9cision avec application de couleur<\/td>\n<\/tr>\n<tr style=\"height: 13.50pt;\">\n<td style=\"height: 13.50pt;\" height=\"18\">Objectif du produit<\/td>\n<td>\u00c9chantillons cosm\u00e9tiques, flacons compte-gouttes<\/td>\n<\/tr>\n<tr style=\"height: 13.50pt;\">\n<td style=\"height: 13.50pt;\" height=\"18\">Secteurs d&#039;activit\u00e9 appropri\u00e9s<\/td>\n<td>Cosm\u00e9tiques, marques de beaut\u00e9 ind\u00e9pendantes<\/td>\n<\/tr>\n<\/tbody>\n<\/table>\n<h2>Histoire \u00e0 succ\u00e8s<\/h2>\n<p>L&#039;une des plus grandes entreprises d&#039;abonnements beaut\u00e9 a souhait\u00e9 utiliser nos flacons de 30 ml avec compte-gouttes, dans sa propre charte graphique, mais en modifiant la texture lisse pour lui donner un aspect givr\u00e9 vert menthe. Ce syst\u00e8me de code couleur permet aux abonn\u00e9s d&#039;identifier rapidement le produit et r\u00e9duit de 25 % les demandes au service client. Le format de 30 ml est suffisant pour un mois d&#039;utilisation. Face \u00e0 ces besoins d&#039;approvisionnement pour un an, l&#039;entreprise a par la suite command\u00e9 1,5 million de flacons au total, compte tenu de leurs performances exceptionnelles.<\/p>\n<h2>Personnalisation des flacons avec compte-gouttes<\/h2>\n<ul>\n<li>Nuancier personnalis\u00e9\u00a0: Cr\u00e9ez votre propre m\u00e9lange de couleurs douces ou vives pour l\u2019une de vos marques.<\/li>\n<li>Effets scintillants ou nacr\u00e9s\u00a0: De fines particules scintillantes ou nacr\u00e9es peuvent \u00eatre ajout\u00e9es au rev\u00eatement color\u00e9 pour le rendre plus attrayant.<\/li>\n<li>Opaque ou transparent\u00a0: Il est disponible en flacons transparents et opaques.<\/li>\n<\/ul>","protected":false},"excerpt":{"rendered":"<p>Flacons couleur macaron avec compte-gouttes, disponibles en plusieurs tailles. Id\u00e9aux pour les \u00e9chantillons de soins et les coffrets de voyage. Vente directe d&#039;usine pour un avantage concurrentiel en gros.<\/p>","protected":false},"featured_media":5809,"template":"","meta":{"postBodyCss":"","postBodyMargin":[],"postBodyPadding":[],"postBodyBackground":{"backgroundType":"classic","gradient":""}},"product_brand":[],"product_cat":[15,87,16],"product_tag":[],"class_list":{"0":"post-5808","1":"product","2":"type-product","3":"status-publish","4":"has-post-thumbnail","6":"product_cat-glass-containers","7":"product_cat-dropper-bottles","8":"product_cat-glass-bottles","10":"first","11":"instock","12":"shipping-taxable","13":"product-type-simple"},"jetpack_sharing_enabled":true,"_links":{"self":[{"href":"https:\/\/minghanggroup.com\/fr\/wp-json\/wp\/v2\/product\/5808","targetHints":{"allow":["GET"]}}],"collection":[{"href":"https:\/\/minghanggroup.com\/fr\/wp-json\/wp\/v2\/product"}],"about":[{"href":"https:\/\/minghanggroup.com\/fr\/wp-json\/wp\/v2\/types\/product"}],"wp:featuredmedia":[{"embeddable":true,"href":"https:\/\/minghanggroup.com\/fr\/wp-json\/wp\/v2\/media\/5809"}],"wp:attachment":[{"href":"https:\/\/minghanggroup.com\/fr\/wp-json\/wp\/v2\/media?parent=5808"}],"wp:term":[{"taxonomy":"product_brand","embeddable":true,"href":"https:\/\/minghanggroup.com\/fr\/wp-json\/wp\/v2\/product_brand?post=5808"},{"taxonomy":"product_cat","embeddable":true,"href":"https:\/\/minghanggroup.com\/fr\/wp-json\/wp\/v2\/product_cat?post=5808"},{"taxonomy":"product_tag","embeddable":true,"href":"https:\/\/minghanggroup.com\/fr\/wp-json\/wp\/v2\/product_tag?post=5808"}],"curies":[{"name":"wp","href":"https:\/\/api.w.org\/{rel}","templated":true}]}}