{"id":5807,"date":"2026-02-28T16:26:20","date_gmt":"2026-02-28T08:26:20","guid":{"rendered":"https:\/\/minghanggroup.com\/?post_type=product&#038;p=5807"},"modified":"2026-02-28T16:33:05","modified_gmt":"2026-02-28T08:33:05","slug":"frosted-dropper-glass-bottles-bulk","status":"publish","type":"product","link":"https:\/\/minghanggroup.com\/fr\/produit\/frosted-dropper-glass-bottles-bulk\/","title":{"rendered":"Flacons compte-gouttes en verre d\u00e9poli de 20 \u00e0 100 ml (vente en gros)"},"content":{"rendered":"<p>Votre huile essentielle m\u00e9rite un emballage aussi luxueux au toucher qu&#039;\u00e0 la vue. Notre gamme de flacons compte-gouttes en verre d\u00e9poli transforme les flacons compte-gouttes ordinaires en contenants incontournables. Fabriqu\u00e9s en verre de qualit\u00e9 sup\u00e9rieure avec une finition mate, ces flacons compte-gouttes sont con\u00e7us pour une exp\u00e9dition sans fuite et offrent une protection UV optimale. Un emballage qui met en valeur votre marque d&#039;huile essentielle, et pas seulement qui la contient. Contenance\u00a0? De 20\u00a0ml (id\u00e9al pour les \u00e9chantillons de 30\u00a0ml) \u00e0 100\u00a0ml. Compte-gouttes\u00a0? Flacons en verre de pr\u00e9cision avec compte-gouttes.<\/p>\n<h2>Caract\u00e9ristiques du produit<\/h2>\n<ul>\n<li><strong>Finition mate givr\u00e9e :<\/strong> Sa texture douce et givr\u00e9e au toucher ajoute une touche haut de gamme et offre \u00e9galement une prise en main confortable et antid\u00e9rapante.<\/li>\n<li><strong>Bouchon compte-gouttes naturel et styl\u00e9\u00a0:<\/strong> Le design du col en bois, vein\u00e9 ou aux tons naturels, cr\u00e9e un style simple, \u00e9cologique et inspir\u00e9.<\/li>\n<li><strong>Diff\u00e9rentes options de capacit\u00e9\u00a0:<\/strong> Vous pouvez choisir parmi diff\u00e9rentes tailles pour vous adapter \u00e0 diff\u00e9rentes gammes de produits de soins de la peau ou d&#039;huiles essentielles.<\/li>\n<\/ul>\n<h2>Caract\u00e9ristiques principales<\/h2>\n<table style=\"border-collapse: collapse; width: 80%; margin-left: auto; margin-right: auto;\" border=\"0\" width=\"288\" cellspacing=\"0\" cellpadding=\"0\">\n<tbody>\n<tr style=\"height: 13.50pt;\">\n<td style=\"height: 13.5pt; width: 54pt; text-align: center;\" width=\"72\" height=\"18\">Capacit\u00e9 (ml)<\/td>\n<td style=\"width: 54pt; text-align: center;\" width=\"72\">Dimensions (cm)<\/td>\n<td style=\"width: 54pt; text-align: center;\" width=\"72\">Finition<\/td>\n<td style=\"width: 54pt; text-align: center;\" width=\"72\">Type de casquette<\/td>\n<\/tr>\n<tr style=\"height: 13.50pt;\">\n<td style=\"height: 13.5pt; text-align: center;\" align=\"right\" height=\"18\">20<\/td>\n<td style=\"text-align: center;\">3.7 \u00d7 7.8<\/td>\n<td class=\"et2\" style=\"text-align: center;\" rowspan=\"7\">Givr\u00e9<\/td>\n<td class=\"et2\" style=\"text-align: center;\" rowspan=\"7\">Feuille de bois + compte-gouttes blanc<\/td>\n<\/tr>\n<tr style=\"height: 13.50pt;\">\n<td style=\"height: 13.5pt; text-align: center;\" align=\"right\" height=\"18\">30<\/td>\n<td style=\"text-align: center;\">3.7 \u00d7 9.5<\/td>\n<\/tr>\n<tr style=\"height: 13.50pt;\">\n<td style=\"height: 13.5pt; text-align: center;\" align=\"right\" height=\"18\">40<\/td>\n<td style=\"text-align: center;\">3.7 \u00d7 10.7<\/td>\n<\/tr>\n<tr style=\"height: 13.50pt;\">\n<td style=\"height: 13.5pt; text-align: center;\" align=\"right\" height=\"18\">50<\/td>\n<td style=\"text-align: center;\">3.7 \u00d7 11.7<\/td>\n<\/tr>\n<tr style=\"height: 13.50pt;\">\n<td style=\"height: 13.5pt; text-align: center;\" align=\"right\" height=\"18\">60<\/td>\n<td style=\"text-align: center;\">3.7 \u00d7 13.3<\/td>\n<\/tr>\n<tr style=\"height: 13.50pt;\">\n<td style=\"height: 13.5pt; text-align: center;\" align=\"right\" height=\"18\">80<\/td>\n<td style=\"text-align: center;\">3.9 \u00d7 14.4<\/td>\n<\/tr>\n<tr style=\"height: 13.50pt;\">\n<td style=\"height: 13.5pt; text-align: center;\" align=\"right\" height=\"18\">100<\/td>\n<td style=\"text-align: center;\">4.2 \u00d7 15.8<\/td>\n<\/tr>\n<\/tbody>\n<\/table>\n<h2>Cas de r\u00e9ussite<\/h2>\n<p>Notre flacon compte-gouttes en verre d\u00e9poli de 60 ml, fabriqu\u00e9 en Australie, a \u00e9t\u00e9 s\u00e9lectionn\u00e9 par une marque de cosm\u00e9tiques naturels. Nous avons travaill\u00e9 la finesse du d\u00e9polissage pour obtenir un effet doux et semi-transparent, mettant subtilement en valeur la couleur naturelle des huiles essentielles, sans exc\u00e8s. Nous avons \u00e9galement r\u00e9alis\u00e9 une s\u00e9rigraphie blanche pour une \u00e9tiquette parfaitement adapt\u00e9e \u00e0 la taille du flacon, et personnalis\u00e9 cette \u00e9tiquette avec le nom de notre marque afin d&#039;accro\u00eetre sa notori\u00e9t\u00e9.<\/p>\n<p>Les ventes au d\u00e9tail de la marque ont progress\u00e9 de 36 % en quatre mois depuis le lancement du nouvel emballage, et les clients appr\u00e9cient particuli\u00e8rement la texture givr\u00e9e et l&#039;aspect naturel du produit dans leurs avis. Face \u00e0 cet accueil favorable du march\u00e9, le client a choisi cette gamme de flacons compte-gouttes givr\u00e9s comme emballage standard pour tous ses produits \u00e0 base d&#039;huiles essentielles pour le visage.<\/p>\n<h2>Options de personnalisation<\/h2>\n<ol>\n<li><strong>Am\u00e9lioration du mat\u00e9riau du capuchon en bois\u00a0:<\/strong> Laissez les clients choisir entre du bambou v\u00e9ritable, du bois massif ou du bois, et des options en ABS \u00e0 motifs ayant subi un traitement anti-humidit\u00e9.<\/li>\n<li><strong>Logo en relief ou en creux\u00a0:<\/strong> Apposer un logo grav\u00e9 au bas de la bouteille ou sur le col en bois est une mani\u00e8re subtile de maintenir la marque pr\u00e9sente \u00e0 l&#039;esprit du client.<\/li>\n<li><strong>Rev\u00eatements de surface sp\u00e9ciaux\u00a0:<\/strong> Vous pouvez appliquer une couche anti-traces de doigts ou une finition douce au toucher pour rendre le produit plus agr\u00e9able \u00e0 tenir.<\/li>\n<\/ol>","protected":false},"excerpt":{"rendered":"<p>Flacons compte-gouttes en verre d\u00e9poli, style naturel, pour huiles essentielles. Flacons compte-gouttes en verre en gros avec protection UV. Bouchons en bois personnalis\u00e9s. \u00c9chantillons gratuits.<\/p>","protected":false},"featured_media":5815,"template":"","meta":{"postBodyCss":"","postBodyMargin":[],"postBodyPadding":[],"postBodyBackground":{"backgroundType":"classic","gradient":""}},"product_brand":[],"product_cat":[15,87,16],"product_tag":[],"class_list":{"0":"post-5807","1":"product","2":"type-product","3":"status-publish","4":"has-post-thumbnail","6":"product_cat-glass-containers","7":"product_cat-dropper-bottles","8":"product_cat-glass-bottles","10":"first","11":"instock","12":"shipping-taxable","13":"product-type-simple"},"jetpack_sharing_enabled":true,"_links":{"self":[{"href":"https:\/\/minghanggroup.com\/fr\/wp-json\/wp\/v2\/product\/5807","targetHints":{"allow":["GET"]}}],"collection":[{"href":"https:\/\/minghanggroup.com\/fr\/wp-json\/wp\/v2\/product"}],"about":[{"href":"https:\/\/minghanggroup.com\/fr\/wp-json\/wp\/v2\/types\/product"}],"wp:featuredmedia":[{"embeddable":true,"href":"https:\/\/minghanggroup.com\/fr\/wp-json\/wp\/v2\/media\/5815"}],"wp:attachment":[{"href":"https:\/\/minghanggroup.com\/fr\/wp-json\/wp\/v2\/media?parent=5807"}],"wp:term":[{"taxonomy":"product_brand","embeddable":true,"href":"https:\/\/minghanggroup.com\/fr\/wp-json\/wp\/v2\/product_brand?post=5807"},{"taxonomy":"product_cat","embeddable":true,"href":"https:\/\/minghanggroup.com\/fr\/wp-json\/wp\/v2\/product_cat?post=5807"},{"taxonomy":"product_tag","embeddable":true,"href":"https:\/\/minghanggroup.com\/fr\/wp-json\/wp\/v2\/product_tag?post=5807"}],"curies":[{"name":"wp","href":"https:\/\/api.w.org\/{rel}","templated":true}]}}