{"id":5798,"date":"2026-02-28T14:26:05","date_gmt":"2026-02-28T06:26:05","guid":{"rendered":"https:\/\/minghanggroup.com\/?post_type=product&#038;p=5798"},"modified":"2026-02-28T14:26:07","modified_gmt":"2026-02-28T06:26:07","slug":"pink-gradient-essential-oil-bottles-wholesale","status":"publish","type":"product","link":"https:\/\/minghanggroup.com\/fr\/produit\/pink-gradient-essential-oil-bottles-wholesale\/","title":{"rendered":"Flacons d&#039;huiles essentielles roses d\u00e9grad\u00e9es de 5 ml \u00e0 100 ml (vente en gros)"},"content":{"rendered":"<p>Votre huile essentielle m\u00e9rite un emballage aussi esth\u00e9tique que performant. Nos flacons d&#039;huiles essentielles en gros arborent un d\u00e9grad\u00e9 rose tendre \u2013 un verre qui passe du transparent au ros\u00e9 \u2013 id\u00e9al pour les marques d&#039;huiles essentielles modernes. Flacons compte-gouttes en verre de qualit\u00e9 sup\u00e9rieure avec protection UV. Contenance\u00a0: de 5\u00a0ml (\u00e9chantillons de 30\u00a0ml) \u00e0 100\u00a0ml. Compte-gouttes\u00a0: flacon compte-gouttes en verre de pr\u00e9cision. Votre huile essentielle conserve toute sa fra\u00eecheur.<\/p>\n<h2>Caract\u00e9ristiques du produit<\/h2>\n<ul>\n<li><strong>Finition d\u00e9grad\u00e9e rose :<\/strong> Un effet de couleur rafra\u00eechissant, allant du transparent au rose p\u00e2le, qui rend le produit plus attrayant et le distingue sur le march\u00e9.<\/li>\n<li><strong>Syst\u00e8me de tige de selle t\u00e9lescopique de pr\u00e9cision\u00a0:<\/strong> Cet appareil est \u00e9quip\u00e9 d&#039;une pipette en verre et d&#039;une poire en caoutchouc souple, ce qui permet un dosage tr\u00e8s pr\u00e9cis et facilement contr\u00f4lable.<\/li>\n<li><strong>Conception s\u00e9curis\u00e9e du col \u00e0 vis :<\/strong> Cette caract\u00e9ristique de conception garantit que le pot est herm\u00e9tiquement ferm\u00e9 et emp\u00eache ainsi le produit de fuir pendant le stockage et le transport.<\/li>\n<\/ul>\n<h2>Caract\u00e9ristiques principales<\/h2>\n<table style=\"border-collapse: collapse; width: 80%; margin-left: auto; margin-right: auto;\" border=\"0\" width=\"288\" cellspacing=\"0\" cellpadding=\"0\">\n<tbody>\n<tr style=\"height: 13.50pt;\">\n<td style=\"height: 13.5pt; width: 54pt; text-align: center;\" width=\"72\" height=\"18\">Capacit\u00e9 (ml)<\/td>\n<td style=\"width: 54pt; text-align: center;\" width=\"72\">Dimensions (cm)<\/td>\n<td style=\"width: 54pt; text-align: center;\" width=\"72\">Couleur<\/td>\n<td style=\"width: 54pt; text-align: center;\" width=\"72\">Options de la tige t\u00e9lescopique<\/td>\n<\/tr>\n<tr style=\"height: 13.50pt;\">\n<td style=\"height: 13.5pt; text-align: center;\" align=\"right\" height=\"18\">5<\/td>\n<td style=\"text-align: center;\">2,2 \u00d7 7,3<\/td>\n<td class=\"et2\" style=\"text-align: center;\" rowspan=\"7\">Rose d\u00e9grad\u00e9<\/td>\n<td class=\"et2\" style=\"text-align: center;\" rowspan=\"7\">Rose, blanc, or\u2026<\/td>\n<\/tr>\n<tr style=\"height: 13.50pt;\">\n<td style=\"height: 13.5pt; text-align: center;\" align=\"right\" height=\"18\">10<\/td>\n<td style=\"text-align: center;\">2,5 \u00d7 8,1<\/td>\n<\/tr>\n<tr style=\"height: 13.50pt;\">\n<td style=\"height: 13.5pt; text-align: center;\" align=\"right\" height=\"18\">15<\/td>\n<td style=\"text-align: center;\">2,8 \u00d7 8,7<\/td>\n<\/tr>\n<tr style=\"height: 13.50pt;\">\n<td style=\"height: 13.5pt; text-align: center;\" align=\"right\" height=\"18\">20<\/td>\n<td style=\"text-align: center;\">2,8 \u00d7 9,4<\/td>\n<\/tr>\n<tr style=\"height: 13.50pt;\">\n<td style=\"height: 13.5pt; text-align: center;\" align=\"right\" height=\"18\">30<\/td>\n<td style=\"text-align: center;\">3,3 \u00d7 10,1<\/td>\n<\/tr>\n<tr style=\"height: 13.50pt;\">\n<td style=\"height: 13.5pt; text-align: center;\" align=\"right\" height=\"18\">50<\/td>\n<td style=\"text-align: center;\">3,6 \u00d7 11,3<\/td>\n<\/tr>\n<tr style=\"height: 13.50pt;\">\n<td style=\"height: 13.5pt; text-align: center;\" align=\"right\" height=\"18\">100<\/td>\n<td style=\"text-align: center;\">4,5 \u00d7 13,5<\/td>\n<\/tr>\n<\/tbody>\n<\/table>\n<h2>Cas de r\u00e9ussite<\/h2>\n<p>Une marque asiatique ind\u00e9pendante de soins de la peau a choisi notre flacon compte-gouttes rose d\u00e9grad\u00e9 de 100 ml pour le lancement d&#039;une nouvelle gamme de s\u00e9rums \u00e9claircissants destin\u00e9s aux jeunes femmes d&#039;Asie du Sud-Est. Afin d&#039;optimiser la durabilit\u00e9 de l&#039;impression, nous avons \u00e9galement ajout\u00e9 un col plaqu\u00e9 or rose, un logo estamp\u00e9 \u00e0 chaud et une \u00e9tiquette d\u00e9polie.<\/p>\n<p>Un mois plus tard, soit six mois apr\u00e8s le lancement du nouvel emballage en ligne, la marque a enregistr\u00e9 une hausse de 41 % de ses ventes. Le client a pass\u00e9 huit commandes group\u00e9es l&#039;ann\u00e9e suivante.<\/p>\n<h2>Conseils de personnalisation<\/h2>\n<ol>\n<li><strong>Options pour t\u00eate de tige de selle t\u00e9lescopique\u00a0:<\/strong> Vous pouvez choisir des ampoules en silicone de diff\u00e9rentes couleurs (blanc, rose, noir) ou des colliers \u00e0 finition m\u00e9tallique comme l&#039;or, l&#039;or rose ou l&#039;argent mat.<\/li>\n<li><strong>S\u00e9lection de la finition du verre\u00a0:<\/strong> Proposez un film glac\u00e9, d\u00e9poli ou mat doux au toucher pour rehausser l&#039;aspect sensuel et luxueux de l&#039;article.<\/li>\n<li><strong>Marquage grav\u00e9 ou en relief\u00a0:<\/strong> Personnalisez le fond ou la partie sup\u00e9rieure de la bouteille avec le logo de la marque en relief pour un style sophistiqu\u00e9 et luxueux.<\/li>\n<\/ol>","protected":false},"excerpt":{"rendered":"<p>Notre usine propose des flacons d&#039;huiles essentielles en gros. Ces flacons compte-gouttes sont livr\u00e9s directement de l&#039;usine, personnalisables en grande quantit\u00e9 et exp\u00e9di\u00e9s rapidement.<\/p>","protected":false},"featured_media":5806,"template":"","meta":{"postBodyCss":"","postBodyMargin":[],"postBodyPadding":[],"postBodyBackground":{"backgroundType":"classic","gradient":""}},"product_brand":[],"product_cat":[15,87,16],"product_tag":[],"class_list":{"0":"post-5798","1":"product","2":"type-product","3":"status-publish","4":"has-post-thumbnail","6":"product_cat-glass-containers","7":"product_cat-dropper-bottles","8":"product_cat-glass-bottles","10":"first","11":"instock","12":"shipping-taxable","13":"product-type-simple"},"jetpack_sharing_enabled":true,"_links":{"self":[{"href":"https:\/\/minghanggroup.com\/fr\/wp-json\/wp\/v2\/product\/5798","targetHints":{"allow":["GET"]}}],"collection":[{"href":"https:\/\/minghanggroup.com\/fr\/wp-json\/wp\/v2\/product"}],"about":[{"href":"https:\/\/minghanggroup.com\/fr\/wp-json\/wp\/v2\/types\/product"}],"wp:featuredmedia":[{"embeddable":true,"href":"https:\/\/minghanggroup.com\/fr\/wp-json\/wp\/v2\/media\/5806"}],"wp:attachment":[{"href":"https:\/\/minghanggroup.com\/fr\/wp-json\/wp\/v2\/media?parent=5798"}],"wp:term":[{"taxonomy":"product_brand","embeddable":true,"href":"https:\/\/minghanggroup.com\/fr\/wp-json\/wp\/v2\/product_brand?post=5798"},{"taxonomy":"product_cat","embeddable":true,"href":"https:\/\/minghanggroup.com\/fr\/wp-json\/wp\/v2\/product_cat?post=5798"},{"taxonomy":"product_tag","embeddable":true,"href":"https:\/\/minghanggroup.com\/fr\/wp-json\/wp\/v2\/product_tag?post=5798"}],"curies":[{"name":"wp","href":"https:\/\/api.w.org\/{rel}","templated":true}]}}