{"id":5793,"date":"2026-02-28T11:33:41","date_gmt":"2026-02-28T03:33:41","guid":{"rendered":"https:\/\/minghanggroup.com\/?post_type=product&#038;p=5793"},"modified":"2026-02-28T13:52:14","modified_gmt":"2026-02-28T05:52:14","slug":"clear-glass-empty-dropper-bottles-with-lids-wholesale","status":"publish","type":"product","link":"https:\/\/minghanggroup.com\/fr\/produit\/clear-glass-empty-dropper-bottles-with-lids-wholesale\/","title":{"rendered":"Flacons compte-gouttes vides en verre transparent de 20 ml, 30 ml et 50 ml avec bouchons, vente en gros"},"content":{"rendered":"<p>Ces flacons compte-gouttes vides sont fabriqu\u00e9s en verre transparent pur de haute qualit\u00e9, de forme cylindrique avec un sommet arrondi et des bouchons compte-gouttes en argent et or m\u00e9tallis\u00e9s, ce qui leur conf\u00e8re une touche \u00e9l\u00e9gante et contemporaine.<\/p>\n<h2>Caract\u00e9ristiques du produit<\/h2>\n<ul>\n<li><strong>Style de design contemporain\u00a0:<\/strong> Les lignes \u00e9pur\u00e9es et le verre ultra-clair lui conf\u00e8rent une allure contemporaine et haut de gamme.<\/li>\n<li><strong>Bouchons m\u00e9talliques haut de gamme\u00a0:<\/strong> Les bouchons sont disponibles en versions \u00e0 vis, \u00e0 bouton-poussoir et \u00e0 compte-gouttes, offrant une sensation agr\u00e9able au toucher.<\/li>\n<li><strong>Tailles de casquettes id\u00e9ales\u00a0:<\/strong> Trois tailles de bouchon pratiques (20 ml, 30 ml, 50 ml) conviennent \u00e0 la plupart des s\u00e9rums, huiles essentielles et teintures.<\/li>\n<\/ul>\n<h2 style=\"text-align: left;\">Caract\u00e9ristiques principales<\/h2>\n<table class=\"aligncenter\" style=\"border-collapse: collapse; width: 419.27pt;\" border=\"0\" width=\"559\" cellspacing=\"0\" cellpadding=\"0\">\n<tbody>\n<tr style=\"height: 13.50pt;\">\n<td style=\"height: 13.50pt; width: 115.50pt;\" width=\"154\" height=\"18\">Sp\u00e9cification<\/td>\n<td style=\"width: 303.75pt;\" width=\"405\">D\u00e9tails<\/td>\n<\/tr>\n<tr style=\"height: 13.50pt;\">\n<td style=\"height: 13.50pt;\" height=\"18\">Capacit\u00e9<\/td>\n<td>20 ml, 30 ml, 50 ml<\/td>\n<\/tr>\n<tr style=\"height: 13.50pt;\">\n<td style=\"height: 13.50pt;\" height=\"18\">Dimensions<\/td>\n<td>3,8\u00d79,8 cm \u00e0 3,8\u00d712,1 cm (Diam\u00e8tre \u00d7 Hauteur)<\/td>\n<\/tr>\n<tr style=\"height: 13.50pt;\">\n<td style=\"height: 13.50pt;\" height=\"18\">Mat\u00e9riel<\/td>\n<td>Verre transparent, ampoule en silicone, couvercles en m\u00e9tal<\/td>\n<\/tr>\n<tr style=\"height: 13.50pt;\">\n<td style=\"height: 13.50pt;\" height=\"18\">Forme de bouteille<\/td>\n<td>Cylindre droit avec ensemble de tige de selle t\u00e9lescopique<\/td>\n<\/tr>\n<tr style=\"height: 13.50pt;\">\n<td style=\"height: 13.50pt;\" height=\"18\">\u00c9tendue de la personnalisation<\/td>\n<td>Couvercles, taille, couleur, finition<\/td>\n<\/tr>\n<tr style=\"height: 13.50pt;\">\n<td style=\"height: 13.50pt;\" height=\"18\">Savoir-faire<\/td>\n<td>Formage de pr\u00e9cision du verre, assemblage de compte-gouttes en verre<\/td>\n<\/tr>\n<tr style=\"height: 13.50pt;\">\n<td style=\"height: 13.50pt;\" height=\"18\">Objectif du produit<\/td>\n<td>Flacons compte-gouttes en vrac, flacons de teinture<\/td>\n<\/tr>\n<tr style=\"height: 13.50pt;\">\n<td style=\"height: 13.50pt;\" height=\"18\">Secteurs d&#039;activit\u00e9 appropri\u00e9s<\/td>\n<td>Entreprises de soins de la peau, aromath\u00e9rapie<\/td>\n<\/tr>\n<\/tbody>\n<\/table>\n<h2>Succ\u00e8s : Une gamme exclusive d&#039;un cr\u00e9ateur canadien d&#039;huiles essentielles<\/h2>\n<p>Un fabricant canadien d&#039;huiles essentielles a command\u00e9 nos flacons compte-gouttes vides de 30 ml, munis d&#039;un bouchon \u00e0 bouton-poussoir argent\u00e9 et d&#039;\u00e9tiquettes botaniques s\u00e9rigraphi\u00e9es personnalis\u00e9es. Le compte-gouttes pr\u00e9cis permet de doser 2 \u00e0 3 gouttes \u00e0 la fois, ce qui augmente la dur\u00e9e de conservation des produits de 30 %. Le format 30 ml est id\u00e9al pour leurs m\u00e9langes d&#039;huiles essentielles les plus r\u00e9put\u00e9s. L&#039;entreprise a pass\u00e9 une nouvelle commande de 900\u00a0000 flacons afin de satisfaire la demande de son partenaire, soit 18 mois d&#039;approvisionnement pour son distributeur en Am\u00e9rique du Nord.<\/p>\n<h2>Options de personnalisation des flacons compte-gouttes en vrac<\/h2>\n<ul>\n<li>Couleurs de verre personnalis\u00e9es\u00a0: Les flacons en verre teint\u00e9 ambr\u00e9 sont utilis\u00e9s pour prot\u00e9ger les substances photosensibles, notamment certaines vitamines ou huiles essentielles.<\/li>\n<li>Couleurs personnalis\u00e9es du bouchon et du compte-gouttes\u00a0: les couleurs du bouchon et de l\u2019embout en silicone peuvent \u00eatre assorties aux couleurs de chaque marque.<\/li>\n<li>Gravure laser\u00a0: La gravure laser est r\u00e9alis\u00e9e sur les \u00e9tiquettes des bouteilles (codes de petits lots), les logos de marques ou les codes QR.<\/li>\n<\/ul>","protected":false},"excerpt":{"rendered":"<p>Flacons compte-gouttes vides de qualit\u00e9 sup\u00e9rieure en gros. Nos flacons compte-gouttes en verre, disponibles en gros, pr\u00e9sentent un design cylindrique \u00e9l\u00e9gant et des bouchons brillants. Vente directe d&#039;usine, livraison rapide.<\/p>","protected":false},"featured_media":5800,"template":"","meta":{"postBodyCss":"","postBodyMargin":[],"postBodyPadding":[],"postBodyBackground":{"backgroundType":"classic","gradient":""}},"product_brand":[],"product_cat":[15,87,16],"product_tag":[],"class_list":{"0":"post-5793","1":"product","2":"type-product","3":"status-publish","4":"has-post-thumbnail","6":"product_cat-glass-containers","7":"product_cat-dropper-bottles","8":"product_cat-glass-bottles","10":"first","11":"instock","12":"shipping-taxable","13":"product-type-simple"},"jetpack_sharing_enabled":true,"_links":{"self":[{"href":"https:\/\/minghanggroup.com\/fr\/wp-json\/wp\/v2\/product\/5793","targetHints":{"allow":["GET"]}}],"collection":[{"href":"https:\/\/minghanggroup.com\/fr\/wp-json\/wp\/v2\/product"}],"about":[{"href":"https:\/\/minghanggroup.com\/fr\/wp-json\/wp\/v2\/types\/product"}],"wp:featuredmedia":[{"embeddable":true,"href":"https:\/\/minghanggroup.com\/fr\/wp-json\/wp\/v2\/media\/5800"}],"wp:attachment":[{"href":"https:\/\/minghanggroup.com\/fr\/wp-json\/wp\/v2\/media?parent=5793"}],"wp:term":[{"taxonomy":"product_brand","embeddable":true,"href":"https:\/\/minghanggroup.com\/fr\/wp-json\/wp\/v2\/product_brand?post=5793"},{"taxonomy":"product_cat","embeddable":true,"href":"https:\/\/minghanggroup.com\/fr\/wp-json\/wp\/v2\/product_cat?post=5793"},{"taxonomy":"product_tag","embeddable":true,"href":"https:\/\/minghanggroup.com\/fr\/wp-json\/wp\/v2\/product_tag?post=5793"}],"curies":[{"name":"wp","href":"https:\/\/api.w.org\/{rel}","templated":true}]}}