{"id":5788,"date":"2026-02-28T11:53:54","date_gmt":"2026-02-28T03:53:54","guid":{"rendered":"https:\/\/minghanggroup.com\/?post_type=product&#038;p=5788"},"modified":"2026-02-28T11:53:56","modified_gmt":"2026-02-28T03:53:56","slug":"custom-black-dropper-bottles-wholesale","status":"publish","type":"product","link":"https:\/\/minghanggroup.com\/fr\/produit\/custom-black-dropper-bottles-wholesale\/","title":{"rendered":"Flacons compte-gouttes noirs personnalis\u00e9s de 5 ml \u00e0 100 ml (vente en gros)"},"content":{"rendered":"<p>Vous en avez assez des fuites et de la d\u00e9coloration de vos flacons d&#039;huiles essentielles au soleil\u00a0? Nos flacons compte-gouttes noirs sont la solution. Gr\u00e2ce \u00e0 leur protection UV, ils pr\u00e9servent vos huiles essentielles des dommages caus\u00e9s par la lumi\u00e8re. Fabriqu\u00e9s en verre de haute qualit\u00e9, ils sont noirs pour bloquer les UV et \u00e9tanches lors du transport. Un emballage adapt\u00e9 \u00e0 votre marque d&#039;huiles essentielles. Contenance\u00a0? De 5\u00a0ml (id\u00e9al pour les \u00e9chantillons de 30\u00a0ml) \u00e0 100\u00a0ml. Flacons compte-gouttes\u00a0? Des flacons en verre de pr\u00e9cision avec compte-gouttes. Vos huiles essentielles restent fra\u00eeches.<\/p>\n<h2>Caract\u00e9ristiques du produit<\/h2>\n<ul>\n<li><strong>Protection UV compl\u00e8te :<\/strong> Le verre noir emp\u00eache la p\u00e9n\u00e9tration des rayons UV nocifs, ce qui est indispensable pour pr\u00e9server la stabilit\u00e9 des huiles essentielles.<\/li>\n<li><strong>Dosage pr\u00e9cis :<\/strong> Il s&#039;agit d&#039;un flacon compte-gouttes en verre, permettant un dosage tr\u00e8s pr\u00e9cis. Fini le gaspillage de teinture ou d&#039;huile essentielle\u00a0!<\/li>\n<li><strong>Variabilit\u00e9 de taille :<\/strong> 5 ml conviennent aux petits contenants, 100 ml aux conditionnements en vrac. Cette gamme de formats r\u00e9pond parfaitement aux besoins de toutes les huiles essentielles.<\/li>\n<\/ul>\n<h2>Caract\u00e9ristiques principales<\/h2>\n<table style=\"border-collapse: collapse; width: 80%; margin-left: auto; margin-right: auto;\" border=\"0\" width=\"288\" cellspacing=\"0\" cellpadding=\"0\">\n<tbody>\n<tr style=\"height: 13.50pt;\">\n<td style=\"height: 13.5pt; width: 54pt; text-align: center;\" width=\"72\" height=\"18\">Capacit\u00e9 (ml)<\/td>\n<td style=\"width: 54pt; text-align: center;\" width=\"72\">Dimensions (cm)<\/td>\n<td style=\"width: 54pt; text-align: center;\" width=\"72\">Couleur<\/td>\n<td style=\"width: 54pt; text-align: center;\" width=\"72\">Options de la tige t\u00e9lescopique<\/td>\n<\/tr>\n<tr style=\"height: 13.50pt;\">\n<td style=\"height: 13.5pt; text-align: center;\" align=\"right\" height=\"18\">5<\/td>\n<td style=\"text-align: center;\">2,2 \u00d7 7,2<\/td>\n<td class=\"et2\" style=\"text-align: center;\" rowspan=\"7\">Noir<\/td>\n<td class=\"et2\" style=\"text-align: center;\" rowspan=\"7\">Standard \/ Couleur<\/td>\n<\/tr>\n<tr style=\"height: 13.50pt;\">\n<td style=\"height: 13.5pt; text-align: center;\" align=\"right\" height=\"18\">10<\/td>\n<td style=\"text-align: center;\">2,5 \u00d7 8,0<\/td>\n<\/tr>\n<tr style=\"height: 13.50pt;\">\n<td style=\"height: 13.5pt; text-align: center;\" align=\"right\" height=\"18\">15<\/td>\n<td style=\"text-align: center;\">2,8 \u00d7 8,2<\/td>\n<\/tr>\n<tr style=\"height: 13.50pt;\">\n<td style=\"height: 13.5pt; text-align: center;\" align=\"right\" height=\"18\">20<\/td>\n<td style=\"text-align: center;\">2,9 \u00d7 9,3<\/td>\n<\/tr>\n<tr style=\"height: 13.50pt;\">\n<td style=\"height: 13.5pt; text-align: center;\" align=\"right\" height=\"18\">30<\/td>\n<td style=\"text-align: center;\">3,3 \u00d7 10,1<\/td>\n<\/tr>\n<tr style=\"height: 13.50pt;\">\n<td style=\"height: 13.5pt; text-align: center;\" align=\"right\" height=\"18\">50<\/td>\n<td style=\"text-align: center;\">3,7 \u00d7 11,4<\/td>\n<\/tr>\n<tr style=\"height: 13.50pt;\">\n<td style=\"height: 13.5pt; text-align: center;\" align=\"right\" height=\"18\">100<\/td>\n<td style=\"text-align: center;\">4,4 \u00d7 13,5<\/td>\n<\/tr>\n<\/tbody>\n<\/table>\n<h2>Cas de r\u00e9ussite<\/h2>\n<p>Une entreprise britannique, fabricant de soins pour la peau sous sa propre marque, a choisi de remplacer le flacon de son s\u00e9rum \u00e0 la vitamine C haute concentration par notre flacon compte-gouttes noir de 50 ml. Le client a opt\u00e9 pour un bouchon noir mat stri\u00e9 offrant une meilleure prise en main, ainsi qu&#039;un logo argent\u00e9 en relief sur le col pour une meilleure visibilit\u00e9 de la marque. Un rev\u00eatement anti-rayures et des compte-gouttes gradu\u00e9s en verre de 1 ml, personnalis\u00e9s pour un dosage pr\u00e9cis, ont \u00e9galement \u00e9t\u00e9 appliqu\u00e9s.<\/p>\n<p>Cinq mois apr\u00e8s le lancement du nouvel emballage, le client a constat\u00e9 une augmentation de 38 % de ses ventes en ligne. L&#039;ann\u00e9e suivante, la marque a pass\u00e9 sept importantes commandes de stock, ce qui a entra\u00een\u00e9 une hausse de 80 % de ses achats annuels.<\/p>\n<h2>Conseils de personnalisation<\/h2>\n<ol>\n<li><strong>Finition sur le col :<\/strong> Personnalisation des finitions des colliers\u00a0: Tous les colliers en aluminium peuvent \u00eatre finis selon les pr\u00e9f\u00e9rences des clients\u00a0: finition mate, brillante et bross\u00e9e ou \u00e9lectroplaqu\u00e9e (or, argent, or rose, etc.).<\/li>\n<li><strong>Conception inviolable :<\/strong> La premi\u00e8re caract\u00e9ristique est l&#039;anneau de s\u00e9curit\u00e9 inviolable ou la bande r\u00e9tractable, en option pour am\u00e9liorer le niveau de conformit\u00e9 et de s\u00e9curit\u00e9 de votre produit.<\/li>\n<li><strong>Am\u00e9lioration du rev\u00eatement de surface\u00a0:<\/strong> Un spray mat, doux au toucher et r\u00e9sistant aux rayures peut \u00eatre appliqu\u00e9 sur la surface et am\u00e9liorer consid\u00e9rablement le toucher et la dur\u00e9e de vie du produit.<\/li>\n<\/ol>","protected":false},"excerpt":{"rendered":"<p>Flacons compte-gouttes noirs haut de gamme pour huiles essentielles. Vente en gros de flacons compte-gouttes avec protection UV. Couleurs personnalis\u00e9es. Anti-fuites. \u00c9chantillons gratuits. Livraison rapide.<\/p>","protected":false},"featured_media":5797,"template":"","meta":{"postBodyCss":"","postBodyMargin":[],"postBodyPadding":[],"postBodyBackground":{"backgroundType":"classic","gradient":""}},"product_brand":[],"product_cat":[15,87,16],"product_tag":[],"class_list":{"0":"post-5788","1":"product","2":"type-product","3":"status-publish","4":"has-post-thumbnail","6":"product_cat-glass-containers","7":"product_cat-dropper-bottles","8":"product_cat-glass-bottles","10":"first","11":"instock","12":"shipping-taxable","13":"product-type-simple"},"jetpack_sharing_enabled":true,"_links":{"self":[{"href":"https:\/\/minghanggroup.com\/fr\/wp-json\/wp\/v2\/product\/5788","targetHints":{"allow":["GET"]}}],"collection":[{"href":"https:\/\/minghanggroup.com\/fr\/wp-json\/wp\/v2\/product"}],"about":[{"href":"https:\/\/minghanggroup.com\/fr\/wp-json\/wp\/v2\/types\/product"}],"wp:featuredmedia":[{"embeddable":true,"href":"https:\/\/minghanggroup.com\/fr\/wp-json\/wp\/v2\/media\/5797"}],"wp:attachment":[{"href":"https:\/\/minghanggroup.com\/fr\/wp-json\/wp\/v2\/media?parent=5788"}],"wp:term":[{"taxonomy":"product_brand","embeddable":true,"href":"https:\/\/minghanggroup.com\/fr\/wp-json\/wp\/v2\/product_brand?post=5788"},{"taxonomy":"product_cat","embeddable":true,"href":"https:\/\/minghanggroup.com\/fr\/wp-json\/wp\/v2\/product_cat?post=5788"},{"taxonomy":"product_tag","embeddable":true,"href":"https:\/\/minghanggroup.com\/fr\/wp-json\/wp\/v2\/product_tag?post=5788"}],"curies":[{"name":"wp","href":"https:\/\/api.w.org\/{rel}","templated":true}]}}