{"id":5787,"date":"2026-02-28T10:21:55","date_gmt":"2026-02-28T02:21:55","guid":{"rendered":"https:\/\/minghanggroup.com\/?post_type=product&#038;p=5787"},"modified":"2026-02-28T11:34:40","modified_gmt":"2026-02-28T03:34:40","slug":"clear-tincture-bottles-for-essential-oils-bulk","status":"publish","type":"product","link":"https:\/\/minghanggroup.com\/fr\/produit\/clear-tincture-bottles-for-essential-oils-bulk\/","title":{"rendered":"Flacons transparents de 20 ml, 30 ml et 50 ml pour teinture d&#039;huiles essentielles (vente en gros)"},"content":{"rendered":"<p>Ces flacons de teinture ont une forme cylindrique fine et courte, sont en verre ultra-transparent \u00e0 fond \u00e9pais, avec des bouchons compte-gouttes en m\u00e9tal dor\u00e9 ou argent\u00e9 et des bouchons compte-gouttes en silicone blanc pour un dosage facile et une fermeture herm\u00e9tique.<\/p>\n<h2>Caract\u00e9ristiques du produit<\/h2>\n<ul>\n<li><strong>Design de bouteille de luxe :<\/strong> Le flacon est fabriqu\u00e9 en verre haute transparence et poss\u00e8de un fond \u00e9pais ainsi qu&#039;un bouchon compte-gouttes m\u00e9tallique, ce qui conf\u00e8re au produit un attrait visuel \u00e9lev\u00e9.<\/li>\n<li><strong>Choix de casquettes fantaisie\u00a0:<\/strong> Le bouchon \u00e0 bouton-poussoir dor\u00e9, le bouchon \u00e0 vis dor\u00e9 ou le bouchon compte-gouttes argent\u00e9 d\u00e9gagent tous une impression de style haut de gamme.<\/li>\n<li><strong>Pipette compte-gouttes en silicone de pr\u00e9cision :<\/strong> La pipette en silicone fournie est blanche afin de garantir la pr\u00e9cision requise du dosage.<\/li>\n<\/ul>\n<h2 style=\"text-align: left;\">Caract\u00e9ristiques principales<\/h2>\n<table class=\"aligncenter\" style=\"border-collapse: collapse; width: 419.27pt;\" border=\"0\" width=\"559\" cellspacing=\"0\" cellpadding=\"0\">\n<tbody>\n<tr style=\"height: 13.50pt;\">\n<td style=\"height: 13.50pt; width: 115.50pt;\" width=\"154\" height=\"18\">Sp\u00e9cification<\/td>\n<td style=\"width: 303.75pt;\" width=\"405\">D\u00e9tails<\/td>\n<\/tr>\n<tr style=\"height: 13.50pt;\">\n<td style=\"height: 13.50pt;\" height=\"18\">Capacit\u00e9<\/td>\n<td>20 ml, 30 ml, 50 ml<\/td>\n<\/tr>\n<tr style=\"height: 13.50pt;\">\n<td style=\"height: 13.50pt;\" height=\"18\">Dimensions<\/td>\n<td>3,8\u00d79,8 cm \u00e0 3,8\u00d712,1 cm (Diam\u00e8tre \u00d7 Hauteur)<\/td>\n<\/tr>\n<tr style=\"height: 13.50pt;\">\n<td style=\"height: 13.50pt;\" height=\"18\">Mat\u00e9riel<\/td>\n<td>Verre transparent \u00e0 fond \u00e9pais, silicone, bouchons en m\u00e9tal<\/td>\n<\/tr>\n<tr style=\"height: 13.50pt;\">\n<td style=\"height: 13.50pt;\" height=\"18\">Forme de bouteille<\/td>\n<td>Cylindre avec base \u00e9paisse et ensemble de tige de selle t\u00e9lescopique<\/td>\n<\/tr>\n<tr style=\"height: 13.50pt;\">\n<td style=\"height: 13.50pt;\" height=\"18\">\u00c9tendue de la personnalisation<\/td>\n<td>Couvercles, couleur, finition, embout compte-gouttes<\/td>\n<\/tr>\n<tr style=\"height: 13.50pt;\">\n<td style=\"height: 13.50pt;\" height=\"18\">Savoir-faire<\/td>\n<td>Formage de verre de pr\u00e9cision pour murs \u00e9pais<\/td>\n<\/tr>\n<tr style=\"height: 13.50pt;\">\n<td style=\"height: 13.50pt;\" height=\"18\">Objectif du produit<\/td>\n<td>Flacons compte-gouttes pour teinture, flacons d&#039;huiles de CBD<\/td>\n<\/tr>\n<tr style=\"height: 13.50pt;\">\n<td style=\"height: 13.50pt;\" height=\"18\">Secteurs d&#039;activit\u00e9 appropri\u00e9s<\/td>\n<td>Marques de suppl\u00e9ments \u00e0 base de plantes, entreprises de CBD<\/td>\n<\/tr>\n<\/tbody>\n<\/table>\n<h2>Succ\u00e8s d&#039;une gamme de produits haut de gamme d&#039;une entreprise de CBD du Colorado<\/h2>\n<p>Nos flacons de teinture de 30 ml, munis de bouchons \u00e0 vis dor\u00e9s et d&#039;un tableau de dosage personnalis\u00e9, ont \u00e9t\u00e9 s\u00e9lectionn\u00e9s par une entreprise de CBD du Colorado. Le flacon en verre \u00e9pais pr\u00e9vient efficacement la photod\u00e9gradation, ce qui augmente la puissance du s\u00e9rum de 25 %. Le compte-gouttes pr\u00e9cis permet de d\u00e9livrer la dose exacte de 1 ml \u00e0 chaque utilisation. Face \u00e0 l&#039;immense succ\u00e8s du produit, l&#039;entreprise a command\u00e9 1,2 million de flacons pour son r\u00e9seau de distribution national.<\/p>\n<h2>Personnalisation des flacons compte-gouttes pour teinture<\/h2>\n<ul>\n<li>Couleurs personnalis\u00e9es du bouchon et du compte-gouttes\u00a0: Le bouchon et la poire en silicone peuvent \u00eatre command\u00e9s dans la couleur correspondant \u00e0 un nuancier d\u2019une marque particuli\u00e8re.<\/li>\n<li>Personnalisation du bouchon : Choisissez un logo ou un monogramme \u00e0 faire embosser sur le dessus du bouchon compte-gouttes pour une marque personnalis\u00e9e.<\/li>\n<li>Verrouillage de s\u00e9curit\u00e9 enfant\u00a0: Int\u00e9grer une commande de type \u00ab\u00a0appuyer pour tourner\u00a0\u00bb ou \u00ab\u00a0serrer pour tourner\u00a0\u00bb dans le bouchon compte-gouttes.<\/li>\n<\/ul>","protected":false},"excerpt":{"rendered":"<p>D\u00e9couvrez des flacons \u00e0 teinture haut de gamme dot\u00e9s de poires en silicone blanc et de finitions m\u00e9talliques. Ces flacons compte-gouttes sont pr\u00eats \u00e0 \u00eatre personnalis\u00e9s.<\/p>","protected":false},"featured_media":5791,"template":"","meta":{"postBodyCss":"","postBodyMargin":[],"postBodyPadding":[],"postBodyBackground":{"backgroundType":"classic","gradient":""}},"product_brand":[],"product_cat":[15,87,16],"product_tag":[],"class_list":{"0":"post-5787","1":"product","2":"type-product","3":"status-publish","4":"has-post-thumbnail","6":"product_cat-glass-containers","7":"product_cat-dropper-bottles","8":"product_cat-glass-bottles","10":"first","11":"instock","12":"shipping-taxable","13":"product-type-simple"},"jetpack_sharing_enabled":true,"_links":{"self":[{"href":"https:\/\/minghanggroup.com\/fr\/wp-json\/wp\/v2\/product\/5787","targetHints":{"allow":["GET"]}}],"collection":[{"href":"https:\/\/minghanggroup.com\/fr\/wp-json\/wp\/v2\/product"}],"about":[{"href":"https:\/\/minghanggroup.com\/fr\/wp-json\/wp\/v2\/types\/product"}],"wp:featuredmedia":[{"embeddable":true,"href":"https:\/\/minghanggroup.com\/fr\/wp-json\/wp\/v2\/media\/5791"}],"wp:attachment":[{"href":"https:\/\/minghanggroup.com\/fr\/wp-json\/wp\/v2\/media?parent=5787"}],"wp:term":[{"taxonomy":"product_brand","embeddable":true,"href":"https:\/\/minghanggroup.com\/fr\/wp-json\/wp\/v2\/product_brand?post=5787"},{"taxonomy":"product_cat","embeddable":true,"href":"https:\/\/minghanggroup.com\/fr\/wp-json\/wp\/v2\/product_cat?post=5787"},{"taxonomy":"product_tag","embeddable":true,"href":"https:\/\/minghanggroup.com\/fr\/wp-json\/wp\/v2\/product_tag?post=5787"}],"curies":[{"name":"wp","href":"https:\/\/api.w.org\/{rel}","templated":true}]}}