{"id":5777,"date":"2026-02-27T16:38:54","date_gmt":"2026-02-27T08:38:54","guid":{"rendered":"https:\/\/minghanggroup.com\/?post_type=product&#038;p=5777"},"modified":"2026-02-27T16:47:14","modified_gmt":"2026-02-27T08:47:14","slug":"amber-dropper-bottles-for-essential-oils-bulk","status":"publish","type":"product","link":"https:\/\/minghanggroup.com\/fr\/produit\/amber-dropper-bottles-for-essential-oils-bulk\/","title":{"rendered":"Flacons compte-gouttes ambr\u00e9s de 5 \u00e0 100 ml pour huiles essentielles (vente en gros)"},"content":{"rendered":"<p>Nos flacons compte-gouttes ambr\u00e9s sont la solution id\u00e9ale. Fabriqu\u00e9s en verre ambr\u00e9 anti-UV, ils pr\u00e9servent la puret\u00e9 de vos huiles essentielles. Ces flacons en verre borosilicate de haute qualit\u00e9 sont ambr\u00e9s pour une protection optimale contre les UV et transparents pour une visibilit\u00e9 parfaite. Un emballage adapt\u00e9 \u00e0 votre marque d&#039;huiles essentielles. Contenance\u00a0: de 5\u00a0ml (id\u00e9al pour les \u00e9chantillons de 30\u00a0ml) \u00e0 100\u00a0ml. Compte-gouttes\u00a0: un flacon compte-gouttes en verre de pr\u00e9cision. Vos huiles essentielles restent fra\u00eeches.<\/p>\n<h2>Caract\u00e9ristiques du produit<\/h2>\n<ul>\n<li><strong>Pouvoir de protection UV :<\/strong> Le verre ambr\u00e9 bloque les rayons UV, essentiels \u00e0 la stabilit\u00e9 des huiles essentielles. Aucune d\u00e9coloration ni d\u00e9gradation.<\/li>\n<li><strong>Distribution de pr\u00e9cision :<\/strong> Un flacon compte-gouttes en verre permet un dosage pr\u00e9cis. Fini le gaspillage de teinture ou d&#039;huile essentielle.<\/li>\n<li><strong>Flexibilit\u00e9 des tailles :<\/strong> 5 ml pour les flacons roll-on et les contenants, 100 ml pour la vente en vrac. Cette gamme de formats r\u00e9pond \u00e0 tous les besoins en huiles essentielles.<\/li>\n<\/ul>\n<h2>Caract\u00e9ristiques principales<\/h2>\n<table style=\"border-collapse: collapse; width: 80%; margin-left: auto; margin-right: auto;\" border=\"0\" width=\"288\" cellspacing=\"0\" cellpadding=\"0\">\n<tbody>\n<tr style=\"height: 13.50pt;\">\n<td style=\"height: 13.5pt; width: 54pt; text-align: center;\" width=\"72\" height=\"18\">Capacit\u00e9 (ml)<\/td>\n<td style=\"width: 54pt; text-align: center;\" width=\"72\">Dimensions (cm)<\/td>\n<td style=\"width: 54pt; text-align: center;\" width=\"72\">Couleur<\/td>\n<td style=\"width: 54pt; text-align: center;\" width=\"72\">Accessoires<\/td>\n<\/tr>\n<tr style=\"height: 13.50pt;\">\n<td style=\"height: 13.5pt; text-align: center;\" align=\"right\" height=\"18\">5<\/td>\n<td style=\"text-align: center;\">2,2 \u00d7 5,0<\/td>\n<td class=\"et2\" style=\"text-align: center;\" rowspan=\"7\">Ambre ou personnalis\u00e9<\/td>\n<td class=\"et2\" style=\"text-align: center;\" rowspan=\"7\">anneaux antivol, anneaux \u00e9lectroplaqu\u00e9s, embouts de compte-gouttes multicolores<\/td>\n<\/tr>\n<tr style=\"height: 13.50pt;\">\n<td style=\"height: 13.5pt; text-align: center;\" align=\"right\" height=\"18\">10<\/td>\n<td style=\"text-align: center;\">2,5 \u00d7 5,8<\/td>\n<\/tr>\n<tr style=\"height: 13.50pt;\">\n<td style=\"height: 13.5pt; text-align: center;\" align=\"right\" height=\"18\">15<\/td>\n<td style=\"text-align: center;\">2,9 \u00d7 6,5<\/td>\n<\/tr>\n<tr style=\"height: 13.50pt;\">\n<td style=\"height: 13.5pt; text-align: center;\" align=\"right\" height=\"18\">20<\/td>\n<td style=\"text-align: center;\">2,9 \u00d7 7,1<\/td>\n<\/tr>\n<tr style=\"height: 13.50pt;\">\n<td style=\"height: 13.5pt; text-align: center;\" align=\"right\" height=\"18\">30<\/td>\n<td style=\"text-align: center;\">3,3 \u00d7 7,8<\/td>\n<\/tr>\n<tr style=\"height: 13.50pt;\">\n<td style=\"height: 13.5pt; text-align: center;\" align=\"right\" height=\"18\">50<\/td>\n<td style=\"text-align: center;\">3,7 \u00d7 9,2<\/td>\n<\/tr>\n<tr style=\"height: 13.50pt;\">\n<td style=\"height: 13.5pt; text-align: center;\" align=\"right\" height=\"18\">100<\/td>\n<td style=\"text-align: center;\">4,5 \u00d7 11,2<\/td>\n<\/tr>\n<\/tbody>\n<\/table>\n<h2>Cas de r\u00e9ussite<\/h2>\n<p>Nos flacons compte-gouttes en verre ambr\u00e9 ont \u00e9t\u00e9 choisis par une entreprise canadienne de soins naturels pour relancer sa marque d&#039;huiles faciales haut de gamme. Parmi les \u00e9l\u00e9ments distinctifs, on retrouve une bague de col en aluminium estamp\u00e9e or, un bouchon noir mat stri\u00e9 (pour une meilleure prise en main), un compte-gouttes en verre gradu\u00e9 au 0,25 ml pour un dosage plus pr\u00e9cis et une \u00e9tiquette d\u00e9polie pour une meilleure adh\u00e9rence de la s\u00e9rigraphie.<\/p>\n<p>Apr\u00e8s le lancement du nouvel emballage, le client a constat\u00e9 une hausse de 32 % de ses ventes au cours des deux premiers trimestres, principalement gr\u00e2ce \u00e0 une meilleure homog\u00e9n\u00e9it\u00e9 des produits et \u00e0 une visibilit\u00e9 accrue en rayon. La marque a pass\u00e9 six commandes importantes en dix mois, soit une augmentation de 65 % du volume d&#039;achats par rapport \u00e0 l&#039;ann\u00e9e pr\u00e9c\u00e9dente.<\/p>\n<h2>Suggestions de personnalisation<\/h2>\n<ol>\n<li><strong>Am\u00e9lioration de la tige de selle t\u00e9lescopique\u00a0:<\/strong> Ajout de bouchons \u00e9lectroplaqu\u00e9s pour une \u00e9tanch\u00e9it\u00e9 optimale lors du transport. Diff\u00e9rentes couleurs disponibles pour les t\u00eates de compte-gouttes.<\/li>\n<li><strong>\u00c9conomies sur les achats en gros\u00a0:<\/strong> Achetez des flacons compte-gouttes ambr\u00e9s en gros et b\u00e9n\u00e9ficiez d&#039;\u00e9chantillons gratuits et de tarifs d\u00e9gressifs.<\/li>\n<li><strong>Protection UV :<\/strong> Le verre ambr\u00e9 huil\u00e9 est un excellent filtre UV naturel pour les huiles essentielles\u00a0; vos huiles essentielles ne se d\u00e9coloreront plus.<\/li>\n<\/ol>","protected":false},"excerpt":{"rendered":"<p>Flacons compte-gouttes ambr\u00e9s pour huiles essentielles. Flacons compte-gouttes avec protection UV pour huiles essentielles en gros. Couleurs personnalis\u00e9es. Livraison directe d&#039;usine. \u00c9chantillons gratuits.<\/p>","protected":false},"featured_media":5781,"template":"","meta":{"postBodyCss":"","postBodyMargin":[],"postBodyPadding":[],"postBodyBackground":{"backgroundType":"classic","gradient":""}},"product_brand":[],"product_cat":[15,87,16],"product_tag":[],"class_list":{"0":"post-5777","1":"product","2":"type-product","3":"status-publish","4":"has-post-thumbnail","6":"product_cat-glass-containers","7":"product_cat-dropper-bottles","8":"product_cat-glass-bottles","10":"first","11":"instock","12":"shipping-taxable","13":"product-type-simple"},"jetpack_sharing_enabled":true,"_links":{"self":[{"href":"https:\/\/minghanggroup.com\/fr\/wp-json\/wp\/v2\/product\/5777","targetHints":{"allow":["GET"]}}],"collection":[{"href":"https:\/\/minghanggroup.com\/fr\/wp-json\/wp\/v2\/product"}],"about":[{"href":"https:\/\/minghanggroup.com\/fr\/wp-json\/wp\/v2\/types\/product"}],"wp:featuredmedia":[{"embeddable":true,"href":"https:\/\/minghanggroup.com\/fr\/wp-json\/wp\/v2\/media\/5781"}],"wp:attachment":[{"href":"https:\/\/minghanggroup.com\/fr\/wp-json\/wp\/v2\/media?parent=5777"}],"wp:term":[{"taxonomy":"product_brand","embeddable":true,"href":"https:\/\/minghanggroup.com\/fr\/wp-json\/wp\/v2\/product_brand?post=5777"},{"taxonomy":"product_cat","embeddable":true,"href":"https:\/\/minghanggroup.com\/fr\/wp-json\/wp\/v2\/product_cat?post=5777"},{"taxonomy":"product_tag","embeddable":true,"href":"https:\/\/minghanggroup.com\/fr\/wp-json\/wp\/v2\/product_tag?post=5777"}],"curies":[{"name":"wp","href":"https:\/\/api.w.org\/{rel}","templated":true}]}}