{"id":5767,"date":"2026-02-27T15:09:42","date_gmt":"2026-02-27T07:09:42","guid":{"rendered":"https:\/\/minghanggroup.com\/?post_type=product&#038;p=5767"},"modified":"2026-04-14T10:26:24","modified_gmt":"2026-04-14T02:26:24","slug":"boston-small-syrup-bottles-with-vintage-design-bulk","status":"publish","type":"product","link":"https:\/\/minghanggroup.com\/fr\/produit\/boston-small-syrup-bottles-with-vintage-design-bulk\/","title":{"rendered":"Bouteilles de sirop Boston de 15 ml \u00e0 250 ml, petit format, design vintage, en vrac"},"content":{"rendered":"<p>Nous fabriquons de petits flacons \u00e0 sirop au design vintage, parfaitement adapt\u00e9s \u00e0 vos besoins en emballage pharmaceutique. Leur petit goulot (20-24 mm) est id\u00e9al pour les m\u00e9dicaments liquides, les sirops ou les extraits, vous \u00e9vitant ainsi les d\u00e9versements et les gouttes. Vous appr\u00e9cierez la protection contre la lumi\u00e8re que le verre ambr\u00e9 offre au m\u00e9dicament, tout en apportant une touche classique \u00e0 votre gamme de produits pharmaceutiques.<\/p>\n<h2>Caract\u00e9ristiques du produit<\/h2>\n<ul>\n<li><strong>Forme ronde classique de Boston :<\/strong> Un corps cylindrique intemporel aux \u00e9paules arrondies, un style professionnel et un emballage facilement reconnaissables.<\/li>\n<li><strong>Verre de protection anti-UV ambr\u00e9 :<\/strong> R\u00e9duit consid\u00e9rablement l&#039;exposition \u00e0 la lumi\u00e8re, pr\u00e9servant ainsi l&#039;int\u00e9grit\u00e9 des liquides sensibles \u00e0 la lumi\u00e8re.<\/li>\n<li><strong>Plusieurs options de capacit\u00e9\u00a0:<\/strong> Nous proposons diff\u00e9rents formats pour r\u00e9pondre aux besoins en sirops, extraits ou solutions de quantit\u00e9s variables.<\/li>\n<\/ul>\n<h2>Caract\u00e9ristiques principales<\/h2>\n<table style=\"border-collapse: collapse; width: 80%; margin-left: auto; margin-right: auto;\" border=\"0\" width=\"360\" cellspacing=\"0\" cellpadding=\"0\">\n<tbody>\n<tr style=\"height: 13.50pt;\">\n<td style=\"height: 13.5pt; width: 54pt; text-align: center;\" width=\"72\" height=\"18\">Capacit\u00e9 (ml)<\/td>\n<td style=\"width: 54pt; text-align: center;\" width=\"72\">Taille ( cm )<\/td>\n<td style=\"width: 54pt; text-align: center;\" width=\"72\">Diam\u00e8tre du col (mm)<\/td>\n<td style=\"width: 54pt; text-align: center;\" width=\"72\">Couleur<\/td>\n<td style=\"width: 54pt; text-align: center;\" width=\"72\">Fonctionnalit\u00e9<\/td>\n<\/tr>\n<tr style=\"height: 13.50pt;\">\n<td style=\"height: 13.5pt; text-align: center;\" align=\"right\" height=\"18\">15<\/td>\n<td style=\"text-align: center;\">2,7 \u00d7 6,75<\/td>\n<td style=\"text-align: center;\" align=\"right\">28<\/td>\n<td class=\"et2\" style=\"text-align: center;\" rowspan=\"5\">Ambre<\/td>\n<td class=\"et2\" style=\"text-align: center;\" rowspan=\"5\">Conception \u00e0 bouche \u00e9troite<\/td>\n<\/tr>\n<tr style=\"height: 13.50pt;\">\n<td style=\"height: 13.5pt; text-align: center;\" align=\"right\" height=\"18\">30<\/td>\n<td style=\"text-align: center;\">3,3 \u00d7 7,88<\/td>\n<td style=\"text-align: center;\" align=\"right\">20<\/td>\n<\/tr>\n<tr style=\"height: 13.50pt;\">\n<td style=\"height: 13.5pt; text-align: center;\" align=\"right\" height=\"18\">60<\/td>\n<td style=\"text-align: center;\">4,08 \u00d7 9,39<\/td>\n<td style=\"text-align: center;\" align=\"right\">20<\/td>\n<\/tr>\n<tr style=\"height: 13.50pt;\">\n<td style=\"height: 13.5pt; text-align: center;\" align=\"right\" height=\"18\">120<\/td>\n<td style=\"text-align: center;\">4,84 \u00d7 11,53<\/td>\n<td style=\"text-align: center;\" align=\"right\">22<\/td>\n<\/tr>\n<tr style=\"height: 13.50pt;\">\n<td style=\"height: 13.5pt; text-align: center;\" align=\"right\" height=\"18\">250<\/td>\n<td style=\"text-align: center;\">6,2 \u00d7 14,0<\/td>\n<td style=\"text-align: center;\" align=\"right\">24<\/td>\n<\/tr>\n<\/tbody>\n<\/table>\n<h2>Cas de r\u00e9ussite<\/h2>\n<p>Nos flacons ronds de sirop de 60 ml, de couleur ambre, de la marque Boston, ont \u00e9t\u00e9 choisis par une marque familiale de sirops \u00e0 base de plantes. Ils ont opt\u00e9 pour un verre ambr\u00e9 plus \u00e9pais afin d&#039;offrir une meilleure protection contre les UV, et des graduations en relief au fond pour faciliter le dosage. Ils ont \u00e9galement imprim\u00e9 leur logo minimaliste en s\u00e9rigraphie sur les flacons pour renforcer leur image de marque, et le num\u00e9ro de lot y a \u00e9t\u00e9 appos\u00e9 \u00e0 la place des \u00e9tiquettes en papier.<\/p>\n<p>Suite \u00e0 la modification de l&#039;utilisation des flacons personnalis\u00e9s, la marque a enregistr\u00e9 une baisse de 38 % des r\u00e9clamations concernant les fuites lors de la livraison et une augmentation de 32 % des achats r\u00e9p\u00e9t\u00e9s en gros dans les magasins de compl\u00e9ments alimentaires. Elle a \u00e9galement continu\u00e9 \u00e0 passer des commandes en gros sur plusieurs cycles de production cons\u00e9cutifs.<\/p>\n<h2>Votre pourboire personnalis\u00e9<\/h2>\n<ol>\n<li><strong>S\u00e9rigraphie, impression s\u00e9rigraphique et marquage \u00e0 chaud\u00a0:<\/strong> L&#039;impression directe, le marquage \u00e0 chaud m\u00e9tallique ou la finition \u00e0 l&#039;encre mate sont utilis\u00e9s pour donner un aspect haut de gamme \u00e0 l&#039;\u00e9tag\u00e8re.<\/li>\n<li><strong>Finition de surface givr\u00e9e ou mate\u00a0:<\/strong> D\u00e9couvrez une surface givr\u00e9e qui facilite la prise en main et lui conf\u00e8re un aspect luxueux et exclusif.<\/li>\n<li><strong>Kits d&#039;emballage personnalis\u00e9s\u00a0:<\/strong> Fournissez vos produits avec des bouchons, des compte-gouttes et des emballages ext\u00e9rieurs assortis, dans la m\u00eame teinte, pour une image de marque coh\u00e9rente.<\/li>\n<\/ol>","protected":false},"excerpt":{"rendered":"<p>Petites bouteilles \u00e0 sirop r\u00e9sistantes en verre ambr\u00e9 au style intemporel. Bouteilles \u00e0 sirop vintage directement du fabricant, vente en gros, \u00e9chantillons gratuits et formats personnalis\u00e9s disponibles.<\/p>","protected":false},"featured_media":5775,"template":"","meta":{"postBodyCss":"","postBodyMargin":[],"postBodyPadding":[],"postBodyBackground":{"backgroundType":"classic","gradient":""}},"product_brand":[],"product_cat":[15,86,16],"product_tag":[88,102,112],"class_list":{"0":"post-5767","1":"product","2":"type-product","3":"status-publish","4":"has-post-thumbnail","6":"product_cat-glass-containers","7":"product_cat-glass-medicine-bottles","8":"product_cat-glass-bottles","9":"product_tag-medicine-syrup-bottles","10":"product_tag-pharmaceutical-syrup-bottles","11":"product_tag-soap-dispensers","13":"first","14":"instock","15":"shipping-taxable","16":"product-type-simple"},"jetpack_sharing_enabled":true,"_links":{"self":[{"href":"https:\/\/minghanggroup.com\/fr\/wp-json\/wp\/v2\/product\/5767","targetHints":{"allow":["GET"]}}],"collection":[{"href":"https:\/\/minghanggroup.com\/fr\/wp-json\/wp\/v2\/product"}],"about":[{"href":"https:\/\/minghanggroup.com\/fr\/wp-json\/wp\/v2\/types\/product"}],"wp:featuredmedia":[{"embeddable":true,"href":"https:\/\/minghanggroup.com\/fr\/wp-json\/wp\/v2\/media\/5775"}],"wp:attachment":[{"href":"https:\/\/minghanggroup.com\/fr\/wp-json\/wp\/v2\/media?parent=5767"}],"wp:term":[{"taxonomy":"product_brand","embeddable":true,"href":"https:\/\/minghanggroup.com\/fr\/wp-json\/wp\/v2\/product_brand?post=5767"},{"taxonomy":"product_cat","embeddable":true,"href":"https:\/\/minghanggroup.com\/fr\/wp-json\/wp\/v2\/product_cat?post=5767"},{"taxonomy":"product_tag","embeddable":true,"href":"https:\/\/minghanggroup.com\/fr\/wp-json\/wp\/v2\/product_tag?post=5767"}],"curies":[{"name":"wp","href":"https:\/\/api.w.org\/{rel}","templated":true}]}}