{"id":5764,"date":"2026-02-27T11:51:14","date_gmt":"2026-02-27T03:51:14","guid":{"rendered":"https:\/\/minghanggroup.com\/?post_type=product&#038;p=5764"},"modified":"2026-04-14T10:25:02","modified_gmt":"2026-04-14T02:25:02","slug":"cobalt-blue-glass-empty-syrup-bottles-wholesale","status":"publish","type":"product","link":"https:\/\/minghanggroup.com\/fr\/produit\/cobalt-blue-glass-empty-syrup-bottles-wholesale\/","title":{"rendered":"Bouteilles de sirop vides en verre bleu cobalt de 15 ml \u00e0 500 ml (vente en gros)"},"content":{"rendered":"<p>Ce type de flacons de sirop vides, avec son \u00e9l\u00e9gant corps en verre bleu cobalt, sa forme cylindrique traditionnelle aux \u00e9paules arrondies et lisses et son col \u00e9troit filet\u00e9 classique, conviendrait aux fournisseurs pharmaceutiques et aux fabricants de sirop.<\/p>\n<h2>Caract\u00e9ristiques du produit<\/h2>\n<ul>\n<li><strong>Excellente protection UV :<\/strong> Le verre bleu cobalt a un effet de blocage positif sur diverses longueurs d&#039;onde de lumi\u00e8re nocives pour l&#039;\u0153il humain.<\/li>\n<li><strong>Conception cylindrique stable\u00a0:<\/strong> La forme cylindrique du design, courte et large, lui conf\u00e8re une grande stabilit\u00e9 et offre \u00e0 l&#039;utilisateur une prise en main confortable et s\u00fbre.<\/li>\n<li><strong>Capacit\u00e9s gradu\u00e9es\u00a0:<\/strong> Six graduations de volume pr\u00e9cises (de 15 ml \u00e0 500 ml) sont parfaitement adapt\u00e9es aux tailles de produits.<\/li>\n<\/ul>\n<h2 style=\"text-align: left;\">Caract\u00e9ristiques principales<\/h2>\n<table class=\"aligncenter\" style=\"border-collapse: collapse; width: 444.77pt;\" border=\"0\" width=\"593\" cellspacing=\"0\" cellpadding=\"0\">\n<tbody>\n<tr style=\"height: 13.50pt;\">\n<td style=\"height: 13.50pt; width: 115.50pt;\" width=\"154\" height=\"18\">Sp\u00e9cification<\/td>\n<td style=\"width: 329.25pt;\" width=\"439\">D\u00e9tails<\/td>\n<\/tr>\n<tr style=\"height: 13.50pt;\">\n<td style=\"height: 13.50pt;\" height=\"18\">Capacit\u00e9<\/td>\n<td>15 ml, 30 ml, 60 ml, 120 ml, 250 ml, 500 ml<\/td>\n<\/tr>\n<tr style=\"height: 13.50pt;\">\n<td style=\"height: 13.50pt;\" height=\"18\">Dimensions<\/td>\n<td>2,5 \u00d7 6,83 cm \u00e0 7,46 \u00d7 16,87 cm (Diam\u00e8tre \u00d7 Hauteur)<\/td>\n<\/tr>\n<tr style=\"height: 13.50pt;\">\n<td style=\"height: 13.50pt;\" height=\"18\">Mat\u00e9riel<\/td>\n<td>Verre bleu cobalt de qualit\u00e9 pharmaceutique<\/td>\n<\/tr>\n<tr style=\"height: 13.50pt;\">\n<td style=\"height: 13.50pt;\" height=\"18\">Forme de bouteille<\/td>\n<td>Cylindre court et large aux \u00e9paules arrondies<\/td>\n<\/tr>\n<tr style=\"height: 13.50pt;\">\n<td style=\"height: 13.50pt;\" height=\"18\">\u00c9tendue de la personnalisation<\/td>\n<td>Taille, couleur, couvercles, finition<\/td>\n<\/tr>\n<tr style=\"height: 13.50pt;\">\n<td style=\"height: 13.50pt;\" height=\"18\">Savoir-faire<\/td>\n<td>Soufflage de verre de pr\u00e9cision<\/td>\n<\/tr>\n<tr style=\"height: 13.50pt;\">\n<td style=\"height: 13.50pt;\" height=\"18\">Objectif du produit<\/td>\n<td>Bouteilles en verre pour sirop en gros, bouteilles en verre pour sirop<\/td>\n<\/tr>\n<tr style=\"height: 13.50pt;\">\n<td style=\"height: 13.50pt;\" height=\"18\">Secteurs d&#039;activit\u00e9 appropri\u00e9s<\/td>\n<td>Fabricants de produits pharmaceutiques, fabricants de compl\u00e9ments alimentaires<\/td>\n<\/tr>\n<\/tbody>\n<\/table>\n<h2>Histoire \u00e0 succ\u00e8s<\/h2>\n<p>Nos flacons de sirop vides bleu cobalt de 30 ml ont \u00e9t\u00e9 s\u00e9lectionn\u00e9s par une importante entreprise californienne de compl\u00e9ments alimentaires. Le flacon, au corps d\u00e9poli et \u00e0 l&#039;\u00e9tiquette dor\u00e9e, a \u00e9t\u00e9 s\u00e9rigraphi\u00e9. Les r\u00e9sultats ont \u00e9t\u00e9 impressionnants\u00a0: le flacon en verre bleu cobalt offre une protection sup\u00e9rieure \u00e0 99\u00a0% contre les UV et la lumi\u00e8re visible, ce qui augmente directement la dur\u00e9e de conservation du produit de 40\u00a0ans. Ce conditionnement \u00e9l\u00e9gant a entra\u00een\u00e9 une augmentation de 20\u00a0% du prix de vente par rapport au flacon transparent utilis\u00e9 auparavant. Le taux de conversion en ligne du nouveau produit a progress\u00e9 de 15\u00a0%. Forts de ces excellents r\u00e9sultats, ils ont pass\u00e9 une nouvelle commande de 750\u00a0000 flacons.<\/p>\n<h2>Personnalisation de bouteilles de sirop en verre en gros<\/h2>\n<ul>\n<li><strong>Finition givr\u00e9e ou mate\u00a0:<\/strong> Une finition totalement givr\u00e9e lui conf\u00e8re un aspect doux, luxueux et inviolable.<\/li>\n<li><strong>Col sp\u00e9cifique pour tige de selle t\u00e9lescopique :<\/strong> Il s&#039;agit d&#039;un filetage de col con\u00e7u avec un diam\u00e8tre int\u00e9rieur pour s&#039;adapter pr\u00e9cis\u00e9ment aux composants de compte-gouttes en verre de tr\u00e8s haute pr\u00e9cision.<\/li>\n<li><strong>Finitions sp\u00e9ciales pour les bouchons\u00a0:<\/strong> Des finitions de capuchon assorties au verre bleu sont propos\u00e9es, notamment argent mat, or ou blanc.<\/li>\n<\/ul>","protected":false},"excerpt":{"rendered":"<p>Bouteilles de sirop vides personnalis\u00e9es bleu cobalt. Nos bouteilles de sirop en verre, disponibles en gros, sont compatibles avec diff\u00e9rents types de bouchons pour le secteur pharmaceutique. Assistance OEM professionnelle.<\/p>","protected":false},"featured_media":5769,"template":"","meta":{"postBodyCss":"","postBodyMargin":[],"postBodyPadding":[],"postBodyBackground":{"backgroundType":"classic","gradient":""}},"product_brand":[],"product_cat":[15,86,16],"product_tag":[88,102,112],"class_list":{"0":"post-5764","1":"product","2":"type-product","3":"status-publish","4":"has-post-thumbnail","6":"product_cat-glass-containers","7":"product_cat-glass-medicine-bottles","8":"product_cat-glass-bottles","9":"product_tag-medicine-syrup-bottles","10":"product_tag-pharmaceutical-syrup-bottles","11":"product_tag-soap-dispensers","13":"first","14":"instock","15":"shipping-taxable","16":"product-type-simple"},"jetpack_sharing_enabled":true,"_links":{"self":[{"href":"https:\/\/minghanggroup.com\/fr\/wp-json\/wp\/v2\/product\/5764","targetHints":{"allow":["GET"]}}],"collection":[{"href":"https:\/\/minghanggroup.com\/fr\/wp-json\/wp\/v2\/product"}],"about":[{"href":"https:\/\/minghanggroup.com\/fr\/wp-json\/wp\/v2\/types\/product"}],"wp:featuredmedia":[{"embeddable":true,"href":"https:\/\/minghanggroup.com\/fr\/wp-json\/wp\/v2\/media\/5769"}],"wp:attachment":[{"href":"https:\/\/minghanggroup.com\/fr\/wp-json\/wp\/v2\/media?parent=5764"}],"wp:term":[{"taxonomy":"product_brand","embeddable":true,"href":"https:\/\/minghanggroup.com\/fr\/wp-json\/wp\/v2\/product_brand?post=5764"},{"taxonomy":"product_cat","embeddable":true,"href":"https:\/\/minghanggroup.com\/fr\/wp-json\/wp\/v2\/product_cat?post=5764"},{"taxonomy":"product_tag","embeddable":true,"href":"https:\/\/minghanggroup.com\/fr\/wp-json\/wp\/v2\/product_tag?post=5764"}],"curies":[{"name":"wp","href":"https:\/\/api.w.org\/{rel}","templated":true}]}}