{"id":5758,"date":"2026-02-27T11:16:23","date_gmt":"2026-02-27T03:16:23","guid":{"rendered":"https:\/\/minghanggroup.com\/?post_type=product&#038;p=5758"},"modified":"2026-04-14T10:25:26","modified_gmt":"2026-04-14T02:25:26","slug":"pharmaceutical-glass-bottles-with-screw-neck-bulk","status":"publish","type":"product","link":"https:\/\/minghanggroup.com\/fr\/produit\/pharmaceutical-glass-bottles-with-screw-neck-bulk\/","title":{"rendered":"Flacons pharmaceutiques en verre de 15 ml \u00e0 1000 ml avec col \u00e0 vis, en vrac"},"content":{"rendered":"<p>Ces flacons pharmaceutiques en verre ambr\u00e9 ou transparent pr\u00e9sentent une forme cylindrique classique, des \u00e9paules arrondies et un col fin dot\u00e9 d&#039;un filetage pr\u00e9cis. Ils sont disponibles en sept tailles pour r\u00e9pondre \u00e0 tous les besoins des professionnels.<\/p>\n<h2>Caract\u00e9ristiques du produit<\/h2>\n<ul>\n<li><strong>Choix des mat\u00e9riaux :<\/strong> Disponible en verre transparent ou en verre ambr\u00e9 permettant un acc\u00e8s facile au contenu du produit ou offrant un haut niveau de protection UV.<\/li>\n<li><strong>Corps cylindrique stable :<\/strong> Le corps est court et arrondi, ce qui lui conf\u00e8re une grande stabilit\u00e9 lors de l&#039;installation et de la manipulation.<\/li>\n<li><strong>Si\u00e8ge s\u00e9curis\u00e9 :<\/strong> Le col filet\u00e9 standard offre une grande compatibilit\u00e9 avec diff\u00e9rents types de bouchons, assurant une \u00e9tanch\u00e9it\u00e9 tr\u00e8s s\u00fbre et parfaite.<\/li>\n<\/ul>\n<h2 style=\"text-align: left;\">Caract\u00e9ristiques principales<\/h2>\n<table class=\"aligncenter\" style=\"border-collapse: collapse; width: 447.77pt;\" border=\"0\" width=\"597\" cellspacing=\"0\" cellpadding=\"0\">\n<tbody>\n<tr style=\"height: 13.50pt;\">\n<td style=\"height: 13.50pt; width: 115.50pt;\" width=\"154\" height=\"18\">Sp\u00e9cification<\/td>\n<td style=\"width: 332.25pt;\" width=\"443\">D\u00e9tails<\/td>\n<\/tr>\n<tr style=\"height: 13.50pt;\">\n<td style=\"height: 13.50pt;\" height=\"18\">Capacit\u00e9<\/td>\n<td>15 ml, 30 ml, 60 ml, 120 ml, 250 ml, 500 ml, 1000 ml<\/td>\n<\/tr>\n<tr style=\"height: 13.50pt;\">\n<td style=\"height: 13.50pt;\" height=\"18\">Dimensions<\/td>\n<td>2,5 \u00d7 6,83 cm \u00e0 9,45 \u00d7 20,57 cm (Diam\u00e8tre \u00d7 Hauteur)<\/td>\n<\/tr>\n<tr style=\"height: 13.50pt;\">\n<td style=\"height: 13.50pt;\" height=\"18\">Mat\u00e9riel<\/td>\n<td>Verre de qualit\u00e9 pharmaceutique, transparent ou ambr\u00e9<\/td>\n<\/tr>\n<tr style=\"height: 13.50pt;\">\n<td style=\"height: 13.50pt;\" height=\"18\">Forme de bouteille<\/td>\n<td>Cylindre court et large avec col \u00e9troit et filet\u00e9<\/td>\n<\/tr>\n<tr style=\"height: 13.50pt;\">\n<td style=\"height: 13.50pt;\" height=\"18\">\u00c9tendue de la personnalisation<\/td>\n<td>Couleur, finition, couvercles, taille<\/td>\n<\/tr>\n<tr style=\"height: 13.50pt;\">\n<td style=\"height: 13.50pt;\" height=\"18\">Savoir-faire<\/td>\n<td>Soufflage de verre de pr\u00e9cision pour une construction robuste et stable<\/td>\n<\/tr>\n<tr style=\"height: 13.50pt;\">\n<td style=\"height: 13.50pt;\" height=\"18\">Objectif du produit<\/td>\n<td>Sirop en flacon de verre, flacons de solution buvable<\/td>\n<\/tr>\n<tr style=\"height: 13.50pt;\">\n<td style=\"height: 13.50pt;\" height=\"18\">Secteurs d&#039;activit\u00e9 appropri\u00e9s<\/td>\n<td>Fabricants de produits pharmaceutiques, pharmacies de pr\u00e9paration magistrale<\/td>\n<\/tr>\n<\/tbody>\n<\/table>\n<h2>\u00c9tude de cas : Une gamme de produits sp\u00e9cialis\u00e9s d&#039;une pharmacie<\/h2>\n<p>Une grande cha\u00eene de pharmacies de l&#039;est des \u00c9tats-Unis a d\u00e9velopp\u00e9 une marque de teinture \u00e0 base de plantes. Elle a choisi notre sirop en flacon de 60 ml en verre ambr\u00e9, dont elle a personnalis\u00e9 le flacon d\u00e9poli et l&#039;\u00e9tiquetage par s\u00e9rigraphie. Le verre ambr\u00e9 prot\u00e8ge de la lumi\u00e8re, prolongeant ainsi la dur\u00e9e de conservation de la teinture de moiti\u00e9. La contenance de 60 ml permet une utilisation d&#039;un mois. Le succ\u00e8s de cette gamme de produits a incit\u00e9 la pharmacie \u00e0 commander 1,5 million de flacons suppl\u00e9mentaires afin d&#039;approvisionner ses 20 points de vente pendant 18 mois.<\/p>\n<h2>Personnalisation des flacons en verre pharmaceutiques<\/h2>\n<ul>\n<li>Couleurs de verre personnalis\u00e9es\u00a0: Nous pouvons \u00e9galement proposer \u00e0 nos clients des verres personnalis\u00e9s bleu cobalt, vert ou d\u2019autres couleurs r\u00e9sistantes aux UV, en plus des verres transparents\/ambre.<\/li>\n<li>Bouchons doseurs : Les bouchons doseurs int\u00e9gr\u00e9s permettent une distribution pr\u00e9cise (par exemple 5 ml) apr\u00e8s chaque pression.<\/li>\n<li>Conception \u00e0 large goulot\u00a0: Certains mod\u00e8les sont dot\u00e9s d\u2019un large goulot afin de faciliter le transport ou le remplissage de produits concentr\u00e9s.<\/li>\n<li>Bague de s\u00e9curit\u00e9 inviolable au niveau du bouchon\u00a0: une bague r\u00e9tractable perfor\u00e9e ou une bague en plastique fragile est plac\u00e9e sous le bouchon pour offrir une s\u00e9curit\u00e9 suppl\u00e9mentaire.<\/li>\n<\/ul>","protected":false},"excerpt":{"rendered":"<p>Flacons pharmaceutiques en verre ambr\u00e9 et transparent. Ces flacons pour sirop sont dot\u00e9s d&#039;un col \u00e9troit filet\u00e9 assurant une fermeture herm\u00e9tique. Livraison rapide\u00a0!<\/p>","protected":false},"featured_media":5763,"template":"","meta":{"postBodyCss":"","postBodyMargin":[],"postBodyPadding":[],"postBodyBackground":{"backgroundType":"classic","gradient":""}},"product_brand":[],"product_cat":[15,86,16],"product_tag":[88,102,112],"class_list":{"0":"post-5758","1":"product","2":"type-product","3":"status-publish","4":"has-post-thumbnail","6":"product_cat-glass-containers","7":"product_cat-glass-medicine-bottles","8":"product_cat-glass-bottles","9":"product_tag-medicine-syrup-bottles","10":"product_tag-pharmaceutical-syrup-bottles","11":"product_tag-soap-dispensers","13":"first","14":"instock","15":"shipping-taxable","16":"product-type-simple"},"jetpack_sharing_enabled":true,"_links":{"self":[{"href":"https:\/\/minghanggroup.com\/fr\/wp-json\/wp\/v2\/product\/5758","targetHints":{"allow":["GET"]}}],"collection":[{"href":"https:\/\/minghanggroup.com\/fr\/wp-json\/wp\/v2\/product"}],"about":[{"href":"https:\/\/minghanggroup.com\/fr\/wp-json\/wp\/v2\/types\/product"}],"wp:featuredmedia":[{"embeddable":true,"href":"https:\/\/minghanggroup.com\/fr\/wp-json\/wp\/v2\/media\/5763"}],"wp:attachment":[{"href":"https:\/\/minghanggroup.com\/fr\/wp-json\/wp\/v2\/media?parent=5758"}],"wp:term":[{"taxonomy":"product_brand","embeddable":true,"href":"https:\/\/minghanggroup.com\/fr\/wp-json\/wp\/v2\/product_brand?post=5758"},{"taxonomy":"product_cat","embeddable":true,"href":"https:\/\/minghanggroup.com\/fr\/wp-json\/wp\/v2\/product_cat?post=5758"},{"taxonomy":"product_tag","embeddable":true,"href":"https:\/\/minghanggroup.com\/fr\/wp-json\/wp\/v2\/product_tag?post=5758"}],"curies":[{"name":"wp","href":"https:\/\/api.w.org\/{rel}","templated":true}]}}