{"id":5749,"date":"2026-02-27T10:42:39","date_gmt":"2026-02-27T02:42:39","guid":{"rendered":"https:\/\/minghanggroup.com\/?post_type=product&#038;p=5749"},"modified":"2026-03-02T13:22:37","modified_gmt":"2026-03-02T05:22:37","slug":"wide-mouth-glass-pharmaceutical-bottles-bulk","status":"publish","type":"product","link":"https:\/\/minghanggroup.com\/fr\/produit\/wide-mouth-glass-pharmaceutical-bottles-bulk\/","title":{"rendered":"Flacons pharmaceutiques en verre \u00e0 large ouverture de 60 ml \u00e0 500 ml (vente en gros)"},"content":{"rendered":"<p>Nous fabriquons des flacons pharmaceutiques en verre con\u00e7us sp\u00e9cifiquement pour r\u00e9pondre \u00e0 vos besoins en pilules et m\u00e9dicaments. Dot\u00e9s d&#039;une large ouverture (jusqu&#039;\u00e0 50 mm), ces flacons facilitent le remplissage avec des g\u00e9lules, des comprim\u00e9s ou d&#039;autres m\u00e9dicaments, vous \u00e9vitant ainsi de t\u00e2tonner avec de petites ouvertures. Id\u00e9aux pour les flacons de m\u00e9dicaments sur ordonnance, les contenants de vitamines ou les syst\u00e8mes de rangement, ils sont con\u00e7us pour les pharmacies, les grossistes et les fabricants partenaires exigeants.<\/p>\n<h2>Caract\u00e9ristiques du produit<\/h2>\n<ul>\n<li><strong>Acc\u00e8s large \u00e0 la bouche :<\/strong> Chargez facilement les capsules ou les pilules sans les renverser, en quelques secondes seulement.<\/li>\n<li><strong>UV, couleur protectrice :<\/strong> Nos flacons en verre ambr\u00e9 et bleu constituent une excellente solution pour prot\u00e9ger les m\u00e9dicaments de la d\u00e9gradation par la lumi\u00e8re.<\/li>\n<li><strong>Bouchon \u00e0 vis de s\u00e9curit\u00e9\u00a0:<\/strong> Conservez la fra\u00eecheur de vos m\u00e9dicaments gr\u00e2ce \u00e0 un bouchon \u00e0 vis \u00e9tanche.<\/li>\n<\/ul>\n<h2>Caract\u00e9ristiques principales<\/h2>\n<table style=\"border-collapse: collapse; width: 80%; margin-left: auto; margin-right: auto;\" border=\"0\" width=\"360\" cellspacing=\"0\" cellpadding=\"0\">\n<tbody>\n<tr style=\"height: 13.50pt;\">\n<td style=\"height: 13.5pt; width: 54pt; text-align: center;\" width=\"72\" height=\"18\">Capacit\u00e9 ( ml )<\/td>\n<td style=\"width: 54pt; text-align: center;\" width=\"72\">Taille ( cm )<\/td>\n<td style=\"width: 54pt; text-align: center;\" width=\"72\">Diam\u00e8tre int\u00e9rieur \/ ext\u00e9rieur (mm)<\/td>\n<td style=\"width: 54pt; text-align: center;\" width=\"72\">Couleurs<\/td>\n<td style=\"width: 54pt; text-align: center;\" width=\"72\">Fonctionnalit\u00e9<\/td>\n<\/tr>\n<tr style=\"height: 13.50pt;\">\n<td style=\"height: 13.5pt; text-align: center;\" align=\"right\" height=\"18\">60<\/td>\n<td style=\"text-align: center;\">4,45 \u00d7 7,55<\/td>\n<td class=\"et2\" style=\"text-align: center;\" rowspan=\"2\">28 \/ 34<\/td>\n<td class=\"et2\" style=\"text-align: center;\" rowspan=\"10\">Ambre, bleu<\/td>\n<td class=\"et2\" style=\"text-align: center;\" rowspan=\"10\">Large ouverture, adapt\u00e9e aux g\u00e9lules ou aux comprim\u00e9s<\/td>\n<\/tr>\n<tr style=\"height: 13.50pt;\">\n<td style=\"height: 13.5pt; text-align: center;\" align=\"right\" height=\"18\">75<\/td>\n<td style=\"text-align: center;\">4,53 \u00d7 8,25<\/td>\n<\/tr>\n<tr style=\"height: 13.50pt;\">\n<td style=\"height: 13.5pt; text-align: center;\" align=\"right\" height=\"18\">100<\/td>\n<td style=\"text-align: center;\">5,0 \u00d7 8,75<\/td>\n<td class=\"et2\" style=\"text-align: center;\" rowspan=\"3\">34 \/ 40<\/td>\n<\/tr>\n<tr style=\"height: 13.50pt;\">\n<td style=\"height: 13.5pt; text-align: center;\" align=\"right\" height=\"18\">120<\/td>\n<td style=\"text-align: center;\">5,28 \u00d7 9,5<\/td>\n<\/tr>\n<tr style=\"height: 13.50pt;\">\n<td style=\"height: 13.5pt; text-align: center;\" align=\"right\" height=\"18\">150<\/td>\n<td style=\"text-align: center;\">5,6 \u00d7 10,0<\/td>\n<\/tr>\n<tr style=\"height: 13.50pt;\">\n<td style=\"height: 13.5pt; text-align: center;\" align=\"right\" height=\"18\">200<\/td>\n<td style=\"text-align: center;\">6,14 \u00d7 10,95<\/td>\n<td class=\"et2\" style=\"text-align: center;\" rowspan=\"2\">Ext\u00e9rieur : 42<\/td>\n<\/tr>\n<tr style=\"height: 13.50pt;\">\n<td style=\"height: 13.5pt; text-align: center;\" align=\"right\" height=\"18\">250<\/td>\n<td style=\"text-align: center;\">6,53 \u00d7 11,75<\/td>\n<\/tr>\n<tr style=\"height: 13.50pt;\">\n<td style=\"height: 13.5pt; text-align: center;\" align=\"right\" height=\"18\">300<\/td>\n<td style=\"text-align: center;\">6,82 \u00d7 12,65<\/td>\n<td class=\"et2\" style=\"text-align: center;\" rowspan=\"2\">42 \/ 50<\/td>\n<\/tr>\n<tr style=\"height: 13.50pt;\">\n<td style=\"height: 13.5pt; text-align: center;\" align=\"right\" height=\"18\">400<\/td>\n<td style=\"text-align: center;\">7,47 \u00d7 13,65<\/td>\n<\/tr>\n<tr style=\"height: 13.50pt;\">\n<td style=\"height: 13.5pt; text-align: center;\" align=\"right\" height=\"18\">500<\/td>\n<td style=\"text-align: center;\">8,0 \u00d7 14,7<\/td>\n<td style=\"text-align: center;\">Ext\u00e9rieur : 50<\/td>\n<\/tr>\n<\/tbody>\n<\/table>\n<h2>Cas de r\u00e9ussite<\/h2>\n<p>Une entreprise australienne de compl\u00e9ments alimentaires a choisi nos flacons pharmaceutiques en verre \u00e0 large ouverture de 120 ml pour conditionner sa gamme de comprim\u00e9s haut de gamme \u00e0 base de plantes. Elle a opt\u00e9 pour des graduations en relief sur le fond, un bouchon noir mat orn\u00e9 de son logo argent\u00e9 estamp\u00e9 \u00e0 chaud et un panneau d&#039;\u00e9tiquettes d\u00e9poli afin de prot\u00e9ger l&#039;adh\u00e9rence des \u00e9tiquettes adh\u00e9sives de l&#039;humidit\u00e9 ambiante.<\/p>\n<p>Apr\u00e8s le reconditionnement, le client a constat\u00e9, six mois plus tard, une augmentation de 35 % de ses ventes et une hausse des r\u00e9achats. Ceci a conduit \u00e0 plusieurs commandes de flacons pharmaceutiques en verre au cours de l&#039;ann\u00e9e suivante.<\/p>\n<h2>Votre conseil de personnalisation<\/h2>\n<ol>\n<li><strong>Marquage en relief ou en creux\u00a0:<\/strong> Envisagez d&#039;ajouter un logo ou un texte en relief ou en creux sur la bouteille\u00a0; ce sera une marque d\u00e9pos\u00e9e permanente. Cela lui conf\u00e9rera non seulement une allure luxueuse, mais contribuera \u00e9galement \u00e0 accro\u00eetre la notori\u00e9t\u00e9 de la marque.<\/li>\n<li><strong>Marquages \u200b\u200bde capacit\u00e9 personnalis\u00e9s\u00a0:<\/strong> Envisagez d&#039;int\u00e9grer des rep\u00e8res de capacit\u00e9, sous forme de moulage ou d&#039;impression, pour faciliter la reconnaissance du volume et ainsi aider les utilisateurs \u00e0 mieux se familiariser avec le produit.<\/li>\n<li><strong>Conception et personnalisation de casquettes :<\/strong> Vous pouvez choisir parmi une vaste gamme de couleurs et de mat\u00e9riaux pour les bouchons, ou m\u00eame ajouter un gaufrage personnalis\u00e9 ou un marquage \u00e0 chaud pour les fermetures afin de donner \u00e0 votre marque une identit\u00e9 unique.<\/li>\n<\/ol>","protected":false},"excerpt":{"rendered":"<p>Flacons pharmaceutiques en verre en gros pour le stockage. Flacons \u00e0 large ouverture pour pilules, couleur ambre\/bleu. \u00c9tiquettes et bouchons personnalisables. Fabricant de confiance.<\/p>","protected":false},"featured_media":5757,"template":"","meta":{"postBodyCss":"","postBodyMargin":[],"postBodyPadding":[],"postBodyBackground":{"backgroundType":"classic","gradient":""}},"product_brand":[],"product_cat":[15,86,16],"product_tag":[89],"class_list":{"0":"post-5749","1":"product","2":"type-product","3":"status-publish","4":"has-post-thumbnail","6":"product_cat-glass-containers","7":"product_cat-glass-medicine-bottles","8":"product_cat-glass-bottles","9":"product_tag-glass-pill-bottles","11":"first","12":"instock","13":"shipping-taxable","14":"product-type-simple"},"jetpack_sharing_enabled":true,"_links":{"self":[{"href":"https:\/\/minghanggroup.com\/fr\/wp-json\/wp\/v2\/product\/5749","targetHints":{"allow":["GET"]}}],"collection":[{"href":"https:\/\/minghanggroup.com\/fr\/wp-json\/wp\/v2\/product"}],"about":[{"href":"https:\/\/minghanggroup.com\/fr\/wp-json\/wp\/v2\/types\/product"}],"wp:featuredmedia":[{"embeddable":true,"href":"https:\/\/minghanggroup.com\/fr\/wp-json\/wp\/v2\/media\/5757"}],"wp:attachment":[{"href":"https:\/\/minghanggroup.com\/fr\/wp-json\/wp\/v2\/media?parent=5749"}],"wp:term":[{"taxonomy":"product_brand","embeddable":true,"href":"https:\/\/minghanggroup.com\/fr\/wp-json\/wp\/v2\/product_brand?post=5749"},{"taxonomy":"product_cat","embeddable":true,"href":"https:\/\/minghanggroup.com\/fr\/wp-json\/wp\/v2\/product_cat?post=5749"},{"taxonomy":"product_tag","embeddable":true,"href":"https:\/\/minghanggroup.com\/fr\/wp-json\/wp\/v2\/product_tag?post=5749"}],"curies":[{"name":"wp","href":"https:\/\/api.w.org\/{rel}","templated":true}]}}