{"id":5747,"date":"2026-02-27T09:17:59","date_gmt":"2026-02-27T01:17:59","guid":{"rendered":"https:\/\/minghanggroup.com\/?post_type=product&#038;p=5747"},"modified":"2026-03-02T15:48:25","modified_gmt":"2026-03-02T07:48:25","slug":"amber-pharmaceutical-bottles-for-syrup-bulk","status":"publish","type":"product","link":"https:\/\/minghanggroup.com\/fr\/produit\/amber-pharmaceutical-bottles-for-syrup-bulk\/","title":{"rendered":"Flacons pharmaceutiques ambr\u00e9s de 30 ml \u00e0 500 ml pour sirop en vrac"},"content":{"rendered":"<p>Ces flacons pharmaceutiques, de forme ovale arrondie et patin\u00e9e, sont en verre ambr\u00e9 fonc\u00e9 offrant une excellente protection contre les UV aux liquides photosensibles. Leur goulot filet\u00e9 \u00e9troit assure une fermeture herm\u00e9tique. Disponibles en diff\u00e9rentes tailles pour r\u00e9pondre \u00e0 tous les besoins.<\/p>\n<h2>Caract\u00e9ristiques du produit<\/h2>\n<ul>\n<li><strong>Protection accrue contre la lumi\u00e8re\u00a0:<\/strong> Le verre ambr\u00e9 offre une bonne protection aux ingr\u00e9dients photosensibles, car il pr\u00e9serve leur puissance et leur stabilit\u00e9.<\/li>\n<li><strong>Col filet\u00e9 s\u00e9curis\u00e9 :<\/strong> Le filetage standard assure une \u00e9tanch\u00e9it\u00e9 parfaite avec l&#039;assortiment de capuchons compatibles.<\/li>\n<li><strong>Multi-tailles :<\/strong> Il existe en neuf tailles diff\u00e9rentes (de 30 ml \u00e0 500 ml) en fonction du volume et du dosage du produit requis.<\/li>\n<\/ul>\n<h2 style=\"text-align: left;\">Caract\u00e9ristiques principales<\/h2>\n<table class=\"aligncenter\" style=\"border-collapse: collapse; width: 447.77pt;\" border=\"0\" width=\"597\" cellspacing=\"0\" cellpadding=\"0\">\n<tbody>\n<tr style=\"height: 13.50pt;\">\n<td style=\"height: 13.50pt; width: 115.50pt;\" width=\"154\" height=\"18\">Sp\u00e9cification<\/td>\n<td style=\"width: 332.25pt;\" width=\"443\">D\u00e9tails<\/td>\n<\/tr>\n<tr style=\"height: 13.50pt;\">\n<td style=\"height: 13.50pt;\" height=\"18\">Capacit\u00e9<\/td>\n<td>30 ml, 60 ml, 100 ml, 125 ml, 150 ml, 200 ml, 250 ml, 300 ml, 500 ml<\/td>\n<\/tr>\n<tr style=\"height: 13.50pt;\">\n<td style=\"height: 13.50pt;\" height=\"18\">Dimensions<\/td>\n<td>3,5\u00d76,7 cm \u00e0 7,68\u00d717,68 cm (Diam\u00e8tre \u00d7 Hauteur)<\/td>\n<\/tr>\n<tr style=\"height: 13.50pt;\">\n<td style=\"height: 13.50pt;\" height=\"18\">Mat\u00e9riel<\/td>\n<td>Verre ambr\u00e9 de qualit\u00e9 pharmaceutique<\/td>\n<\/tr>\n<tr style=\"height: 13.50pt;\">\n<td style=\"height: 13.50pt;\" height=\"18\">Forme de bouteille<\/td>\n<td>Cylindre lisse \u00e0 col \u00e9troit et filet\u00e9<\/td>\n<\/tr>\n<tr style=\"height: 13.50pt;\">\n<td style=\"height: 13.50pt;\" height=\"18\">\u00c9tendue de la personnalisation<\/td>\n<td>Couleur, forme, taille, couvercles<\/td>\n<\/tr>\n<tr style=\"height: 13.50pt;\">\n<td style=\"height: 13.50pt;\" height=\"18\">Savoir-faire<\/td>\n<td>Soufflage de verre de pr\u00e9cision, protection UV<\/td>\n<\/tr>\n<tr style=\"height: 13.50pt;\">\n<td style=\"height: 13.50pt;\" height=\"18\">Objectif du produit<\/td>\n<td>Flacons pharmaceutiques pour sirops, flacons pour teintures \u00e0 base de plantes<\/td>\n<\/tr>\n<tr style=\"height: 13.50pt;\">\n<td style=\"height: 13.50pt;\" height=\"18\">Secteurs d&#039;activit\u00e9 appropri\u00e9s<\/td>\n<td>Fabricants de produits pharmaceutiques, entreprises nutraceutiques<\/td>\n<\/tr>\n<\/tbody>\n<\/table>\n<h2>Succ\u00e8s : Nouvelle gamme de produits d&#039;une entreprise de compl\u00e9ments alimentaires du Midwest<\/h2>\n<p>Une entreprise du Midwest sp\u00e9cialis\u00e9e dans les compl\u00e9ments alimentaires, proposant de la vitamine D liquide et du sirop de sureau, a lanc\u00e9 une nouvelle gamme. Elle a choisi nos flacons ambr\u00e9s de 125 ml pour le sirop, avec un tableau de dosage s\u00e9rigraphi\u00e9 et des bouchons de s\u00e9curit\u00e9 enfant. Le verre ambr\u00e9 des flacons offre une protection UV de 99,5 %, prolongeant ainsi la dur\u00e9e de conservation du produit de 40 %. Le format de 125 ml, soit 30 jours d&#039;utilisation, est id\u00e9al. Face \u00e0 un tel succ\u00e8s, l&#039;entreprise a command\u00e9 3 millions de flacons suppl\u00e9mentaires afin de r\u00e9pondre \u00e0 la demande croissante de son r\u00e9seau de distribution pour les deux ann\u00e9es \u00e0 venir.<\/p>\n<h2>Personnalisation des flacons pharmaceutiques<\/h2>\n<ul>\n<li>Couleur ambre personnalis\u00e9e\u00a0: L\u2019ambre peut \u00eatre obtenue dans une teinte allant du miel clair au brun fonc\u00e9.<\/li>\n<li>Syst\u00e8me de bouchons\u00a0: Bouchons disponibles\u00a0: compte-gouttes, bouchons distributeurs, compte-gouttes ou pompes de pulv\u00e9risation.<\/li>\n<li>\u00c9tiquetage tactile\u00a0: Incorporer du braille ou d\u2019autres d\u00e9tails tactiles visibles sur la bouteille pour satisfaire aux exigences d\u2019accessibilit\u00e9.<\/li>\n<li>S\u00e9rigraphie : Les instructions de dosage, les \u00e9tiquettes ou les symboles des m\u00e9dicaments sont imprim\u00e9s directement.<\/li>\n<\/ul>","protected":false},"excerpt":{"rendered":"<p>Les flacons ambr\u00e9s pour sirop et les flacons pharmaceutiques \u00e0 bouchon \u00e0 vis sont disponibles en neuf tailles et sont id\u00e9aux pour le conditionnement de m\u00e9dicaments photosensibles. \u00c9chantillons gratuits.<\/p>","protected":false},"featured_media":5751,"template":"","meta":{"postBodyCss":"","postBodyMargin":[],"postBodyPadding":[],"postBodyBackground":{"backgroundType":"classic","gradient":""}},"product_brand":[],"product_cat":[15,86,16],"product_tag":[88,102],"class_list":{"0":"post-5747","1":"product","2":"type-product","3":"status-publish","4":"has-post-thumbnail","6":"product_cat-glass-containers","7":"product_cat-glass-medicine-bottles","8":"product_cat-glass-bottles","9":"product_tag-medicine-syrup-bottles","10":"product_tag-pharmaceutical-syrup-bottles","12":"first","13":"instock","14":"shipping-taxable","15":"product-type-simple"},"jetpack_sharing_enabled":true,"_links":{"self":[{"href":"https:\/\/minghanggroup.com\/fr\/wp-json\/wp\/v2\/product\/5747","targetHints":{"allow":["GET"]}}],"collection":[{"href":"https:\/\/minghanggroup.com\/fr\/wp-json\/wp\/v2\/product"}],"about":[{"href":"https:\/\/minghanggroup.com\/fr\/wp-json\/wp\/v2\/types\/product"}],"wp:featuredmedia":[{"embeddable":true,"href":"https:\/\/minghanggroup.com\/fr\/wp-json\/wp\/v2\/media\/5751"}],"wp:attachment":[{"href":"https:\/\/minghanggroup.com\/fr\/wp-json\/wp\/v2\/media?parent=5747"}],"wp:term":[{"taxonomy":"product_brand","embeddable":true,"href":"https:\/\/minghanggroup.com\/fr\/wp-json\/wp\/v2\/product_brand?post=5747"},{"taxonomy":"product_cat","embeddable":true,"href":"https:\/\/minghanggroup.com\/fr\/wp-json\/wp\/v2\/product_cat?post=5747"},{"taxonomy":"product_tag","embeddable":true,"href":"https:\/\/minghanggroup.com\/fr\/wp-json\/wp\/v2\/product_tag?post=5747"}],"curies":[{"name":"wp","href":"https:\/\/api.w.org\/{rel}","templated":true}]}}