{"id":5742,"date":"2026-02-26T16:41:30","date_gmt":"2026-02-26T08:41:30","guid":{"rendered":"https:\/\/minghanggroup.com\/?post_type=product&#038;p=5742"},"modified":"2026-03-02T15:53:39","modified_gmt":"2026-03-02T07:53:39","slug":"glass-wide-mouth-reagent-bottles-wholesale","status":"publish","type":"product","link":"https:\/\/minghanggroup.com\/fr\/produit\/glass-wide-mouth-reagent-bottles-wholesale\/","title":{"rendered":"Flacons de r\u00e9actifs en verre \u00e0 large ouverture de 30 ml \u00e0 1000 ml, vente en gros"},"content":{"rendered":"<p>Vous ne faites pas que stocker des poudres\u00a0: vous prot\u00e9gez vos recherches. Nos flacons \u00e0 large ouverture pour r\u00e9actifs \u00e9liminent d\u00e9finitivement les risques de d\u00e9versement. Les flacons ambr\u00e9s prot\u00e8gent les solides photosensibles. Fabriqu\u00e9s en verre borosilicat\u00e9, transparents pour une visibilit\u00e9 optimale et ambr\u00e9s pour une protection UV, ils constituent un emballage pharmaceutique adapt\u00e9 \u00e0 votre laboratoire. Contenance\u00a0: de 30\u00a0ml (doses infimes) \u00e0 1\u00a0000\u00a0ml. Bouchon\u00a0: \u00e0 vis s\u00e9curis\u00e9. Vos m\u00e9dicaments et r\u00e9actifs restent purs.<\/p>\n<h2>Caract\u00e9ristiques du produit<\/h2>\n<ul>\n<li><strong>Conception \u00e0 large ouverture\u00a0:<\/strong> Sa large ouverture facilite le remplissage, la distribution et le nettoyage, ce qui la rend id\u00e9ale pour les r\u00e9actifs solides, les poudres et les granul\u00e9s.<\/li>\n<li><strong>Excellentes performances d&#039;\u00e9tanch\u00e9it\u00e9 :<\/strong> Les bocaux peuvent \u00eatre scell\u00e9s avec des bouchons en verre rod\u00e9 ou des couvercles herm\u00e9tiques afin d&#039;emp\u00eacher efficacement toute contamination et toute infiltration d&#039;humidit\u00e9.<\/li>\n<li><strong>Plusieurs options de capacit\u00e9\u00a0:<\/strong> Disponible en diff\u00e9rentes tailles pour r\u00e9pondre aux exigences des laboratoires, de la recherche et du stockage industriel.<\/li>\n<\/ul>\n<h2>Caract\u00e9ristiques principales<\/h2>\n<table style=\"border-collapse: collapse; width: 80%; margin-left: auto; margin-right: auto;\" border=\"0\" width=\"360\" cellspacing=\"0\" cellpadding=\"0\">\n<tbody>\n<tr style=\"height: 13.50pt;\">\n<td style=\"height: 13.5pt; width: 54pt; text-align: center;\" width=\"72\" height=\"18\">Capacit\u00e9 (ml)<\/td>\n<td style=\"width: 54pt; text-align: center;\" width=\"72\">Taille (cm)<\/td>\n<td style=\"width: 54pt; text-align: center;\" width=\"72\">Diam\u00e8tres int\u00e9rieur\/ext\u00e9rieur (mm)<\/td>\n<td style=\"width: 54pt; text-align: center;\" width=\"72\">Couleur<\/td>\n<td style=\"width: 54pt; text-align: center;\" width=\"72\">Caract\u00e9ristiques<\/td>\n<\/tr>\n<tr style=\"height: 13.50pt;\">\n<td style=\"height: 13.5pt; text-align: center;\" align=\"right\" height=\"18\">30<\/td>\n<td style=\"text-align: center;\">3,95 \u00d7 7,6<\/td>\n<td class=\"et2\" style=\"text-align: center;\">30.0 \/ 32<\/td>\n<td class=\"et2\" style=\"text-align: center;\" rowspan=\"6\">Clair\/Ambre<\/td>\n<td class=\"et2\" style=\"text-align: center;\" rowspan=\"6\">Grande bouche<\/td>\n<\/tr>\n<tr style=\"height: 13.50pt;\">\n<td style=\"height: 13.5pt; text-align: center;\" align=\"right\" height=\"18\">60<\/td>\n<td style=\"text-align: center;\">4,47 \u00d7 9,27<\/td>\n<td class=\"et2\" style=\"text-align: center;\">27.0 \/ 35<\/td>\n<\/tr>\n<tr style=\"height: 13.50pt;\">\n<td style=\"height: 13.5pt; text-align: center;\" align=\"right\" height=\"18\">125<\/td>\n<td style=\"text-align: center;\">5,41 \u00d7 11,0<\/td>\n<td class=\"et2\" style=\"text-align: center;\">38.0 \/ 43<\/td>\n<\/tr>\n<tr style=\"height: 13.50pt;\">\n<td style=\"height: 13.5pt; text-align: center;\" align=\"right\" height=\"18\">250<\/td>\n<td style=\"text-align: center;\">6,65 \u00d7 16,63<\/td>\n<td class=\"et2\" style=\"text-align: center;\">42.0 \/ 50<\/td>\n<\/tr>\n<tr style=\"height: 13.50pt;\">\n<td style=\"height: 13.5pt; text-align: center;\" align=\"right\" height=\"18\">500<\/td>\n<td style=\"text-align: center;\">8,22 \u00d7 17,6<\/td>\n<td class=\"et2\" style=\"text-align: center;\">49.0 \/ 58<\/td>\n<\/tr>\n<tr style=\"height: 13.50pt;\">\n<td style=\"height: 13.5pt; text-align: center;\" align=\"right\" height=\"18\">1000<\/td>\n<td style=\"text-align: center;\">10,18 \u00d7 21,17<\/td>\n<td class=\"et2\" style=\"text-align: center;\">58.0 \/ 66<\/td>\n<\/tr>\n<\/tbody>\n<\/table>\n<h2>Cas de r\u00e9ussite<\/h2>\n<p>Un fournisseur allemand de produits chimiques pour la recherche a choisi notre gamme de flacons \u00e0 large ouverture pour remplacer sa ligne de conditionnement de laboratoire. Nos flacons ambr\u00e9s offrent une protection UV renforc\u00e9e, id\u00e9ale pour les substances photosensibles. De plus, le corps du flacon est marqu\u00e9 du volume indiqu\u00e9, et nous y avons appos\u00e9 une \u00e9tiquette blanche en c\u00e9ramique r\u00e9sistante aux solvants. Enfin, le fond renforc\u00e9 du flacon l&#039;alourdit pour une meilleure r\u00e9sistance au transport \u00e0 l&#039;international.<\/p>\n<p>Apr\u00e8s deux trimestres de reconditionnement dans nos flacons de r\u00e9actifs, le distributeur a constat\u00e9 une augmentation de 26 % de son volume de ventes sur la gamme de r\u00e9actifs conditionn\u00e9s. Les r\u00e9clamations clients concernant des fuites ont diminu\u00e9 de plus de 40 %, ce qui a contribu\u00e9 \u00e0 renforcer la confiance des clients envers la marque. Cinq commandes ont \u00e9t\u00e9 renouvel\u00e9es en douze mois.<\/p>\n<h2>Conseils de personnalisation pour vous<\/h2>\n<ol>\n<li><strong>Marquage de capacit\u00e9 personnalis\u00e9\u00a0:<\/strong> Incorporez des \u00e9chelles de mesure moul\u00e9es ou imprim\u00e9es (ml\/oz) pour permettre des mesures pr\u00e9cises en laboratoire et une reconnaissance rapide.<\/li>\n<li><strong>Gaufrage ou d\u00e9bossage du logo\u00a0:<\/strong> Apposez un logo de marque ou un code de lot sur le corps ou le fond de la bouteille pour cr\u00e9er une image de marque durable.<\/li>\n<li><strong>Options de traitement de surface\u00a0:<\/strong> Ajoutez des caract\u00e9ristiques de manipulation s\u00fbres en laboratoire gr\u00e2ce \u00e0 des panneaux d&#039;\u00e9tiquetage d\u00e9polis, un rev\u00eatement pulv\u00e9ris\u00e9 mat ou une texture antid\u00e9rapante.<\/li>\n<\/ol>","protected":false},"excerpt":{"rendered":"<p>Flacon de r\u00e9actif haut de gamme \u00e0 large ouverture, transparent ou ambr\u00e9, pour le stockage en laboratoire. Vente directe d&#039;usine, personnalisation en gros et livraison rapide. \u00c9chantillon gratuit.<\/p>","protected":false},"featured_media":5746,"template":"","meta":{"postBodyCss":"","postBodyMargin":[],"postBodyPadding":[],"postBodyBackground":{"backgroundType":"classic","gradient":""}},"product_brand":[],"product_cat":[15,86,16],"product_tag":[89,103,90],"class_list":{"0":"post-5742","1":"product","2":"type-product","3":"status-publish","4":"has-post-thumbnail","6":"product_cat-glass-containers","7":"product_cat-glass-medicine-bottles","8":"product_cat-glass-bottles","9":"product_tag-glass-pill-bottles","10":"product_tag-pharmacy-jars","11":"product_tag-reagent-bottles","13":"first","14":"instock","15":"shipping-taxable","16":"product-type-simple"},"jetpack_sharing_enabled":true,"_links":{"self":[{"href":"https:\/\/minghanggroup.com\/fr\/wp-json\/wp\/v2\/product\/5742","targetHints":{"allow":["GET"]}}],"collection":[{"href":"https:\/\/minghanggroup.com\/fr\/wp-json\/wp\/v2\/product"}],"about":[{"href":"https:\/\/minghanggroup.com\/fr\/wp-json\/wp\/v2\/types\/product"}],"wp:featuredmedia":[{"embeddable":true,"href":"https:\/\/minghanggroup.com\/fr\/wp-json\/wp\/v2\/media\/5746"}],"wp:attachment":[{"href":"https:\/\/minghanggroup.com\/fr\/wp-json\/wp\/v2\/media?parent=5742"}],"wp:term":[{"taxonomy":"product_brand","embeddable":true,"href":"https:\/\/minghanggroup.com\/fr\/wp-json\/wp\/v2\/product_brand?post=5742"},{"taxonomy":"product_cat","embeddable":true,"href":"https:\/\/minghanggroup.com\/fr\/wp-json\/wp\/v2\/product_cat?post=5742"},{"taxonomy":"product_tag","embeddable":true,"href":"https:\/\/minghanggroup.com\/fr\/wp-json\/wp\/v2\/product_tag?post=5742"}],"curies":[{"name":"wp","href":"https:\/\/api.w.org\/{rel}","templated":true}]}}