{"id":5733,"date":"2026-02-26T15:19:13","date_gmt":"2026-02-26T07:19:13","guid":{"rendered":"https:\/\/minghanggroup.com\/?post_type=product&#038;p=5733"},"modified":"2026-03-02T15:53:18","modified_gmt":"2026-03-02T07:53:18","slug":"glass-reagent-bottles-for-laboratory-use-bulk","status":"publish","type":"product","link":"https:\/\/minghanggroup.com\/fr\/produit\/glass-reagent-bottles-for-laboratory-use-bulk\/","title":{"rendered":"Flacons de r\u00e9actifs en verre de 30 ml \u00e0 1000 ml pour usage en laboratoire (vente en gros)"},"content":{"rendered":"<p>Non seulement vous stockez vos r\u00e9actifs, mais vous pr\u00e9servez aussi vos exp\u00e9riences. Nos flacons de r\u00e9actifs sont con\u00e7us pour r\u00e9pondre aux exigences des laboratoires les plus pr\u00e9cis. Fabriqu\u00e9s en verre borosilicat\u00e9, ils sont disponibles en versions transparente (permettant de voir les liquides clairs), ambr\u00e9e (en raison de la photosensibilit\u00e9 des m\u00e9dicaments ou r\u00e9actifs), etc. Les normes d&#039;emballage pharmaceutique sont conformes aux r\u00e9alit\u00e9s du laboratoire. Contenance\u00a0? De 30\u00a0ml (id\u00e9al pour les \u00e9chantillons de l&#039;ordre du dram) \u00e0 1\u00a0000\u00a0ml. Bouchon\u00a0? Bouchon \u00e0 vis s\u00e9curis\u00e9. Vos r\u00e9actifs restent purs, de la paillasse \u00e0 l&#039;\u00e9tag\u00e8re.<\/p>\n<h2>Caract\u00e9ristiques du produit<\/h2>\n<ul>\n<li><strong>S\u00e9curit\u00e9 du col \u00e9troit :<\/strong> Sa conception pr\u00e9cise \u00e0 petit goulot limite les d\u00e9versements lors du versement. Verrouillez herm\u00e9tiquement les r\u00e9cipients pour \u00e9viter les fuites de liquide.<\/li>\n<li><strong>Ambre clair et protecteur :<\/strong> Les flacons en verre ambr\u00e9 prot\u00e8gent les colorants des dommages caus\u00e9s par les UV. Les flacons transparents sont parfaits pour v\u00e9rifier la couleur du liquide. Les deux contribuent \u00e0 la stabilit\u00e9 du m\u00e9dicament.<\/li>\n<li><strong>Efficacit\u00e9 en gros :<\/strong> Achetez des flacons en verre pour r\u00e9actifs en gros. B\u00e9n\u00e9ficiez d&#039;\u00e9tiquettes personnalis\u00e9es, de contenants th\u00e9rapeutiques et d&#039;\u00e9chantillons adapt\u00e9s \u00e0 votre budget. Votre cha\u00eene d&#039;approvisionnement est d\u00e9sormais simplifi\u00e9e.<\/li>\n<\/ul>\n<h2>Caract\u00e9ristiques principales<\/h2>\n<table style=\"border-collapse: collapse; width: 80%; margin-left: auto; margin-right: auto;\" border=\"0\" width=\"360\" cellspacing=\"0\" cellpadding=\"0\">\n<tbody>\n<tr style=\"height: 13.50pt;\">\n<td style=\"height: 13.5pt; width: 54pt; text-align: center;\" width=\"72\" height=\"18\">Capacit\u00e9 (ml)<\/td>\n<td style=\"width: 54pt; text-align: center;\" width=\"72\">Taille (cm)<\/td>\n<td style=\"width: 54pt; text-align: center;\" width=\"72\">Diam\u00e8tres int\u00e9rieur\/ext\u00e9rieur (mm)<\/td>\n<td style=\"width: 54pt; text-align: center;\" width=\"72\">Couleur<\/td>\n<td style=\"width: 54pt; text-align: center;\" width=\"72\">Mat\u00e9riel<\/td>\n<\/tr>\n<tr style=\"height: 13.50pt;\">\n<td style=\"height: 13.5pt; text-align: center;\" align=\"right\" height=\"18\">30<\/td>\n<td style=\"text-align: center;\">3,89 \u00d7 7,81<\/td>\n<td class=\"et2\" style=\"text-align: center;\">16.2 \/ 26<\/td>\n<td class=\"et2\" style=\"text-align: center;\" rowspan=\"6\">Clair \/ Ambre<\/td>\n<td class=\"et2\" style=\"text-align: center;\" rowspan=\"6\">Verre borosilicat\u00e9<\/td>\n<\/tr>\n<tr style=\"height: 13.50pt;\">\n<td style=\"height: 13.5pt; text-align: center;\" align=\"right\" height=\"18\">60<\/td>\n<td style=\"text-align: center;\">4,51 \u00d7 8,72<\/td>\n<td class=\"et2\" style=\"text-align: center;\">16.5 \/ 26<\/td>\n<\/tr>\n<tr style=\"height: 13.50pt;\">\n<td style=\"height: 13.5pt; text-align: center;\" align=\"right\" height=\"18\">125<\/td>\n<td style=\"text-align: center;\">5,25 \u00d7 11,50<\/td>\n<td class=\"et2\" style=\"text-align: center;\">18.6 \/ 30<\/td>\n<\/tr>\n<tr style=\"height: 13.50pt;\">\n<td style=\"height: 13.5pt; text-align: center;\" align=\"right\" height=\"18\">250<\/td>\n<td style=\"text-align: center;\">7,00 \u00d7 13,89<\/td>\n<td class=\"et2\" style=\"text-align: center;\">22.4 \/ 35<\/td>\n<\/tr>\n<tr style=\"height: 13.50pt;\">\n<td style=\"height: 13.5pt; text-align: center;\" align=\"right\" height=\"18\">500<\/td>\n<td style=\"text-align: center;\">8,16 \u00d7 16,98<\/td>\n<td class=\"et2\" style=\"text-align: center;\">27.0 \/ 40<\/td>\n<\/tr>\n<tr style=\"height: 13.50pt;\">\n<td style=\"height: 13.5pt; text-align: center;\" align=\"right\" height=\"18\">1000<\/td>\n<td style=\"text-align: center;\">10,38 \u00d7 21,08<\/td>\n<td class=\"et2\" style=\"text-align: center;\">33.2 \/ 48<\/td>\n<\/tr>\n<\/tbody>\n<\/table>\n<h2>Cas de r\u00e9ussite<\/h2>\n<p>Une entreprise pharmaceutique recherchait une solution d&#039;emballage fiable pour ses r\u00e9actifs liquides sensibles. Elle a choisi nos flacons de r\u00e9actifs en verre transparent. L&#039;entreprise a opt\u00e9 pour une surface lisse et transparente permettant une visualisation ais\u00e9e du contenu, ainsi que pour une gravure laser indiquant clairement le nom du liquide.<\/p>\n<p>La soci\u00e9t\u00e9 pharmaceutique a fait \u00e9tat d&#039;une r\u00e9duction de 30 % des pertes et d&#039;une augmentation de 25 % des achats r\u00e9p\u00e9t\u00e9s, ce qui l&#039;a incit\u00e9e \u00e0 continuer de passer des commandes en gros au cours des trimestres suivants.<\/p>\n<h2>Personnalisation pour vous<\/h2>\n<ol>\n<li><strong>\u00c9tiquetage s\u00e9rigraphi\u00e9\u00a0:<\/strong> Collez les \u00e9tiquettes s\u00e9rigraphi\u00e9es, les num\u00e9ros de lot ou les symboles de danger sur le verre de mani\u00e8re \u00e0 ce qu&#039;ils ne soient pas arrach\u00e9s par d\u00e9collement et qu&#039;ils restent facilement lisibles sur le long terme.<\/li>\n<li><strong>Verre clair ou ambr\u00e9\u00a0:<\/strong> Choisissez du verre clair ou ambr\u00e9 en fonction des exigences des mat\u00e9riaux sensibles \u00e0 la lumi\u00e8re, afin de garantir un environnement de stockage optimal.<\/li>\n<li><strong>Graduations de mesure gradu\u00e9es\u00a0:<\/strong> Ajoutez des graduations de volume sur la bouteille, grav\u00e9es ou imprim\u00e9es, afin que le contenu puisse \u00eatre mesur\u00e9 avec pr\u00e9cision et lu facilement.<\/li>\n<\/ol>","protected":false},"excerpt":{"rendered":"<p>Flacons en verre pour r\u00e9actifs, assurant un stockage s\u00fbr des produits chimiques. Vente directe d&#039;usine, personnalisation en gros possible, avec \u00e9chantillons gratuits pour une utilisation en laboratoire et conformes aux normes industrielles.<\/p>","protected":false},"featured_media":5741,"template":"","meta":{"postBodyCss":"","postBodyMargin":[],"postBodyPadding":[],"postBodyBackground":{"backgroundType":"classic","gradient":""}},"product_brand":[],"product_cat":[15,86,16],"product_tag":[103,90],"class_list":{"0":"post-5733","1":"product","2":"type-product","3":"status-publish","4":"has-post-thumbnail","6":"product_cat-glass-containers","7":"product_cat-glass-medicine-bottles","8":"product_cat-glass-bottles","9":"product_tag-pharmacy-jars","10":"product_tag-reagent-bottles","12":"first","13":"instock","14":"shipping-taxable","15":"product-type-simple"},"jetpack_sharing_enabled":true,"_links":{"self":[{"href":"https:\/\/minghanggroup.com\/fr\/wp-json\/wp\/v2\/product\/5733","targetHints":{"allow":["GET"]}}],"collection":[{"href":"https:\/\/minghanggroup.com\/fr\/wp-json\/wp\/v2\/product"}],"about":[{"href":"https:\/\/minghanggroup.com\/fr\/wp-json\/wp\/v2\/types\/product"}],"wp:featuredmedia":[{"embeddable":true,"href":"https:\/\/minghanggroup.com\/fr\/wp-json\/wp\/v2\/media\/5741"}],"wp:attachment":[{"href":"https:\/\/minghanggroup.com\/fr\/wp-json\/wp\/v2\/media?parent=5733"}],"wp:term":[{"taxonomy":"product_brand","embeddable":true,"href":"https:\/\/minghanggroup.com\/fr\/wp-json\/wp\/v2\/product_brand?post=5733"},{"taxonomy":"product_cat","embeddable":true,"href":"https:\/\/minghanggroup.com\/fr\/wp-json\/wp\/v2\/product_cat?post=5733"},{"taxonomy":"product_tag","embeddable":true,"href":"https:\/\/minghanggroup.com\/fr\/wp-json\/wp\/v2\/product_tag?post=5733"}],"curies":[{"name":"wp","href":"https:\/\/api.w.org\/{rel}","templated":true}]}}