{"id":5722,"date":"2026-02-26T14:08:45","date_gmt":"2026-02-26T06:08:45","guid":{"rendered":"https:\/\/minghanggroup.com\/?post_type=product&#038;p=5722"},"modified":"2026-03-02T15:46:51","modified_gmt":"2026-03-02T07:46:51","slug":"clear-glass-medical-vials-for-pharmaceutical-use-bulk","status":"publish","type":"product","link":"https:\/\/minghanggroup.com\/fr\/produit\/clear-glass-medical-vials-for-pharmaceutical-use-bulk\/","title":{"rendered":"Flacons m\u00e9dicaux en verre transparent de 2 ml \u00e0 30 ml pour usage pharmaceutique (vente en gros)"},"content":{"rendered":"<p>Votre m\u00e9dicament est conditionn\u00e9 avec pr\u00e9cision dans nos flacons pharmaceutiques. Fabriqu\u00e9s en verre borosilicat\u00e9 de la plus haute qualit\u00e9, ces flacons sont transparents pour visualiser les liquides fins et ambr\u00e9s pour bloquer les UV (si n\u00e9cessaire). Un emballage pharmaceutique qui vous est b\u00e9n\u00e9fique. Contenance\u00a0? De 2\u00a0ml \u00e0 30\u00a0ml (doses de l\u2019ordre du dram). Bouchon\u00a0? Scell\u00e9 en aluminium pour une s\u00e9curit\u00e9 optimale. Le m\u00e9dicament reste parfaitement prot\u00e9g\u00e9 entre le laboratoire et le patient.<\/p>\n<h2>Caract\u00e9ristiques du produit<\/h2>\n<ol>\n<li><strong>Clart\u00e9 cristalline pour une pr\u00e9cision optimale\u00a0:<\/strong> Les m\u00e9dicaments en flacons de verre transparent sont visibles \u00e0 l&#039;\u0153il nu. N&#039;est-ce pas merveilleux de ne plus avoir \u00e0 deviner\u00a0? Fini les erreurs\u00a0!<\/li>\n<li><strong>R\u00e9sistance du borosilicate :<\/strong> Le verre r\u00e9sistant \u00e0 la chaleur conserve sa solidit\u00e9 et convient \u00e0 l&#039;autoclavage. Fermez herm\u00e9tiquement les flacons de m\u00e9dicaments\u00a0: aucun risque de fissures ou de fuites.<\/li>\n<li><strong>Dosage parfaitement adapt\u00e9 \u00e0 chaque dose :<\/strong> 2 ml pour les petits flacons de comprim\u00e9s (doses minimes), 30 ml pour les vaccins. Ces formats r\u00e9pondent \u00e0 vos besoins m\u00e9dicaux.<\/li>\n<\/ol>\n<h2>Caract\u00e9ristiques principales<\/h2>\n<table style=\"border-collapse: collapse; width: 80%; margin-left: auto; margin-right: auto;\" border=\"0\" width=\"360\" cellspacing=\"0\" cellpadding=\"0\">\n<tbody>\n<tr style=\"height: 13.50pt;\">\n<td style=\"height: 13.5pt; width: 54pt; text-align: center;\" width=\"72\" height=\"18\">Capacit\u00e9 (ml)<\/td>\n<td style=\"width: 54pt; text-align: center;\" width=\"72\">Dimensions ( cm )<\/td>\n<td style=\"width: 54pt; text-align: center;\" width=\"72\">Diam\u00e8tres int\u00e9rieur\/ext\u00e9rieur<\/td>\n<td style=\"width: 54pt; text-align: center;\" width=\"72\">Couleur<\/td>\n<td style=\"width: 54pt; text-align: center;\" width=\"72\">Mat\u00e9riel<\/td>\n<\/tr>\n<tr style=\"height: 13.50pt;\">\n<td style=\"height: 13.5pt; text-align: center;\" align=\"right\" height=\"18\">2<\/td>\n<td style=\"text-align: center;\">1,58 \u00d7 3,5<\/td>\n<td class=\"et2\" style=\"text-align: center;\" rowspan=\"9\">12,6 \/ 20 mm<\/td>\n<td class=\"et2\" style=\"text-align: center;\" rowspan=\"9\">Clair<\/td>\n<td class=\"et2\" style=\"text-align: center;\" rowspan=\"9\">Verre borosilicat\u00e9<\/td>\n<\/tr>\n<tr style=\"height: 13.50pt;\">\n<td style=\"height: 13.5pt; text-align: center;\" align=\"right\" height=\"18\">7<\/td>\n<td style=\"text-align: center;\">2,20 \u00d7 3,97<\/td>\n<\/tr>\n<tr style=\"height: 13.50pt;\">\n<td style=\"height: 13.5pt; text-align: center;\" align=\"right\" height=\"18\">8<\/td>\n<td style=\"text-align: center;\">2,20 \u00d7 4,50<\/td>\n<\/tr>\n<tr style=\"height: 13.50pt;\">\n<td style=\"height: 13.5pt; text-align: center;\" align=\"right\" height=\"18\">10<\/td>\n<td style=\"text-align: center;\">2,40 \u00d7 4,50<\/td>\n<\/tr>\n<tr style=\"height: 13.50pt;\">\n<td style=\"height: 13.5pt; text-align: center;\" align=\"right\" height=\"18\">12<\/td>\n<td style=\"text-align: center;\">2,40 \u00d7 5,30<\/td>\n<\/tr>\n<tr style=\"height: 13.50pt;\">\n<td style=\"height: 13.5pt; text-align: center;\" align=\"right\" height=\"18\">15<\/td>\n<td style=\"text-align: center;\">2,65 \u00d7 5,20<\/td>\n<\/tr>\n<tr style=\"height: 13.50pt;\">\n<td style=\"height: 13.5pt; text-align: center;\" align=\"right\" height=\"18\">20<\/td>\n<td style=\"text-align: center;\">2,76 \u00d7 5,80<\/td>\n<\/tr>\n<tr style=\"height: 13.50pt;\">\n<td style=\"height: 13.5pt; text-align: center;\" align=\"right\" height=\"18\">25<\/td>\n<td style=\"text-align: center;\">2,95 \u00d7 6,00<\/td>\n<\/tr>\n<tr style=\"height: 13.50pt;\">\n<td style=\"height: 13.5pt; text-align: center;\" align=\"right\" height=\"18\">30<\/td>\n<td style=\"text-align: center;\">3,00 \u00d7 6,50<\/td>\n<\/tr>\n<\/tbody>\n<\/table>\n<h2>Cas de r\u00e9ussite<\/h2>\n<p>Une entreprise pharmaceutique en pleine expansion, sp\u00e9cialis\u00e9e dans les injectables, a choisi nos flacons en verre transparent de 7 ml pour sa nouvelle gamme de flacons st\u00e9riles. Ces flacons sont dot\u00e9s d&#039;un col large et lisse qui assure une fixation optimale du bouchon en caoutchouc et une \u00e9tanch\u00e9it\u00e9 parfaite. L&#039;entreprise a \u00e9galement personnalis\u00e9 les \u00e9tiquettes du produit en mettant en avant ses principales caract\u00e9ristiques. Le bouchon en caoutchouc garantit une \u00e9tanch\u00e9it\u00e9 parfaite.<\/p>\n<p>Apr\u00e8s avoir adopt\u00e9 ces flacons personnalis\u00e9s, l&#039;entreprise a constat\u00e9 une am\u00e9lioration de 30 % de l&#039;efficacit\u00e9 du traitement des commandes et une r\u00e9duction significative des r\u00e9clamations dues \u00e0 la casse ou \u00e0 d&#039;autres raisons.<\/p>\n<h2>Conseils de personnalisation pour vous<\/h2>\n<ol>\n<li><strong>Volume et taille configurables\u00a0:<\/strong> Proposez diff\u00e9rents formats de produits pharmaceutiques, comme des petits flacons contenant des m\u00e9dicaments concentr\u00e9s ou de grands flacons multidoses.<\/li>\n<li><strong>\u00c9tiquette qui vous fait gagner du temps\u00a0:<\/strong> Ajoutez des \u00e9tiquettes de dosage claires et faciles \u00e0 comprendre pour le personnel de pharmacie. Options de conditionnement pharmaceutique sur mesure.<\/li>\n<li><strong>Efficacit\u00e9 en vrac :<\/strong> Achetez des flacons pharmaceutiques en gros et b\u00e9n\u00e9ficiez de remises sur volume, d&#039;\u00e9chantillons gratuits et d&#039;un service personnalis\u00e9.<\/li>\n<\/ol>","protected":false},"excerpt":{"rendered":"<p>Nos flacons m\u00e9dicaux permettent un stockage s\u00e9curis\u00e9 des liquides et des poudres. Flacons pharmaceutiques en vrac disponibles, vente directe d&#039;usine, avec \u00e9chantillons gratuits et options personnalis\u00e9es.<\/p>","protected":false},"featured_media":5730,"template":"","meta":{"postBodyCss":"","postBodyMargin":[],"postBodyPadding":[],"postBodyBackground":{"backgroundType":"classic","gradient":""}},"product_brand":[],"product_cat":[15,86,16],"product_tag":[101],"class_list":{"0":"post-5722","1":"product","2":"type-product","3":"status-publish","4":"has-post-thumbnail","6":"product_cat-glass-containers","7":"product_cat-glass-medicine-bottles","8":"product_cat-glass-bottles","9":"product_tag-sterile-vials","11":"first","12":"instock","13":"shipping-taxable","14":"product-type-simple"},"jetpack_sharing_enabled":true,"_links":{"self":[{"href":"https:\/\/minghanggroup.com\/fr\/wp-json\/wp\/v2\/product\/5722","targetHints":{"allow":["GET"]}}],"collection":[{"href":"https:\/\/minghanggroup.com\/fr\/wp-json\/wp\/v2\/product"}],"about":[{"href":"https:\/\/minghanggroup.com\/fr\/wp-json\/wp\/v2\/types\/product"}],"wp:featuredmedia":[{"embeddable":true,"href":"https:\/\/minghanggroup.com\/fr\/wp-json\/wp\/v2\/media\/5730"}],"wp:attachment":[{"href":"https:\/\/minghanggroup.com\/fr\/wp-json\/wp\/v2\/media?parent=5722"}],"wp:term":[{"taxonomy":"product_brand","embeddable":true,"href":"https:\/\/minghanggroup.com\/fr\/wp-json\/wp\/v2\/product_brand?post=5722"},{"taxonomy":"product_cat","embeddable":true,"href":"https:\/\/minghanggroup.com\/fr\/wp-json\/wp\/v2\/product_cat?post=5722"},{"taxonomy":"product_tag","embeddable":true,"href":"https:\/\/minghanggroup.com\/fr\/wp-json\/wp\/v2\/product_tag?post=5722"}],"curies":[{"name":"wp","href":"https:\/\/api.w.org\/{rel}","templated":true}]}}