{"id":5720,"date":"2026-02-26T13:18:36","date_gmt":"2026-02-26T05:18:36","guid":{"rendered":"https:\/\/minghanggroup.com\/?post_type=product&#038;p=5720"},"modified":"2026-03-02T15:48:11","modified_gmt":"2026-03-02T07:48:11","slug":"clear-glass-syrup-bottles-for-oral-liquid-bulk","status":"publish","type":"product","link":"https:\/\/minghanggroup.com\/fr\/produit\/clear-glass-syrup-bottles-for-oral-liquid-bulk\/","title":{"rendered":"Flacons en verre transparent de 30 ml \u00e0 500 ml pour sirop \u00e0 administration orale en vrac"},"content":{"rendered":"<p>Ces flacons de sirop en verre sont de forme ovale, lisses et arrondis, avec un col \u00e9troit filet\u00e9 afin d&#039;\u00e9viter les d\u00e9bordements et de pr\u00e9server la fra\u00eecheur du sirop, des m\u00e9dicaments ou de toute autre pr\u00e9paration liquide.<\/p>\n<h2>Caract\u00e9ristiques du produit<\/h2>\n<ul>\n<li><strong>Transparence de qualit\u00e9 pharmaceutique :<\/strong> Le verre transparent de haute qualit\u00e9 conf\u00e8re au produit transparence et qualit\u00e9 sup\u00e9rieure.<\/li>\n<li><strong>Goulot de versement pr\u00e9cis :<\/strong> Le col filet\u00e9 est \u00e9troit, ce qui permet un versement pr\u00e9cis et facilite la fermeture.<\/li>\n<li><strong>Capacit\u00e9 totale :<\/strong> Sept formats diff\u00e9rents, de 30 ml \u00e0 500 ml, pour r\u00e9pondre \u00e0 la quasi-totalit\u00e9 des besoins en emballage de liquides.<\/li>\n<\/ul>\n<h2 style=\"text-align: left;\">Caract\u00e9ristiques principales<\/h2>\n<table class=\"aligncenter\" style=\"border-collapse: collapse; width: 391.52pt;\" border=\"0\" width=\"522\" cellspacing=\"0\" cellpadding=\"0\">\n<tbody>\n<tr style=\"height: 13.50pt;\">\n<td style=\"height: 13.50pt; width: 115.50pt;\" width=\"154\" height=\"18\">Sp\u00e9cification<\/td>\n<td style=\"width: 276.00pt;\" width=\"368\">D\u00e9tails<\/td>\n<\/tr>\n<tr style=\"height: 13.50pt;\">\n<td style=\"height: 13.50pt;\" height=\"18\">Capacit\u00e9<\/td>\n<td>30 ml, 60 ml, 90 ml, 125 ml, 150 ml, 200 ml, 500 ml<\/td>\n<\/tr>\n<tr style=\"height: 13.50pt;\">\n<td style=\"height: 13.50pt;\" height=\"18\">Dimensions<\/td>\n<td>3,5 \u00d7 6,7 cm \u00e0 7,6 \u00d7 17,7 cm (Diam\u00e8tre \u00d7 Hauteur)<\/td>\n<\/tr>\n<tr style=\"height: 13.50pt;\">\n<td style=\"height: 13.50pt;\" height=\"18\">Mat\u00e9riel<\/td>\n<td>Verre clair de qualit\u00e9 pharmaceutique<\/td>\n<\/tr>\n<tr style=\"height: 13.50pt;\">\n<td style=\"height: 13.50pt;\" height=\"18\">Forme de bouteille<\/td>\n<td>Cylindre lisse \u00e0 col \u00e9troit et filet\u00e9<\/td>\n<\/tr>\n<tr style=\"height: 13.50pt;\">\n<td style=\"height: 13.50pt;\" height=\"18\">\u00c9tendue de la personnalisation<\/td>\n<td>Couleur, taille, s\u00e9rigraphie, couvercles<\/td>\n<\/tr>\n<tr style=\"height: 13.50pt;\">\n<td style=\"height: 13.50pt;\" height=\"18\">Savoir-faire<\/td>\n<td>Soufflage de verre de pr\u00e9cision pour uniforme<\/td>\n<\/tr>\n<tr style=\"height: 13.50pt;\">\n<td style=\"height: 13.50pt;\" height=\"18\">Objectif du produit<\/td>\n<td>Flacons de sirop en verre, flacons de liquides oraux<\/td>\n<\/tr>\n<tr style=\"height: 13.50pt;\">\n<td style=\"height: 13.50pt;\" height=\"18\">Secteurs d&#039;activit\u00e9 appropri\u00e9s<\/td>\n<td>Entreprises pharmaceutiques, marques de produits nutraceutiques<\/td>\n<\/tr>\n<\/tbody>\n<\/table>\n<h2>Histoire \u00e0 succ\u00e8s<\/h2>\n<p>L&#039;une des principales entreprises nationales de compl\u00e9ments alimentaires \u00e0 base de plantes a lanc\u00e9 une gamme de sirops \u00e0 base de sureau et d&#039;herbes. Elle a choisi nos flacons de sirop en verre de 125 ml et a personnalis\u00e9 le flacon ambr\u00e9 ainsi que les instructions de dosage imprim\u00e9es en s\u00e9rigraphie. Le flacon en verre ambr\u00e9 est un verre transparent de haute qualit\u00e9 qui prot\u00e8ge les ingr\u00e9dients sensibles de la lumi\u00e8re et prolonge la dur\u00e9e de conservation de 30 %. Face au succ\u00e8s rencontr\u00e9 sur le march\u00e9, l&#039;entreprise a pass\u00e9 une commande suppl\u00e9mentaire de 2,5 millions de flacons afin d&#039;approvisionner ses r\u00e9seaux de distribution en magasin et en ligne pour les deux prochaines ann\u00e9es.<\/p>\n<h2>Personnalisation des bouteilles de sirop en verre<\/h2>\n<ul>\n<li>Couleur du verre\u00a0: Protection UV\u00a0: le verre est disponible en version transparente, ambr\u00e9e, bleu cobalt ou couleur personnalis\u00e9e\u00a0; Marquage\u00a0: le verre peut \u00eatre disponible dans n\u2019importe quelle couleur.<\/li>\n<li>Marquage de capacit\u00e9 en relief\u00a0: Placez des marques de capacit\u00e9 en relief (par exemple, \u00ab\u00a0125 ml\u00a0\u00bb) sur l\u2019\u00e9paule de la bouteille.<\/li>\n<li>Filetage personnalis\u00e9 pour le goulot de la bouteille\u00a0: Modifiez la forme du filetage pour l\u2019adapter \u00e0 des bouchons distributeurs sp\u00e9cifiques ou \u00e0 des bouchons de s\u00e9curit\u00e9 enfant.<\/li>\n<\/ul>","protected":false},"excerpt":{"rendered":"<p>Bouteilles en verre r\u00e9sistant avec goulot \u00e0 vis, disponibles en plusieurs formats pour le conditionnement de m\u00e9dicaments, sirops et cosm\u00e9tiques. Demandez vos \u00e9chantillons gratuits.<\/p>","protected":false},"featured_media":5737,"template":"","meta":{"postBodyCss":"","postBodyMargin":[],"postBodyPadding":[],"postBodyBackground":{"backgroundType":"classic","gradient":""}},"product_brand":[],"product_cat":[15,86,16],"product_tag":[88,102],"class_list":{"0":"post-5720","1":"product","2":"type-product","3":"status-publish","4":"has-post-thumbnail","6":"product_cat-glass-containers","7":"product_cat-glass-medicine-bottles","8":"product_cat-glass-bottles","9":"product_tag-medicine-syrup-bottles","10":"product_tag-pharmaceutical-syrup-bottles","12":"first","13":"instock","14":"shipping-taxable","15":"product-type-simple"},"jetpack_sharing_enabled":true,"_links":{"self":[{"href":"https:\/\/minghanggroup.com\/fr\/wp-json\/wp\/v2\/product\/5720","targetHints":{"allow":["GET"]}}],"collection":[{"href":"https:\/\/minghanggroup.com\/fr\/wp-json\/wp\/v2\/product"}],"about":[{"href":"https:\/\/minghanggroup.com\/fr\/wp-json\/wp\/v2\/types\/product"}],"wp:featuredmedia":[{"embeddable":true,"href":"https:\/\/minghanggroup.com\/fr\/wp-json\/wp\/v2\/media\/5737"}],"wp:attachment":[{"href":"https:\/\/minghanggroup.com\/fr\/wp-json\/wp\/v2\/media?parent=5720"}],"wp:term":[{"taxonomy":"product_brand","embeddable":true,"href":"https:\/\/minghanggroup.com\/fr\/wp-json\/wp\/v2\/product_brand?post=5720"},{"taxonomy":"product_cat","embeddable":true,"href":"https:\/\/minghanggroup.com\/fr\/wp-json\/wp\/v2\/product_cat?post=5720"},{"taxonomy":"product_tag","embeddable":true,"href":"https:\/\/minghanggroup.com\/fr\/wp-json\/wp\/v2\/product_tag?post=5720"}],"curies":[{"name":"wp","href":"https:\/\/api.w.org\/{rel}","templated":true}]}}