{"id":5710,"date":"2026-02-26T13:17:31","date_gmt":"2026-02-26T05:17:31","guid":{"rendered":"https:\/\/minghanggroup.com\/?post_type=product&#038;p=5710"},"modified":"2026-03-02T15:45:54","modified_gmt":"2026-03-02T07:45:54","slug":"sterile-glass-medication-vials-for-packaging-bulk","status":"publish","type":"product","link":"https:\/\/minghanggroup.com\/fr\/produit\/sterile-glass-medication-vials-for-packaging-bulk\/","title":{"rendered":"Flacons st\u00e9riles en verre de 7 \u00e0 100 ml pour le conditionnement en vrac de m\u00e9dicaments"},"content":{"rendered":"<p>Nos flacons de m\u00e9dicaments sont con\u00e7us pour une pr\u00e9cision optimale. Les flacons en verre ambr\u00e9 et transparent prot\u00e8gent les formules sensibles de la lumi\u00e8re. L&#039;emballage pharmaceutique en verre que vous recherchiez est enfin l\u00e0\u00a0: des solutions de flacons de m\u00e9dicaments adapt\u00e9es \u00e0 tous les besoins. Contenance\u00a0? De 7\u00a0ml \u00e0 100\u00a0ml. Couleur\u00a0? Ambr\u00e9 pour la protection contre la lumi\u00e8re, transparent pour une visibilit\u00e9 optimale. Bouchon\u00a0? Des opercules en aluminium s\u00e9curis\u00e9s. Vos m\u00e9dicaments restent parfaitement prot\u00e9g\u00e9s, de l&#039;usine au patient.<\/p>\n<h2>Caract\u00e9ristiques du produit<\/h2>\n<ul>\n<li><strong>Verre ambr\u00e9 l\u00e9ger et protecteur\u00a0:<\/strong> Les flacons en verre ambr\u00e9 bloquent les rayons UV, l&#039;une des principales causes de la d\u00e9t\u00e9rioration des m\u00e9dicaments. Les flacons transparents permettent de visualiser clairement leur contenu. Ces deux types de flacons contribuent \u00e0 pr\u00e9server la s\u00e9curit\u00e9 et l&#039;efficacit\u00e9 des m\u00e9dicaments.<\/li>\n<li><strong>Un ajustement pr\u00e9cis pour chaque dose :<\/strong> Qu&#039;il s&#039;agisse d&#039;un petit flacon de pilules (7 ml) ou d&#039;un flacon de liquide d&#039;une capacit\u00e9 de 100 ml, notre gamme de formats r\u00e9pondra parfaitement \u00e0 vos besoins. Plus besoin de deviner.<\/li>\n<li><strong>Sceau qui reste verrouill\u00e9 :<\/strong> Bouchon standard avec syst\u00e8me d&#039;inviolabilit\u00e9 et scell\u00e9s visibles. Verrouillage herm\u00e9tique des flacons de m\u00e9dicaments\u00a0: aucune fuite, aucun d\u00e9versement.<\/li>\n<\/ul>\n<h2>Caract\u00e9ristiques principales<\/h2>\n<table style=\"border-collapse: collapse; width: 80%; margin-left: auto; margin-right: auto;\" border=\"0\" width=\"360\" cellspacing=\"0\" cellpadding=\"0\">\n<tbody>\n<tr style=\"height: 13.50pt;\">\n<td style=\"height: 13.5pt; width: 54pt; text-align: center;\" width=\"72\" height=\"18\">Capacit\u00e9 (ml)<\/td>\n<td style=\"width: 54pt; text-align: center;\" width=\"72\">Dimensions ( cm )<\/td>\n<td style=\"width: 54pt; text-align: center;\" width=\"72\">Diam\u00e8tres int\u00e9rieur\/ext\u00e9rieur<\/td>\n<td style=\"width: 54pt; text-align: center;\" width=\"72\">Couleur<\/td>\n<td style=\"width: 54pt; text-align: center;\" width=\"72\">Mat\u00e9riel<\/td>\n<\/tr>\n<tr style=\"height: 13.50pt;\">\n<td style=\"height: 13.5pt; text-align: center;\" align=\"right\" height=\"18\">7<\/td>\n<td style=\"text-align: center;\">2,21 \u00d7 4,08<\/td>\n<td class=\"et2\" style=\"text-align: center;\" rowspan=\"8\">12,6 \/ 20 mm<\/td>\n<td class=\"et2\" style=\"text-align: center;\" rowspan=\"8\">Ambre\/Transparent<\/td>\n<td class=\"et2\" style=\"text-align: center;\" rowspan=\"8\">Verre de sodium et de calcium<\/td>\n<\/tr>\n<tr style=\"height: 13.50pt;\">\n<td style=\"height: 13.5pt; text-align: center;\" align=\"right\" height=\"18\">8<\/td>\n<td style=\"text-align: center;\">2,30 \u00d7 4,68<\/td>\n<\/tr>\n<tr style=\"height: 13.50pt;\">\n<td style=\"height: 13.5pt; text-align: center;\" align=\"right\" height=\"18\">10<\/td>\n<td style=\"text-align: center;\">2,54 \u00d7 5,35<\/td>\n<\/tr>\n<tr style=\"height: 13.50pt;\">\n<td style=\"height: 13.5pt; text-align: center;\" align=\"right\" height=\"18\">15<\/td>\n<td style=\"text-align: center;\">2,65 \u00d7 5,88<\/td>\n<\/tr>\n<tr style=\"height: 13.50pt;\">\n<td style=\"height: 13.5pt; text-align: center;\" align=\"right\" height=\"18\">20<\/td>\n<td style=\"text-align: center;\">3,2 \u00d7 5,8<\/td>\n<\/tr>\n<tr style=\"height: 13.50pt;\">\n<td style=\"height: 13.5pt; text-align: center;\" align=\"right\" height=\"18\">30<\/td>\n<td style=\"text-align: center;\">3,60 \u00d7 6,28<\/td>\n<\/tr>\n<tr style=\"height: 13.50pt;\">\n<td style=\"height: 13.5pt; text-align: center;\" align=\"right\" height=\"18\">50<\/td>\n<td style=\"text-align: center;\">4,25 \u00d7 7,3<\/td>\n<\/tr>\n<tr style=\"height: 13.50pt;\">\n<td style=\"height: 13.5pt; text-align: center;\" align=\"right\" height=\"18\">100<\/td>\n<td style=\"text-align: center;\">5,16 \u00d7 9,45<\/td>\n<\/tr>\n<\/tbody>\n<\/table>\n<h2>Cas de r\u00e9ussite<\/h2>\n<p>Une entreprise de biotechnologie sp\u00e9cialis\u00e9e dans les produits peptidiques injectables a choisi d&#039;utiliser nos flacons de verre pour sa nouvelle formulation lyophilis\u00e9e destin\u00e9e \u00e0 l&#039;exportation vers l&#039;Asie du Sud-Est. L&#039;entreprise a \u00e9galement opt\u00e9 pour un fond de flacon plus \u00e9pais afin d&#039;am\u00e9liorer la tol\u00e9rance lors du processus de lyophilisation. Enfin, elle a demand\u00e9 que les num\u00e9ros de lot soient grav\u00e9s au laser sur le fond des flacons.<\/p>\n<p>Depuis que nous sommes pass\u00e9s aux flacons de m\u00e9dicaments en verre, l&#039;entreprise a constat\u00e9 une r\u00e9duction de 41 % du taux de rebuts de production et, au cours des deux premiers trimestres, le volume total des exp\u00e9ditions annuelles a augment\u00e9 de 28 % gr\u00e2ce \u00e0 une meilleure fiabilit\u00e9 de l&#039;emballage et \u00e0 une approbation r\u00e9glementaire acc\u00e9l\u00e9r\u00e9e.<\/p>\n<h2>Conseils de personnalisation pour vous<\/h2>\n<ol>\n<li><strong>Label qui fait sensation :<\/strong> En pharmacie, les emballages sont \u00e9tiquet\u00e9s de mani\u00e8re claire et concise avec les instructions de dosage. Des flacons de pilules sur mesure sont disponibles.<\/li>\n<li><strong>Palette de couleurs :<\/strong> Utilisez des flacons ambr\u00e9s pour les m\u00e9dicaments sur ordonnance contenant des m\u00e9dicaments l\u00e9gers et sensibles. Utilisez des flacons transparents pour les m\u00e9dicaments liquides lorsqu&#039;il est important de voir le m\u00e9dicament.<\/li>\n<li><strong>\u00c9conomies sur les achats en gros\u00a0:<\/strong> Achetez des flacons de m\u00e9dicaments en gros \u00e0 prix de gros, avec remises progressives, \u00e9chantillons gratuits et assistance d\u00e9di\u00e9e. Id\u00e9al pour le conditionnement pharmaceutique.<\/li>\n<\/ol>","protected":false},"excerpt":{"rendered":"<p>Flacons de m\u00e9dicaments en verre de haute qualit\u00e9, disponibles en plusieurs tailles. Vente directe d&#039;usine, personnalisation en gros et livraison rapide pour l&#039;industrie pharmaceutique.<\/p>","protected":false},"featured_media":5715,"template":"","meta":{"postBodyCss":"","postBodyMargin":[],"postBodyPadding":[],"postBodyBackground":{"backgroundType":"classic","gradient":""}},"product_brand":[],"product_cat":[15,86,16],"product_tag":[101],"class_list":{"0":"post-5710","1":"product","2":"type-product","3":"status-publish","4":"has-post-thumbnail","6":"product_cat-glass-containers","7":"product_cat-glass-medicine-bottles","8":"product_cat-glass-bottles","9":"product_tag-sterile-vials","11":"first","12":"instock","13":"shipping-taxable","14":"product-type-simple"},"jetpack_sharing_enabled":true,"_links":{"self":[{"href":"https:\/\/minghanggroup.com\/fr\/wp-json\/wp\/v2\/product\/5710","targetHints":{"allow":["GET"]}}],"collection":[{"href":"https:\/\/minghanggroup.com\/fr\/wp-json\/wp\/v2\/product"}],"about":[{"href":"https:\/\/minghanggroup.com\/fr\/wp-json\/wp\/v2\/types\/product"}],"wp:featuredmedia":[{"embeddable":true,"href":"https:\/\/minghanggroup.com\/fr\/wp-json\/wp\/v2\/media\/5715"}],"wp:attachment":[{"href":"https:\/\/minghanggroup.com\/fr\/wp-json\/wp\/v2\/media?parent=5710"}],"wp:term":[{"taxonomy":"product_brand","embeddable":true,"href":"https:\/\/minghanggroup.com\/fr\/wp-json\/wp\/v2\/product_brand?post=5710"},{"taxonomy":"product_cat","embeddable":true,"href":"https:\/\/minghanggroup.com\/fr\/wp-json\/wp\/v2\/product_cat?post=5710"},{"taxonomy":"product_tag","embeddable":true,"href":"https:\/\/minghanggroup.com\/fr\/wp-json\/wp\/v2\/product_tag?post=5710"}],"curies":[{"name":"wp","href":"https:\/\/api.w.org\/{rel}","templated":true}]}}