{"id":5701,"date":"2026-02-25T16:12:05","date_gmt":"2026-02-25T08:12:05","guid":{"rendered":"https:\/\/minghanggroup.com\/?post_type=product&#038;p=5701"},"modified":"2026-02-25T16:58:18","modified_gmt":"2026-02-25T08:58:18","slug":"amber-fancy-wine-bottles-with-corks-bulk","status":"publish","type":"product","link":"https:\/\/minghanggroup.com\/fr\/produit\/amber-fancy-wine-bottles-with-corks-bulk\/","title":{"rendered":"Bouteilles de vin ambr\u00e9es de 750 ml avec bouchons en li\u00e8ge (vente en gros)"},"content":{"rendered":"<p>Ces \u00e9l\u00e9gantes bouteilles de vin sont fabriqu\u00e9es en verre ambr\u00e9, un mat\u00e9riau tr\u00e8s efficace pour bloquer les rayons UV. Leur conception permet de les ins\u00e9rer parfaitement dans les bouchons de li\u00e8ge classiques, ce qui les rend id\u00e9ales pour les grands crus et les tables raffin\u00e9es.<\/p>\n<h2>Caract\u00e9ristiques du produit<\/h2>\n<ul>\n<li><strong>Verre brun haute transparence\u00a0:<\/strong> Haute transparence : le verre brun haute transparence, fabriqu\u00e9 avec expertise, int\u00e8gre des propri\u00e9t\u00e9s de blocage de la lumi\u00e8re tout en assurant une transparence optimale, afin que le spiritueux ne soit pas alt\u00e9r\u00e9 par les rayons UV.<\/li>\n<li><strong>Col d&#039;\u00e9tanch\u00e9it\u00e9 standard :<\/strong> Sa forme de col \u00e9troit avec une tige bien d\u00e9finie permet d&#039;accueillir diff\u00e9rents types de bouchons et garantit l&#039;\u00e9tanch\u00e9it\u00e9 et la fra\u00eecheur du spiritueux pendant sa conservation.<\/li>\n<li><strong>Fond antid\u00e9rapant \u00e9paissi :<\/strong> Le fond rainur\u00e9 et \u00e9paissi ajoute de la stabilit\u00e9 et favorise la s\u00e9paration des s\u00e9diments, ce qui convient aux conteneurs de grand volume.<\/li>\n<\/ul>\n<h2 style=\"text-align: left;\">Caract\u00e9ristiques principales<\/h2>\n<table class=\"aligncenter\" style=\"border-collapse: collapse; width: 415.52pt;\" border=\"0\" width=\"554\" cellspacing=\"0\" cellpadding=\"0\">\n<tbody>\n<tr style=\"height: 13.50pt;\">\n<td style=\"height: 13.50pt; width: 118.50pt;\" width=\"158\" height=\"18\">Attribut<\/td>\n<td style=\"width: 297.00pt;\" width=\"396\">D\u00e9tails<\/td>\n<\/tr>\n<tr style=\"height: 13.50pt;\">\n<td style=\"height: 13.50pt;\" height=\"18\">Capacit\u00e9<\/td>\n<td>750 ml<\/td>\n<\/tr>\n<tr style=\"height: 13.50pt;\">\n<td style=\"height: 13.50pt;\" height=\"18\">Mat\u00e9riel<\/td>\n<td>Verre ambr\u00e9 fonc\u00e9 (haute protection UV)<\/td>\n<\/tr>\n<tr style=\"height: 13.50pt;\">\n<td style=\"height: 13.50pt;\" height=\"18\">Forme de bouteille<\/td>\n<td>Grand, au corps droit et au cou long et fin<\/td>\n<\/tr>\n<tr style=\"height: 13.50pt;\">\n<td style=\"height: 13.50pt;\" height=\"18\">Gamme de personnalisation<\/td>\n<td>Profondeur de couleur, gaufrage, finition du manche<\/td>\n<\/tr>\n<tr style=\"height: 13.50pt;\">\n<td style=\"height: 13.50pt;\" height=\"18\">Savoir-faire<\/td>\n<td>Verre \u00e9pais et uniforme ; finition sup\u00e9rieure lisse et droite<\/td>\n<\/tr>\n<tr style=\"height: 13.50pt;\">\n<td style=\"height: 13.50pt;\" height=\"18\">Utilisation principale<\/td>\n<td>Bouteilles de vin de luxe, bouteilles de vin en gros<\/td>\n<\/tr>\n<tr style=\"height: 13.50pt;\">\n<td style=\"height: 13.50pt;\" height=\"18\">Secteurs cibles<\/td>\n<td>Domaines viticoles haut de gamme, distilleries artisanales<\/td>\n<\/tr>\n<\/tbody>\n<\/table>\n<h2>Succ\u00e8s garanti\u00a0: \u00c9dition limit\u00e9e d\u2019une distillerie de whisky \u00e9cossais<\/h2>\n<p>L&#039;une des distilleries \u00e9cossaises les plus r\u00e9put\u00e9es a lanc\u00e9 un whisky single malt en \u00e9dition limit\u00e9e. Elle a choisi notre bouteille de vin ambr\u00e9e, avec bouchon de li\u00e8ge et \u00e9tiquette personnalis\u00e9e imprim\u00e9e \u00e0 la feuille d&#039;or. Cette bouteille en verre ambr\u00e9 de haute qualit\u00e9 r\u00e9duit de 18 % l&#039;alt\u00e9ration du vin due \u00e0 la lumi\u00e8re pendant le stockage, et sa forme allong\u00e9e et \u00e9l\u00e9gante a augment\u00e9 de 12 % la valeur per\u00e7ue de la bouteille lors de l&#039;enqu\u00eate. La distillerie, enchant\u00e9e par le produit, a par la suite command\u00e9 300\u00a0000 bouteilles suppl\u00e9mentaires afin de produire l&#039;int\u00e9gralit\u00e9 de ses whiskies en \u00e9dition limit\u00e9e au cours des cinq prochaines ann\u00e9es.<\/p>\n<h2>Suggestions de personnalisation pour bouteilles de vin de luxe<\/h2>\n<ul>\n<li>Saturation de la couleur\u00a0: 0 \u00e0 1,0. Modifie l\u2019intensit\u00e9 de la couleur ambr\u00e9e, du brun clair au brun fonc\u00e9 presque opaque.<\/li>\n<li>Col : Pour donner un aspect ornemental \u00e0 la bouteille, ajoutez un anneau sous le col ou un \u00e9l\u00e9ment en relief sous le niveau du col.<\/li>\n<li>Longueur de bouchon personnalis\u00e9e\u00a0: Saisissez la dimension int\u00e9rieure souhait\u00e9e du col pour un ajustement parfait \u00e0 la longueur et au type de bouchon d\u00e9sir\u00e9s.<\/li>\n<li>Socle personnalis\u00e9\u00a0: Un petit logo ou une inscription vintage est emboss\u00e9 \u00e0 l\u2019int\u00e9rieur du socle pour une personnalisation secr\u00e8te.<\/li>\n<\/ul>","protected":false},"excerpt":{"rendered":"<p>Personnalisez votre marque de luxe avec nos bouteilles de vin \u00e0 bouchon de li\u00e8ge. Ces \u00e9l\u00e9gantes bouteilles se distinguent par leur col long et raffin\u00e9 et leur base stable. Assistance OEM professionnelle.<\/p>","protected":false},"featured_media":5704,"template":"","meta":{"postBodyCss":"","postBodyMargin":[],"postBodyPadding":[],"postBodyBackground":{"backgroundType":"classic","gradient":""}},"product_brand":[],"product_cat":[15,16,84],"product_tag":[],"class_list":{"0":"post-5701","1":"product","2":"type-product","3":"status-publish","4":"has-post-thumbnail","6":"product_cat-glass-containers","7":"product_cat-glass-bottles","8":"product_cat-wine-bottles","10":"first","11":"instock","12":"shipping-taxable","13":"product-type-simple"},"jetpack_sharing_enabled":true,"_links":{"self":[{"href":"https:\/\/minghanggroup.com\/fr\/wp-json\/wp\/v2\/product\/5701","targetHints":{"allow":["GET"]}}],"collection":[{"href":"https:\/\/minghanggroup.com\/fr\/wp-json\/wp\/v2\/product"}],"about":[{"href":"https:\/\/minghanggroup.com\/fr\/wp-json\/wp\/v2\/types\/product"}],"wp:featuredmedia":[{"embeddable":true,"href":"https:\/\/minghanggroup.com\/fr\/wp-json\/wp\/v2\/media\/5704"}],"wp:attachment":[{"href":"https:\/\/minghanggroup.com\/fr\/wp-json\/wp\/v2\/media?parent=5701"}],"wp:term":[{"taxonomy":"product_brand","embeddable":true,"href":"https:\/\/minghanggroup.com\/fr\/wp-json\/wp\/v2\/product_brand?post=5701"},{"taxonomy":"product_cat","embeddable":true,"href":"https:\/\/minghanggroup.com\/fr\/wp-json\/wp\/v2\/product_cat?post=5701"},{"taxonomy":"product_tag","embeddable":true,"href":"https:\/\/minghanggroup.com\/fr\/wp-json\/wp\/v2\/product_tag?post=5701"}],"curies":[{"name":"wp","href":"https:\/\/api.w.org\/{rel}","templated":true}]}}