{"id":5685,"date":"2026-02-25T15:22:49","date_gmt":"2026-02-25T07:22:49","guid":{"rendered":"https:\/\/minghanggroup.com\/?post_type=product&#038;p=5685"},"modified":"2026-02-25T16:41:04","modified_gmt":"2026-02-25T08:41:04","slug":"blue-wine-bottles-for-brands-wholesale","status":"publish","type":"product","link":"https:\/\/minghanggroup.com\/fr\/produit\/blue-wine-bottles-for-brands-wholesale\/","title":{"rendered":"Bouteilles de vin bleu de 375 ml pour marques en gros"},"content":{"rendered":"<p>Vous voulez que votre vin se d\u00e9marque, non seulement en rayon, mais aussi entre les mains de vos clients. Nos bouteilles de vin bleues, d&#039;un bleu cobalt \u00e9clatant, cr\u00e9ent un effet \u00ab\u00a0wahou\u00a0\u00bb imm\u00e9diat. Associ\u00e9es au format classique de 375\u00a0ml, elles constituent votre atout charme pour les vins effervescents, les clarets ou les \u00e9chantillons de vin maison. La forme bordelaise, fid\u00e8le \u00e0 la tradition, contraste avec la couleur bleue qui rend votre marque incontournable. Une fois vides, les bouteilles deviennent des objets pr\u00e9cieux que vos clients conservent longtemps apr\u00e8s avoir d\u00e9gust\u00e9 votre vin.<\/p>\n<h2>Caract\u00e9ristiques du produit<\/h2>\n<ul>\n<li><strong>Profil mince et \u00e9lanc\u00e9 :<\/strong> Sa forme longue et \u00e9troite rend l&#039;\u00e9tag\u00e8re plus impressionnante et donne \u00e0 la bouteille un aspect haut de gamme et moderne.<\/li>\n<li><strong>Plusieurs coloris disponibles pour les lunettes\u00a0:<\/strong> Ces lunettes existent en bleu cobalt et en ambre classique, laissant aux marques le choix entre un style ostentatoire et une protection lumineuse conventionnelle.<\/li>\n<li><strong>Surface d&#039;\u00e9tiquetage uniforme\u00a0:<\/strong> Le corps droit offre un espace suffisant pour l&#039;\u00e9tiquetage, que ce soit par s\u00e9rigraphie, gaufrage ou toute autre m\u00e9thode de marquage.<\/li>\n<\/ul>\n<h2>Caract\u00e9ristiques principales<\/h2>\n<table style=\"border-collapse: collapse; width: 80%; margin-left: auto; margin-right: auto;\" border=\"0\" width=\"144\" cellspacing=\"0\" cellpadding=\"0\">\n<tbody>\n<tr style=\"height: 13.50pt;\">\n<td style=\"height: 13.5pt; width: 54pt; text-align: center;\" width=\"72\" height=\"18\">Fonctionnalit\u00e9<\/td>\n<td style=\"width: 54pt; text-align: center;\" width=\"72\">D\u00e9tail<\/td>\n<\/tr>\n<tr style=\"height: 13.50pt;\">\n<td style=\"height: 13.5pt; text-align: center;\" height=\"18\">Capacit\u00e9<\/td>\n<td style=\"text-align: center;\">375 ml<\/td>\n<\/tr>\n<tr style=\"height: 13.50pt;\">\n<td style=\"height: 13.5pt; text-align: center;\" height=\"18\">Dimensions<\/td>\n<td style=\"text-align: center;\">5,5 \u00d7 32,8 cm<\/td>\n<\/tr>\n<tr style=\"height: 13.50pt;\">\n<td style=\"height: 13.5pt; text-align: center;\" height=\"18\">Couleurs<\/td>\n<td style=\"text-align: center;\">Bleu, Ambre<\/td>\n<\/tr>\n<tr style=\"height: 13.50pt;\">\n<td style=\"height: 13.5pt; text-align: center;\" height=\"18\">Cou<\/td>\n<td style=\"text-align: center;\">Standard 18 mm (convient aux bouchons de vin et capsules)<\/td>\n<\/tr>\n<tr style=\"height: 13.50pt;\">\n<td style=\"height: 13.5pt; text-align: center;\" height=\"18\">Fermeture<\/td>\n<td style=\"text-align: center;\">Bouchons de vin naturels, bouchon \u00e0 vis, capsule \u00e0 vis en caoutchouc \u00e0 haute masse mol\u00e9culaire<\/td>\n<\/tr>\n<tr style=\"height: 13.50pt;\">\n<td style=\"height: 13.5pt; text-align: center;\" height=\"18\">Id\u00e9al pour<\/td>\n<td style=\"text-align: center;\">Vin mousseux, claret, Bourgogne, vin fait maison, bouteilles d&#039;alcool<\/td>\n<\/tr>\n<\/tbody>\n<\/table>\n<h2>Cas de r\u00e9ussite<\/h2>\n<p>Un domaine viticole du sud de la France a choisi nos bouteilles de vin en verre bleu de 375 ml pour lancer sur le march\u00e9 un vin de dessert en \u00e9dition limit\u00e9e, destin\u00e9 \u00e0 une gamme de vins de voyage et de cadeaux en \u00e9dition limit\u00e9e. Afin de valoriser ce positionnement haut de gamme, le domaine a repens\u00e9 le design des bouteilles\u00a0: un bleu cobalt plus fonc\u00e9 leur conf\u00e8re une pr\u00e9sence plus affirm\u00e9e en rayon, une base arrondie en forme de gobelet haut pour une touche de luxe, et une s\u00e9rigraphie argent\u00e9e m\u00e9tallis\u00e9e orn\u00e9e de l&#039;embl\u00e8me du ch\u00e2teau. Le col, en li\u00e8ge naturel, r\u00e9pond \u00e0 leurs exigences, et nous avons appliqu\u00e9 une finition givr\u00e9e mate sur la partie inf\u00e9rieure du corps pour cr\u00e9er un l\u00e9ger contraste avec l&#039;\u00e9paule brillante.<\/p>\n<p>D\u00e8s le lancement de la nouvelle gamme de produits, les ventes ont progress\u00e9 de 32 % d\u00e8s la premi\u00e8re saison par rapport aux bouteilles transparentes classiques. Le client a pass\u00e9 une nouvelle commande moins de quatre mois plus tard, avec un volume d&#039;achat en hausse de 45 %, et a ensuite opt\u00e9 pour le m\u00eame mod\u00e8le de bouteille lors de deux autres lancements saisonniers.<\/p>\n<h2>Conseils de personnalisation pour vous<\/h2>\n<ol>\n<li><strong>Strat\u00e9gie couleur :<\/strong> Les bouteilles bleues sont id\u00e9ales pour les marques modernes\u00a0; les bouteilles ambr\u00e9es pour les grands crus. Optez pour le vert champagne pour des bouteilles de vin d&#039;exception pour un mariage.<\/li>\n<li><strong>Choix de fermeture\u00a0:<\/strong> Bouchons \u00e0 vis pour \u00e9chantillons de voyage\u00a0; bouchons de li\u00e8ge pour perp\u00e9tuer la tradition. Graver le mill\u00e9sime sur les bouchons\u00a0: l\u2019ouverture devient un rituel.<\/li>\n<li><strong>Avantage du volume :<\/strong> Commandez des bouteilles de vin de 375 ml et b\u00e9n\u00e9ficiez de tarifs d\u00e9gressifs, d&#039;\u00e9chantillons gratuits et d&#039;un service client d\u00e9di\u00e9. Id\u00e9al pour toutes les occasions.<\/li>\n<\/ol>","protected":false},"excerpt":{"rendered":"<p>\u00c9l\u00e9gantes bouteilles de vin bleues de 375 ml, id\u00e9ales pour un emballage haut de gamme. Vente directe d&#039;usine, personnalisation en gros et livraison rapide.<\/p>","protected":false},"featured_media":5700,"template":"","meta":{"postBodyCss":"","postBodyMargin":[],"postBodyPadding":[],"postBodyBackground":{"backgroundType":"classic","gradient":""}},"product_brand":[],"product_cat":[15,16,84],"product_tag":[],"class_list":{"0":"post-5685","1":"product","2":"type-product","3":"status-publish","4":"has-post-thumbnail","6":"product_cat-glass-containers","7":"product_cat-glass-bottles","8":"product_cat-wine-bottles","10":"first","11":"instock","12":"shipping-taxable","13":"product-type-simple"},"jetpack_sharing_enabled":true,"_links":{"self":[{"href":"https:\/\/minghanggroup.com\/fr\/wp-json\/wp\/v2\/product\/5685","targetHints":{"allow":["GET"]}}],"collection":[{"href":"https:\/\/minghanggroup.com\/fr\/wp-json\/wp\/v2\/product"}],"about":[{"href":"https:\/\/minghanggroup.com\/fr\/wp-json\/wp\/v2\/types\/product"}],"wp:featuredmedia":[{"embeddable":true,"href":"https:\/\/minghanggroup.com\/fr\/wp-json\/wp\/v2\/media\/5700"}],"wp:attachment":[{"href":"https:\/\/minghanggroup.com\/fr\/wp-json\/wp\/v2\/media?parent=5685"}],"wp:term":[{"taxonomy":"product_brand","embeddable":true,"href":"https:\/\/minghanggroup.com\/fr\/wp-json\/wp\/v2\/product_brand?post=5685"},{"taxonomy":"product_cat","embeddable":true,"href":"https:\/\/minghanggroup.com\/fr\/wp-json\/wp\/v2\/product_cat?post=5685"},{"taxonomy":"product_tag","embeddable":true,"href":"https:\/\/minghanggroup.com\/fr\/wp-json\/wp\/v2\/product_tag?post=5685"}],"curies":[{"name":"wp","href":"https:\/\/api.w.org\/{rel}","templated":true}]}}