{"id":5679,"date":"2026-02-25T13:08:00","date_gmt":"2026-02-25T05:08:00","guid":{"rendered":"https:\/\/minghanggroup.com\/?post_type=product&#038;p=5679"},"modified":"2026-02-25T16:13:13","modified_gmt":"2026-02-25T08:13:13","slug":"750ml-bright-green-wine-bottles-in-bulk","status":"publish","type":"product","link":"https:\/\/minghanggroup.com\/fr\/produit\/750ml-bright-green-wine-bottles-in-bulk\/","title":{"rendered":"Bouteilles de vin vert vif de 750 ml en vrac"},"content":{"rendered":"<p>Cette bouteille de vin verte de 750 ml est fabriqu\u00e9e en verre vert de qualit\u00e9 alimentaire. Sa forme lisse et droite, ainsi que son long col \u00e9l\u00e9gant, la prot\u00e8gent efficacement des rayons UV, pr\u00e9servant ainsi la saveur et la qualit\u00e9 des vins blancs, des vins effervescents et des vins de fruits.<\/p>\n<h2>Caract\u00e9ristiques du produit<\/h2>\n<ul>\n<li><strong>Vert vif :<\/strong> Le verre vert est brillant et transparent, ce qui lui donne un aspect un peu plus naturel, et permet \u00e9galement de pr\u00e9server les vins sensibles \u00e0 la lumi\u00e8re.<\/li>\n<li><strong>Manche standard :<\/strong> La forme droite du col est id\u00e9ale pour contenir diff\u00e9rents types de bouchons et de capsules de vin.<\/li>\n<li><strong>Design \u00e9l\u00e9gant \u00e0 fond concave\u00a0:<\/strong> Le fond concave am\u00e9liore la stabilit\u00e9 de la bouteille, facilite la collecte des s\u00e9diments et lui conf\u00e8re une allure haut de gamme traditionnelle.<\/li>\n<\/ul>\n<h2 style=\"text-align: left;\">Caract\u00e9ristiques principales<\/h2>\n<table class=\"aligncenter\" style=\"border-collapse: collapse; width: 506.27pt;\" border=\"0\" width=\"675\" cellspacing=\"0\" cellpadding=\"0\">\n<tbody>\n<tr style=\"height: 13.50pt;\">\n<td style=\"height: 13.50pt; width: 118.50pt;\" width=\"158\" height=\"18\">Attribut<\/td>\n<td style=\"width: 387.75pt;\" width=\"517\">D\u00e9tails<\/td>\n<\/tr>\n<tr style=\"height: 13.50pt;\">\n<td style=\"height: 13.50pt;\" height=\"18\">Capacit\u00e9<\/td>\n<td>750 ml<\/td>\n<\/tr>\n<tr style=\"height: 13.50pt;\">\n<td style=\"height: 13.50pt;\" height=\"18\">Mat\u00e9riel<\/td>\n<td>Verre vert vif<\/td>\n<\/tr>\n<tr style=\"height: 13.50pt;\">\n<td style=\"height: 13.50pt;\" height=\"18\">Forme de bouteille<\/td>\n<td>Base droite et pointue<\/td>\n<\/tr>\n<tr style=\"height: 13.50pt;\">\n<td style=\"height: 13.50pt;\" height=\"18\">Gamme de personnalisation<\/td>\n<td>Intensit\u00e9 de la couleur, gaufrage, finition du col<\/td>\n<\/tr>\n<tr style=\"height: 13.50pt;\">\n<td style=\"height: 13.50pt;\" height=\"18\">Savoir-faire<\/td>\n<td>R\u00e9partition uniforme des couleurs, moule pr\u00e9cis, dessus droit standard<\/td>\n<\/tr>\n<tr style=\"height: 13.50pt;\">\n<td style=\"height: 13.50pt;\" height=\"18\">Utilisation principale<\/td>\n<td>Bouteilles de vin vert, bouteilles de vin en vrac<\/td>\n<\/tr>\n<tr style=\"height: 13.50pt;\">\n<td style=\"height: 13.50pt;\" height=\"18\">Secteurs cibles<\/td>\n<td>Domaines viticoles, producteurs de boissons artisanales<\/td>\n<\/tr>\n<\/tbody>\n<\/table>\n<h2>\u00c9tude de cas r\u00e9ussie : Le d\u00e9veloppement durable dans un domaine viticole en Californie<\/h2>\n<p>Notre bouteille de vin verte sera utilis\u00e9e pour une nouvelle gamme de vin blanc biologique dans un domaine viticole californien \u00e9coresponsable. Ce verre \u00e0 protection UV leur a permis de r\u00e9duire de 15 % les emballages secondaires et l&#039;utilisation de carton. La couleur verte \u00e9clatante a renforc\u00e9 l&#039;attractivit\u00e9 de la bouteille, ce qui a entra\u00een\u00e9 une hausse des ventes de 40 % au premier trimestre. Tr\u00e8s satisfait des performances de la bouteille, le domaine l&#039;a r\u00e9utilis\u00e9e pour trois autres gammes de vins et a pass\u00e9 une nouvelle commande de 500\u00a0000 bouteilles.<\/p>\n<h2>Conception de bouteilles de vin en vrac<\/h2>\n<ul>\n<li>Design suppl\u00e9mentaire du fond : Personnalisez le fond de la bouteille, en choisissant sa profondeur ou m\u00eame en y faisant imprimer le logo de la marque.<\/li>\n<li>Logo ou motif en relief\u00a0: Logos en relief. Un motif ou un dessin simple de grappe de raisin est emboss\u00e9 directement sur l\u2019\u00e9paule de la bouteille.<\/li>\n<li>Ajustement de la taille\u00a0: Ajustez la taille la plus classique jusqu\u2019\u00e0 500\u00a0ml ou 1\u00a0litre tout en conservant les m\u00eames couleurs et la m\u00eame forme embl\u00e9matiques.<\/li>\n<\/ul>","protected":false},"excerpt":{"rendered":"<p>Lot de bouteilles de vin vertes de haute qualit\u00e9, format standard 750 ml. Id\u00e9ales pour les vins de fruits et les boissons p\u00e9tillantes, ces bouteilles, disponibles en gros, sont pr\u00eates pour des \u00e9chantillons gratuits.<\/p>","protected":false},"featured_media":5696,"template":"","meta":{"postBodyCss":"","postBodyMargin":[],"postBodyPadding":[],"postBodyBackground":{"backgroundType":"classic","gradient":""}},"product_brand":[],"product_cat":[15,16,84],"product_tag":[],"class_list":{"0":"post-5679","1":"product","2":"type-product","3":"status-publish","4":"has-post-thumbnail","6":"product_cat-glass-containers","7":"product_cat-glass-bottles","8":"product_cat-wine-bottles","10":"first","11":"instock","12":"shipping-taxable","13":"product-type-simple"},"jetpack_sharing_enabled":true,"_links":{"self":[{"href":"https:\/\/minghanggroup.com\/fr\/wp-json\/wp\/v2\/product\/5679","targetHints":{"allow":["GET"]}}],"collection":[{"href":"https:\/\/minghanggroup.com\/fr\/wp-json\/wp\/v2\/product"}],"about":[{"href":"https:\/\/minghanggroup.com\/fr\/wp-json\/wp\/v2\/types\/product"}],"wp:featuredmedia":[{"embeddable":true,"href":"https:\/\/minghanggroup.com\/fr\/wp-json\/wp\/v2\/media\/5696"}],"wp:attachment":[{"href":"https:\/\/minghanggroup.com\/fr\/wp-json\/wp\/v2\/media?parent=5679"}],"wp:term":[{"taxonomy":"product_brand","embeddable":true,"href":"https:\/\/minghanggroup.com\/fr\/wp-json\/wp\/v2\/product_brand?post=5679"},{"taxonomy":"product_cat","embeddable":true,"href":"https:\/\/minghanggroup.com\/fr\/wp-json\/wp\/v2\/product_cat?post=5679"},{"taxonomy":"product_tag","embeddable":true,"href":"https:\/\/minghanggroup.com\/fr\/wp-json\/wp\/v2\/product_tag?post=5679"}],"curies":[{"name":"wp","href":"https:\/\/api.w.org\/{rel}","templated":true}]}}