{"id":5673,"date":"2026-02-11T13:01:50","date_gmt":"2026-02-11T05:01:50","guid":{"rendered":"https:\/\/minghanggroup.com\/?post_type=product&#038;p=5673"},"modified":"2026-02-11T13:01:52","modified_gmt":"2026-02-11T05:01:52","slug":"custom-wine-bottles-empty-for-branding-bulk","status":"publish","type":"product","link":"https:\/\/minghanggroup.com\/fr\/produit\/custom-wine-bottles-empty-for-branding-bulk\/","title":{"rendered":"Bouteilles de vin personnalis\u00e9es de 500 ml, vides, pour le marquage en gros"},"content":{"rendered":"<p>Vous ne vendez pas seulement du vin, vous vendez une exp\u00e9rience. Nos bouteilles de vin vides de 50 cl la transmettent \u00e0 merveille. Plus qu&#039;une simple bouteille, c&#039;est un ambassadeur discret de votre marque. Inspir\u00e9e des bouteilles de Bordeaux classiques, elle met en valeur avec \u00e9l\u00e9gance les vins rouges comme le claret ou le bourgogne. Choisissez le verre transparent pour sublimer la couleur ou le verre ambr\u00e9 pour une protection UV. Optez pour un bouchon de li\u00e8ge pour une touche de charme authentique. Une fois le vin termin\u00e9, vos clients conserveront pr\u00e9cieusement ces bouteilles vides en souvenir.<\/p>\n<h2>Caract\u00e9ristiques du produit<\/h2>\n<ul>\n<li><strong>Double narration en couleurs :<\/strong> Le verre transparent permet d&#039;admirer la couleur de vos vins faits maison\u00a0; le verre ambr\u00e9 (cousin plus \u00e9l\u00e9gant du bordeaux vert) prot\u00e8ge le vin mousseux des dommages caus\u00e9s par la lumi\u00e8re.<\/li>\n<li><strong>Stabilit\u00e9 de la base de d\u00e9gagement :<\/strong> Une base en silex renforc\u00e9e garantit une stabilit\u00e9 \u00e0 toute \u00e9preuve, comparable \u00e0 celle d&#039;un roc, lors du transport des bouteilles ou lorsque des bouteilles de vin vides sont utilis\u00e9es comme organiseurs de bureau.<\/li>\n<li><strong>Pr\u00eat pour la r\u00e9utilisation\u00a0:<\/strong> C&#039;est une id\u00e9e parfaite si vous souhaitez transformer une bouteille de vin vide en flacon de parfum, en bougeoir, ou m\u00eame en de magnifiques cadeaux de mariage.<\/li>\n<\/ul>\n<h2>Caract\u00e9ristiques principales<\/h2>\n<table style=\"border-collapse: collapse; width: 80%; margin-left: auto; margin-right: auto;\" border=\"0\" width=\"144\" cellspacing=\"0\" cellpadding=\"0\">\n<tbody>\n<tr style=\"height: 13.50pt;\">\n<td style=\"height: 13.5pt; width: 54pt; text-align: center;\" width=\"72\" height=\"18\">Fonctionnalit\u00e9<\/td>\n<td style=\"width: 54pt; text-align: center;\" width=\"72\">D\u00e9tail<\/td>\n<\/tr>\n<tr style=\"height: 13.50pt;\">\n<td style=\"height: 13.5pt; text-align: center;\" height=\"18\">Capacit\u00e9<\/td>\n<td style=\"text-align: center;\">500 ml<\/td>\n<\/tr>\n<tr style=\"height: 13.50pt;\">\n<td style=\"height: 13.5pt; text-align: center;\" height=\"18\">Dimensions<\/td>\n<td style=\"text-align: center;\">6,1 \u00d7 33 cm<\/td>\n<\/tr>\n<tr style=\"height: 13.50pt;\">\n<td style=\"height: 13.5pt; text-align: center;\" height=\"18\">Couleur<\/td>\n<td style=\"text-align: center;\">Verre transparent, ambre<\/td>\n<\/tr>\n<tr style=\"height: 13.50pt;\">\n<td style=\"height: 13.5pt; text-align: center;\" height=\"18\">Cou<\/td>\n<td style=\"text-align: center;\">1,8 cm<\/td>\n<\/tr>\n<tr style=\"height: 13.50pt;\">\n<td style=\"height: 13.5pt; text-align: center;\" height=\"18\">Fermeture<\/td>\n<td style=\"text-align: center;\">Bouchons de vin naturels, bouchons \u00e0 haut poids mol\u00e9culaire<\/td>\n<\/tr>\n<tr style=\"height: 13.50pt;\">\n<td style=\"height: 13.5pt; text-align: center;\" height=\"18\">Id\u00e9al pour<\/td>\n<td style=\"text-align: center;\">Vins rouges, claret, Bourgogne, vin mousseux, bouteilles d&#039;alcool<\/td>\n<\/tr>\n<\/tbody>\n<\/table>\n<h2>Cas de r\u00e9ussite<\/h2>\n<p>Un petit domaine viticole de la Rioja, en Espagne, a choisi notre bouteille classique de vin rouge \u00e0 \u00e9paulement droit comme emballage principal de sa nouvelle gamme de vins \u00e9lev\u00e9s en f\u00fbts de ch\u00eane. D\u00e8s le d\u00e9part, le client souhaitait une ambiance traditionnelle, nous avons donc opt\u00e9 pour un fond de bouteille \u00e9paissi (avec un creux plus profond de 28 mm) pour une touche plus luxueuse, appos\u00e9 un blason personnalis\u00e9 en relief sur l&#039;\u00e9paule et utilis\u00e9 un verre brun fonc\u00e9 \u00e0 haute transparence pour une meilleure protection contre la lumi\u00e8re. Enfin, la bouteille a re\u00e7u une finition partiellement d\u00e9polie pour une meilleure adh\u00e9rence de l&#039;\u00e9tiquette et une r\u00e9duction des risques de froissement.<\/p>\n<p>Six mois apr\u00e8s son lancement, les ventes de cette s\u00e9rie dans les supermarch\u00e9s europ\u00e9ens haut de gamme ont augment\u00e9 de 37 % par rapport \u00e0 l&#039;ann\u00e9e pr\u00e9c\u00e9dente, et la croissance des ventes en ligne a d\u00e9pass\u00e9 les 52 %.<\/p>\n<h2>Vos options de personnalisation<\/h2>\n<ol>\n<li><strong>Logo en relief sur l&#039;\u00e9paule ou le corps\u00a0:<\/strong> Apposez le blason du domaine viticole, le mill\u00e9sime ou un design exclusif sur l&#039;\u00e9paule pour accro\u00eetre la notori\u00e9t\u00e9 de la marque et renforcer sa protection contre la contrefa\u00e7on.<\/li>\n<li><strong>Verre color\u00e9 d\u00e9grad\u00e9 ou personnalis\u00e9\u00a0:<\/strong> Outre les verres transparents, vert fonc\u00e9 et bruns standard, des verres color\u00e9s personnalis\u00e9s \u00e0 d\u00e9grad\u00e9 ou \u00e0 faible saturation sont \u00e9galement disponibles pour renforcer visuellement l&#039;identit\u00e9 de la s\u00e9rie.<\/li>\n<li><strong>Finition partiellement ou totalement d\u00e9polie\u00a0:<\/strong> Produit des diff\u00e9rences tactiles qui, combin\u00e9es au marquage \u00e0 chaud \u00e0 la feuille d&#039;or ou aux \u00e9tiquettes UV, donnent un effet de contraste plus marqu\u00e9.<\/li>\n<li><strong>Structure de goulot d&#039;\u00e9tranglement am\u00e9lior\u00e9e\u00a0:<\/strong> Elle offre la flexibilit\u00e9 n\u00e9cessaire pour prendre en charge diff\u00e9rentes options de fermeture telles que les bouchons en li\u00e8ge, les capsules \u00e0 vis et les bouchons synth\u00e9tiques afin de satisfaire les besoins vari\u00e9s du march\u00e9.<\/li>\n<\/ol>","protected":false},"excerpt":{"rendered":"<p>Bouteilles de vin vides de haute qualit\u00e9 pour vos projets de personnalisation. Vente directe d&#039;usine, personnalisation en gros et livraison rapide dans le monde entier.<\/p>","protected":false},"featured_media":5674,"template":"","meta":{"postBodyCss":"","postBodyMargin":[],"postBodyPadding":[],"postBodyBackground":{"backgroundType":"classic","gradient":""}},"product_brand":[],"product_cat":[15,16,84],"product_tag":[],"class_list":{"0":"post-5673","1":"product","2":"type-product","3":"status-publish","4":"has-post-thumbnail","6":"product_cat-glass-containers","7":"product_cat-glass-bottles","8":"product_cat-wine-bottles","10":"first","11":"instock","12":"shipping-taxable","13":"product-type-simple"},"jetpack_sharing_enabled":true,"_links":{"self":[{"href":"https:\/\/minghanggroup.com\/fr\/wp-json\/wp\/v2\/product\/5673","targetHints":{"allow":["GET"]}}],"collection":[{"href":"https:\/\/minghanggroup.com\/fr\/wp-json\/wp\/v2\/product"}],"about":[{"href":"https:\/\/minghanggroup.com\/fr\/wp-json\/wp\/v2\/types\/product"}],"wp:featuredmedia":[{"embeddable":true,"href":"https:\/\/minghanggroup.com\/fr\/wp-json\/wp\/v2\/media\/5674"}],"wp:attachment":[{"href":"https:\/\/minghanggroup.com\/fr\/wp-json\/wp\/v2\/media?parent=5673"}],"wp:term":[{"taxonomy":"product_brand","embeddable":true,"href":"https:\/\/minghanggroup.com\/fr\/wp-json\/wp\/v2\/product_brand?post=5673"},{"taxonomy":"product_cat","embeddable":true,"href":"https:\/\/minghanggroup.com\/fr\/wp-json\/wp\/v2\/product_cat?post=5673"},{"taxonomy":"product_tag","embeddable":true,"href":"https:\/\/minghanggroup.com\/fr\/wp-json\/wp\/v2\/product_tag?post=5673"}],"curies":[{"name":"wp","href":"https:\/\/api.w.org\/{rel}","templated":true}]}}