{"id":5663,"date":"2026-02-15T12:01:00","date_gmt":"2026-02-15T04:01:00","guid":{"rendered":"https:\/\/minghanggroup.com\/?post_type=product&#038;p=5663"},"modified":"2026-02-10T16:19:04","modified_gmt":"2026-02-10T08:19:04","slug":"clear-empty-good-red-wine-bottles-wholesale","status":"publish","type":"product","link":"https:\/\/minghanggroup.com\/fr\/produit\/clear-empty-good-red-wine-bottles-wholesale\/","title":{"rendered":"Bouteilles de vin rouge vides et transparentes de 750 ml, vente en gros"},"content":{"rendered":"<p>Envie d&#039;une bouteille de vin de qualit\u00e9 et authentique\u00a0? Cette bouteille de vin rouge par excellence pr\u00e9sente une forme large et conique qui s&#039;affine \u00e9l\u00e9gamment au niveau du col. Disponible en deux couleurs\u00a0: transparent et vert clair.<\/p>\n<h2>Caract\u00e9ristiques du produit<\/h2>\n<ul>\n<li><strong>Deux options claires s&#039;offrent \u00e0 vous\u00a0:<\/strong> Ce sont des verres transparents ou vert clair d&#039;une grande clart\u00e9, qui mettent parfaitement en valeur la couleur et la limpidit\u00e9 du vin.<\/li>\n<li><strong>Fond concave classique :<\/strong> Le fond concave est une caract\u00e9ristique du design traditionnel des bouteilles de vin, qui am\u00e9liore la stabilit\u00e9 de la bouteille.<\/li>\n<li><strong>Portable:<\/strong> Il peut \u00eatre utilis\u00e9 avec des vins blancs, des vins ros\u00e9s et autres boissons claires.<\/li>\n<\/ul>\n<h2>Caract\u00e9ristiques principales<\/h2>\n<table class=\"aligncenter\" style=\"border-collapse: collapse; width: 447.77pt;\" border=\"0\" width=\"597\" cellspacing=\"0\" cellpadding=\"0\">\n<tbody>\n<tr style=\"height: 13.50pt;\">\n<td style=\"height: 13.50pt; width: 115.50pt;\" width=\"154\" height=\"18\">Attribut<\/td>\n<td style=\"width: 332.25pt;\" width=\"443\">D\u00e9tails<\/td>\n<\/tr>\n<tr style=\"height: 13.50pt;\">\n<td style=\"height: 13.50pt;\" height=\"18\">Capacit\u00e9<\/td>\n<td>750 ml<\/td>\n<\/tr>\n<tr style=\"height: 13.50pt;\">\n<td style=\"height: 13.50pt;\" height=\"18\">Dimensions<\/td>\n<td>71\/72 mm \u00d7 323 mm<\/td>\n<\/tr>\n<tr style=\"height: 13.50pt;\">\n<td style=\"height: 13.50pt;\" height=\"18\">Mat\u00e9riel<\/td>\n<td>verre transparent clair ou vert clair<\/td>\n<\/tr>\n<tr style=\"height: 13.50pt;\">\n<td style=\"height: 13.50pt;\" height=\"18\">Forme de bouteille<\/td>\n<td>Bordeaux classique (\u00e0 c\u00f4t\u00e9s droits et \u00e0 fond pointu)<\/td>\n<\/tr>\n<tr style=\"height: 13.50pt;\">\n<td style=\"height: 13.50pt;\" height=\"18\">Gamme de personnalisation<\/td>\n<td>Couleur, taille, couvercles<\/td>\n<\/tr>\n<tr style=\"height: 13.50pt;\">\n<td style=\"height: 13.50pt;\" height=\"18\">Savoir-faire<\/td>\n<td>\u00c9paisseur de paroi uniforme, finition lisse, style traditionnel<\/td>\n<\/tr>\n<tr style=\"height: 13.50pt;\">\n<td style=\"height: 13.50pt;\" height=\"18\">Utilisation principale<\/td>\n<td>Bouteilles pour vins blancs, ros\u00e9s, vins de fruits<\/td>\n<\/tr>\n<tr style=\"height: 13.50pt;\">\n<td style=\"height: 13.50pt;\" height=\"18\">Secteurs cibles<\/td>\n<td>Domaines viticoles, producteurs de boissons de sp\u00e9cialit\u00e9, distributeurs<\/td>\n<\/tr>\n<\/tbody>\n<\/table>\n<h2>Histoire \u00e0 succ\u00e8s<\/h2>\n<p>Le domaine viticole new-yorkais a choisi nos bouteilles transparentes de 750 ml pour mettre en valeur la robe dor\u00e9e naturelle de ses vins rouges. La transparence du verre a \u00e9t\u00e9 un argument de vente majeur, mentionn\u00e9e dans 60 % des avis positifs. La contenance de 750 ml correspond parfaitement \u00e0 leur format standard. La bouteille est tr\u00e8s r\u00e9sistante, ce qui garantit un taux de livraison intact de 99,5 %. Le domaine a rencontr\u00e9 un franc succ\u00e8s et a pass\u00e9 une nouvelle commande de 1,2 million de bouteilles, qui serviront \u00e0 conditionner tous ses vins blancs pour les trois prochains mill\u00e9simes.<\/p>\n<h2>Bouteilles de vin vides en gros et personnalis\u00e9es<\/h2>\n<ul>\n<li>Couleur et teinte du verre\u00a0: Il est disponible en version transparente, extra-transparente (\u00e0 faible teneur en fer) ou avec des teintes claires personnalis\u00e9es, notamment bleues ou ambr\u00e9es.<\/li>\n<li>Compatibilit\u00e9 des \u00e9tiquettes\u00a0: Les surfaces en verre sont optimis\u00e9es pour s\u2019adapter \u00e0 certains mat\u00e9riaux d\u2019\u00e9tiquettes, ce qui entra\u00eene une adh\u00e9rence imparfaite.<\/li>\n<li>Design de la bouteille\u00a0: Motifs en relief ou signatures\u00a0: Pr\u00e9sentent des motifs exclusifs au fond de la bouteille.<\/li>\n<\/ul>","protected":false},"excerpt":{"rendered":"<p>Bouteilles de vin rouge de qualit\u00e9 en gros, transparentes, de 750 ml. Disponibles en version transparente et vert p\u00e2le, id\u00e9ales pour le vin blanc, les vins de fruits et les boissons pr\u00eates \u00e0 boire. \u00c9chantillons gratuits sur demande.<\/p>","protected":false},"featured_media":5668,"template":"","meta":{"postBodyCss":"","postBodyMargin":[],"postBodyPadding":[],"postBodyBackground":{"backgroundType":"classic","gradient":""}},"product_brand":[],"product_cat":[15,16,84],"product_tag":[],"class_list":{"0":"post-5663","1":"product","2":"type-product","3":"status-publish","4":"has-post-thumbnail","6":"product_cat-glass-containers","7":"product_cat-glass-bottles","8":"product_cat-wine-bottles","10":"first","11":"instock","12":"shipping-taxable","13":"product-type-simple"},"jetpack_sharing_enabled":true,"_links":{"self":[{"href":"https:\/\/minghanggroup.com\/fr\/wp-json\/wp\/v2\/product\/5663","targetHints":{"allow":["GET"]}}],"collection":[{"href":"https:\/\/minghanggroup.com\/fr\/wp-json\/wp\/v2\/product"}],"about":[{"href":"https:\/\/minghanggroup.com\/fr\/wp-json\/wp\/v2\/types\/product"}],"wp:featuredmedia":[{"embeddable":true,"href":"https:\/\/minghanggroup.com\/fr\/wp-json\/wp\/v2\/media\/5668"}],"wp:attachment":[{"href":"https:\/\/minghanggroup.com\/fr\/wp-json\/wp\/v2\/media?parent=5663"}],"wp:term":[{"taxonomy":"product_brand","embeddable":true,"href":"https:\/\/minghanggroup.com\/fr\/wp-json\/wp\/v2\/product_brand?post=5663"},{"taxonomy":"product_cat","embeddable":true,"href":"https:\/\/minghanggroup.com\/fr\/wp-json\/wp\/v2\/product_cat?post=5663"},{"taxonomy":"product_tag","embeddable":true,"href":"https:\/\/minghanggroup.com\/fr\/wp-json\/wp\/v2\/product_tag?post=5663"}],"curies":[{"name":"wp","href":"https:\/\/api.w.org\/{rel}","templated":true}]}}