{"id":5649,"date":"2026-02-23T13:57:32","date_gmt":"2026-02-23T05:57:32","guid":{"rendered":"https:\/\/minghanggroup.com\/?post_type=product&#038;p=5649"},"modified":"2026-02-10T15:24:17","modified_gmt":"2026-02-10T07:24:17","slug":"good-standard-size-of-wine-bottles-bulk","status":"publish","type":"product","link":"https:\/\/minghanggroup.com\/fr\/produit\/good-standard-size-of-wine-bottles-bulk\/","title":{"rendered":"Bouteilles de vin en vrac de 750 ml, format standard."},"content":{"rendered":"<p>Il vous faut une bouteille qui vous facilite la t\u00e2che. Voici votre nouvelle r\u00e9f\u00e9rence\u00a0: une bouteille de vin de taille standard, con\u00e7ue pour la vinification. Cette bouteille de 750\u00a0ml, couleur vert olive, prot\u00e8ge vos vins rouges, clarets ou bourgognes de la lumi\u00e8re, tout en respectant la tradition. C\u2019est la bouteille id\u00e9ale que vous rach\u00e8terez ann\u00e9e apr\u00e8s ann\u00e9e\u00a0: fiable pour la vinification, \u00e9l\u00e9gante en rayon et pl\u00e9biscit\u00e9e par les grandes marques du monde entier. Utilisez-la avec des bouchons en li\u00e8ge naturel pour un charme authentique ou avec des bouchons synth\u00e9tiques pour une production sans faille.<\/p>\n<h2>Caract\u00e9ristiques du produit<\/h2>\n<ul>\n<li><strong>Vert olive clair et r\u00e9sistant :<\/strong> Une teinte olive fonc\u00e9e (plus raffin\u00e9e que le bordeaux vert) bloquera les rayons UV plus efficacement que le verre transparent ou le silex. Votre vin maison pourra ainsi vieillir en toute s\u00e9curit\u00e9.<\/li>\n<li><strong>Taille standard universelle\u00a0:<\/strong> Avec son format standard de bouteille de vin (750 ml), elle s&#039;int\u00e8gre parfaitement aux lignes de remplissage, d&#039;emballage et de pr\u00e9sentation en magasin. La logistique de vos bouteilles de vin est ainsi simplifi\u00e9e.<\/li>\n<li><strong>Base de d\u00e9gagement stable :<\/strong> Un renfort au fond de la bouteille lui assure une stabilit\u00e9 \u00e0 toute \u00e9preuve, que ce soit pendant le transport, le stockage, ou m\u00eame lorsque les bouteilles de vin vides sont transform\u00e9es en distributeurs d&#039;huile d&#039;olive ou en vases \u00e0 fleurs s\u00e9ch\u00e9es.<\/li>\n<\/ul>\n<h2>Caract\u00e9ristiques principales<\/h2>\n<table style=\"border-collapse: collapse; width: 80%; margin-left: auto; margin-right: auto;\" border=\"0\" width=\"144\" cellspacing=\"0\" cellpadding=\"0\">\n<tbody>\n<tr style=\"height: 13.50pt;\">\n<td style=\"height: 13.5pt; width: 54pt; text-align: center;\" width=\"72\" height=\"18\">Fonctionnalit\u00e9<\/td>\n<td style=\"width: 54pt; text-align: center;\" width=\"72\">D\u00e9tail<\/td>\n<\/tr>\n<tr style=\"height: 13.50pt;\">\n<td style=\"height: 13.5pt; text-align: center;\" height=\"18\">Capacit\u00e9<\/td>\n<td style=\"text-align: center;\">750 ml<\/td>\n<\/tr>\n<tr style=\"height: 13.50pt;\">\n<td style=\"height: 13.5pt; text-align: center;\" height=\"18\">Dimensions<\/td>\n<td style=\"text-align: center;\">8,8 \u00d7 29,8 cm<\/td>\n<\/tr>\n<tr style=\"height: 13.50pt;\">\n<td style=\"height: 13.5pt; text-align: center;\" height=\"18\">Couleur<\/td>\n<td style=\"text-align: center;\">Vert olive<\/td>\n<\/tr>\n<tr style=\"height: 13.50pt;\">\n<td style=\"height: 13.5pt; text-align: center;\" height=\"18\">Cou<\/td>\n<td style=\"text-align: center;\">bouche plate de 1,8 cm<\/td>\n<\/tr>\n<tr style=\"height: 13.50pt;\">\n<td style=\"height: 13.5pt; text-align: center;\" height=\"18\">Fermeture<\/td>\n<td style=\"text-align: center;\">Bouchons de vin naturels, bouchons synth\u00e9tiques<\/td>\n<\/tr>\n<\/tbody>\n<\/table>\n<h2>Cas de r\u00e9ussite<\/h2>\n<p>Un petit domaine viticole europ\u00e9en a choisi notre bouteille standard de 750 ml en verre fonc\u00e9 comme solution de conditionnement pour son nouveau mill\u00e9sime de vin rouge. Fid\u00e8le \u00e0 son positionnement de marque, il a opt\u00e9 pour un fond plus \u00e9pais afin d&#039;en renforcer le toucher et l&#039;aspect haut de gamme, tandis que la couleur de la bouteille a \u00e9t\u00e9 ajust\u00e9e \u00e0 une teinte profonde et uniforme. Outre le logo discret du domaine en relief sur l&#039;\u00e9paule de la bouteille, un bouchon en li\u00e8ge naturel sur mesure et un contr\u00f4le pr\u00e9cis de la tol\u00e9rance du goulot ont \u00e9galement \u00e9t\u00e9 ajout\u00e9s.<\/p>\n<p>Apr\u00e8s le lancement du produit, leurs ventes globales ont progress\u00e9 d&#039;environ 32 % au premier trimestre, principalement gr\u00e2ce au secteur de la restauration et de l&#039;h\u00f4tellerie. D&#039;apr\u00e8s les retours du march\u00e9, le client a pass\u00e9 deux nouvelles commandes en six mois, augmentant ainsi son volume total de commandes de pr\u00e8s de 1,8 fois par rapport \u00e0 la commande initiale. Il a par la suite consid\u00e9r\u00e9 ce type de bouteille comme la solution d&#039;emballage id\u00e9ale et durable pour son vin rouge phare.<\/p>\n<h2>Vos conseils de personnalisation<\/h2>\n<ol>\n<li><strong>Logo en relief\u00a0:<\/strong> Apposez votre logo sur l&#039;\u00e9paule, lorsque les clients stockent des bouteilles de vin vides, votre histoire reste \u00e0 d\u00e9couvrir.<\/li>\n<li><strong>Fermeture flexible :<\/strong> Pr\u00e9f\u00e9rez-vous les bouchons en li\u00e8ge naturel pour rester fid\u00e8le \u00e0 la tradition\u00a0? Ou les bouchons synth\u00e9tiques pour plus d\u2019uniformit\u00e9\u00a0? Nous personnalisons votre choix.<\/li>\n<li><strong>Strat\u00e9gie couleur :<\/strong> Aimez-vous ce vert olive\u00a0? Vous pouvez opter pour un vert champagne pour les coffrets cadeaux ou des bouteilles de Bordeaux transparentes pour les vins blancs. Nous cr\u00e9ons des bouteilles pour chaque histoire.<\/li>\n<\/ol>","protected":false},"excerpt":{"rendered":"<p>Bouteille de vin de qualit\u00e9, de taille standard, en verre r\u00e9sistant et au poids \u00e9quilibr\u00e9. Vente directe d&#039;usine avec livraison rapide.<\/p>","protected":false},"featured_media":5657,"template":"","meta":{"postBodyCss":"","postBodyMargin":[],"postBodyPadding":[],"postBodyBackground":{"backgroundType":"classic","gradient":""}},"product_brand":[],"product_cat":[15,16,84],"product_tag":[],"class_list":{"0":"post-5649","1":"product","2":"type-product","3":"status-publish","4":"has-post-thumbnail","6":"product_cat-glass-containers","7":"product_cat-glass-bottles","8":"product_cat-wine-bottles","10":"first","11":"instock","12":"shipping-taxable","13":"product-type-simple"},"jetpack_sharing_enabled":true,"_links":{"self":[{"href":"https:\/\/minghanggroup.com\/fr\/wp-json\/wp\/v2\/product\/5649","targetHints":{"allow":["GET"]}}],"collection":[{"href":"https:\/\/minghanggroup.com\/fr\/wp-json\/wp\/v2\/product"}],"about":[{"href":"https:\/\/minghanggroup.com\/fr\/wp-json\/wp\/v2\/types\/product"}],"wp:featuredmedia":[{"embeddable":true,"href":"https:\/\/minghanggroup.com\/fr\/wp-json\/wp\/v2\/media\/5657"}],"wp:attachment":[{"href":"https:\/\/minghanggroup.com\/fr\/wp-json\/wp\/v2\/media?parent=5649"}],"wp:term":[{"taxonomy":"product_brand","embeddable":true,"href":"https:\/\/minghanggroup.com\/fr\/wp-json\/wp\/v2\/product_brand?post=5649"},{"taxonomy":"product_cat","embeddable":true,"href":"https:\/\/minghanggroup.com\/fr\/wp-json\/wp\/v2\/product_cat?post=5649"},{"taxonomy":"product_tag","embeddable":true,"href":"https:\/\/minghanggroup.com\/fr\/wp-json\/wp\/v2\/product_tag?post=5649"}],"curies":[{"name":"wp","href":"https:\/\/api.w.org\/{rel}","templated":true}]}}