{"id":5648,"date":"2026-02-24T13:19:45","date_gmt":"2026-02-24T05:19:45","guid":{"rendered":"https:\/\/minghanggroup.com\/?post_type=product&#038;p=5648"},"modified":"2026-02-09T14:04:03","modified_gmt":"2026-02-09T06:04:03","slug":"amber-unique-wine-bottles-with-grip-bulk","status":"publish","type":"product","link":"https:\/\/minghanggroup.com\/fr\/produit\/amber-unique-wine-bottles-with-grip-bulk\/","title":{"rendered":"Bouteilles de vin ambr\u00e9es uniques de 750 ml avec poign\u00e9e en vrac"},"content":{"rendered":"<p>Ces bouteilles de vin uniques pr\u00e9sentent un design exceptionnel. Fabriqu\u00e9es en verre ambr\u00e9 profond, elles sont dot\u00e9es de poign\u00e9es concaves et ergonomiques qui \u00e9pousent parfaitement la forme des mains. Leurs lignes fluides et \u00e9lanc\u00e9es allient esth\u00e9tique et fonctionnalit\u00e9.<\/p>\n<h2>Caract\u00e9ristiques du produit<\/h2>\n<ul>\n<li><strong>Verre ambr\u00e9 fonc\u00e9 :<\/strong> Le verre ambr\u00e9 fonc\u00e9 est utile pour prot\u00e9ger le vin en bloquant les rayons UV qui le d\u00e9truisent, tout en lui conf\u00e9rant un aspect ancien.<\/li>\n<li><strong>Poign\u00e9es ergonomiques doubles :<\/strong> Deux surfaces de formes diff\u00e9rentes permettent diff\u00e9rents styles de versement et de modelage \u00e0 la main.<\/li>\n<li><strong>Un design qui attire le regard\u00a0:<\/strong> La forme asym\u00e9trique de la poign\u00e9e est imm\u00e9diatement plus attrayante et contribuera \u00e0 renforcer l&#039;image de marque.<\/li>\n<\/ul>\n<h2 style=\"text-align: left;\">Caract\u00e9ristiques principales<\/h2>\n<table class=\"aligncenter\" style=\"border-collapse: collapse; width: 345.77pt;\" border=\"0\" width=\"461\" cellspacing=\"0\" cellpadding=\"0\">\n<tbody>\n<tr style=\"height: 13.50pt;\">\n<td style=\"height: 13.50pt; width: 98.25pt;\" width=\"131\" height=\"18\">Sp\u00e9cification<\/td>\n<td style=\"width: 247.50pt;\" width=\"330\">D\u00e9tails<\/td>\n<\/tr>\n<tr style=\"height: 13.50pt;\">\n<td style=\"height: 13.50pt;\" height=\"18\">Capacit\u00e9<\/td>\n<td>750 ml<\/td>\n<\/tr>\n<tr style=\"height: 13.50pt;\">\n<td style=\"height: 13.50pt;\" height=\"18\">Dimensions<\/td>\n<td>80\u00d7304 mm<\/td>\n<\/tr>\n<tr style=\"height: 13.50pt;\">\n<td style=\"height: 13.50pt;\" height=\"18\">Mat\u00e9riel<\/td>\n<td>Verre ambr\u00e9 profond<\/td>\n<\/tr>\n<tr style=\"height: 13.50pt;\">\n<td style=\"height: 13.50pt;\" height=\"18\">\u00c9tendue de la personnalisation<\/td>\n<td>Couleur, taille, couvercles, finition<\/td>\n<\/tr>\n<tr style=\"height: 13.50pt;\">\n<td style=\"height: 13.50pt;\" height=\"18\">Objectif du produit<\/td>\n<td>Bouteilles de vin haut de gamme, bouteilles cadeaux de luxe<\/td>\n<\/tr>\n<tr style=\"height: 13.50pt;\">\n<td style=\"height: 13.50pt;\" height=\"18\">Secteurs d&#039;activit\u00e9 appropri\u00e9s<\/td>\n<td>Domaines viticoles, vignobles, restaurants haut de gamme<\/td>\n<\/tr>\n<\/tbody>\n<\/table>\n<h2>Succ\u00e8s\u00a0: Une collection de cadeaux haut de gamme, un domaine viticole fran\u00e7ais<\/h2>\n<p>Un domaine viticole fran\u00e7ais a choisi nos bouteilles de vin de 75 cl, au design ergonomique, avec une finition givr\u00e9e et un logo dor\u00e9 s\u00e9rigraphi\u00e9. Le design original de la poign\u00e9e a notamment permis d&#039;augmenter de 40 % les ventes de coffrets cadeaux et de 75 % le partage du nouveau design sur les r\u00e9seaux sociaux. Enchant\u00e9 par le succ\u00e8s rencontr\u00e9, le domaine a command\u00e9 500\u00a0000 bouteilles suppl\u00e9mentaires pour r\u00e9pondre \u00e0 la demande de cadeaux durant les trois prochaines f\u00eates de fin d&#039;ann\u00e9e.<\/p>\n<h2>Les options de personnalisation de bouteilles de vin uniques<\/h2>\n<ul>\n<li>Choix de couleur\u00a0: Il s\u2019agit de verre ambr\u00e9 clair, vert ou silex, selon les exigences en mati\u00e8re d\u2019occultation de la lumi\u00e8re.<\/li>\n<li>Gaufrage\u00a0: Apposez un logo, un motif ou une texture en relief sur la poign\u00e9e.<\/li>\n<li>Texture de poign\u00e9e personnalis\u00e9e\u00a0: Modifiez le motif \u00e0 rainures multiples pour cr\u00e9er des motifs ondul\u00e9s ou en forme de losange, ou d\u2019autres formes personnalis\u00e9es.<\/li>\n<\/ul>","protected":false},"excerpt":{"rendered":"<p>Nos bouteilles de vin de 750 ml sont en verre ambr\u00e9 fonc\u00e9 opaque. Leur poign\u00e9e ergonomique encastr\u00e9e assure une prise en main s\u00fbre. \u00c9chantillons gratuits.<\/p>","protected":false},"featured_media":5650,"template":"","meta":{"postBodyCss":"","postBodyMargin":[],"postBodyPadding":[],"postBodyBackground":{"backgroundType":"classic","gradient":""}},"product_brand":[],"product_cat":[15,16,84],"product_tag":[],"class_list":{"0":"post-5648","1":"product","2":"type-product","3":"status-publish","4":"has-post-thumbnail","6":"product_cat-glass-containers","7":"product_cat-glass-bottles","8":"product_cat-wine-bottles","10":"first","11":"instock","12":"shipping-taxable","13":"product-type-simple"},"jetpack_sharing_enabled":true,"_links":{"self":[{"href":"https:\/\/minghanggroup.com\/fr\/wp-json\/wp\/v2\/product\/5648","targetHints":{"allow":["GET"]}}],"collection":[{"href":"https:\/\/minghanggroup.com\/fr\/wp-json\/wp\/v2\/product"}],"about":[{"href":"https:\/\/minghanggroup.com\/fr\/wp-json\/wp\/v2\/types\/product"}],"wp:featuredmedia":[{"embeddable":true,"href":"https:\/\/minghanggroup.com\/fr\/wp-json\/wp\/v2\/media\/5650"}],"wp:attachment":[{"href":"https:\/\/minghanggroup.com\/fr\/wp-json\/wp\/v2\/media?parent=5648"}],"wp:term":[{"taxonomy":"product_brand","embeddable":true,"href":"https:\/\/minghanggroup.com\/fr\/wp-json\/wp\/v2\/product_brand?post=5648"},{"taxonomy":"product_cat","embeddable":true,"href":"https:\/\/minghanggroup.com\/fr\/wp-json\/wp\/v2\/product_cat?post=5648"},{"taxonomy":"product_tag","embeddable":true,"href":"https:\/\/minghanggroup.com\/fr\/wp-json\/wp\/v2\/product_tag?post=5648"}],"curies":[{"name":"wp","href":"https:\/\/api.w.org\/{rel}","templated":true}]}}