{"id":5641,"date":"2026-02-22T10:19:05","date_gmt":"2026-02-22T02:19:05","guid":{"rendered":"https:\/\/minghanggroup.com\/?post_type=product&#038;p=5641"},"modified":"2026-02-09T11:57:43","modified_gmt":"2026-02-09T03:57:43","slug":"clear-1-liter-wine-bottles-with-slim-neck-wholesale","status":"publish","type":"product","link":"https:\/\/minghanggroup.com\/fr\/produit\/clear-1-liter-wine-bottles-with-slim-neck-wholesale\/","title":{"rendered":"Bouteilles de vin transparentes de 1 litre \u00e0 col \u00e9troit, vente en gros"},"content":{"rendered":"<p>Il s&#039;agit d&#039;une bouteille de vin d&#039;un litre fabriqu\u00e9e en verre de qualit\u00e9 alimentaire ultra-transparent, offrant une clart\u00e9 exceptionnelle qui la rend id\u00e9ale pour la mise en bouteille, le stockage et la pr\u00e9sentation des vins.<\/p>\n<h2>Caract\u00e9ristiques du produit<\/h2>\n<ul>\n<li><strong>Bouteille transparente :<\/strong> Cette bouteille est fabriqu\u00e9e en verre transparent de haute puret\u00e9, d&#039;une clart\u00e9 cristalline, ce qui permet de voir facilement la couleur et la texture du vin.<\/li>\n<li><strong>Conception standard \u00e0 col plat\u00a0:<\/strong> Le goulot de la bouteille est le mod\u00e8le le plus efficace, con\u00e7u pour \u00eatre utilis\u00e9 avec des bouchons standard et donc parfaitement adapt\u00e9 aux vieux vins.<\/li>\n<li><strong>Capacit\u00e9 standard de 1000 ml :<\/strong> La bouteille de capacit\u00e9 standard de 1000 ml r\u00e9pond aux besoins de consommation domestique, de banquets et d&#039;embouteillage commercial.<\/li>\n<\/ul>\n<h2 style=\"text-align: left;\">Caract\u00e9ristiques principales<\/h2>\n<table class=\"aligncenter\" style=\"border-collapse: collapse; width: 325.52pt;\" border=\"0\" width=\"434\" cellspacing=\"0\" cellpadding=\"0\">\n<tbody>\n<tr style=\"height: 13.50pt;\">\n<td style=\"height: 13.50pt; width: 98.25pt;\" width=\"131\" height=\"18\">Sp\u00e9cification<\/td>\n<td style=\"width: 227.25pt;\" width=\"303\">D\u00e9tails<\/td>\n<\/tr>\n<tr style=\"height: 13.50pt;\">\n<td style=\"height: 13.50pt;\" height=\"18\">Capacit\u00e9<\/td>\n<td>1000 ml (1 litre)<\/td>\n<\/tr>\n<tr style=\"height: 13.50pt;\">\n<td style=\"height: 13.50pt;\" height=\"18\">Dimensions<\/td>\n<td>85\u00d7325mm<\/td>\n<\/tr>\n<tr style=\"height: 13.50pt;\">\n<td style=\"height: 13.50pt;\" height=\"18\">Mat\u00e9riel<\/td>\n<td>Verre clair<\/td>\n<\/tr>\n<tr style=\"height: 13.50pt;\">\n<td style=\"height: 13.50pt;\" height=\"18\">Forme de bouteille<\/td>\n<td>Cylindre \u00e0 c\u00f4t\u00e9s droits<\/td>\n<\/tr>\n<tr style=\"height: 13.50pt;\">\n<td style=\"height: 13.50pt;\" height=\"18\">\u00c9tendue de la personnalisation<\/td>\n<td>Couleur, taille, forme, couvercles<\/td>\n<\/tr>\n<tr style=\"height: 13.50pt;\">\n<td style=\"height: 13.50pt;\" height=\"18\">Objectif du produit<\/td>\n<td>Bouteille de vin transparente, bouteilles de vin vides<\/td>\n<\/tr>\n<tr style=\"height: 13.50pt;\">\n<td style=\"height: 13.50pt;\" height=\"18\">Secteurs d&#039;activit\u00e9 appropri\u00e9s<\/td>\n<td>Domaines viticoles, brasseries, distilleries<\/td>\n<\/tr>\n<\/tbody>\n<\/table>\n<h2>T\u00e9moignage de r\u00e9ussite : Un vignoble du Pacifique Nord-Ouest r\u00e9ussi dans le domaine des vins blancs<\/h2>\n<p>L&#039;un des petits domaines viticoles de l&#039;\u00c9tat de Washington a choisi d&#039;utiliser notre bouteille de vin d&#039;un litre, grav\u00e9e \u00e0 la main du nom du c\u00e9page. Les r\u00e9sultats furent surprenants\u00a0: la transparence de la bouteille est devenue un atout majeur, mentionn\u00e9e dans 60\u00a0% des avis positifs\u00a0; les ventes de vin blanc ont augment\u00e9 de 15\u00a0% et les interrogations des consommateurs quant \u00e0 la couleur du vin ont diminu\u00e9 de 20\u00a0%. Fort de ce succ\u00e8s, le domaine a command\u00e9 un nouveau stock de 150\u00a0000 bouteilles.<\/p>\n<h2>Avis sur la cr\u00e9ation de bouteilles de vin transparentes<\/h2>\n<ul>\n<li>Couleur et teinte du verre\u00a0: Ils sont disponibles en verre transparent ou extra-transparent (\u00e0 faible teneur en fer), ou dans n\u2019importe quelle couleur personnalis\u00e9e comme le bleu clair ou le vert.<\/li>\n<li>Finition givr\u00e9e ou mate\u00a0: Porter une finition givr\u00e9e ou mate selon le d\u00e9sir d\u2019avoir un look doux et moderne.<\/li>\n<li>Diff\u00e9rence de capacit\u00e9 : Capacit\u00e9 standard jusqu&#039;\u00e0 750 ml, grande capacit\u00e9 jusqu&#039;\u00e0 150 ml.<\/li>\n<\/ul>","protected":false},"excerpt":{"rendered":"<p>Bouteille de vin d&#039;un litre en verre transparent de qualit\u00e9 sup\u00e9rieure, directement du fabricant. Cette bouteille convient au vin blanc, au sak\u00e9, aux cocktails pr\u00eats \u00e0 boire et s&#039;int\u00e8gre parfaitement \u00e0 une pr\u00e9sentation moderne et \u00e9pur\u00e9e en rayon.<\/p>","protected":false},"featured_media":5644,"template":"","meta":{"postBodyCss":"","postBodyMargin":[],"postBodyPadding":[],"postBodyBackground":{"backgroundType":"classic","gradient":""}},"product_brand":[],"product_cat":[15,16,84],"product_tag":[],"class_list":{"0":"post-5641","1":"product","2":"type-product","3":"status-publish","4":"has-post-thumbnail","6":"product_cat-glass-containers","7":"product_cat-glass-bottles","8":"product_cat-wine-bottles","10":"first","11":"instock","12":"shipping-taxable","13":"product-type-simple"},"jetpack_sharing_enabled":true,"_links":{"self":[{"href":"https:\/\/minghanggroup.com\/fr\/wp-json\/wp\/v2\/product\/5641","targetHints":{"allow":["GET"]}}],"collection":[{"href":"https:\/\/minghanggroup.com\/fr\/wp-json\/wp\/v2\/product"}],"about":[{"href":"https:\/\/minghanggroup.com\/fr\/wp-json\/wp\/v2\/types\/product"}],"wp:featuredmedia":[{"embeddable":true,"href":"https:\/\/minghanggroup.com\/fr\/wp-json\/wp\/v2\/media\/5644"}],"wp:attachment":[{"href":"https:\/\/minghanggroup.com\/fr\/wp-json\/wp\/v2\/media?parent=5641"}],"wp:term":[{"taxonomy":"product_brand","embeddable":true,"href":"https:\/\/minghanggroup.com\/fr\/wp-json\/wp\/v2\/product_brand?post=5641"},{"taxonomy":"product_cat","embeddable":true,"href":"https:\/\/minghanggroup.com\/fr\/wp-json\/wp\/v2\/product_cat?post=5641"},{"taxonomy":"product_tag","embeddable":true,"href":"https:\/\/minghanggroup.com\/fr\/wp-json\/wp\/v2\/product_tag?post=5641"}],"curies":[{"name":"wp","href":"https:\/\/api.w.org\/{rel}","templated":true}]}}