{"id":5630,"date":"2026-02-06T16:17:18","date_gmt":"2026-02-06T08:17:18","guid":{"rendered":"https:\/\/minghanggroup.com\/?post_type=product&#038;p=5630"},"modified":"2026-04-14T09:29:24","modified_gmt":"2026-04-14T01:29:24","slug":"frosted-750ml-volume-wine-bottle-for-packaging-bulk","status":"publish","type":"product","link":"https:\/\/minghanggroup.com\/fr\/produit\/frosted-750ml-volume-wine-bottle-for-packaging-bulk\/","title":{"rendered":"Bouteille de vin givr\u00e9e de 750 ml pour conditionnement en vrac"},"content":{"rendered":"<p>Vous souhaitez que votre marque soit agr\u00e9able au toucher. Nos bouteilles de vin grand format offrent pr\u00e9cis\u00e9ment cela : une texture mate douce, sans reflets ni traces de doigts. Inspir\u00e9es de la silhouette intemporelle des bouteilles de Bordeaux, chaque bouteille de 750 ml est disponible en verre transparent d\u00e9poli ou vert olive. Optez pour des bouchons en li\u00e8ge naturel pour une finition classique et \u00e9l\u00e9gante, ou pour des bouchons synth\u00e9tiques pour une vinification sans faille. En tant que partenaire de confiance pour vos commandes de bouteilles de vin grand format, nous simplifions la mise \u00e0 l&#039;\u00e9chelle de votre production, que vous embouteilliez des vins rouges, des clarets, des bourgognes ou que vous pr\u00e9pariez des \u00e9ditions de vins effervescents. Plus qu&#039;un simple emballage, c&#039;est une v\u00e9ritable exp\u00e9rience sensorielle.<\/p>\n<h2>Caract\u00e9ristiques du produit<\/h2>\n<ul>\n<li><strong>Toucher mat luxueux :<\/strong> Sa surface douce et givr\u00e9e offre non seulement une sensation luxueuse au toucher, mais emp\u00eache \u00e9galement les traces de doigts, ce qui la rend id\u00e9ale pour les rayons des magasins ou les coffrets cadeaux o\u00f9 les bouteilles de vin vides deviennent des objets pr\u00e9cieux.<\/li>\n<li><strong>Histoire en deux couleurs :<\/strong> Les bouteilles transparentes d\u00e9polies mettent en valeur la couleur de votre vin\u00a0; le vert olive offre une l\u00e9g\u00e8re protection contre les UV. Vous appr\u00e9ciez le vert champagne\u00a0? Nous pouvons \u00e9galement le pr\u00e9parer pour vous.<\/li>\n<li><strong>Base de d\u00e9gagement stable :<\/strong> Le fond renforc\u00e9 et dentel\u00e9 est con\u00e7u pour assurer une stabilit\u00e9 optimale lors du transport, de l&#039;exposition et lorsque les bouteilles de vin vides sont transform\u00e9es en distributeurs d&#039;huile ou en vases \u00e0 fleurs.<\/li>\n<\/ul>\n<h2>Caract\u00e9ristiques principales<\/h2>\n<table style=\"border-collapse: collapse; width: 80%; margin-left: auto; margin-right: auto;\" border=\"0\" width=\"144\" cellspacing=\"0\" cellpadding=\"0\">\n<tbody>\n<tr style=\"height: 13.50pt;\">\n<td style=\"height: 13.5pt; width: 54pt; text-align: center;\" width=\"72\" height=\"18\">Fonctionnalit\u00e9<\/td>\n<td style=\"width: 54pt; text-align: center;\" width=\"72\">D\u00e9tail<\/td>\n<\/tr>\n<tr style=\"height: 13.50pt;\">\n<td style=\"height: 13.5pt; text-align: center;\" height=\"18\">Capacit\u00e9<\/td>\n<td style=\"text-align: center;\">750 ml<\/td>\n<\/tr>\n<tr style=\"height: 13.50pt;\">\n<td style=\"height: 13.5pt; text-align: center;\" height=\"18\">Dimensions<\/td>\n<td style=\"text-align: center;\">8,4 \u00d7 29,2 cm<\/td>\n<\/tr>\n<tr style=\"height: 13.50pt;\">\n<td style=\"height: 13.5pt; text-align: center;\" height=\"18\">Finition<\/td>\n<td style=\"text-align: center;\">givr\u00e9 mat<\/td>\n<\/tr>\n<tr style=\"height: 13.50pt;\">\n<td style=\"height: 13.5pt; text-align: center;\" height=\"18\">Couleurs<\/td>\n<td style=\"text-align: center;\">Silex transparent givr\u00e9, vert olive givr\u00e9<\/td>\n<\/tr>\n<tr style=\"height: 13.50pt;\">\n<td style=\"height: 13.5pt; text-align: center;\" height=\"18\">Cou<\/td>\n<td style=\"text-align: center;\">1,8 cm<\/td>\n<\/tr>\n<tr style=\"height: 13.50pt;\">\n<td style=\"height: 13.5pt; text-align: center;\" height=\"18\">Fermeture<\/td>\n<td style=\"text-align: center;\">Bouchons de vin naturels, bouchons synth\u00e9tiques<\/td>\n<\/tr>\n<tr style=\"height: 13.50pt;\">\n<td style=\"height: 13.5pt; text-align: center;\" height=\"18\">Id\u00e9al pour<\/td>\n<td style=\"text-align: center;\">Vins rouges, claret, Bourgogne, vin fait maison, vin mousseux*, bouteilles d&#039;alcool<\/td>\n<\/tr>\n<\/tbody>\n<\/table>\n<h2>Cas de r\u00e9ussite<\/h2>\n<p>Une marque de vin europ\u00e9enne de luxe a choisi notre bouteille de 750 ml \u00e0 finition givr\u00e9e comme emballage principal pour son \u00e9dition limit\u00e9e. Nous avons dot\u00e9 la bouteille d&#039;une surface douce et givr\u00e9e et l\u00e9g\u00e8rement adapt\u00e9 ses dimensions au style du vin, lui conf\u00e9rant ainsi une allure plus \u00e9l\u00e9gante et raffin\u00e9e. De plus, nous avons renforc\u00e9 la surface avant de la bouteille pour une meilleure prise en main et une s\u00e9curit\u00e9 accrue lors du transport. La bouteille est livr\u00e9e avec un bouchon standard, ce qui la rend parfaitement compatible avec leur ligne d&#039;embouteillage existante et les co\u00fbts de modification sont n\u00e9gligeables.<\/p>\n<p>Au cours du premier trimestre suivant le lancement du nouvel emballage, les ventes de la gamme dans les points de vente ont bondi d&#039;environ 32 % par rapport \u00e0 l&#039;ann\u00e9e pr\u00e9c\u00e9dente. L&#039;enqu\u00eate aupr\u00e8s des clients a r\u00e9v\u00e9l\u00e9 une visibilit\u00e9 en rayon nettement am\u00e9lior\u00e9e et une valorisation accrue de la marque. Trois mois plus tard, le client a pass\u00e9 une seconde commande, instaurant ainsi un partenariat durable et fructueux.<\/p>\n<h2>Vos options de personnalisation<\/h2>\n<ol>\n<li><strong>Couleur du verre personnalis\u00e9e\u00a0:<\/strong> Outre le vert clair ou fonc\u00e9 standard, nous proposons \u00e9galement des options de couleurs \u00e0 faible saturation telles que le gris fum\u00e9 clair et le gris champagne, qui s&#039;accordent mieux avec les vins haut de gamme ou de style naturel.<\/li>\n<li><strong>Logos de marque en relief ou en creux\u00a0:<\/strong> Un logo ou une date discr\u00e8tement emboss\u00e9(e) peut \u00eatre appos\u00e9(e) sur l&#039;\u00e9paule ou au centre de la bouteille, racontant ainsi l&#039;histoire de la marque sans avoir recours \u00e0 des \u00e9tiquettes suppl\u00e9mentaires.<\/li>\n<li><strong>Traitements sp\u00e9ciaux de texture de surface\u00a0:<\/strong> Outre la finition givr\u00e9e standard, nous pouvons proposer des textures fines, soyeuses ou \u00e0 microparticules, qui peuvent consid\u00e9rablement am\u00e9liorer l&#039;exp\u00e9rience tactile des clients lorsqu&#039;ils tiennent la bouteille.<\/li>\n<\/ol>","protected":false},"excerpt":{"rendered":"<p>Bouteille de vin de 750 ml avec une \u00e9l\u00e9gante finition givr\u00e9e. Vente directe d&#039;usine et livraison rapide pour les marques de vin. \u00c9chantillons gratuits.<\/p>","protected":false},"featured_media":5634,"template":"","meta":{"postBodyCss":"","postBodyMargin":[],"postBodyPadding":[],"postBodyBackground":{"backgroundType":"classic","gradient":""}},"product_brand":[],"product_cat":[15,16,84],"product_tag":[109],"class_list":{"0":"post-5630","1":"product","2":"type-product","3":"status-publish","4":"has-post-thumbnail","6":"product_cat-glass-containers","7":"product_cat-glass-bottles","8":"product_cat-wine-bottles","9":"product_tag-glass-champagne-bottles","11":"first","12":"instock","13":"shipping-taxable","14":"product-type-simple"},"jetpack_sharing_enabled":true,"_links":{"self":[{"href":"https:\/\/minghanggroup.com\/fr\/wp-json\/wp\/v2\/product\/5630","targetHints":{"allow":["GET"]}}],"collection":[{"href":"https:\/\/minghanggroup.com\/fr\/wp-json\/wp\/v2\/product"}],"about":[{"href":"https:\/\/minghanggroup.com\/fr\/wp-json\/wp\/v2\/types\/product"}],"wp:featuredmedia":[{"embeddable":true,"href":"https:\/\/minghanggroup.com\/fr\/wp-json\/wp\/v2\/media\/5634"}],"wp:attachment":[{"href":"https:\/\/minghanggroup.com\/fr\/wp-json\/wp\/v2\/media?parent=5630"}],"wp:term":[{"taxonomy":"product_brand","embeddable":true,"href":"https:\/\/minghanggroup.com\/fr\/wp-json\/wp\/v2\/product_brand?post=5630"},{"taxonomy":"product_cat","embeddable":true,"href":"https:\/\/minghanggroup.com\/fr\/wp-json\/wp\/v2\/product_cat?post=5630"},{"taxonomy":"product_tag","embeddable":true,"href":"https:\/\/minghanggroup.com\/fr\/wp-json\/wp\/v2\/product_tag?post=5630"}],"curies":[{"name":"wp","href":"https:\/\/api.w.org\/{rel}","templated":true}]}}